{"id":18575,"date":"2026-04-06T12:14:23","date_gmt":"2026-04-06T10:14:23","guid":{"rendered":"https:\/\/www.plaadimehed.ee\/?post_type=product&#038;p=18575"},"modified":"2026-04-07T14:31:32","modified_gmt":"2026-04-07T12:31:32","slug":"mechanic-vaike-vesijahutus-susteem-spray","status":"publish","type":"product","link":"https:\/\/www.plaadimehed.ee\/fi\/product\/mechanic-vaike-vesijahutus-susteem-spray\/","title":{"rendered":"MECHANIC V\u00e4ike vesijahutus-s\u00fcsteem Spray"},"content":{"rendered":"<p data-start=\"0\" data-end=\"277\"><span class=\"hover:entity-accent entity-underline inline cursor-pointer align-baseline\"><span class=\"whitespace-normal\">Mechanic<\/span><\/span> on Ukraina p\u00e4ritolu t\u00f6\u00f6riistabr\u00e4nd, mis keskendub professionaalsetele lahendustele plaatimis- ja kivimaterjalide t\u00f6\u00f6tlemisel. Koost\u00f6\u00f6 <span class=\"hover:entity-accent entity-underline inline cursor-pointer align-baseline\"><span class=\"whitespace-normal\">Distar<\/span><\/span>-iga kinnitab k\u00f5rget kvaliteeti, t\u00e4psust ja vastupidavust.<\/p>\n<p data-start=\"279\" data-end=\"426\" data-is-last-node=\"\" data-is-only-node=\"\">Mechanicu tooted on loodud n\u00f5udlikele kasutajatele, pakkudes usaldusv\u00e4\u00e4rseid ja efektiivseid t\u00f6\u00f6riistu igap\u00e4evaseks professionaalseks kasutamiseks.<\/p>\n","protected":false},"excerpt":{"rendered":"<p>Vesiliides mini-ketasl\u00f5ikurile 75 mm<\/p>\n<p>\u25cf Nurklihvija kaitsele kinnituv vees\u00fcsteem<br \/>\n\u25cf Hea ja mugav lisaseade tolmuvabaks t\u00f6\u00f6ks<br \/>\n\u25cf Kasutamiseks koos aku t\u00f6\u00f6riistaga<br \/>\n\u25cf Turvalisuse eesm\u00e4rgil ei sobi elektrit\u00f6\u00f6riistaga kasutamiseks<\/p>\n","protected":false},"featured_media":18576,"template":"","meta":{"_acf_changed":false},"product_brand":[54],"product_cat":[290,50],"product_tag":[],"class_list":{"0":"post-18575","1":"product","2":"type-product","3":"status-publish","4":"has-post-thumbnail","6":"product_brand-mechanic","7":"product_cat-vee-liiteseadmed","8":"product_cat-tolmu-vahendamiseks","10":"first","11":"instock","12":"taxable","13":"shipping-taxable","14":"purchasable","15":"product-type-simple"},"acf":[],"yoast_head":"<!-- This site is optimized with the Yoast SEO plugin v27.0 - https:\/\/yoast.com\/product\/yoast-seo-wordpress\/ -->\n<title>MECHANIC V\u00e4ike vesijahutus-s\u00fcsteem Spray<\/title>\n<meta name=\"description\" content=\"MECHANIC Spray mini-nurklihvija veeliides. Ketastele 75 - 105 mm, v\u00f5imaldab l\u00f5igata tolmuvabalt ja saavutada puhas l\u00f5ige.\" \/>\n<meta name=\"robots\" content=\"index, follow, max-snippet:-1, max-image-preview:large, max-video-preview:-1\" \/>\n<link rel=\"canonical\" href=\"https:\/\/www.plaadimehed.ee\/product\/mechanic-vaike-vesijahutus-susteem-spray\/\" \/>\n<meta property=\"og:locale\" content=\"fi_FI\" \/>\n<meta property=\"og:type\" content=\"article\" \/>\n<meta property=\"og:title\" content=\"MECHANIC Akurelaka vesijahutus-s\u00fcsteem Spray\" \/>\n<meta property=\"og:description\" content=\"MECHANIC Spray mini-nurklihvija veeliides. Ketastele 75 - 105 mm, v\u00f5imaldab l\u00f5igata tolmuvabalt ja saavutada puhas l\u00f5ige.\" \/>\n<meta property=\"og:url\" content=\"https:\/\/www.plaadimehed.ee\/product\/mechanic-vaike-vesijahutus-susteem-spray\/\" \/>\n<meta property=\"og:site_name\" content=\"Plaadimehed\" \/>\n<meta property=\"article:modified_time\" content=\"2026-04-07T12:31:32+00:00\" \/>\n<meta property=\"og:image\" content=\"https:\/\/www.plaadimehed.ee\/wp-content\/uploads\/2026\/04\/System-podawania-wody-DISTAR-SPRAY.png\" \/>\n\t<meta property=\"og:image:width\" content=\"828\" \/>\n\t<meta property=\"og:image:height\" content=\"831\" \/>\n\t<meta property=\"og:image:type\" content=\"image\/png\" \/>\n<meta name=\"twitter:card\" content=\"summary_large_image\" \/>\n<meta name=\"twitter:label1\" content=\"Arvioitu lukuaika\" \/>\n\t<meta name=\"twitter:data1\" content=\"1 minuutti\" \/>\n<script type=\"application\/ld+json\" class=\"yoast-schema-graph\">{\"@context\":\"https:\/\/schema.org\",\"@graph\":[{\"@type\":\"WebPage\",\"@id\":\"https:\/\/www.plaadimehed.ee\/product\/mechanic-vaike-vesijahutus-susteem-spray\/\",\"url\":\"https:\/\/www.plaadimehed.ee\/product\/mechanic-vaike-vesijahutus-susteem-spray\/\",\"name\":\"MECHANIC V\u00e4ike vesijahutus-s\u00fcsteem Spray\",\"isPartOf\":{\"@id\":\"https:\/\/www.plaadimehed.ee\/#website\"},\"primaryImageOfPage\":{\"@id\":\"https:\/\/www.plaadimehed.ee\/product\/mechanic-vaike-vesijahutus-susteem-spray\/#primaryimage\"},\"image\":{\"@id\":\"https:\/\/www.plaadimehed.ee\/product\/mechanic-vaike-vesijahutus-susteem-spray\/#primaryimage\"},\"thumbnailUrl\":\"https:\/\/www.plaadimehed.ee\/wp-content\/uploads\/2026\/04\/System-podawania-wody-DISTAR-SPRAY.png\",\"datePublished\":\"2026-04-06T10:14:23+00:00\",\"dateModified\":\"2026-04-07T12:31:32+00:00\",\"description\":\"MECHANIC Spray mini-nurklihvija veeliides. Ketastele 75 - 105 mm, v\u00f5imaldab l\u00f5igata tolmuvabalt ja saavutada puhas l\u00f5ige.\",\"breadcrumb\":{\"@id\":\"https:\/\/www.plaadimehed.ee\/product\/mechanic-vaike-vesijahutus-susteem-spray\/#breadcrumb\"},\"inLanguage\":\"fi\",\"potentialAction\":[{\"@type\":\"ReadAction\",\"target\":[\"https:\/\/www.plaadimehed.ee\/product\/mechanic-vaike-vesijahutus-susteem-spray\/\"]}]},{\"@type\":\"ImageObject\",\"inLanguage\":\"fi\",\"@id\":\"https:\/\/www.plaadimehed.ee\/product\/mechanic-vaike-vesijahutus-susteem-spray\/#primaryimage\",\"url\":\"https:\/\/www.plaadimehed.ee\/wp-content\/uploads\/2026\/04\/System-podawania-wody-DISTAR-SPRAY.png\",\"contentUrl\":\"https:\/\/www.plaadimehed.ee\/wp-content\/uploads\/2026\/04\/System-podawania-wody-DISTAR-SPRAY.png\",\"width\":828,\"height\":831,\"caption\":\"MECHANIC V\u00e4ike vesijahutus-s\u00fcsteem Spray\"},{\"@type\":\"BreadcrumbList\",\"@id\":\"https:\/\/www.plaadimehed.ee\/product\/mechanic-vaike-vesijahutus-susteem-spray\/#breadcrumb\",\"itemListElement\":[{\"@type\":\"ListItem\",\"position\":1,\"name\":\"Home\",\"item\":\"https:\/\/www.plaadimehed.ee\/fi\/\"},{\"@type\":\"ListItem\",\"position\":2,\"name\":\"Verkkokauppa\",\"item\":\"https:\/\/www.plaadimehed.ee\/fi\/shop\/\"},{\"@type\":\"ListItem\",\"position\":3,\"name\":\"MECHANIC V\u00e4ike vesijahutus-s\u00fcsteem Spray\"}]},{\"@type\":\"WebSite\",\"@id\":\"https:\/\/www.plaadimehed.ee\/#website\",\"url\":\"https:\/\/www.plaadimehed.ee\/\",\"name\":\"Plaadimehed\",\"description\":\"Plaatimist\u00f6\u00f6deks vajalikud tarvikud ja t\u00f6\u00f6riistad\",\"publisher\":{\"@id\":\"https:\/\/www.plaadimehed.ee\/#organization\"},\"potentialAction\":[{\"@type\":\"SearchAction\",\"target\":{\"@type\":\"EntryPoint\",\"urlTemplate\":\"https:\/\/www.plaadimehed.ee\/?s={search_term_string}\"},\"query-input\":{\"@type\":\"PropertyValueSpecification\",\"valueRequired\":true,\"valueName\":\"search_term_string\"}}],\"inLanguage\":\"fi\"},{\"@type\":\"Organization\",\"@id\":\"https:\/\/www.plaadimehed.ee\/#organization\",\"name\":\"Plaadimehed\",\"url\":\"https:\/\/www.plaadimehed.ee\/\",\"logo\":{\"@type\":\"ImageObject\",\"inLanguage\":\"fi\",\"@id\":\"https:\/\/www.plaadimehed.ee\/#\/schema\/logo\/image\/\",\"url\":\"https:\/\/www.plaadimehed.ee\/wp-content\/uploads\/2024\/05\/plaadimehed-logo.svg\",\"contentUrl\":\"https:\/\/www.plaadimehed.ee\/wp-content\/uploads\/2024\/05\/plaadimehed-logo.svg\",\"width\":266,\"height\":72,\"caption\":\"Plaadimehed\"},\"image\":{\"@id\":\"https:\/\/www.plaadimehed.ee\/#\/schema\/logo\/image\/\"}}]}<\/script>\n<!-- \/ Yoast SEO plugin. -->","yoast_head_json":{"title":"MECHANIC V\u00e4ike vesijahutus-s\u00fcsteem Spray","description":"MECHANIC Spray mini-nurklihvija veeliides. Ketastele 75 - 105 mm, v\u00f5imaldab l\u00f5igata tolmuvabalt ja saavutada puhas l\u00f5ige.","robots":{"index":"index","follow":"follow","max-snippet":"max-snippet:-1","max-image-preview":"max-image-preview:large","max-video-preview":"max-video-preview:-1"},"canonical":"https:\/\/www.plaadimehed.ee\/product\/mechanic-vaike-vesijahutus-susteem-spray\/","og_locale":"fi_FI","og_type":"article","og_title":"MECHANIC Akurelaka vesijahutus-s\u00fcsteem Spray","og_description":"MECHANIC Spray mini-nurklihvija veeliides. Ketastele 75 - 105 mm, v\u00f5imaldab l\u00f5igata tolmuvabalt ja saavutada puhas l\u00f5ige.","og_url":"https:\/\/www.plaadimehed.ee\/product\/mechanic-vaike-vesijahutus-susteem-spray\/","og_site_name":"Plaadimehed","article_modified_time":"2026-04-07T12:31:32+00:00","og_image":[{"width":828,"height":831,"url":"https:\/\/www.plaadimehed.ee\/wp-content\/uploads\/2026\/04\/System-podawania-wody-DISTAR-SPRAY.png","type":"image\/png"}],"twitter_card":"summary_large_image","twitter_misc":{"Arvioitu lukuaika":"1 minuutti"},"schema":{"@context":"https:\/\/schema.org","@graph":[{"@type":"WebPage","@id":"https:\/\/www.plaadimehed.ee\/product\/mechanic-vaike-vesijahutus-susteem-spray\/","url":"https:\/\/www.plaadimehed.ee\/product\/mechanic-vaike-vesijahutus-susteem-spray\/","name":"MECHANIC V\u00e4ike vesijahutus-s\u00fcsteem Spray","isPartOf":{"@id":"https:\/\/www.plaadimehed.ee\/#website"},"primaryImageOfPage":{"@id":"https:\/\/www.plaadimehed.ee\/product\/mechanic-vaike-vesijahutus-susteem-spray\/#primaryimage"},"image":{"@id":"https:\/\/www.plaadimehed.ee\/product\/mechanic-vaike-vesijahutus-susteem-spray\/#primaryimage"},"thumbnailUrl":"https:\/\/www.plaadimehed.ee\/wp-content\/uploads\/2026\/04\/System-podawania-wody-DISTAR-SPRAY.png","datePublished":"2026-04-06T10:14:23+00:00","dateModified":"2026-04-07T12:31:32+00:00","description":"MECHANIC Spray mini-nurklihvija veeliides. Ketastele 75 - 105 mm, v\u00f5imaldab l\u00f5igata tolmuvabalt ja saavutada puhas l\u00f5ige.","breadcrumb":{"@id":"https:\/\/www.plaadimehed.ee\/product\/mechanic-vaike-vesijahutus-susteem-spray\/#breadcrumb"},"inLanguage":"fi","potentialAction":[{"@type":"ReadAction","target":["https:\/\/www.plaadimehed.ee\/product\/mechanic-vaike-vesijahutus-susteem-spray\/"]}]},{"@type":"ImageObject","inLanguage":"fi","@id":"https:\/\/www.plaadimehed.ee\/product\/mechanic-vaike-vesijahutus-susteem-spray\/#primaryimage","url":"https:\/\/www.plaadimehed.ee\/wp-content\/uploads\/2026\/04\/System-podawania-wody-DISTAR-SPRAY.png","contentUrl":"https:\/\/www.plaadimehed.ee\/wp-content\/uploads\/2026\/04\/System-podawania-wody-DISTAR-SPRAY.png","width":828,"height":831,"caption":"MECHANIC V\u00e4ike vesijahutus-s\u00fcsteem Spray"},{"@type":"BreadcrumbList","@id":"https:\/\/www.plaadimehed.ee\/product\/mechanic-vaike-vesijahutus-susteem-spray\/#breadcrumb","itemListElement":[{"@type":"ListItem","position":1,"name":"Home","item":"https:\/\/www.plaadimehed.ee\/fi\/"},{"@type":"ListItem","position":2,"name":"Verkkokauppa","item":"https:\/\/www.plaadimehed.ee\/fi\/shop\/"},{"@type":"ListItem","position":3,"name":"MECHANIC V\u00e4ike vesijahutus-s\u00fcsteem Spray"}]},{"@type":"WebSite","@id":"https:\/\/www.plaadimehed.ee\/#website","url":"https:\/\/www.plaadimehed.ee\/","name":"Plaadimehed","description":"Plaatimist\u00f6\u00f6deks vajalikud tarvikud ja t\u00f6\u00f6riistad","publisher":{"@id":"https:\/\/www.plaadimehed.ee\/#organization"},"potentialAction":[{"@type":"SearchAction","target":{"@type":"EntryPoint","urlTemplate":"https:\/\/www.plaadimehed.ee\/?s={search_term_string}"},"query-input":{"@type":"PropertyValueSpecification","valueRequired":true,"valueName":"search_term_string"}}],"inLanguage":"fi"},{"@type":"Organization","@id":"https:\/\/www.plaadimehed.ee\/#organization","name":"Plaadimehed","url":"https:\/\/www.plaadimehed.ee\/","logo":{"@type":"ImageObject","inLanguage":"fi","@id":"https:\/\/www.plaadimehed.ee\/#\/schema\/logo\/image\/","url":"https:\/\/www.plaadimehed.ee\/wp-content\/uploads\/2024\/05\/plaadimehed-logo.svg","contentUrl":"https:\/\/www.plaadimehed.ee\/wp-content\/uploads\/2024\/05\/plaadimehed-logo.svg","width":266,"height":72,"caption":"Plaadimehed"},"image":{"@id":"https:\/\/www.plaadimehed.ee\/#\/schema\/logo\/image\/"}}]}},"_links":{"self":[{"href":"https:\/\/www.plaadimehed.ee\/fi\/wp-json\/wp\/v2\/product\/18575","targetHints":{"allow":["GET"]}}],"collection":[{"href":"https:\/\/www.plaadimehed.ee\/fi\/wp-json\/wp\/v2\/product"}],"about":[{"href":"https:\/\/www.plaadimehed.ee\/fi\/wp-json\/wp\/v2\/types\/product"}],"wp:featuredmedia":[{"embeddable":true,"href":"https:\/\/www.plaadimehed.ee\/fi\/wp-json\/wp\/v2\/media\/18576"}],"wp:attachment":[{"href":"https:\/\/www.plaadimehed.ee\/fi\/wp-json\/wp\/v2\/media?parent=18575"}],"wp:term":[{"taxonomy":"product_brand","embeddable":true,"href":"https:\/\/www.plaadimehed.ee\/fi\/wp-json\/wp\/v2\/product_brand?post=18575"},{"taxonomy":"product_cat","embeddable":true,"href":"https:\/\/www.plaadimehed.ee\/fi\/wp-json\/wp\/v2\/product_cat?post=18575"},{"taxonomy":"product_tag","embeddable":true,"href":"https:\/\/www.plaadimehed.ee\/fi\/wp-json\/wp\/v2\/product_tag?post=18575"}],"curies":[{"name":"wp","href":"https:\/\/api.w.org\/{rel}","templated":true}]}}