{"id":18590,"date":"2026-04-07T14:13:34","date_gmt":"2026-04-07T12:13:34","guid":{"rendered":"https:\/\/www.plaadimehed.ee\/?post_type=product&#038;p=18590"},"modified":"2026-04-09T12:09:09","modified_gmt":"2026-04-09T10:09:09","slug":"distar-universaalne-support-adapter-mini-grinderitele","status":"publish","type":"product","link":"https:\/\/www.plaadimehed.ee\/fi\/product\/distar-universaalne-support-adapter-mini-grinderitele\/","title":{"rendered":"Distar Universaalne support\/adapter Mini-Grinderitele"},"content":{"rendered":"<p>Distar on Ukrainast p\u00e4rit t\u00f6\u00f6riista br\u00e4nd mis spetsialiseerub teemant lihv -ja l\u00f5ikeketastele.<\/p>\n","protected":false},"excerpt":{"rendered":"<p>Adapter Mini-Grinderitele 5,8\/9,6mm<\/p>\n<p>\u25cf Adapter sobib: Bihui, Proxxon ja Hiinas toodetud mini-grinder t\u00f6\u00f6riistadele<br \/>\n\u25cf Kasutamiseks mini-grinder t\u00f6\u00f6riistadega<br \/>\n\u25cf V\u00f5imaldab kasutada k\u00f5iki kettaid \u00fche t\u00f6\u00f6riistaga<br \/>\n\u25cf Distar, Proxxon ja Bihui ketaste tsentrikuga.<br \/>\n\u25cf Sobivus ka Proxxoni poleerletta alusega<br \/>\n\u25cf Asendab v\u00f5lliga kinnituvate ketaste v\u00f5llis\u00fcsteemi<br \/>\n\u25cf Muudab ketta l\u00f5ikamisel stabiilsemaks<\/p>\n","protected":false},"featured_media":18591,"template":"","meta":{"_acf_changed":false},"product_brand":[53],"product_cat":[291],"product_tag":[],"class_list":{"0":"post-18590","1":"product","2":"type-product","3":"status-publish","4":"has-post-thumbnail","6":"product_brand-distar","7":"product_cat-muud","9":"first","10":"instock","11":"taxable","12":"shipping-taxable","13":"purchasable","14":"product-type-simple"},"acf":[],"yoast_head":"<!-- This site is optimized with the Yoast SEO plugin v27.0 - https:\/\/yoast.com\/product\/yoast-seo-wordpress\/ -->\n<title>Distar Universaalne support\/adapter Mini-Grinderitele - Plaadimehed<\/title>\n<meta name=\"description\" content=\"Distar \u00fclemineku adapter Mini-Grinderitele 5,8\/9,6mm. V\u00f5imaldab muuta t\u00f6\u00f6riista keskava suurust vastavalt kettale. proxxon ja Distar ketaste \u00fchilduvus.\" \/>\n<meta name=\"robots\" content=\"index, follow, max-snippet:-1, max-image-preview:large, max-video-preview:-1\" \/>\n<link rel=\"canonical\" href=\"https:\/\/www.plaadimehed.ee\/product\/distar-universaalne-support-adapter-mini-grinderitele\/\" \/>\n<meta property=\"og:locale\" content=\"fi_FI\" \/>\n<meta property=\"og:type\" content=\"article\" \/>\n<meta property=\"og:title\" content=\"Distar Universaalne support\/adapter Mini-Grinderitele\" \/>\n<meta property=\"og:description\" content=\"Distar \u00fclemineku adapter Mini-Grinderitele 5,8\/9,6mm. V\u00f5imaldab muuta t\u00f6\u00f6riista keskava suurust vastavalt kettale. proxxon ja Distar ketaste \u00fchilduvus.\" \/>\n<meta property=\"og:url\" content=\"https:\/\/www.plaadimehed.ee\/product\/distar-universaalne-support-adapter-mini-grinderitele\/\" \/>\n<meta property=\"og:site_name\" content=\"Plaadimehed\" \/>\n<meta property=\"article:modified_time\" content=\"2026-04-09T10:09:09+00:00\" \/>\n<meta property=\"og:image\" content=\"https:\/\/www.plaadimehed.ee\/wp-content\/uploads\/2026\/04\/Distar-vahetukk.jpg\" \/>\n\t<meta property=\"og:image:width\" content=\"960\" \/>\n\t<meta property=\"og:image:height\" content=\"960\" \/>\n\t<meta property=\"og:image:type\" content=\"image\/jpeg\" \/>\n<meta name=\"twitter:card\" content=\"summary_large_image\" \/>\n<meta name=\"twitter:label1\" content=\"Arvioitu lukuaika\" \/>\n\t<meta name=\"twitter:data1\" content=\"1 minuutti\" \/>\n<script type=\"application\/ld+json\" class=\"yoast-schema-graph\">{\"@context\":\"https:\/\/schema.org\",\"@graph\":[{\"@type\":\"WebPage\",\"@id\":\"https:\/\/www.plaadimehed.ee\/product\/distar-universaalne-support-adapter-mini-grinderitele\/\",\"url\":\"https:\/\/www.plaadimehed.ee\/product\/distar-universaalne-support-adapter-mini-grinderitele\/\",\"name\":\"Distar Universaalne support\/adapter Mini-Grinderitele - Plaadimehed\",\"isPartOf\":{\"@id\":\"https:\/\/www.plaadimehed.ee\/#website\"},\"primaryImageOfPage\":{\"@id\":\"https:\/\/www.plaadimehed.ee\/product\/distar-universaalne-support-adapter-mini-grinderitele\/#primaryimage\"},\"image\":{\"@id\":\"https:\/\/www.plaadimehed.ee\/product\/distar-universaalne-support-adapter-mini-grinderitele\/#primaryimage\"},\"thumbnailUrl\":\"https:\/\/www.plaadimehed.ee\/wp-content\/uploads\/2026\/04\/Distar-vahetukk.jpg\",\"datePublished\":\"2026-04-07T12:13:34+00:00\",\"dateModified\":\"2026-04-09T10:09:09+00:00\",\"description\":\"Distar \u00fclemineku adapter Mini-Grinderitele 5,8\/9,6mm. V\u00f5imaldab muuta t\u00f6\u00f6riista keskava suurust vastavalt kettale. proxxon ja Distar ketaste \u00fchilduvus.\",\"breadcrumb\":{\"@id\":\"https:\/\/www.plaadimehed.ee\/product\/distar-universaalne-support-adapter-mini-grinderitele\/#breadcrumb\"},\"inLanguage\":\"fi\",\"potentialAction\":[{\"@type\":\"ReadAction\",\"target\":[\"https:\/\/www.plaadimehed.ee\/product\/distar-universaalne-support-adapter-mini-grinderitele\/\"]}]},{\"@type\":\"ImageObject\",\"inLanguage\":\"fi\",\"@id\":\"https:\/\/www.plaadimehed.ee\/product\/distar-universaalne-support-adapter-mini-grinderitele\/#primaryimage\",\"url\":\"https:\/\/www.plaadimehed.ee\/wp-content\/uploads\/2026\/04\/Distar-vahetukk.jpg\",\"contentUrl\":\"https:\/\/www.plaadimehed.ee\/wp-content\/uploads\/2026\/04\/Distar-vahetukk.jpg\",\"width\":960,\"height\":960,\"caption\":\"Distar Universaalne support\/adapter Mini-Grinderitele\"},{\"@type\":\"BreadcrumbList\",\"@id\":\"https:\/\/www.plaadimehed.ee\/product\/distar-universaalne-support-adapter-mini-grinderitele\/#breadcrumb\",\"itemListElement\":[{\"@type\":\"ListItem\",\"position\":1,\"name\":\"Home\",\"item\":\"https:\/\/www.plaadimehed.ee\/fi\/\"},{\"@type\":\"ListItem\",\"position\":2,\"name\":\"Verkkokauppa\",\"item\":\"https:\/\/www.plaadimehed.ee\/fi\/shop\/\"},{\"@type\":\"ListItem\",\"position\":3,\"name\":\"Distar Universaalne support\/adapter Mini-Grinderitele\"}]},{\"@type\":\"WebSite\",\"@id\":\"https:\/\/www.plaadimehed.ee\/#website\",\"url\":\"https:\/\/www.plaadimehed.ee\/\",\"name\":\"Plaadimehed\",\"description\":\"Plaatimist\u00f6\u00f6deks vajalikud tarvikud ja t\u00f6\u00f6riistad\",\"publisher\":{\"@id\":\"https:\/\/www.plaadimehed.ee\/#organization\"},\"potentialAction\":[{\"@type\":\"SearchAction\",\"target\":{\"@type\":\"EntryPoint\",\"urlTemplate\":\"https:\/\/www.plaadimehed.ee\/?s={search_term_string}\"},\"query-input\":{\"@type\":\"PropertyValueSpecification\",\"valueRequired\":true,\"valueName\":\"search_term_string\"}}],\"inLanguage\":\"fi\"},{\"@type\":\"Organization\",\"@id\":\"https:\/\/www.plaadimehed.ee\/#organization\",\"name\":\"Plaadimehed\",\"url\":\"https:\/\/www.plaadimehed.ee\/\",\"logo\":{\"@type\":\"ImageObject\",\"inLanguage\":\"fi\",\"@id\":\"https:\/\/www.plaadimehed.ee\/#\/schema\/logo\/image\/\",\"url\":\"https:\/\/www.plaadimehed.ee\/wp-content\/uploads\/2024\/05\/plaadimehed-logo.svg\",\"contentUrl\":\"https:\/\/www.plaadimehed.ee\/wp-content\/uploads\/2024\/05\/plaadimehed-logo.svg\",\"width\":266,\"height\":72,\"caption\":\"Plaadimehed\"},\"image\":{\"@id\":\"https:\/\/www.plaadimehed.ee\/#\/schema\/logo\/image\/\"}}]}<\/script>\n<!-- \/ Yoast SEO plugin. -->","yoast_head_json":{"title":"Distar Universaalne support\/adapter Mini-Grinderitele - Plaadimehed","description":"Distar \u00fclemineku adapter Mini-Grinderitele 5,8\/9,6mm. V\u00f5imaldab muuta t\u00f6\u00f6riista keskava suurust vastavalt kettale. proxxon ja Distar ketaste \u00fchilduvus.","robots":{"index":"index","follow":"follow","max-snippet":"max-snippet:-1","max-image-preview":"max-image-preview:large","max-video-preview":"max-video-preview:-1"},"canonical":"https:\/\/www.plaadimehed.ee\/product\/distar-universaalne-support-adapter-mini-grinderitele\/","og_locale":"fi_FI","og_type":"article","og_title":"Distar Universaalne support\/adapter Mini-Grinderitele","og_description":"Distar \u00fclemineku adapter Mini-Grinderitele 5,8\/9,6mm. V\u00f5imaldab muuta t\u00f6\u00f6riista keskava suurust vastavalt kettale. proxxon ja Distar ketaste \u00fchilduvus.","og_url":"https:\/\/www.plaadimehed.ee\/product\/distar-universaalne-support-adapter-mini-grinderitele\/","og_site_name":"Plaadimehed","article_modified_time":"2026-04-09T10:09:09+00:00","og_image":[{"width":960,"height":960,"url":"https:\/\/www.plaadimehed.ee\/wp-content\/uploads\/2026\/04\/Distar-vahetukk.jpg","type":"image\/jpeg"}],"twitter_card":"summary_large_image","twitter_misc":{"Arvioitu lukuaika":"1 minuutti"},"schema":{"@context":"https:\/\/schema.org","@graph":[{"@type":"WebPage","@id":"https:\/\/www.plaadimehed.ee\/product\/distar-universaalne-support-adapter-mini-grinderitele\/","url":"https:\/\/www.plaadimehed.ee\/product\/distar-universaalne-support-adapter-mini-grinderitele\/","name":"Distar Universaalne support\/adapter Mini-Grinderitele - Plaadimehed","isPartOf":{"@id":"https:\/\/www.plaadimehed.ee\/#website"},"primaryImageOfPage":{"@id":"https:\/\/www.plaadimehed.ee\/product\/distar-universaalne-support-adapter-mini-grinderitele\/#primaryimage"},"image":{"@id":"https:\/\/www.plaadimehed.ee\/product\/distar-universaalne-support-adapter-mini-grinderitele\/#primaryimage"},"thumbnailUrl":"https:\/\/www.plaadimehed.ee\/wp-content\/uploads\/2026\/04\/Distar-vahetukk.jpg","datePublished":"2026-04-07T12:13:34+00:00","dateModified":"2026-04-09T10:09:09+00:00","description":"Distar \u00fclemineku adapter Mini-Grinderitele 5,8\/9,6mm. V\u00f5imaldab muuta t\u00f6\u00f6riista keskava suurust vastavalt kettale. proxxon ja Distar ketaste \u00fchilduvus.","breadcrumb":{"@id":"https:\/\/www.plaadimehed.ee\/product\/distar-universaalne-support-adapter-mini-grinderitele\/#breadcrumb"},"inLanguage":"fi","potentialAction":[{"@type":"ReadAction","target":["https:\/\/www.plaadimehed.ee\/product\/distar-universaalne-support-adapter-mini-grinderitele\/"]}]},{"@type":"ImageObject","inLanguage":"fi","@id":"https:\/\/www.plaadimehed.ee\/product\/distar-universaalne-support-adapter-mini-grinderitele\/#primaryimage","url":"https:\/\/www.plaadimehed.ee\/wp-content\/uploads\/2026\/04\/Distar-vahetukk.jpg","contentUrl":"https:\/\/www.plaadimehed.ee\/wp-content\/uploads\/2026\/04\/Distar-vahetukk.jpg","width":960,"height":960,"caption":"Distar Universaalne support\/adapter Mini-Grinderitele"},{"@type":"BreadcrumbList","@id":"https:\/\/www.plaadimehed.ee\/product\/distar-universaalne-support-adapter-mini-grinderitele\/#breadcrumb","itemListElement":[{"@type":"ListItem","position":1,"name":"Home","item":"https:\/\/www.plaadimehed.ee\/fi\/"},{"@type":"ListItem","position":2,"name":"Verkkokauppa","item":"https:\/\/www.plaadimehed.ee\/fi\/shop\/"},{"@type":"ListItem","position":3,"name":"Distar Universaalne support\/adapter Mini-Grinderitele"}]},{"@type":"WebSite","@id":"https:\/\/www.plaadimehed.ee\/#website","url":"https:\/\/www.plaadimehed.ee\/","name":"Plaadimehed","description":"Plaatimist\u00f6\u00f6deks vajalikud tarvikud ja t\u00f6\u00f6riistad","publisher":{"@id":"https:\/\/www.plaadimehed.ee\/#organization"},"potentialAction":[{"@type":"SearchAction","target":{"@type":"EntryPoint","urlTemplate":"https:\/\/www.plaadimehed.ee\/?s={search_term_string}"},"query-input":{"@type":"PropertyValueSpecification","valueRequired":true,"valueName":"search_term_string"}}],"inLanguage":"fi"},{"@type":"Organization","@id":"https:\/\/www.plaadimehed.ee\/#organization","name":"Plaadimehed","url":"https:\/\/www.plaadimehed.ee\/","logo":{"@type":"ImageObject","inLanguage":"fi","@id":"https:\/\/www.plaadimehed.ee\/#\/schema\/logo\/image\/","url":"https:\/\/www.plaadimehed.ee\/wp-content\/uploads\/2024\/05\/plaadimehed-logo.svg","contentUrl":"https:\/\/www.plaadimehed.ee\/wp-content\/uploads\/2024\/05\/plaadimehed-logo.svg","width":266,"height":72,"caption":"Plaadimehed"},"image":{"@id":"https:\/\/www.plaadimehed.ee\/#\/schema\/logo\/image\/"}}]}},"_links":{"self":[{"href":"https:\/\/www.plaadimehed.ee\/fi\/wp-json\/wp\/v2\/product\/18590","targetHints":{"allow":["GET"]}}],"collection":[{"href":"https:\/\/www.plaadimehed.ee\/fi\/wp-json\/wp\/v2\/product"}],"about":[{"href":"https:\/\/www.plaadimehed.ee\/fi\/wp-json\/wp\/v2\/types\/product"}],"wp:featuredmedia":[{"embeddable":true,"href":"https:\/\/www.plaadimehed.ee\/fi\/wp-json\/wp\/v2\/media\/18591"}],"wp:attachment":[{"href":"https:\/\/www.plaadimehed.ee\/fi\/wp-json\/wp\/v2\/media?parent=18590"}],"wp:term":[{"taxonomy":"product_brand","embeddable":true,"href":"https:\/\/www.plaadimehed.ee\/fi\/wp-json\/wp\/v2\/product_brand?post=18590"},{"taxonomy":"product_cat","embeddable":true,"href":"https:\/\/www.plaadimehed.ee\/fi\/wp-json\/wp\/v2\/product_cat?post=18590"},{"taxonomy":"product_tag","embeddable":true,"href":"https:\/\/www.plaadimehed.ee\/fi\/wp-json\/wp\/v2\/product_tag?post=18590"}],"curies":[{"name":"wp","href":"https:\/\/api.w.org\/{rel}","templated":true}]}}