{"id":204,"date":"2021-05-21T20:21:23","date_gmt":"2021-05-21T18:21:23","guid":{"rendered":"https:\/\/www.plaadimehed.ee\/?post_type=product&#038;p=204"},"modified":"2025-03-03T10:28:51","modified_gmt":"2025-03-03T08:28:51","slug":"bihui-poleer-lihvklots-60","status":"publish","type":"product","link":"https:\/\/www.plaadimehed.ee\/fi\/product\/bihui-poleer-lihvklots-60\/","title":{"rendered":"BIHUI\u00ae Poleer lihvklots 60"},"content":{"rendered":"<p>\u25cf L\u00f5ike servade viimistlemiseks lihv\/poleer t\u00f6\u00f6deks<br \/>\n\u25cf Kasutatav kuiva ja m\u00e4rjana<br \/>\n\u25cf Sobivus erinevate plaadi t\u00fc\u00fcbile<br \/>\n\u25cf Erineva karedusega, mis on eristatud lihvklotsi v\u00e4rvidega<br \/>\n\u25cf Suurus: 55 x 95 mm<\/p>\n<p><img loading=\"lazy\" decoding=\"async\" class=\"alignnone wp-image-135\" src=\"https:\/\/www.plaadimehed.ee\/wp-content\/uploads\/2021\/05\/bdf-logo.png\" alt=\"\" width=\"35\" height=\"35\" srcset=\"https:\/\/www.plaadimehed.ee\/wp-content\/uploads\/2021\/05\/bdf-logo.png 225w, https:\/\/www.plaadimehed.ee\/wp-content\/uploads\/2021\/05\/bdf-logo-100x100.png 100w, https:\/\/www.plaadimehed.ee\/wp-content\/uploads\/2021\/05\/bdf-logo-150x150.png 150w\" sizes=\"auto, (max-width: 35px) 100vw, 35px\" \/><a href=\"https:\/\/www.plaadimehed.ee\/wp-content\/uploads\/2021\/05\/Bihui-poleer-lihvklots-60.pdf\">Bihui poleer lihvklots 60 tooteleht<\/a><\/p>\n","protected":false},"excerpt":{"rendered":"<p>L\u00f5ike servade viimistlemiseks lihv\/poleer t\u00f6\u00f6deks<\/p>\n","protected":false},"featured_media":9534,"template":"","meta":{"_acf_changed":false},"product_brand":[26],"product_cat":[139],"product_tag":[],"class_list":{"0":"post-204","1":"product","2":"type-product","3":"status-publish","4":"has-post-thumbnail","6":"product_brand-bihui","7":"product_cat-lihvklotsid","9":"first","10":"instock","11":"taxable","12":"shipping-taxable","13":"purchasable","14":"product-type-simple"},"acf":[],"yoast_head":"<!-- This site is optimized with the Yoast SEO plugin v27.0 - https:\/\/yoast.com\/product\/yoast-seo-wordpress\/ -->\n<title>BIHUI\u00ae Poleer lihvklots 60 - Plaadimehed<\/title>\n<meta name=\"robots\" content=\"index, follow, max-snippet:-1, max-image-preview:large, max-video-preview:-1\" \/>\n<link rel=\"canonical\" href=\"https:\/\/www.plaadimehed.ee\/product\/bihui-poleer-lihvklots-60\/\" \/>\n<meta property=\"og:locale\" content=\"fi_FI\" \/>\n<meta property=\"og:type\" content=\"article\" \/>\n<meta property=\"og:title\" content=\"BIHUI\u00ae Poleer lihvklots 60 - Plaadimehed\" \/>\n<meta property=\"og:description\" content=\"L\u00f5ike servade viimistlemiseks lihv\/poleer t\u00f6\u00f6deks\" \/>\n<meta property=\"og:url\" content=\"https:\/\/www.plaadimehed.ee\/product\/bihui-poleer-lihvklots-60\/\" \/>\n<meta property=\"og:site_name\" content=\"Plaadimehed\" \/>\n<meta property=\"article:modified_time\" content=\"2025-03-03T08:28:51+00:00\" \/>\n<meta property=\"og:image\" content=\"https:\/\/www.plaadimehed.ee\/wp-content\/uploads\/2021\/05\/Bihui-poleer-lihvklots-60-3.jpg\" \/>\n\t<meta property=\"og:image:width\" content=\"691\" \/>\n\t<meta property=\"og:image:height\" content=\"691\" \/>\n\t<meta property=\"og:image:type\" content=\"image\/jpeg\" \/>\n<meta name=\"twitter:card\" content=\"summary_large_image\" \/>\n<script type=\"application\/ld+json\" class=\"yoast-schema-graph\">{\"@context\":\"https:\/\/schema.org\",\"@graph\":[{\"@type\":\"WebPage\",\"@id\":\"https:\/\/www.plaadimehed.ee\/product\/bihui-poleer-lihvklots-60\/\",\"url\":\"https:\/\/www.plaadimehed.ee\/product\/bihui-poleer-lihvklots-60\/\",\"name\":\"BIHUI\u00ae Poleer lihvklots 60 - Plaadimehed\",\"isPartOf\":{\"@id\":\"https:\/\/www.plaadimehed.ee\/#website\"},\"primaryImageOfPage\":{\"@id\":\"https:\/\/www.plaadimehed.ee\/product\/bihui-poleer-lihvklots-60\/#primaryimage\"},\"image\":{\"@id\":\"https:\/\/www.plaadimehed.ee\/product\/bihui-poleer-lihvklots-60\/#primaryimage\"},\"thumbnailUrl\":\"https:\/\/www.plaadimehed.ee\/wp-content\/uploads\/2021\/05\/Bihui-poleer-lihvklots-60-3.jpg\",\"datePublished\":\"2021-05-21T18:21:23+00:00\",\"dateModified\":\"2025-03-03T08:28:51+00:00\",\"breadcrumb\":{\"@id\":\"https:\/\/www.plaadimehed.ee\/product\/bihui-poleer-lihvklots-60\/#breadcrumb\"},\"inLanguage\":\"fi\",\"potentialAction\":[{\"@type\":\"ReadAction\",\"target\":[\"https:\/\/www.plaadimehed.ee\/product\/bihui-poleer-lihvklots-60\/\"]}]},{\"@type\":\"ImageObject\",\"inLanguage\":\"fi\",\"@id\":\"https:\/\/www.plaadimehed.ee\/product\/bihui-poleer-lihvklots-60\/#primaryimage\",\"url\":\"https:\/\/www.plaadimehed.ee\/wp-content\/uploads\/2021\/05\/Bihui-poleer-lihvklots-60-3.jpg\",\"contentUrl\":\"https:\/\/www.plaadimehed.ee\/wp-content\/uploads\/2021\/05\/Bihui-poleer-lihvklots-60-3.jpg\",\"width\":691,\"height\":691},{\"@type\":\"BreadcrumbList\",\"@id\":\"https:\/\/www.plaadimehed.ee\/product\/bihui-poleer-lihvklots-60\/#breadcrumb\",\"itemListElement\":[{\"@type\":\"ListItem\",\"position\":1,\"name\":\"Home\",\"item\":\"https:\/\/www.plaadimehed.ee\/fi\/\"},{\"@type\":\"ListItem\",\"position\":2,\"name\":\"Verkkokauppa\",\"item\":\"https:\/\/www.plaadimehed.ee\/fi\/shop\/\"},{\"@type\":\"ListItem\",\"position\":3,\"name\":\"BIHUI\u00ae Poleer lihvklots 60\"}]},{\"@type\":\"WebSite\",\"@id\":\"https:\/\/www.plaadimehed.ee\/#website\",\"url\":\"https:\/\/www.plaadimehed.ee\/\",\"name\":\"Plaadimehed\",\"description\":\"Plaatimist\u00f6\u00f6deks vajalikud tarvikud ja t\u00f6\u00f6riistad\",\"publisher\":{\"@id\":\"https:\/\/www.plaadimehed.ee\/#organization\"},\"potentialAction\":[{\"@type\":\"SearchAction\",\"target\":{\"@type\":\"EntryPoint\",\"urlTemplate\":\"https:\/\/www.plaadimehed.ee\/?s={search_term_string}\"},\"query-input\":{\"@type\":\"PropertyValueSpecification\",\"valueRequired\":true,\"valueName\":\"search_term_string\"}}],\"inLanguage\":\"fi\"},{\"@type\":\"Organization\",\"@id\":\"https:\/\/www.plaadimehed.ee\/#organization\",\"name\":\"Plaadimehed\",\"url\":\"https:\/\/www.plaadimehed.ee\/\",\"logo\":{\"@type\":\"ImageObject\",\"inLanguage\":\"fi\",\"@id\":\"https:\/\/www.plaadimehed.ee\/#\/schema\/logo\/image\/\",\"url\":\"https:\/\/www.plaadimehed.ee\/wp-content\/uploads\/2024\/05\/plaadimehed-logo.svg\",\"contentUrl\":\"https:\/\/www.plaadimehed.ee\/wp-content\/uploads\/2024\/05\/plaadimehed-logo.svg\",\"width\":266,\"height\":72,\"caption\":\"Plaadimehed\"},\"image\":{\"@id\":\"https:\/\/www.plaadimehed.ee\/#\/schema\/logo\/image\/\"}}]}<\/script>\n<!-- \/ Yoast SEO plugin. -->","yoast_head_json":{"title":"BIHUI\u00ae Poleer lihvklots 60 - Plaadimehed","robots":{"index":"index","follow":"follow","max-snippet":"max-snippet:-1","max-image-preview":"max-image-preview:large","max-video-preview":"max-video-preview:-1"},"canonical":"https:\/\/www.plaadimehed.ee\/product\/bihui-poleer-lihvklots-60\/","og_locale":"fi_FI","og_type":"article","og_title":"BIHUI\u00ae Poleer lihvklots 60 - Plaadimehed","og_description":"L\u00f5ike servade viimistlemiseks lihv\/poleer t\u00f6\u00f6deks","og_url":"https:\/\/www.plaadimehed.ee\/product\/bihui-poleer-lihvklots-60\/","og_site_name":"Plaadimehed","article_modified_time":"2025-03-03T08:28:51+00:00","og_image":[{"width":691,"height":691,"url":"https:\/\/www.plaadimehed.ee\/wp-content\/uploads\/2021\/05\/Bihui-poleer-lihvklots-60-3.jpg","type":"image\/jpeg"}],"twitter_card":"summary_large_image","schema":{"@context":"https:\/\/schema.org","@graph":[{"@type":"WebPage","@id":"https:\/\/www.plaadimehed.ee\/product\/bihui-poleer-lihvklots-60\/","url":"https:\/\/www.plaadimehed.ee\/product\/bihui-poleer-lihvklots-60\/","name":"BIHUI\u00ae Poleer lihvklots 60 - Plaadimehed","isPartOf":{"@id":"https:\/\/www.plaadimehed.ee\/#website"},"primaryImageOfPage":{"@id":"https:\/\/www.plaadimehed.ee\/product\/bihui-poleer-lihvklots-60\/#primaryimage"},"image":{"@id":"https:\/\/www.plaadimehed.ee\/product\/bihui-poleer-lihvklots-60\/#primaryimage"},"thumbnailUrl":"https:\/\/www.plaadimehed.ee\/wp-content\/uploads\/2021\/05\/Bihui-poleer-lihvklots-60-3.jpg","datePublished":"2021-05-21T18:21:23+00:00","dateModified":"2025-03-03T08:28:51+00:00","breadcrumb":{"@id":"https:\/\/www.plaadimehed.ee\/product\/bihui-poleer-lihvklots-60\/#breadcrumb"},"inLanguage":"fi","potentialAction":[{"@type":"ReadAction","target":["https:\/\/www.plaadimehed.ee\/product\/bihui-poleer-lihvklots-60\/"]}]},{"@type":"ImageObject","inLanguage":"fi","@id":"https:\/\/www.plaadimehed.ee\/product\/bihui-poleer-lihvklots-60\/#primaryimage","url":"https:\/\/www.plaadimehed.ee\/wp-content\/uploads\/2021\/05\/Bihui-poleer-lihvklots-60-3.jpg","contentUrl":"https:\/\/www.plaadimehed.ee\/wp-content\/uploads\/2021\/05\/Bihui-poleer-lihvklots-60-3.jpg","width":691,"height":691},{"@type":"BreadcrumbList","@id":"https:\/\/www.plaadimehed.ee\/product\/bihui-poleer-lihvklots-60\/#breadcrumb","itemListElement":[{"@type":"ListItem","position":1,"name":"Home","item":"https:\/\/www.plaadimehed.ee\/fi\/"},{"@type":"ListItem","position":2,"name":"Verkkokauppa","item":"https:\/\/www.plaadimehed.ee\/fi\/shop\/"},{"@type":"ListItem","position":3,"name":"BIHUI\u00ae Poleer lihvklots 60"}]},{"@type":"WebSite","@id":"https:\/\/www.plaadimehed.ee\/#website","url":"https:\/\/www.plaadimehed.ee\/","name":"Plaadimehed","description":"Plaatimist\u00f6\u00f6deks vajalikud tarvikud ja t\u00f6\u00f6riistad","publisher":{"@id":"https:\/\/www.plaadimehed.ee\/#organization"},"potentialAction":[{"@type":"SearchAction","target":{"@type":"EntryPoint","urlTemplate":"https:\/\/www.plaadimehed.ee\/?s={search_term_string}"},"query-input":{"@type":"PropertyValueSpecification","valueRequired":true,"valueName":"search_term_string"}}],"inLanguage":"fi"},{"@type":"Organization","@id":"https:\/\/www.plaadimehed.ee\/#organization","name":"Plaadimehed","url":"https:\/\/www.plaadimehed.ee\/","logo":{"@type":"ImageObject","inLanguage":"fi","@id":"https:\/\/www.plaadimehed.ee\/#\/schema\/logo\/image\/","url":"https:\/\/www.plaadimehed.ee\/wp-content\/uploads\/2024\/05\/plaadimehed-logo.svg","contentUrl":"https:\/\/www.plaadimehed.ee\/wp-content\/uploads\/2024\/05\/plaadimehed-logo.svg","width":266,"height":72,"caption":"Plaadimehed"},"image":{"@id":"https:\/\/www.plaadimehed.ee\/#\/schema\/logo\/image\/"}}]}},"_links":{"self":[{"href":"https:\/\/www.plaadimehed.ee\/fi\/wp-json\/wp\/v2\/product\/204","targetHints":{"allow":["GET"]}}],"collection":[{"href":"https:\/\/www.plaadimehed.ee\/fi\/wp-json\/wp\/v2\/product"}],"about":[{"href":"https:\/\/www.plaadimehed.ee\/fi\/wp-json\/wp\/v2\/types\/product"}],"wp:featuredmedia":[{"embeddable":true,"href":"https:\/\/www.plaadimehed.ee\/fi\/wp-json\/wp\/v2\/media\/9534"}],"wp:attachment":[{"href":"https:\/\/www.plaadimehed.ee\/fi\/wp-json\/wp\/v2\/media?parent=204"}],"wp:term":[{"taxonomy":"product_brand","embeddable":true,"href":"https:\/\/www.plaadimehed.ee\/fi\/wp-json\/wp\/v2\/product_brand?post=204"},{"taxonomy":"product_cat","embeddable":true,"href":"https:\/\/www.plaadimehed.ee\/fi\/wp-json\/wp\/v2\/product_cat?post=204"},{"taxonomy":"product_tag","embeddable":true,"href":"https:\/\/www.plaadimehed.ee\/fi\/wp-json\/wp\/v2\/product_tag?post=204"}],"curies":[{"name":"wp","href":"https:\/\/api.w.org\/{rel}","templated":true}]}}