{"id":2275,"date":"2021-08-09T15:17:11","date_gmt":"2021-08-09T13:17:11","guid":{"rendered":"https:\/\/www.plaadimehed.ee\/?post_type=product&#038;p=2275"},"modified":"2022-09-14T08:40:16","modified_gmt":"2022-09-14T06:40:16","slug":"poleerketas-800","status":"publish","type":"product","link":"https:\/\/www.plaadimehed.ee\/fi\/product\/poleerketas-800\/","title":{"rendered":"Poleerketas 800"},"content":{"rendered":"<p>\u25cf Poleerimisketas plaadi l\u00f5ikeservade viimistluseks<br \/>\n\u25cf Sobib kinnitamiseks poleerimis padja alusele \u00d8 100 mm<br \/>\n\u25cf Kasutamiseks tasapinnaliste pindade ja kumerate servade poleerimiseks<\/p>\n<p>&nbsp;<\/p>\n","protected":false},"excerpt":{"rendered":"<p>Poleerimisketas plaadi l\u00f5ikeservade viimistluseks<\/p>\n","protected":false},"featured_media":2276,"template":"","meta":{"_acf_changed":false},"product_brand":[104],"product_cat":[138],"product_tag":[],"class_list":{"0":"post-2275","1":"product","2":"type-product","3":"status-publish","4":"has-post-thumbnail","6":"product_brand-muu","7":"product_cat-lihv-ja-poleerkettad","9":"first","10":"instock","11":"taxable","12":"shipping-taxable","13":"purchasable","14":"product-type-simple"},"acf":[],"yoast_head":"<!-- This site is optimized with the Yoast SEO plugin v27.0 - https:\/\/yoast.com\/product\/yoast-seo-wordpress\/ -->\n<title>Poleerketas 800<\/title>\n<meta name=\"description\" content=\"Poleerketas 800 tasapinnaliste pindade ja kumerate servade poleerimiseks, plaadi l\u00f5ikeservade viimistluseks. Poleerimispadja alusele 100mm. Loe lisaks siit.\" \/>\n<meta name=\"robots\" content=\"index, follow, max-snippet:-1, max-image-preview:large, max-video-preview:-1\" \/>\n<link rel=\"canonical\" href=\"https:\/\/www.plaadimehed.ee\/product\/poleerketas-800\/\" \/>\n<meta property=\"og:locale\" content=\"fi_FI\" \/>\n<meta property=\"og:type\" content=\"article\" \/>\n<meta property=\"og:title\" content=\"Poleerketas 800\" \/>\n<meta property=\"og:description\" content=\"Poleerketas 800 tasapinnaliste pindade ja kumerate servade poleerimiseks, plaadi l\u00f5ikeservade viimistluseks. Poleerimispadja alusele 100mm. Loe lisaks siit.\" \/>\n<meta property=\"og:url\" content=\"https:\/\/www.plaadimehed.ee\/product\/poleerketas-800\/\" \/>\n<meta property=\"og:site_name\" content=\"Plaadimehed\" \/>\n<meta property=\"article:modified_time\" content=\"2022-09-14T06:40:16+00:00\" \/>\n<meta property=\"og:image\" content=\"https:\/\/www.plaadimehed.ee\/wp-content\/uploads\/2021\/08\/Poleer-800-scaled-e1628515094917.jpg\" \/>\n\t<meta property=\"og:image:width\" content=\"1000\" \/>\n\t<meta property=\"og:image:height\" content=\"1073\" \/>\n\t<meta property=\"og:image:type\" content=\"image\/jpeg\" \/>\n<meta name=\"twitter:card\" content=\"summary_large_image\" \/>\n<script type=\"application\/ld+json\" class=\"yoast-schema-graph\">{\"@context\":\"https:\/\/schema.org\",\"@graph\":[{\"@type\":\"WebPage\",\"@id\":\"https:\/\/www.plaadimehed.ee\/product\/poleerketas-800\/\",\"url\":\"https:\/\/www.plaadimehed.ee\/product\/poleerketas-800\/\",\"name\":\"Poleerketas 800\",\"isPartOf\":{\"@id\":\"https:\/\/www.plaadimehed.ee\/#website\"},\"primaryImageOfPage\":{\"@id\":\"https:\/\/www.plaadimehed.ee\/product\/poleerketas-800\/#primaryimage\"},\"image\":{\"@id\":\"https:\/\/www.plaadimehed.ee\/product\/poleerketas-800\/#primaryimage\"},\"thumbnailUrl\":\"https:\/\/www.plaadimehed.ee\/wp-content\/uploads\/2021\/08\/Poleer-800-scaled-e1628515094917.jpg\",\"datePublished\":\"2021-08-09T13:17:11+00:00\",\"dateModified\":\"2022-09-14T06:40:16+00:00\",\"description\":\"Poleerketas 800 tasapinnaliste pindade ja kumerate servade poleerimiseks, plaadi l\u00f5ikeservade viimistluseks. Poleerimispadja alusele 100mm. Loe lisaks siit.\",\"breadcrumb\":{\"@id\":\"https:\/\/www.plaadimehed.ee\/product\/poleerketas-800\/#breadcrumb\"},\"inLanguage\":\"fi\",\"potentialAction\":[{\"@type\":\"ReadAction\",\"target\":[\"https:\/\/www.plaadimehed.ee\/product\/poleerketas-800\/\"]}]},{\"@type\":\"ImageObject\",\"inLanguage\":\"fi\",\"@id\":\"https:\/\/www.plaadimehed.ee\/product\/poleerketas-800\/#primaryimage\",\"url\":\"https:\/\/www.plaadimehed.ee\/wp-content\/uploads\/2021\/08\/Poleer-800-scaled-e1628515094917.jpg\",\"contentUrl\":\"https:\/\/www.plaadimehed.ee\/wp-content\/uploads\/2021\/08\/Poleer-800-scaled-e1628515094917.jpg\",\"width\":1000,\"height\":1073},{\"@type\":\"BreadcrumbList\",\"@id\":\"https:\/\/www.plaadimehed.ee\/product\/poleerketas-800\/#breadcrumb\",\"itemListElement\":[{\"@type\":\"ListItem\",\"position\":1,\"name\":\"Home\",\"item\":\"https:\/\/www.plaadimehed.ee\/fi\/\"},{\"@type\":\"ListItem\",\"position\":2,\"name\":\"Verkkokauppa\",\"item\":\"https:\/\/www.plaadimehed.ee\/fi\/shop\/\"},{\"@type\":\"ListItem\",\"position\":3,\"name\":\"Poleerketas 800\"}]},{\"@type\":\"WebSite\",\"@id\":\"https:\/\/www.plaadimehed.ee\/#website\",\"url\":\"https:\/\/www.plaadimehed.ee\/\",\"name\":\"Plaadimehed\",\"description\":\"Plaatimist\u00f6\u00f6deks vajalikud tarvikud ja t\u00f6\u00f6riistad\",\"publisher\":{\"@id\":\"https:\/\/www.plaadimehed.ee\/#organization\"},\"potentialAction\":[{\"@type\":\"SearchAction\",\"target\":{\"@type\":\"EntryPoint\",\"urlTemplate\":\"https:\/\/www.plaadimehed.ee\/?s={search_term_string}\"},\"query-input\":{\"@type\":\"PropertyValueSpecification\",\"valueRequired\":true,\"valueName\":\"search_term_string\"}}],\"inLanguage\":\"fi\"},{\"@type\":\"Organization\",\"@id\":\"https:\/\/www.plaadimehed.ee\/#organization\",\"name\":\"Plaadimehed\",\"url\":\"https:\/\/www.plaadimehed.ee\/\",\"logo\":{\"@type\":\"ImageObject\",\"inLanguage\":\"fi\",\"@id\":\"https:\/\/www.plaadimehed.ee\/#\/schema\/logo\/image\/\",\"url\":\"https:\/\/www.plaadimehed.ee\/wp-content\/uploads\/2024\/05\/plaadimehed-logo.svg\",\"contentUrl\":\"https:\/\/www.plaadimehed.ee\/wp-content\/uploads\/2024\/05\/plaadimehed-logo.svg\",\"width\":266,\"height\":72,\"caption\":\"Plaadimehed\"},\"image\":{\"@id\":\"https:\/\/www.plaadimehed.ee\/#\/schema\/logo\/image\/\"}}]}<\/script>\n<!-- \/ Yoast SEO plugin. -->","yoast_head_json":{"title":"Poleerketas 800","description":"Poleerketas 800 tasapinnaliste pindade ja kumerate servade poleerimiseks, plaadi l\u00f5ikeservade viimistluseks. Poleerimispadja alusele 100mm. Loe lisaks siit.","robots":{"index":"index","follow":"follow","max-snippet":"max-snippet:-1","max-image-preview":"max-image-preview:large","max-video-preview":"max-video-preview:-1"},"canonical":"https:\/\/www.plaadimehed.ee\/product\/poleerketas-800\/","og_locale":"fi_FI","og_type":"article","og_title":"Poleerketas 800","og_description":"Poleerketas 800 tasapinnaliste pindade ja kumerate servade poleerimiseks, plaadi l\u00f5ikeservade viimistluseks. Poleerimispadja alusele 100mm. Loe lisaks siit.","og_url":"https:\/\/www.plaadimehed.ee\/product\/poleerketas-800\/","og_site_name":"Plaadimehed","article_modified_time":"2022-09-14T06:40:16+00:00","og_image":[{"width":1000,"height":1073,"url":"https:\/\/www.plaadimehed.ee\/wp-content\/uploads\/2021\/08\/Poleer-800-scaled-e1628515094917.jpg","type":"image\/jpeg"}],"twitter_card":"summary_large_image","schema":{"@context":"https:\/\/schema.org","@graph":[{"@type":"WebPage","@id":"https:\/\/www.plaadimehed.ee\/product\/poleerketas-800\/","url":"https:\/\/www.plaadimehed.ee\/product\/poleerketas-800\/","name":"Poleerketas 800","isPartOf":{"@id":"https:\/\/www.plaadimehed.ee\/#website"},"primaryImageOfPage":{"@id":"https:\/\/www.plaadimehed.ee\/product\/poleerketas-800\/#primaryimage"},"image":{"@id":"https:\/\/www.plaadimehed.ee\/product\/poleerketas-800\/#primaryimage"},"thumbnailUrl":"https:\/\/www.plaadimehed.ee\/wp-content\/uploads\/2021\/08\/Poleer-800-scaled-e1628515094917.jpg","datePublished":"2021-08-09T13:17:11+00:00","dateModified":"2022-09-14T06:40:16+00:00","description":"Poleerketas 800 tasapinnaliste pindade ja kumerate servade poleerimiseks, plaadi l\u00f5ikeservade viimistluseks. Poleerimispadja alusele 100mm. Loe lisaks siit.","breadcrumb":{"@id":"https:\/\/www.plaadimehed.ee\/product\/poleerketas-800\/#breadcrumb"},"inLanguage":"fi","potentialAction":[{"@type":"ReadAction","target":["https:\/\/www.plaadimehed.ee\/product\/poleerketas-800\/"]}]},{"@type":"ImageObject","inLanguage":"fi","@id":"https:\/\/www.plaadimehed.ee\/product\/poleerketas-800\/#primaryimage","url":"https:\/\/www.plaadimehed.ee\/wp-content\/uploads\/2021\/08\/Poleer-800-scaled-e1628515094917.jpg","contentUrl":"https:\/\/www.plaadimehed.ee\/wp-content\/uploads\/2021\/08\/Poleer-800-scaled-e1628515094917.jpg","width":1000,"height":1073},{"@type":"BreadcrumbList","@id":"https:\/\/www.plaadimehed.ee\/product\/poleerketas-800\/#breadcrumb","itemListElement":[{"@type":"ListItem","position":1,"name":"Home","item":"https:\/\/www.plaadimehed.ee\/fi\/"},{"@type":"ListItem","position":2,"name":"Verkkokauppa","item":"https:\/\/www.plaadimehed.ee\/fi\/shop\/"},{"@type":"ListItem","position":3,"name":"Poleerketas 800"}]},{"@type":"WebSite","@id":"https:\/\/www.plaadimehed.ee\/#website","url":"https:\/\/www.plaadimehed.ee\/","name":"Plaadimehed","description":"Plaatimist\u00f6\u00f6deks vajalikud tarvikud ja t\u00f6\u00f6riistad","publisher":{"@id":"https:\/\/www.plaadimehed.ee\/#organization"},"potentialAction":[{"@type":"SearchAction","target":{"@type":"EntryPoint","urlTemplate":"https:\/\/www.plaadimehed.ee\/?s={search_term_string}"},"query-input":{"@type":"PropertyValueSpecification","valueRequired":true,"valueName":"search_term_string"}}],"inLanguage":"fi"},{"@type":"Organization","@id":"https:\/\/www.plaadimehed.ee\/#organization","name":"Plaadimehed","url":"https:\/\/www.plaadimehed.ee\/","logo":{"@type":"ImageObject","inLanguage":"fi","@id":"https:\/\/www.plaadimehed.ee\/#\/schema\/logo\/image\/","url":"https:\/\/www.plaadimehed.ee\/wp-content\/uploads\/2024\/05\/plaadimehed-logo.svg","contentUrl":"https:\/\/www.plaadimehed.ee\/wp-content\/uploads\/2024\/05\/plaadimehed-logo.svg","width":266,"height":72,"caption":"Plaadimehed"},"image":{"@id":"https:\/\/www.plaadimehed.ee\/#\/schema\/logo\/image\/"}}]}},"_links":{"self":[{"href":"https:\/\/www.plaadimehed.ee\/fi\/wp-json\/wp\/v2\/product\/2275","targetHints":{"allow":["GET"]}}],"collection":[{"href":"https:\/\/www.plaadimehed.ee\/fi\/wp-json\/wp\/v2\/product"}],"about":[{"href":"https:\/\/www.plaadimehed.ee\/fi\/wp-json\/wp\/v2\/types\/product"}],"wp:featuredmedia":[{"embeddable":true,"href":"https:\/\/www.plaadimehed.ee\/fi\/wp-json\/wp\/v2\/media\/2276"}],"wp:attachment":[{"href":"https:\/\/www.plaadimehed.ee\/fi\/wp-json\/wp\/v2\/media?parent=2275"}],"wp:term":[{"taxonomy":"product_brand","embeddable":true,"href":"https:\/\/www.plaadimehed.ee\/fi\/wp-json\/wp\/v2\/product_brand?post=2275"},{"taxonomy":"product_cat","embeddable":true,"href":"https:\/\/www.plaadimehed.ee\/fi\/wp-json\/wp\/v2\/product_cat?post=2275"},{"taxonomy":"product_tag","embeddable":true,"href":"https:\/\/www.plaadimehed.ee\/fi\/wp-json\/wp\/v2\/product_tag?post=2275"}],"curies":[{"name":"wp","href":"https:\/\/api.w.org\/{rel}","templated":true}]}}