{"id":2303,"date":"2021-08-09T17:02:23","date_gmt":"2021-08-09T15:02:23","guid":{"rendered":"https:\/\/www.plaadimehed.ee\/?post_type=product&#038;p=2303"},"modified":"2024-09-30T07:49:48","modified_gmt":"2024-09-30T05:49:48","slug":"bihui-6-osaline-segukammide-komplekt-2","status":"publish","type":"product","link":"https:\/\/www.plaadimehed.ee\/fi\/product\/bihui-6-osaline-segukammide-komplekt-2\/","title":{"rendered":"BIHUI\u00ae 6-osaline segukammide komplekt"},"content":{"rendered":"<p>\u25cf Kohver<br \/>\n\u25cf Komplektis k\u00e4epide, mis v\u00f5imaldab muuta asendit parema v\u00f5i vasaku k\u00e4eliseks<br \/>\n280 x 115 mm segukammid kandiline s\u00e4lk 6 x 6mm, 8 x 8 mm, 10 x 10 mm<br \/>\n280 x 115 mm segukamm diagonaal s\u00e4lk 10 x 10 mm<br \/>\n280 x 115 mm segukamm \u00fcmar s\u00e4lk 20 x 20 x 10 mm<br \/>\n280 x 115 mm segukamm tiigri s\u00e4lk<\/p>\n<p><img loading=\"lazy\" decoding=\"async\" class=\"alignnone wp-image-135\" src=\"https:\/\/www.plaadimehed.ee\/wp-content\/uploads\/2021\/05\/bdf-logo.png\" alt=\"\" width=\"35\" height=\"35\" srcset=\"https:\/\/www.plaadimehed.ee\/wp-content\/uploads\/2021\/05\/bdf-logo.png 225w, https:\/\/www.plaadimehed.ee\/wp-content\/uploads\/2021\/05\/bdf-logo-100x100.png 100w, https:\/\/www.plaadimehed.ee\/wp-content\/uploads\/2021\/05\/bdf-logo-150x150.png 150w\" sizes=\"auto, (max-width: 35px) 100vw, 35px\" \/><a href=\"https:\/\/www.plaadimehed.ee\/wp-content\/uploads\/2021\/05\/Bihui-kammide-kohver-vaike.pdf\">Bihui kammide kohver tooteleht<\/a><\/p>\n","protected":false},"excerpt":{"rendered":"<p>Komplektne segukammide valik, tagamaks parima t\u00f6\u00f6vahendi valiku vastavalt plaadi suurusele.<\/p>\n","protected":false},"featured_media":191,"template":"","meta":{"_acf_changed":false},"product_brand":[26],"product_cat":[30,31],"product_tag":[],"class_list":{"0":"post-2303","1":"product","2":"type-product","3":"status-publish","4":"has-post-thumbnail","6":"product_brand-bihui","7":"product_cat-plaatimistooriistad","8":"product_cat-kammid-ja-kellud","10":"first","11":"instock","12":"taxable","13":"shipping-taxable","14":"purchasable","15":"product-type-simple"},"acf":[],"yoast_head":"<!-- This site is optimized with the Yoast SEO plugin v27.0 - https:\/\/yoast.com\/product\/yoast-seo-wordpress\/ -->\n<title>BIHUI 6&#x2d;osaline segukammide komplekt<\/title>\n<meta name=\"description\" content=\"BIHUI 6&#x2d;osaline segukammide komplekt kohvris. 4 segukammi, kandiline, diagonaal, \u00fcmbar, tiigri s\u00e4lk. Reguleeritav k\u00e4epide vasaku v\u00f5i parema k\u00e4elistele. Tutvu siin.\" \/>\n<meta name=\"robots\" content=\"index, follow, max-snippet:-1, max-image-preview:large, max-video-preview:-1\" \/>\n<link rel=\"canonical\" href=\"https:\/\/www.plaadimehed.ee\/product\/bihui-6-osaline-segukammide-komplekt-2\/\" \/>\n<meta property=\"og:locale\" content=\"fi_FI\" \/>\n<meta property=\"og:type\" content=\"article\" \/>\n<meta property=\"og:title\" content=\"BIHUI 6&#x2d;osaline segukammide komplekt\" \/>\n<meta property=\"og:description\" content=\"BIHUI 6&#x2d;osaline segukammide komplekt kohvris. 4 segukammi, kandiline, diagonaal, \u00fcmbar, tiigri s\u00e4lk. Reguleeritav k\u00e4epide vasaku v\u00f5i parema k\u00e4elistele. Tutvu siin.\" \/>\n<meta property=\"og:url\" content=\"https:\/\/www.plaadimehed.ee\/product\/bihui-6-osaline-segukammide-komplekt-2\/\" \/>\n<meta property=\"og:site_name\" content=\"Plaadimehed\" \/>\n<meta property=\"article:modified_time\" content=\"2024-09-30T05:49:48+00:00\" \/>\n<meta property=\"og:image\" content=\"https:\/\/www.plaadimehed.ee\/wp-content\/uploads\/2021\/05\/Bihui-segukammide-kohver-vaike-6-osaline.jpg\" \/>\n\t<meta property=\"og:image:width\" content=\"2084\" \/>\n\t<meta property=\"og:image:height\" content=\"2084\" \/>\n\t<meta property=\"og:image:type\" content=\"image\/jpeg\" \/>\n<meta name=\"twitter:card\" content=\"summary_large_image\" \/>\n<script type=\"application\/ld+json\" class=\"yoast-schema-graph\">{\"@context\":\"https:\/\/schema.org\",\"@graph\":[{\"@type\":\"WebPage\",\"@id\":\"https:\/\/www.plaadimehed.ee\/product\/bihui-6-osaline-segukammide-komplekt-2\/\",\"url\":\"https:\/\/www.plaadimehed.ee\/product\/bihui-6-osaline-segukammide-komplekt-2\/\",\"name\":\"BIHUI 6&#x2d;osaline segukammide komplekt\",\"isPartOf\":{\"@id\":\"https:\/\/www.plaadimehed.ee\/#website\"},\"primaryImageOfPage\":{\"@id\":\"https:\/\/www.plaadimehed.ee\/product\/bihui-6-osaline-segukammide-komplekt-2\/#primaryimage\"},\"image\":{\"@id\":\"https:\/\/www.plaadimehed.ee\/product\/bihui-6-osaline-segukammide-komplekt-2\/#primaryimage\"},\"thumbnailUrl\":\"https:\/\/www.plaadimehed.ee\/wp-content\/uploads\/2021\/05\/Bihui-segukammide-kohver-vaike-6-osaline.jpg\",\"datePublished\":\"2021-08-09T15:02:23+00:00\",\"dateModified\":\"2024-09-30T05:49:48+00:00\",\"description\":\"BIHUI 6&#x2d;osaline segukammide komplekt kohvris. 4 segukammi, kandiline, diagonaal, \u00fcmbar, tiigri s\u00e4lk. Reguleeritav k\u00e4epide vasaku v\u00f5i parema k\u00e4elistele. Tutvu siin.\",\"breadcrumb\":{\"@id\":\"https:\/\/www.plaadimehed.ee\/product\/bihui-6-osaline-segukammide-komplekt-2\/#breadcrumb\"},\"inLanguage\":\"fi\",\"potentialAction\":[{\"@type\":\"ReadAction\",\"target\":[\"https:\/\/www.plaadimehed.ee\/product\/bihui-6-osaline-segukammide-komplekt-2\/\"]}]},{\"@type\":\"ImageObject\",\"inLanguage\":\"fi\",\"@id\":\"https:\/\/www.plaadimehed.ee\/product\/bihui-6-osaline-segukammide-komplekt-2\/#primaryimage\",\"url\":\"https:\/\/www.plaadimehed.ee\/wp-content\/uploads\/2021\/05\/Bihui-segukammide-kohver-vaike-6-osaline.jpg\",\"contentUrl\":\"https:\/\/www.plaadimehed.ee\/wp-content\/uploads\/2021\/05\/Bihui-segukammide-kohver-vaike-6-osaline.jpg\",\"width\":2084,\"height\":2084},{\"@type\":\"BreadcrumbList\",\"@id\":\"https:\/\/www.plaadimehed.ee\/product\/bihui-6-osaline-segukammide-komplekt-2\/#breadcrumb\",\"itemListElement\":[{\"@type\":\"ListItem\",\"position\":1,\"name\":\"Home\",\"item\":\"https:\/\/www.plaadimehed.ee\/fi\/\"},{\"@type\":\"ListItem\",\"position\":2,\"name\":\"Verkkokauppa\",\"item\":\"https:\/\/www.plaadimehed.ee\/fi\/shop\/\"},{\"@type\":\"ListItem\",\"position\":3,\"name\":\"BIHUI\u00ae 6-osaline segukammide komplekt\"}]},{\"@type\":\"WebSite\",\"@id\":\"https:\/\/www.plaadimehed.ee\/#website\",\"url\":\"https:\/\/www.plaadimehed.ee\/\",\"name\":\"Plaadimehed\",\"description\":\"Plaatimist\u00f6\u00f6deks vajalikud tarvikud ja t\u00f6\u00f6riistad\",\"publisher\":{\"@id\":\"https:\/\/www.plaadimehed.ee\/#organization\"},\"potentialAction\":[{\"@type\":\"SearchAction\",\"target\":{\"@type\":\"EntryPoint\",\"urlTemplate\":\"https:\/\/www.plaadimehed.ee\/?s={search_term_string}\"},\"query-input\":{\"@type\":\"PropertyValueSpecification\",\"valueRequired\":true,\"valueName\":\"search_term_string\"}}],\"inLanguage\":\"fi\"},{\"@type\":\"Organization\",\"@id\":\"https:\/\/www.plaadimehed.ee\/#organization\",\"name\":\"Plaadimehed\",\"url\":\"https:\/\/www.plaadimehed.ee\/\",\"logo\":{\"@type\":\"ImageObject\",\"inLanguage\":\"fi\",\"@id\":\"https:\/\/www.plaadimehed.ee\/#\/schema\/logo\/image\/\",\"url\":\"https:\/\/www.plaadimehed.ee\/wp-content\/uploads\/2024\/05\/plaadimehed-logo.svg\",\"contentUrl\":\"https:\/\/www.plaadimehed.ee\/wp-content\/uploads\/2024\/05\/plaadimehed-logo.svg\",\"width\":266,\"height\":72,\"caption\":\"Plaadimehed\"},\"image\":{\"@id\":\"https:\/\/www.plaadimehed.ee\/#\/schema\/logo\/image\/\"}}]}<\/script>\n<!-- \/ Yoast SEO plugin. -->","yoast_head_json":{"title":"BIHUI 6&#x2d;osaline segukammide komplekt","description":"BIHUI 6&#x2d;osaline segukammide komplekt kohvris. 4 segukammi, kandiline, diagonaal, \u00fcmbar, tiigri s\u00e4lk. Reguleeritav k\u00e4epide vasaku v\u00f5i parema k\u00e4elistele. Tutvu siin.","robots":{"index":"index","follow":"follow","max-snippet":"max-snippet:-1","max-image-preview":"max-image-preview:large","max-video-preview":"max-video-preview:-1"},"canonical":"https:\/\/www.plaadimehed.ee\/product\/bihui-6-osaline-segukammide-komplekt-2\/","og_locale":"fi_FI","og_type":"article","og_title":"BIHUI 6&#x2d;osaline segukammide komplekt","og_description":"BIHUI 6&#x2d;osaline segukammide komplekt kohvris. 4 segukammi, kandiline, diagonaal, \u00fcmbar, tiigri s\u00e4lk. Reguleeritav k\u00e4epide vasaku v\u00f5i parema k\u00e4elistele. Tutvu siin.","og_url":"https:\/\/www.plaadimehed.ee\/product\/bihui-6-osaline-segukammide-komplekt-2\/","og_site_name":"Plaadimehed","article_modified_time":"2024-09-30T05:49:48+00:00","og_image":[{"width":2084,"height":2084,"url":"https:\/\/www.plaadimehed.ee\/wp-content\/uploads\/2021\/05\/Bihui-segukammide-kohver-vaike-6-osaline.jpg","type":"image\/jpeg"}],"twitter_card":"summary_large_image","schema":{"@context":"https:\/\/schema.org","@graph":[{"@type":"WebPage","@id":"https:\/\/www.plaadimehed.ee\/product\/bihui-6-osaline-segukammide-komplekt-2\/","url":"https:\/\/www.plaadimehed.ee\/product\/bihui-6-osaline-segukammide-komplekt-2\/","name":"BIHUI 6&#x2d;osaline segukammide komplekt","isPartOf":{"@id":"https:\/\/www.plaadimehed.ee\/#website"},"primaryImageOfPage":{"@id":"https:\/\/www.plaadimehed.ee\/product\/bihui-6-osaline-segukammide-komplekt-2\/#primaryimage"},"image":{"@id":"https:\/\/www.plaadimehed.ee\/product\/bihui-6-osaline-segukammide-komplekt-2\/#primaryimage"},"thumbnailUrl":"https:\/\/www.plaadimehed.ee\/wp-content\/uploads\/2021\/05\/Bihui-segukammide-kohver-vaike-6-osaline.jpg","datePublished":"2021-08-09T15:02:23+00:00","dateModified":"2024-09-30T05:49:48+00:00","description":"BIHUI 6&#x2d;osaline segukammide komplekt kohvris. 4 segukammi, kandiline, diagonaal, \u00fcmbar, tiigri s\u00e4lk. Reguleeritav k\u00e4epide vasaku v\u00f5i parema k\u00e4elistele. Tutvu siin.","breadcrumb":{"@id":"https:\/\/www.plaadimehed.ee\/product\/bihui-6-osaline-segukammide-komplekt-2\/#breadcrumb"},"inLanguage":"fi","potentialAction":[{"@type":"ReadAction","target":["https:\/\/www.plaadimehed.ee\/product\/bihui-6-osaline-segukammide-komplekt-2\/"]}]},{"@type":"ImageObject","inLanguage":"fi","@id":"https:\/\/www.plaadimehed.ee\/product\/bihui-6-osaline-segukammide-komplekt-2\/#primaryimage","url":"https:\/\/www.plaadimehed.ee\/wp-content\/uploads\/2021\/05\/Bihui-segukammide-kohver-vaike-6-osaline.jpg","contentUrl":"https:\/\/www.plaadimehed.ee\/wp-content\/uploads\/2021\/05\/Bihui-segukammide-kohver-vaike-6-osaline.jpg","width":2084,"height":2084},{"@type":"BreadcrumbList","@id":"https:\/\/www.plaadimehed.ee\/product\/bihui-6-osaline-segukammide-komplekt-2\/#breadcrumb","itemListElement":[{"@type":"ListItem","position":1,"name":"Home","item":"https:\/\/www.plaadimehed.ee\/fi\/"},{"@type":"ListItem","position":2,"name":"Verkkokauppa","item":"https:\/\/www.plaadimehed.ee\/fi\/shop\/"},{"@type":"ListItem","position":3,"name":"BIHUI\u00ae 6-osaline segukammide komplekt"}]},{"@type":"WebSite","@id":"https:\/\/www.plaadimehed.ee\/#website","url":"https:\/\/www.plaadimehed.ee\/","name":"Plaadimehed","description":"Plaatimist\u00f6\u00f6deks vajalikud tarvikud ja t\u00f6\u00f6riistad","publisher":{"@id":"https:\/\/www.plaadimehed.ee\/#organization"},"potentialAction":[{"@type":"SearchAction","target":{"@type":"EntryPoint","urlTemplate":"https:\/\/www.plaadimehed.ee\/?s={search_term_string}"},"query-input":{"@type":"PropertyValueSpecification","valueRequired":true,"valueName":"search_term_string"}}],"inLanguage":"fi"},{"@type":"Organization","@id":"https:\/\/www.plaadimehed.ee\/#organization","name":"Plaadimehed","url":"https:\/\/www.plaadimehed.ee\/","logo":{"@type":"ImageObject","inLanguage":"fi","@id":"https:\/\/www.plaadimehed.ee\/#\/schema\/logo\/image\/","url":"https:\/\/www.plaadimehed.ee\/wp-content\/uploads\/2024\/05\/plaadimehed-logo.svg","contentUrl":"https:\/\/www.plaadimehed.ee\/wp-content\/uploads\/2024\/05\/plaadimehed-logo.svg","width":266,"height":72,"caption":"Plaadimehed"},"image":{"@id":"https:\/\/www.plaadimehed.ee\/#\/schema\/logo\/image\/"}}]}},"_links":{"self":[{"href":"https:\/\/www.plaadimehed.ee\/fi\/wp-json\/wp\/v2\/product\/2303","targetHints":{"allow":["GET"]}}],"collection":[{"href":"https:\/\/www.plaadimehed.ee\/fi\/wp-json\/wp\/v2\/product"}],"about":[{"href":"https:\/\/www.plaadimehed.ee\/fi\/wp-json\/wp\/v2\/types\/product"}],"wp:featuredmedia":[{"embeddable":true,"href":"https:\/\/www.plaadimehed.ee\/fi\/wp-json\/wp\/v2\/media\/191"}],"wp:attachment":[{"href":"https:\/\/www.plaadimehed.ee\/fi\/wp-json\/wp\/v2\/media?parent=2303"}],"wp:term":[{"taxonomy":"product_brand","embeddable":true,"href":"https:\/\/www.plaadimehed.ee\/fi\/wp-json\/wp\/v2\/product_brand?post=2303"},{"taxonomy":"product_cat","embeddable":true,"href":"https:\/\/www.plaadimehed.ee\/fi\/wp-json\/wp\/v2\/product_cat?post=2303"},{"taxonomy":"product_tag","embeddable":true,"href":"https:\/\/www.plaadimehed.ee\/fi\/wp-json\/wp\/v2\/product_tag?post=2303"}],"curies":[{"name":"wp","href":"https:\/\/api.w.org\/{rel}","templated":true}]}}