{"id":246,"date":"2021-05-21T23:34:55","date_gmt":"2021-05-21T21:34:55","guid":{"rendered":"https:\/\/www.plaadimehed.ee\/?post_type=product&#038;p=246"},"modified":"2025-09-22T06:23:19","modified_gmt":"2025-09-22T04:23:19","slug":"vibra-vaakumhaarats","status":"publish","type":"product","link":"https:\/\/www.plaadimehed.ee\/fi\/product\/vibra-vaakumhaarats\/","title":{"rendered":"BIHUI vibra-vaakumhaarats 2.0"},"content":{"rendered":"<p><img loading=\"lazy\" decoding=\"async\" class=\"alignnone wp-image-135\" src=\"https:\/\/www.plaadimehed.ee\/wp-content\/uploads\/2021\/05\/bdf-logo.png\" alt=\"\" width=\"29\" height=\"29\" srcset=\"https:\/\/www.plaadimehed.ee\/wp-content\/uploads\/2021\/05\/bdf-logo.png 225w, https:\/\/www.plaadimehed.ee\/wp-content\/uploads\/2021\/05\/bdf-logo-100x100.png 100w, https:\/\/www.plaadimehed.ee\/wp-content\/uploads\/2021\/05\/bdf-logo-150x150.png 150w\" sizes=\"auto, (max-width: 29px) 100vw, 29px\" \/> <a href=\"https:\/\/www.plaadimehed.ee\/wp-content\/uploads\/2021\/05\/Bihui-vibra-vaakumhaarats.pdf\">Bihui vibra vaakumhaarats tooteleht\u00a0\u00a0<\/a><\/p>\n<p>Bihui on professionaalne t\u00f6\u00f6riistabr\u00e4nd, mis keskendub eelk\u00f5ige plaatimis- ja viimistlust\u00f6\u00f6dele. Nende tootevalikusse kuuluvad kvaliteetsed plaadil\u00f5ikurid, vaakumhaaratsid, k\u00e4sit\u00f6\u00f6riistad, plaatide tasanduss\u00fcsteemid, teemantkettad ja freesid, mis on loodud spetsiaalselt professionaalidele. Br\u00e4ndi eesm\u00e4rk on pakkuda t\u00e4pseid, vastupidavaid ja kasutajas\u00f5bralikke t\u00f6\u00f6riistu, mis aitavad saavutada k\u00f5rget kvaliteeti kiiremini ja mugavamalt. Bihui tooteid hinnatakse eriti nende hea hinna ja kvaliteedi suhte t\u00f5ttu. Bihui ametlik esindaja Eestis on Plaadimehed.<\/p>\n","protected":false},"excerpt":{"rendered":"<p>Bihui suurem\u00f5\u00f5tmeliste plaatide vibraator. Vibratsioon aitab \u00f5hul plaatide vahelt v\u00e4lja saada.<\/p>\n<p>\u25cf Vaakumhaarats t\u00f6\u00f6tab akutoitel<br \/>\n\u25cf Liituimaku 16,8 V, laadimisaeg 2 h<br \/>\n\u25cf Vaakumhaaratsil on integreeritud aku indikaator<br \/>\n\u25cf Vaakumhaarats v\u00f5imaldab t\u00f5sta plaate raskusega kuni 25 kg<br \/>\n\u25cf Kasutamiseks plaatide paigaldamiseks koos vibratsiooni v\u00f5imalusega<br \/>\n\u25cf Vibra-vaakumhaarats varustatud variaator p\u00e4\u00e4stikuga, mis v\u00f5imaldab muuta vibratsiooni intensiivsust<\/p>\n<p>&nbsp;<\/p>\n","protected":false},"featured_media":16413,"template":"","meta":{"_acf_changed":false},"product_brand":[26],"product_cat":[30,68,60],"product_tag":[],"class_list":{"0":"post-246","1":"product","2":"type-product","3":"status-publish","4":"has-post-thumbnail","6":"product_brand-bihui","7":"product_cat-plaatimistooriistad","8":"product_cat-vibrad","9":"product_cat-slabi-suuremootmeline-plaat-tooriistad","11":"first","12":"instock","13":"taxable","14":"shipping-taxable","15":"purchasable","16":"product-type-simple"},"acf":[],"yoast_head":"<!-- This site is optimized with the Yoast SEO plugin v27.0 - https:\/\/yoast.com\/product\/yoast-seo-wordpress\/ -->\n<title>BIHUI vibra-vaakumhaarats 2.0 - Plaadimehed Rent ja M\u00fc\u00fck<\/title>\n<meta name=\"description\" content=\"BIHUI vibra-vaakumhaarats plaatide paigaldamiseks vibratsiooni v\u00f5imalusega. Plaatide t\u00f5stmine raskusega kuni 25kg. Akut\u00f6\u00f6riist\" \/>\n<meta name=\"robots\" content=\"index, follow, max-snippet:-1, max-image-preview:large, max-video-preview:-1\" \/>\n<link rel=\"canonical\" href=\"https:\/\/www.plaadimehed.ee\/product\/vibra-vaakumhaarats\/\" \/>\n<meta property=\"og:locale\" content=\"fi_FI\" \/>\n<meta property=\"og:type\" content=\"article\" \/>\n<meta property=\"og:title\" content=\"BIHUI vibra-vaakumhaarats 2.0 - Plaadimehed Rent ja M\u00fc\u00fck\" \/>\n<meta property=\"og:description\" content=\"BIHUI vibra-vaakumhaarats plaatide paigaldamiseks vibratsiooni v\u00f5imalusega. Plaatide t\u00f5stmine raskusega kuni 25kg. Akut\u00f6\u00f6riist\" \/>\n<meta property=\"og:url\" content=\"https:\/\/www.plaadimehed.ee\/product\/vibra-vaakumhaarats\/\" \/>\n<meta property=\"og:site_name\" content=\"Plaadimehed\" \/>\n<meta property=\"article:modified_time\" content=\"2025-09-22T04:23:19+00:00\" \/>\n<meta property=\"og:image\" content=\"https:\/\/www.plaadimehed.ee\/wp-content\/uploads\/2021\/05\/BIHUI-vibra-vaakumhaarats-2.0-plaadimehed-plaatimine-tooriistad-muuk-rent.jpg\" \/>\n\t<meta property=\"og:image:width\" content=\"500\" \/>\n\t<meta property=\"og:image:height\" content=\"500\" \/>\n\t<meta property=\"og:image:type\" content=\"image\/jpeg\" \/>\n<meta name=\"twitter:card\" content=\"summary_large_image\" \/>\n<meta name=\"twitter:label1\" content=\"Arvioitu lukuaika\" \/>\n\t<meta name=\"twitter:data1\" content=\"1 minuutti\" \/>\n<script type=\"application\/ld+json\" class=\"yoast-schema-graph\">{\"@context\":\"https:\/\/schema.org\",\"@graph\":[{\"@type\":\"WebPage\",\"@id\":\"https:\/\/www.plaadimehed.ee\/product\/vibra-vaakumhaarats\/\",\"url\":\"https:\/\/www.plaadimehed.ee\/product\/vibra-vaakumhaarats\/\",\"name\":\"BIHUI vibra-vaakumhaarats 2.0 - Plaadimehed Rent ja M\u00fc\u00fck\",\"isPartOf\":{\"@id\":\"https:\/\/www.plaadimehed.ee\/#website\"},\"primaryImageOfPage\":{\"@id\":\"https:\/\/www.plaadimehed.ee\/product\/vibra-vaakumhaarats\/#primaryimage\"},\"image\":{\"@id\":\"https:\/\/www.plaadimehed.ee\/product\/vibra-vaakumhaarats\/#primaryimage\"},\"thumbnailUrl\":\"https:\/\/www.plaadimehed.ee\/wp-content\/uploads\/2021\/05\/BIHUI-vibra-vaakumhaarats-2.0-plaadimehed-plaatimine-tooriistad-muuk-rent.jpg\",\"datePublished\":\"2021-05-21T21:34:55+00:00\",\"dateModified\":\"2025-09-22T04:23:19+00:00\",\"description\":\"BIHUI vibra-vaakumhaarats plaatide paigaldamiseks vibratsiooni v\u00f5imalusega. Plaatide t\u00f5stmine raskusega kuni 25kg. Akut\u00f6\u00f6riist\",\"breadcrumb\":{\"@id\":\"https:\/\/www.plaadimehed.ee\/product\/vibra-vaakumhaarats\/#breadcrumb\"},\"inLanguage\":\"fi\",\"potentialAction\":[{\"@type\":\"ReadAction\",\"target\":[\"https:\/\/www.plaadimehed.ee\/product\/vibra-vaakumhaarats\/\"]}]},{\"@type\":\"ImageObject\",\"inLanguage\":\"fi\",\"@id\":\"https:\/\/www.plaadimehed.ee\/product\/vibra-vaakumhaarats\/#primaryimage\",\"url\":\"https:\/\/www.plaadimehed.ee\/wp-content\/uploads\/2021\/05\/BIHUI-vibra-vaakumhaarats-2.0-plaadimehed-plaatimine-tooriistad-muuk-rent.jpg\",\"contentUrl\":\"https:\/\/www.plaadimehed.ee\/wp-content\/uploads\/2021\/05\/BIHUI-vibra-vaakumhaarats-2.0-plaadimehed-plaatimine-tooriistad-muuk-rent.jpg\",\"width\":500,\"height\":500,\"caption\":\"BIHUI vibra-vaakumhaarats 2.0. Plaadimehed - koolitused, plaatimine, t\u00f6\u00f6riistad rent ja m\u00fc\u00fck\"},{\"@type\":\"BreadcrumbList\",\"@id\":\"https:\/\/www.plaadimehed.ee\/product\/vibra-vaakumhaarats\/#breadcrumb\",\"itemListElement\":[{\"@type\":\"ListItem\",\"position\":1,\"name\":\"Home\",\"item\":\"https:\/\/www.plaadimehed.ee\/fi\/\"},{\"@type\":\"ListItem\",\"position\":2,\"name\":\"Verkkokauppa\",\"item\":\"https:\/\/www.plaadimehed.ee\/fi\/shop\/\"},{\"@type\":\"ListItem\",\"position\":3,\"name\":\"BIHUI vibra-vaakumhaarats 2.0\"}]},{\"@type\":\"WebSite\",\"@id\":\"https:\/\/www.plaadimehed.ee\/#website\",\"url\":\"https:\/\/www.plaadimehed.ee\/\",\"name\":\"Plaadimehed\",\"description\":\"Plaatimist\u00f6\u00f6deks vajalikud tarvikud ja t\u00f6\u00f6riistad\",\"publisher\":{\"@id\":\"https:\/\/www.plaadimehed.ee\/#organization\"},\"potentialAction\":[{\"@type\":\"SearchAction\",\"target\":{\"@type\":\"EntryPoint\",\"urlTemplate\":\"https:\/\/www.plaadimehed.ee\/?s={search_term_string}\"},\"query-input\":{\"@type\":\"PropertyValueSpecification\",\"valueRequired\":true,\"valueName\":\"search_term_string\"}}],\"inLanguage\":\"fi\"},{\"@type\":\"Organization\",\"@id\":\"https:\/\/www.plaadimehed.ee\/#organization\",\"name\":\"Plaadimehed\",\"url\":\"https:\/\/www.plaadimehed.ee\/\",\"logo\":{\"@type\":\"ImageObject\",\"inLanguage\":\"fi\",\"@id\":\"https:\/\/www.plaadimehed.ee\/#\/schema\/logo\/image\/\",\"url\":\"https:\/\/www.plaadimehed.ee\/wp-content\/uploads\/2024\/05\/plaadimehed-logo.svg\",\"contentUrl\":\"https:\/\/www.plaadimehed.ee\/wp-content\/uploads\/2024\/05\/plaadimehed-logo.svg\",\"width\":266,\"height\":72,\"caption\":\"Plaadimehed\"},\"image\":{\"@id\":\"https:\/\/www.plaadimehed.ee\/#\/schema\/logo\/image\/\"}}]}<\/script>\n<!-- \/ Yoast SEO plugin. -->","yoast_head_json":{"title":"BIHUI vibra-vaakumhaarats 2.0 - Plaadimehed Rent ja M\u00fc\u00fck","description":"BIHUI vibra-vaakumhaarats plaatide paigaldamiseks vibratsiooni v\u00f5imalusega. Plaatide t\u00f5stmine raskusega kuni 25kg. Akut\u00f6\u00f6riist","robots":{"index":"index","follow":"follow","max-snippet":"max-snippet:-1","max-image-preview":"max-image-preview:large","max-video-preview":"max-video-preview:-1"},"canonical":"https:\/\/www.plaadimehed.ee\/product\/vibra-vaakumhaarats\/","og_locale":"fi_FI","og_type":"article","og_title":"BIHUI vibra-vaakumhaarats 2.0 - Plaadimehed Rent ja M\u00fc\u00fck","og_description":"BIHUI vibra-vaakumhaarats plaatide paigaldamiseks vibratsiooni v\u00f5imalusega. Plaatide t\u00f5stmine raskusega kuni 25kg. Akut\u00f6\u00f6riist","og_url":"https:\/\/www.plaadimehed.ee\/product\/vibra-vaakumhaarats\/","og_site_name":"Plaadimehed","article_modified_time":"2025-09-22T04:23:19+00:00","og_image":[{"width":500,"height":500,"url":"https:\/\/www.plaadimehed.ee\/wp-content\/uploads\/2021\/05\/BIHUI-vibra-vaakumhaarats-2.0-plaadimehed-plaatimine-tooriistad-muuk-rent.jpg","type":"image\/jpeg"}],"twitter_card":"summary_large_image","twitter_misc":{"Arvioitu lukuaika":"1 minuutti"},"schema":{"@context":"https:\/\/schema.org","@graph":[{"@type":"WebPage","@id":"https:\/\/www.plaadimehed.ee\/product\/vibra-vaakumhaarats\/","url":"https:\/\/www.plaadimehed.ee\/product\/vibra-vaakumhaarats\/","name":"BIHUI vibra-vaakumhaarats 2.0 - Plaadimehed Rent ja M\u00fc\u00fck","isPartOf":{"@id":"https:\/\/www.plaadimehed.ee\/#website"},"primaryImageOfPage":{"@id":"https:\/\/www.plaadimehed.ee\/product\/vibra-vaakumhaarats\/#primaryimage"},"image":{"@id":"https:\/\/www.plaadimehed.ee\/product\/vibra-vaakumhaarats\/#primaryimage"},"thumbnailUrl":"https:\/\/www.plaadimehed.ee\/wp-content\/uploads\/2021\/05\/BIHUI-vibra-vaakumhaarats-2.0-plaadimehed-plaatimine-tooriistad-muuk-rent.jpg","datePublished":"2021-05-21T21:34:55+00:00","dateModified":"2025-09-22T04:23:19+00:00","description":"BIHUI vibra-vaakumhaarats plaatide paigaldamiseks vibratsiooni v\u00f5imalusega. Plaatide t\u00f5stmine raskusega kuni 25kg. Akut\u00f6\u00f6riist","breadcrumb":{"@id":"https:\/\/www.plaadimehed.ee\/product\/vibra-vaakumhaarats\/#breadcrumb"},"inLanguage":"fi","potentialAction":[{"@type":"ReadAction","target":["https:\/\/www.plaadimehed.ee\/product\/vibra-vaakumhaarats\/"]}]},{"@type":"ImageObject","inLanguage":"fi","@id":"https:\/\/www.plaadimehed.ee\/product\/vibra-vaakumhaarats\/#primaryimage","url":"https:\/\/www.plaadimehed.ee\/wp-content\/uploads\/2021\/05\/BIHUI-vibra-vaakumhaarats-2.0-plaadimehed-plaatimine-tooriistad-muuk-rent.jpg","contentUrl":"https:\/\/www.plaadimehed.ee\/wp-content\/uploads\/2021\/05\/BIHUI-vibra-vaakumhaarats-2.0-plaadimehed-plaatimine-tooriistad-muuk-rent.jpg","width":500,"height":500,"caption":"BIHUI vibra-vaakumhaarats 2.0. Plaadimehed - koolitused, plaatimine, t\u00f6\u00f6riistad rent ja m\u00fc\u00fck"},{"@type":"BreadcrumbList","@id":"https:\/\/www.plaadimehed.ee\/product\/vibra-vaakumhaarats\/#breadcrumb","itemListElement":[{"@type":"ListItem","position":1,"name":"Home","item":"https:\/\/www.plaadimehed.ee\/fi\/"},{"@type":"ListItem","position":2,"name":"Verkkokauppa","item":"https:\/\/www.plaadimehed.ee\/fi\/shop\/"},{"@type":"ListItem","position":3,"name":"BIHUI vibra-vaakumhaarats 2.0"}]},{"@type":"WebSite","@id":"https:\/\/www.plaadimehed.ee\/#website","url":"https:\/\/www.plaadimehed.ee\/","name":"Plaadimehed","description":"Plaatimist\u00f6\u00f6deks vajalikud tarvikud ja t\u00f6\u00f6riistad","publisher":{"@id":"https:\/\/www.plaadimehed.ee\/#organization"},"potentialAction":[{"@type":"SearchAction","target":{"@type":"EntryPoint","urlTemplate":"https:\/\/www.plaadimehed.ee\/?s={search_term_string}"},"query-input":{"@type":"PropertyValueSpecification","valueRequired":true,"valueName":"search_term_string"}}],"inLanguage":"fi"},{"@type":"Organization","@id":"https:\/\/www.plaadimehed.ee\/#organization","name":"Plaadimehed","url":"https:\/\/www.plaadimehed.ee\/","logo":{"@type":"ImageObject","inLanguage":"fi","@id":"https:\/\/www.plaadimehed.ee\/#\/schema\/logo\/image\/","url":"https:\/\/www.plaadimehed.ee\/wp-content\/uploads\/2024\/05\/plaadimehed-logo.svg","contentUrl":"https:\/\/www.plaadimehed.ee\/wp-content\/uploads\/2024\/05\/plaadimehed-logo.svg","width":266,"height":72,"caption":"Plaadimehed"},"image":{"@id":"https:\/\/www.plaadimehed.ee\/#\/schema\/logo\/image\/"}}]}},"_links":{"self":[{"href":"https:\/\/www.plaadimehed.ee\/fi\/wp-json\/wp\/v2\/product\/246","targetHints":{"allow":["GET"]}}],"collection":[{"href":"https:\/\/www.plaadimehed.ee\/fi\/wp-json\/wp\/v2\/product"}],"about":[{"href":"https:\/\/www.plaadimehed.ee\/fi\/wp-json\/wp\/v2\/types\/product"}],"wp:featuredmedia":[{"embeddable":true,"href":"https:\/\/www.plaadimehed.ee\/fi\/wp-json\/wp\/v2\/media\/16413"}],"wp:attachment":[{"href":"https:\/\/www.plaadimehed.ee\/fi\/wp-json\/wp\/v2\/media?parent=246"}],"wp:term":[{"taxonomy":"product_brand","embeddable":true,"href":"https:\/\/www.plaadimehed.ee\/fi\/wp-json\/wp\/v2\/product_brand?post=246"},{"taxonomy":"product_cat","embeddable":true,"href":"https:\/\/www.plaadimehed.ee\/fi\/wp-json\/wp\/v2\/product_cat?post=246"},{"taxonomy":"product_tag","embeddable":true,"href":"https:\/\/www.plaadimehed.ee\/fi\/wp-json\/wp\/v2\/product_tag?post=246"}],"curies":[{"name":"wp","href":"https:\/\/api.w.org\/{rel}","templated":true}]}}