{"id":2491,"date":"2021-08-30T11:48:23","date_gmt":"2021-08-30T09:48:23","guid":{"rendered":"https:\/\/www.plaadimehed.ee\/?post_type=product&#038;p=2491"},"modified":"2022-01-12T16:17:59","modified_gmt":"2022-01-12T14:17:59","slug":"sigma-jolly-edge-seadme-lauakinnitus","status":"publish","type":"product","link":"https:\/\/www.plaadimehed.ee\/fi\/product\/sigma-jolly-edge-seadme-lauakinnitus\/","title":{"rendered":"Sigma\u00ae Jolly-Edge seadme lauakinnitus"},"content":{"rendered":"<p>\u25cf Jolly-Edge 37A1, 37A2 ja 37A3D rakisele m\u00f5eldud spetsiaalne lauakinnitus komplekt<br \/>\n\u25cf \u00dchildub Sigma t\u00f6\u00f6laudadega<\/p>\n<p>&nbsp;<\/p>\n<p>&nbsp;<\/p>\n","protected":false},"excerpt":{"rendered":"<p>\u25cf Jolly-Edge 37A1, 37A2 ja 37A3D rakisele m\u00f5eldud spetsiaalne lauakinnitus komplekt \u25cf \u00dchildub Sigma t\u00f6\u00f6laudadega &nbsp; &nbsp;<\/p>\n","protected":false},"featured_media":2492,"template":"","meta":{"_acf_changed":false},"product_brand":[41],"product_cat":[30,59],"product_tag":[],"class_list":{"0":"post-2491","1":"product","2":"type-product","3":"status-publish","4":"has-post-thumbnail","6":"product_brand-sigma","7":"product_cat-plaatimistooriistad","8":"product_cat-valisnurgaseadmed","10":"first","11":"instock","12":"taxable","13":"shipping-taxable","14":"purchasable","15":"product-type-simple"},"acf":[],"yoast_head":"<!-- This site is optimized with the Yoast SEO plugin v27.0 - https:\/\/yoast.com\/product\/yoast-seo-wordpress\/ -->\n<title>Sigma Jolly&#x2d;Edge seadme lauakinnitus<\/title>\n<meta name=\"description\" content=\"Sigma Jolly&#x2d;Edge seadme lauakinnitus, m\u00f5eldud Jolly&#x2d;Edge 37A1, 37A2, 37A3D rakisele. \u00dchildub Sigma t\u00f6\u00f6laudadega. Vaata l\u00e4hemalt siit.\" \/>\n<meta name=\"robots\" content=\"index, follow, max-snippet:-1, max-image-preview:large, max-video-preview:-1\" \/>\n<link rel=\"canonical\" href=\"https:\/\/www.plaadimehed.ee\/product\/sigma-jolly-edge-seadme-lauakinnitus\/\" \/>\n<meta property=\"og:locale\" content=\"fi_FI\" \/>\n<meta property=\"og:type\" content=\"article\" \/>\n<meta property=\"og:title\" content=\"Sigma Jolly&#x2d;Edge seadme lauakinnitus\" \/>\n<meta property=\"og:description\" content=\"Sigma Jolly&#x2d;Edge seadme lauakinnitus, m\u00f5eldud Jolly&#x2d;Edge 37A1, 37A2, 37A3D rakisele. \u00dchildub Sigma t\u00f6\u00f6laudadega. Vaata l\u00e4hemalt siit.\" \/>\n<meta property=\"og:url\" content=\"https:\/\/www.plaadimehed.ee\/product\/sigma-jolly-edge-seadme-lauakinnitus\/\" \/>\n<meta property=\"og:site_name\" content=\"Plaadimehed\" \/>\n<meta property=\"article:modified_time\" content=\"2022-01-12T14:17:59+00:00\" \/>\n<meta property=\"og:image\" content=\"https:\/\/www.plaadimehed.ee\/wp-content\/uploads\/2021\/08\/sigma-37c.jpg\" \/>\n\t<meta property=\"og:image:width\" content=\"500\" \/>\n\t<meta property=\"og:image:height\" content=\"500\" \/>\n\t<meta property=\"og:image:type\" content=\"image\/jpeg\" \/>\n<meta name=\"twitter:card\" content=\"summary_large_image\" \/>\n<script type=\"application\/ld+json\" class=\"yoast-schema-graph\">{\"@context\":\"https:\/\/schema.org\",\"@graph\":[{\"@type\":\"WebPage\",\"@id\":\"https:\/\/www.plaadimehed.ee\/product\/sigma-jolly-edge-seadme-lauakinnitus\/\",\"url\":\"https:\/\/www.plaadimehed.ee\/product\/sigma-jolly-edge-seadme-lauakinnitus\/\",\"name\":\"Sigma Jolly&#x2d;Edge seadme lauakinnitus\",\"isPartOf\":{\"@id\":\"https:\/\/www.plaadimehed.ee\/#website\"},\"primaryImageOfPage\":{\"@id\":\"https:\/\/www.plaadimehed.ee\/product\/sigma-jolly-edge-seadme-lauakinnitus\/#primaryimage\"},\"image\":{\"@id\":\"https:\/\/www.plaadimehed.ee\/product\/sigma-jolly-edge-seadme-lauakinnitus\/#primaryimage\"},\"thumbnailUrl\":\"https:\/\/www.plaadimehed.ee\/wp-content\/uploads\/2021\/08\/sigma-37c.jpg\",\"datePublished\":\"2021-08-30T09:48:23+00:00\",\"dateModified\":\"2022-01-12T14:17:59+00:00\",\"description\":\"Sigma Jolly&#x2d;Edge seadme lauakinnitus, m\u00f5eldud Jolly&#x2d;Edge 37A1, 37A2, 37A3D rakisele. \u00dchildub Sigma t\u00f6\u00f6laudadega. Vaata l\u00e4hemalt siit.\",\"breadcrumb\":{\"@id\":\"https:\/\/www.plaadimehed.ee\/product\/sigma-jolly-edge-seadme-lauakinnitus\/#breadcrumb\"},\"inLanguage\":\"fi\",\"potentialAction\":[{\"@type\":\"ReadAction\",\"target\":[\"https:\/\/www.plaadimehed.ee\/product\/sigma-jolly-edge-seadme-lauakinnitus\/\"]}]},{\"@type\":\"ImageObject\",\"inLanguage\":\"fi\",\"@id\":\"https:\/\/www.plaadimehed.ee\/product\/sigma-jolly-edge-seadme-lauakinnitus\/#primaryimage\",\"url\":\"https:\/\/www.plaadimehed.ee\/wp-content\/uploads\/2021\/08\/sigma-37c.jpg\",\"contentUrl\":\"https:\/\/www.plaadimehed.ee\/wp-content\/uploads\/2021\/08\/sigma-37c.jpg\",\"width\":500,\"height\":500},{\"@type\":\"BreadcrumbList\",\"@id\":\"https:\/\/www.plaadimehed.ee\/product\/sigma-jolly-edge-seadme-lauakinnitus\/#breadcrumb\",\"itemListElement\":[{\"@type\":\"ListItem\",\"position\":1,\"name\":\"Home\",\"item\":\"https:\/\/www.plaadimehed.ee\/fi\/\"},{\"@type\":\"ListItem\",\"position\":2,\"name\":\"Verkkokauppa\",\"item\":\"https:\/\/www.plaadimehed.ee\/fi\/shop\/\"},{\"@type\":\"ListItem\",\"position\":3,\"name\":\"Sigma\u00ae Jolly-Edge seadme lauakinnitus\"}]},{\"@type\":\"WebSite\",\"@id\":\"https:\/\/www.plaadimehed.ee\/#website\",\"url\":\"https:\/\/www.plaadimehed.ee\/\",\"name\":\"Plaadimehed\",\"description\":\"Plaatimist\u00f6\u00f6deks vajalikud tarvikud ja t\u00f6\u00f6riistad\",\"publisher\":{\"@id\":\"https:\/\/www.plaadimehed.ee\/#organization\"},\"potentialAction\":[{\"@type\":\"SearchAction\",\"target\":{\"@type\":\"EntryPoint\",\"urlTemplate\":\"https:\/\/www.plaadimehed.ee\/?s={search_term_string}\"},\"query-input\":{\"@type\":\"PropertyValueSpecification\",\"valueRequired\":true,\"valueName\":\"search_term_string\"}}],\"inLanguage\":\"fi\"},{\"@type\":\"Organization\",\"@id\":\"https:\/\/www.plaadimehed.ee\/#organization\",\"name\":\"Plaadimehed\",\"url\":\"https:\/\/www.plaadimehed.ee\/\",\"logo\":{\"@type\":\"ImageObject\",\"inLanguage\":\"fi\",\"@id\":\"https:\/\/www.plaadimehed.ee\/#\/schema\/logo\/image\/\",\"url\":\"https:\/\/www.plaadimehed.ee\/wp-content\/uploads\/2024\/05\/plaadimehed-logo.svg\",\"contentUrl\":\"https:\/\/www.plaadimehed.ee\/wp-content\/uploads\/2024\/05\/plaadimehed-logo.svg\",\"width\":266,\"height\":72,\"caption\":\"Plaadimehed\"},\"image\":{\"@id\":\"https:\/\/www.plaadimehed.ee\/#\/schema\/logo\/image\/\"}}]}<\/script>\n<!-- \/ Yoast SEO plugin. -->","yoast_head_json":{"title":"Sigma Jolly&#x2d;Edge seadme lauakinnitus","description":"Sigma Jolly&#x2d;Edge seadme lauakinnitus, m\u00f5eldud Jolly&#x2d;Edge 37A1, 37A2, 37A3D rakisele. \u00dchildub Sigma t\u00f6\u00f6laudadega. Vaata l\u00e4hemalt siit.","robots":{"index":"index","follow":"follow","max-snippet":"max-snippet:-1","max-image-preview":"max-image-preview:large","max-video-preview":"max-video-preview:-1"},"canonical":"https:\/\/www.plaadimehed.ee\/product\/sigma-jolly-edge-seadme-lauakinnitus\/","og_locale":"fi_FI","og_type":"article","og_title":"Sigma Jolly&#x2d;Edge seadme lauakinnitus","og_description":"Sigma Jolly&#x2d;Edge seadme lauakinnitus, m\u00f5eldud Jolly&#x2d;Edge 37A1, 37A2, 37A3D rakisele. \u00dchildub Sigma t\u00f6\u00f6laudadega. Vaata l\u00e4hemalt siit.","og_url":"https:\/\/www.plaadimehed.ee\/product\/sigma-jolly-edge-seadme-lauakinnitus\/","og_site_name":"Plaadimehed","article_modified_time":"2022-01-12T14:17:59+00:00","og_image":[{"width":500,"height":500,"url":"https:\/\/www.plaadimehed.ee\/wp-content\/uploads\/2021\/08\/sigma-37c.jpg","type":"image\/jpeg"}],"twitter_card":"summary_large_image","schema":{"@context":"https:\/\/schema.org","@graph":[{"@type":"WebPage","@id":"https:\/\/www.plaadimehed.ee\/product\/sigma-jolly-edge-seadme-lauakinnitus\/","url":"https:\/\/www.plaadimehed.ee\/product\/sigma-jolly-edge-seadme-lauakinnitus\/","name":"Sigma Jolly&#x2d;Edge seadme lauakinnitus","isPartOf":{"@id":"https:\/\/www.plaadimehed.ee\/#website"},"primaryImageOfPage":{"@id":"https:\/\/www.plaadimehed.ee\/product\/sigma-jolly-edge-seadme-lauakinnitus\/#primaryimage"},"image":{"@id":"https:\/\/www.plaadimehed.ee\/product\/sigma-jolly-edge-seadme-lauakinnitus\/#primaryimage"},"thumbnailUrl":"https:\/\/www.plaadimehed.ee\/wp-content\/uploads\/2021\/08\/sigma-37c.jpg","datePublished":"2021-08-30T09:48:23+00:00","dateModified":"2022-01-12T14:17:59+00:00","description":"Sigma Jolly&#x2d;Edge seadme lauakinnitus, m\u00f5eldud Jolly&#x2d;Edge 37A1, 37A2, 37A3D rakisele. \u00dchildub Sigma t\u00f6\u00f6laudadega. Vaata l\u00e4hemalt siit.","breadcrumb":{"@id":"https:\/\/www.plaadimehed.ee\/product\/sigma-jolly-edge-seadme-lauakinnitus\/#breadcrumb"},"inLanguage":"fi","potentialAction":[{"@type":"ReadAction","target":["https:\/\/www.plaadimehed.ee\/product\/sigma-jolly-edge-seadme-lauakinnitus\/"]}]},{"@type":"ImageObject","inLanguage":"fi","@id":"https:\/\/www.plaadimehed.ee\/product\/sigma-jolly-edge-seadme-lauakinnitus\/#primaryimage","url":"https:\/\/www.plaadimehed.ee\/wp-content\/uploads\/2021\/08\/sigma-37c.jpg","contentUrl":"https:\/\/www.plaadimehed.ee\/wp-content\/uploads\/2021\/08\/sigma-37c.jpg","width":500,"height":500},{"@type":"BreadcrumbList","@id":"https:\/\/www.plaadimehed.ee\/product\/sigma-jolly-edge-seadme-lauakinnitus\/#breadcrumb","itemListElement":[{"@type":"ListItem","position":1,"name":"Home","item":"https:\/\/www.plaadimehed.ee\/fi\/"},{"@type":"ListItem","position":2,"name":"Verkkokauppa","item":"https:\/\/www.plaadimehed.ee\/fi\/shop\/"},{"@type":"ListItem","position":3,"name":"Sigma\u00ae Jolly-Edge seadme lauakinnitus"}]},{"@type":"WebSite","@id":"https:\/\/www.plaadimehed.ee\/#website","url":"https:\/\/www.plaadimehed.ee\/","name":"Plaadimehed","description":"Plaatimist\u00f6\u00f6deks vajalikud tarvikud ja t\u00f6\u00f6riistad","publisher":{"@id":"https:\/\/www.plaadimehed.ee\/#organization"},"potentialAction":[{"@type":"SearchAction","target":{"@type":"EntryPoint","urlTemplate":"https:\/\/www.plaadimehed.ee\/?s={search_term_string}"},"query-input":{"@type":"PropertyValueSpecification","valueRequired":true,"valueName":"search_term_string"}}],"inLanguage":"fi"},{"@type":"Organization","@id":"https:\/\/www.plaadimehed.ee\/#organization","name":"Plaadimehed","url":"https:\/\/www.plaadimehed.ee\/","logo":{"@type":"ImageObject","inLanguage":"fi","@id":"https:\/\/www.plaadimehed.ee\/#\/schema\/logo\/image\/","url":"https:\/\/www.plaadimehed.ee\/wp-content\/uploads\/2024\/05\/plaadimehed-logo.svg","contentUrl":"https:\/\/www.plaadimehed.ee\/wp-content\/uploads\/2024\/05\/plaadimehed-logo.svg","width":266,"height":72,"caption":"Plaadimehed"},"image":{"@id":"https:\/\/www.plaadimehed.ee\/#\/schema\/logo\/image\/"}}]}},"_links":{"self":[{"href":"https:\/\/www.plaadimehed.ee\/fi\/wp-json\/wp\/v2\/product\/2491","targetHints":{"allow":["GET"]}}],"collection":[{"href":"https:\/\/www.plaadimehed.ee\/fi\/wp-json\/wp\/v2\/product"}],"about":[{"href":"https:\/\/www.plaadimehed.ee\/fi\/wp-json\/wp\/v2\/types\/product"}],"wp:featuredmedia":[{"embeddable":true,"href":"https:\/\/www.plaadimehed.ee\/fi\/wp-json\/wp\/v2\/media\/2492"}],"wp:attachment":[{"href":"https:\/\/www.plaadimehed.ee\/fi\/wp-json\/wp\/v2\/media?parent=2491"}],"wp:term":[{"taxonomy":"product_brand","embeddable":true,"href":"https:\/\/www.plaadimehed.ee\/fi\/wp-json\/wp\/v2\/product_brand?post=2491"},{"taxonomy":"product_cat","embeddable":true,"href":"https:\/\/www.plaadimehed.ee\/fi\/wp-json\/wp\/v2\/product_cat?post=2491"},{"taxonomy":"product_tag","embeddable":true,"href":"https:\/\/www.plaadimehed.ee\/fi\/wp-json\/wp\/v2\/product_tag?post=2491"}],"curies":[{"name":"wp","href":"https:\/\/api.w.org\/{rel}","templated":true}]}}