{"id":2668,"date":"2021-09-29T10:11:37","date_gmt":"2021-09-29T08:11:37","guid":{"rendered":"https:\/\/www.plaadimehed.ee\/?post_type=product&#038;p=2668"},"modified":"2026-03-02T14:09:20","modified_gmt":"2026-03-02T12:09:20","slug":"tyrolit-loiketketas-rst-o-125-mm","status":"publish","type":"product","link":"https:\/\/www.plaadimehed.ee\/fi\/product\/tyrolit-loiketketas-rst-o-125-mm\/","title":{"rendered":"TYROLIT\u00ae L\u00f5ikeketas RST \u00d8 125 mm"},"content":{"rendered":"<p>\u25cf Abrasiiv l\u00f5ikeketas roosevaba materjali l\u00f5ikamiseks<br \/>\n\u25cf Premium seeria ketas<br \/>\n\u25cf \u00d5huke 0.75 mm ketta paksus, tagab v\u00e4hem tolmu kiireteks l\u00f5igeteks<br \/>\n\u25cf Kasutamiseks koos ketasl\u00f5ikuriga<br \/>\n\u25cf EN12413 Max 12 250 RPM 80 M\/S<br \/>\n\u25cf Ketta m\u00f5\u00f5dud 125 x 22.23 x 0,75 mm<\/p>\n<p>&nbsp;<\/p>\n","protected":false},"excerpt":{"rendered":"<p>Abrasiiv l\u00f5ikeketas roostevaba materjali l\u00f5ikamiseks<\/p>\n","protected":false},"featured_media":2671,"template":"","meta":{"_acf_changed":false},"product_brand":[93],"product_cat":[283],"product_tag":[],"class_list":{"0":"post-2668","1":"product","2":"type-product","3":"status-publish","4":"has-post-thumbnail","6":"product_brand-tyrolit","7":"product_cat-loikekettad","9":"first","10":"instock","11":"taxable","12":"shipping-taxable","13":"purchasable","14":"product-type-simple"},"acf":[],"yoast_head":"<!-- This site is optimized with the Yoast SEO plugin v27.0 - https:\/\/yoast.com\/product\/yoast-seo-wordpress\/ -->\n<title>TYROLIT\u00ae L\u00f5ikeketas RST \u00d8 125 mm - Plaadimehed<\/title>\n<meta name=\"robots\" content=\"index, follow, max-snippet:-1, max-image-preview:large, max-video-preview:-1\" \/>\n<link rel=\"canonical\" href=\"https:\/\/www.plaadimehed.ee\/product\/tyrolit-loiketketas-rst-o-125-mm\/\" \/>\n<meta property=\"og:locale\" content=\"fi_FI\" \/>\n<meta property=\"og:type\" content=\"article\" \/>\n<meta property=\"og:title\" content=\"TYROLIT\u00ae L\u00f5ikeketas RST \u00d8 125 mm - Plaadimehed\" \/>\n<meta property=\"og:description\" content=\"Abrasiiv l\u00f5ikeketas roostevaba materjali l\u00f5ikamiseks\" \/>\n<meta property=\"og:url\" content=\"https:\/\/www.plaadimehed.ee\/product\/tyrolit-loiketketas-rst-o-125-mm\/\" \/>\n<meta property=\"og:site_name\" content=\"Plaadimehed\" \/>\n<meta property=\"article:modified_time\" content=\"2026-03-02T12:09:20+00:00\" \/>\n<meta property=\"og:image\" content=\"https:\/\/www.plaadimehed.ee\/wp-content\/uploads\/2021\/09\/tyrolit-premium-rst-proov.jpg\" \/>\n\t<meta property=\"og:image:width\" content=\"2351\" \/>\n\t<meta property=\"og:image:height\" content=\"2351\" \/>\n\t<meta property=\"og:image:type\" content=\"image\/jpeg\" \/>\n<meta name=\"twitter:card\" content=\"summary_large_image\" \/>\n<meta name=\"twitter:label1\" content=\"Arvioitu lukuaika\" \/>\n\t<meta name=\"twitter:data1\" content=\"1 minuutti\" \/>\n<script type=\"application\/ld+json\" class=\"yoast-schema-graph\">{\"@context\":\"https:\/\/schema.org\",\"@graph\":[{\"@type\":\"WebPage\",\"@id\":\"https:\/\/www.plaadimehed.ee\/product\/tyrolit-loiketketas-rst-o-125-mm\/\",\"url\":\"https:\/\/www.plaadimehed.ee\/product\/tyrolit-loiketketas-rst-o-125-mm\/\",\"name\":\"TYROLIT\u00ae L\u00f5ikeketas RST \u00d8 125 mm - Plaadimehed\",\"isPartOf\":{\"@id\":\"https:\/\/www.plaadimehed.ee\/#website\"},\"primaryImageOfPage\":{\"@id\":\"https:\/\/www.plaadimehed.ee\/product\/tyrolit-loiketketas-rst-o-125-mm\/#primaryimage\"},\"image\":{\"@id\":\"https:\/\/www.plaadimehed.ee\/product\/tyrolit-loiketketas-rst-o-125-mm\/#primaryimage\"},\"thumbnailUrl\":\"https:\/\/www.plaadimehed.ee\/wp-content\/uploads\/2021\/09\/tyrolit-premium-rst-proov.jpg\",\"datePublished\":\"2021-09-29T08:11:37+00:00\",\"dateModified\":\"2026-03-02T12:09:20+00:00\",\"breadcrumb\":{\"@id\":\"https:\/\/www.plaadimehed.ee\/product\/tyrolit-loiketketas-rst-o-125-mm\/#breadcrumb\"},\"inLanguage\":\"fi\",\"potentialAction\":[{\"@type\":\"ReadAction\",\"target\":[\"https:\/\/www.plaadimehed.ee\/product\/tyrolit-loiketketas-rst-o-125-mm\/\"]}]},{\"@type\":\"ImageObject\",\"inLanguage\":\"fi\",\"@id\":\"https:\/\/www.plaadimehed.ee\/product\/tyrolit-loiketketas-rst-o-125-mm\/#primaryimage\",\"url\":\"https:\/\/www.plaadimehed.ee\/wp-content\/uploads\/2021\/09\/tyrolit-premium-rst-proov.jpg\",\"contentUrl\":\"https:\/\/www.plaadimehed.ee\/wp-content\/uploads\/2021\/09\/tyrolit-premium-rst-proov.jpg\",\"width\":2351,\"height\":2351},{\"@type\":\"BreadcrumbList\",\"@id\":\"https:\/\/www.plaadimehed.ee\/product\/tyrolit-loiketketas-rst-o-125-mm\/#breadcrumb\",\"itemListElement\":[{\"@type\":\"ListItem\",\"position\":1,\"name\":\"Home\",\"item\":\"https:\/\/www.plaadimehed.ee\/fi\/\"},{\"@type\":\"ListItem\",\"position\":2,\"name\":\"Verkkokauppa\",\"item\":\"https:\/\/www.plaadimehed.ee\/fi\/shop\/\"},{\"@type\":\"ListItem\",\"position\":3,\"name\":\"TYROLIT\u00ae L\u00f5ikeketas RST \u00d8 125 mm\"}]},{\"@type\":\"WebSite\",\"@id\":\"https:\/\/www.plaadimehed.ee\/#website\",\"url\":\"https:\/\/www.plaadimehed.ee\/\",\"name\":\"Plaadimehed\",\"description\":\"Plaatimist\u00f6\u00f6deks vajalikud tarvikud ja t\u00f6\u00f6riistad\",\"publisher\":{\"@id\":\"https:\/\/www.plaadimehed.ee\/#organization\"},\"potentialAction\":[{\"@type\":\"SearchAction\",\"target\":{\"@type\":\"EntryPoint\",\"urlTemplate\":\"https:\/\/www.plaadimehed.ee\/?s={search_term_string}\"},\"query-input\":{\"@type\":\"PropertyValueSpecification\",\"valueRequired\":true,\"valueName\":\"search_term_string\"}}],\"inLanguage\":\"fi\"},{\"@type\":\"Organization\",\"@id\":\"https:\/\/www.plaadimehed.ee\/#organization\",\"name\":\"Plaadimehed\",\"url\":\"https:\/\/www.plaadimehed.ee\/\",\"logo\":{\"@type\":\"ImageObject\",\"inLanguage\":\"fi\",\"@id\":\"https:\/\/www.plaadimehed.ee\/#\/schema\/logo\/image\/\",\"url\":\"https:\/\/www.plaadimehed.ee\/wp-content\/uploads\/2024\/05\/plaadimehed-logo.svg\",\"contentUrl\":\"https:\/\/www.plaadimehed.ee\/wp-content\/uploads\/2024\/05\/plaadimehed-logo.svg\",\"width\":266,\"height\":72,\"caption\":\"Plaadimehed\"},\"image\":{\"@id\":\"https:\/\/www.plaadimehed.ee\/#\/schema\/logo\/image\/\"}}]}<\/script>\n<!-- \/ Yoast SEO plugin. -->","yoast_head_json":{"title":"TYROLIT\u00ae L\u00f5ikeketas RST \u00d8 125 mm - Plaadimehed","robots":{"index":"index","follow":"follow","max-snippet":"max-snippet:-1","max-image-preview":"max-image-preview:large","max-video-preview":"max-video-preview:-1"},"canonical":"https:\/\/www.plaadimehed.ee\/product\/tyrolit-loiketketas-rst-o-125-mm\/","og_locale":"fi_FI","og_type":"article","og_title":"TYROLIT\u00ae L\u00f5ikeketas RST \u00d8 125 mm - Plaadimehed","og_description":"Abrasiiv l\u00f5ikeketas roostevaba materjali l\u00f5ikamiseks","og_url":"https:\/\/www.plaadimehed.ee\/product\/tyrolit-loiketketas-rst-o-125-mm\/","og_site_name":"Plaadimehed","article_modified_time":"2026-03-02T12:09:20+00:00","og_image":[{"width":2351,"height":2351,"url":"https:\/\/www.plaadimehed.ee\/wp-content\/uploads\/2021\/09\/tyrolit-premium-rst-proov.jpg","type":"image\/jpeg"}],"twitter_card":"summary_large_image","twitter_misc":{"Arvioitu lukuaika":"1 minuutti"},"schema":{"@context":"https:\/\/schema.org","@graph":[{"@type":"WebPage","@id":"https:\/\/www.plaadimehed.ee\/product\/tyrolit-loiketketas-rst-o-125-mm\/","url":"https:\/\/www.plaadimehed.ee\/product\/tyrolit-loiketketas-rst-o-125-mm\/","name":"TYROLIT\u00ae L\u00f5ikeketas RST \u00d8 125 mm - Plaadimehed","isPartOf":{"@id":"https:\/\/www.plaadimehed.ee\/#website"},"primaryImageOfPage":{"@id":"https:\/\/www.plaadimehed.ee\/product\/tyrolit-loiketketas-rst-o-125-mm\/#primaryimage"},"image":{"@id":"https:\/\/www.plaadimehed.ee\/product\/tyrolit-loiketketas-rst-o-125-mm\/#primaryimage"},"thumbnailUrl":"https:\/\/www.plaadimehed.ee\/wp-content\/uploads\/2021\/09\/tyrolit-premium-rst-proov.jpg","datePublished":"2021-09-29T08:11:37+00:00","dateModified":"2026-03-02T12:09:20+00:00","breadcrumb":{"@id":"https:\/\/www.plaadimehed.ee\/product\/tyrolit-loiketketas-rst-o-125-mm\/#breadcrumb"},"inLanguage":"fi","potentialAction":[{"@type":"ReadAction","target":["https:\/\/www.plaadimehed.ee\/product\/tyrolit-loiketketas-rst-o-125-mm\/"]}]},{"@type":"ImageObject","inLanguage":"fi","@id":"https:\/\/www.plaadimehed.ee\/product\/tyrolit-loiketketas-rst-o-125-mm\/#primaryimage","url":"https:\/\/www.plaadimehed.ee\/wp-content\/uploads\/2021\/09\/tyrolit-premium-rst-proov.jpg","contentUrl":"https:\/\/www.plaadimehed.ee\/wp-content\/uploads\/2021\/09\/tyrolit-premium-rst-proov.jpg","width":2351,"height":2351},{"@type":"BreadcrumbList","@id":"https:\/\/www.plaadimehed.ee\/product\/tyrolit-loiketketas-rst-o-125-mm\/#breadcrumb","itemListElement":[{"@type":"ListItem","position":1,"name":"Home","item":"https:\/\/www.plaadimehed.ee\/fi\/"},{"@type":"ListItem","position":2,"name":"Verkkokauppa","item":"https:\/\/www.plaadimehed.ee\/fi\/shop\/"},{"@type":"ListItem","position":3,"name":"TYROLIT\u00ae L\u00f5ikeketas RST \u00d8 125 mm"}]},{"@type":"WebSite","@id":"https:\/\/www.plaadimehed.ee\/#website","url":"https:\/\/www.plaadimehed.ee\/","name":"Plaadimehed","description":"Plaatimist\u00f6\u00f6deks vajalikud tarvikud ja t\u00f6\u00f6riistad","publisher":{"@id":"https:\/\/www.plaadimehed.ee\/#organization"},"potentialAction":[{"@type":"SearchAction","target":{"@type":"EntryPoint","urlTemplate":"https:\/\/www.plaadimehed.ee\/?s={search_term_string}"},"query-input":{"@type":"PropertyValueSpecification","valueRequired":true,"valueName":"search_term_string"}}],"inLanguage":"fi"},{"@type":"Organization","@id":"https:\/\/www.plaadimehed.ee\/#organization","name":"Plaadimehed","url":"https:\/\/www.plaadimehed.ee\/","logo":{"@type":"ImageObject","inLanguage":"fi","@id":"https:\/\/www.plaadimehed.ee\/#\/schema\/logo\/image\/","url":"https:\/\/www.plaadimehed.ee\/wp-content\/uploads\/2024\/05\/plaadimehed-logo.svg","contentUrl":"https:\/\/www.plaadimehed.ee\/wp-content\/uploads\/2024\/05\/plaadimehed-logo.svg","width":266,"height":72,"caption":"Plaadimehed"},"image":{"@id":"https:\/\/www.plaadimehed.ee\/#\/schema\/logo\/image\/"}}]}},"_links":{"self":[{"href":"https:\/\/www.plaadimehed.ee\/fi\/wp-json\/wp\/v2\/product\/2668","targetHints":{"allow":["GET"]}}],"collection":[{"href":"https:\/\/www.plaadimehed.ee\/fi\/wp-json\/wp\/v2\/product"}],"about":[{"href":"https:\/\/www.plaadimehed.ee\/fi\/wp-json\/wp\/v2\/types\/product"}],"wp:featuredmedia":[{"embeddable":true,"href":"https:\/\/www.plaadimehed.ee\/fi\/wp-json\/wp\/v2\/media\/2671"}],"wp:attachment":[{"href":"https:\/\/www.plaadimehed.ee\/fi\/wp-json\/wp\/v2\/media?parent=2668"}],"wp:term":[{"taxonomy":"product_brand","embeddable":true,"href":"https:\/\/www.plaadimehed.ee\/fi\/wp-json\/wp\/v2\/product_brand?post=2668"},{"taxonomy":"product_cat","embeddable":true,"href":"https:\/\/www.plaadimehed.ee\/fi\/wp-json\/wp\/v2\/product_cat?post=2668"},{"taxonomy":"product_tag","embeddable":true,"href":"https:\/\/www.plaadimehed.ee\/fi\/wp-json\/wp\/v2\/product_tag?post=2668"}],"curies":[{"name":"wp","href":"https:\/\/api.w.org\/{rel}","templated":true}]}}