{"id":2823,"date":"2021-10-19T12:55:56","date_gmt":"2021-10-19T10:55:56","guid":{"rendered":"https:\/\/www.plaadimehed.ee\/?post_type=product&#038;p=2823"},"modified":"2026-02-18T18:23:08","modified_gmt":"2026-02-18T16:23:08","slug":"levelize-1-mm-plaatimisankur-2000-tk-kast","status":"publish","type":"product","link":"https:\/\/www.plaadimehed.ee\/fi\/product\/levelize-1-mm-plaatimisankur-2000-tk-kast\/","title":{"rendered":"TLS Undertag (Levelize) 1 mm plaatimisankur 2000 tk (kast)"},"content":{"rendered":"<p>\u25cf TLS plaatide tasanduss\u00fcsteem<br \/>\n\u25cf \u00a0Kastis 20 pakki. \u00dches \u00a0pakendis\u00a0100 tk.<br \/>\n\u25cf \u00a0Sobivus 4-12 mm paksustele plaatidele<br \/>\n\u25cf \u00a0Plaatimisankur vuugilaiusele 1 mm<br \/>\n\u25cf \u00a0Kasutamiseks seintel ja p\u00f5randatel<br \/>\n\u25cf \u00a0Kergelt eemaldatav ja murduv plaatimisankru osa enne vuukimist<\/p>\n<p><img loading=\"lazy\" decoding=\"async\" class=\"alignnone wp-image-135\" src=\"https:\/\/www.plaadimehed.ee\/wp-content\/uploads\/2021\/05\/bdf-logo.png\" alt=\"\" width=\"37\" height=\"37\" srcset=\"https:\/\/www.plaadimehed.ee\/wp-content\/uploads\/2021\/05\/bdf-logo.png 225w, https:\/\/www.plaadimehed.ee\/wp-content\/uploads\/2021\/05\/bdf-logo-100x100.png 100w, https:\/\/www.plaadimehed.ee\/wp-content\/uploads\/2021\/05\/bdf-logo-150x150.png 150w\" sizes=\"auto, (max-width: 37px) 100vw, 37px\" \/><a href=\"https:\/\/www.plaadimehed.ee\/wp-content\/uploads\/2021\/11\/Undertag-plaatimiankur-1mm.pdf\">TLS plaatimiankur 1mm tooteinfo<\/a><\/p>\n<p><img loading=\"lazy\" decoding=\"async\" class=\"alignnone wp-image-135\" src=\"https:\/\/www.plaadimehed.ee\/wp-content\/uploads\/2021\/05\/bdf-logo.png\" alt=\"\" width=\"37\" height=\"37\" srcset=\"https:\/\/www.plaadimehed.ee\/wp-content\/uploads\/2021\/05\/bdf-logo.png 225w, https:\/\/www.plaadimehed.ee\/wp-content\/uploads\/2021\/05\/bdf-logo-100x100.png 100w, https:\/\/www.plaadimehed.ee\/wp-content\/uploads\/2021\/05\/bdf-logo-150x150.png 150w\" sizes=\"auto, (max-width: 37px) 100vw, 37px\" \/><a href=\"https:\/\/www.plaadimehed.ee\/wp-content\/uploads\/2023\/02\/Undertag-plaatide-tasandussusteemi-juhis.pdf\">TLS plaatide tasanduss\u00fcsteemi juhis<\/a><\/p>\n<p><img loading=\"lazy\" decoding=\"async\" class=\"alignnone wp-image-135\" src=\"https:\/\/www.plaadimehed.ee\/wp-content\/uploads\/2021\/05\/bdf-logo.png\" alt=\"\" width=\"37\" height=\"37\" srcset=\"https:\/\/www.plaadimehed.ee\/wp-content\/uploads\/2021\/05\/bdf-logo.png 225w, https:\/\/www.plaadimehed.ee\/wp-content\/uploads\/2021\/05\/bdf-logo-100x100.png 100w, https:\/\/www.plaadimehed.ee\/wp-content\/uploads\/2021\/05\/bdf-logo-150x150.png 150w\" sizes=\"auto, (max-width: 37px) 100vw, 37px\" \/><a href=\"https:\/\/www.plaadimehed.ee\/wp-content\/uploads\/2023\/02\/Undertag-plaatide-tasandussusteemi-tabel-1.pdf\">TLS plaatide tasanduss\u00fcsteemi arvutustabel<\/a><\/p>\n<p>&nbsp;<\/p>\n<p>&nbsp;<\/p>\n<p>&nbsp;<\/p>\n","protected":false},"excerpt":{"rendered":"<p>TLS plaatide tasanduss\u00fcsteemi ankur vuukidele 1 mm. Sobib 4 -12 mm paksusega plaatidele.<\/p>\n<p><strong>Levelize tootebr\u00e4nd hakkab kandma uut nime Undertag.<\/strong><\/p>\n","protected":false},"featured_media":2813,"template":"","meta":{"_acf_changed":false},"product_brand":[25],"product_cat":[24,273,107],"product_tag":[],"class_list":{"0":"post-2823","1":"product","2":"type-product","3":"status-publish","4":"has-post-thumbnail","6":"product_brand-undertag-levelize","7":"product_cat-tasandussusteemid","8":"product_cat-vaikese-kiiluga","9":"product_cat-head-pakkumised","11":"first","12":"instock","13":"sale","14":"taxable","15":"shipping-taxable","16":"purchasable","17":"product-type-simple"},"acf":[],"yoast_head":"<!-- This site is optimized with the Yoast SEO plugin v27.0 - https:\/\/yoast.com\/product\/yoast-seo-wordpress\/ -->\n<title>TLS Undertag (Levelize) 1 mm plaatimisankur 2000 tk (kast) - Plaadimehed<\/title>\n<meta name=\"robots\" content=\"index, follow, max-snippet:-1, max-image-preview:large, max-video-preview:-1\" \/>\n<link rel=\"canonical\" href=\"https:\/\/www.plaadimehed.ee\/product\/levelize-1-mm-plaatimisankur-2000-tk-kast\/\" \/>\n<meta property=\"og:locale\" content=\"fi_FI\" \/>\n<meta property=\"og:type\" content=\"article\" \/>\n<meta property=\"og:title\" content=\"TLS Undertag (Levelize) 1 mm plaatimisankur 2000 tk (kast) - Plaadimehed\" \/>\n<meta property=\"og:description\" content=\"TLS plaatide tasanduss\u00fcsteemi ankur vuukidele 1 mm. Sobib 4 -12 mm paksusega plaatidele.  Levelize tootebr\u00e4nd hakkab kandma uut nime Undertag.\" \/>\n<meta property=\"og:url\" content=\"https:\/\/www.plaadimehed.ee\/product\/levelize-1-mm-plaatimisankur-2000-tk-kast\/\" \/>\n<meta property=\"og:site_name\" content=\"Plaadimehed\" \/>\n<meta property=\"article:modified_time\" content=\"2026-02-18T16:23:08+00:00\" \/>\n<meta property=\"og:image\" content=\"https:\/\/www.plaadimehed.ee\/wp-content\/uploads\/2021\/10\/clips-1mm.jpg\" \/>\n\t<meta property=\"og:image:width\" content=\"2560\" \/>\n\t<meta property=\"og:image:height\" content=\"2560\" \/>\n\t<meta property=\"og:image:type\" content=\"image\/jpeg\" \/>\n<meta name=\"twitter:card\" content=\"summary_large_image\" \/>\n<meta name=\"twitter:label1\" content=\"Arvioitu lukuaika\" \/>\n\t<meta name=\"twitter:data1\" content=\"2 minuutti\" \/>\n<script type=\"application\/ld+json\" class=\"yoast-schema-graph\">{\"@context\":\"https:\/\/schema.org\",\"@graph\":[{\"@type\":\"WebPage\",\"@id\":\"https:\/\/www.plaadimehed.ee\/product\/levelize-1-mm-plaatimisankur-2000-tk-kast\/\",\"url\":\"https:\/\/www.plaadimehed.ee\/product\/levelize-1-mm-plaatimisankur-2000-tk-kast\/\",\"name\":\"TLS Undertag (Levelize) 1 mm plaatimisankur 2000 tk (kast) - Plaadimehed\",\"isPartOf\":{\"@id\":\"https:\/\/www.plaadimehed.ee\/#website\"},\"primaryImageOfPage\":{\"@id\":\"https:\/\/www.plaadimehed.ee\/product\/levelize-1-mm-plaatimisankur-2000-tk-kast\/#primaryimage\"},\"image\":{\"@id\":\"https:\/\/www.plaadimehed.ee\/product\/levelize-1-mm-plaatimisankur-2000-tk-kast\/#primaryimage\"},\"thumbnailUrl\":\"https:\/\/www.plaadimehed.ee\/wp-content\/uploads\/2021\/10\/clips-1mm.jpg\",\"datePublished\":\"2021-10-19T10:55:56+00:00\",\"dateModified\":\"2026-02-18T16:23:08+00:00\",\"breadcrumb\":{\"@id\":\"https:\/\/www.plaadimehed.ee\/product\/levelize-1-mm-plaatimisankur-2000-tk-kast\/#breadcrumb\"},\"inLanguage\":\"fi\",\"potentialAction\":[{\"@type\":\"ReadAction\",\"target\":[\"https:\/\/www.plaadimehed.ee\/product\/levelize-1-mm-plaatimisankur-2000-tk-kast\/\"]}]},{\"@type\":\"ImageObject\",\"inLanguage\":\"fi\",\"@id\":\"https:\/\/www.plaadimehed.ee\/product\/levelize-1-mm-plaatimisankur-2000-tk-kast\/#primaryimage\",\"url\":\"https:\/\/www.plaadimehed.ee\/wp-content\/uploads\/2021\/10\/clips-1mm.jpg\",\"contentUrl\":\"https:\/\/www.plaadimehed.ee\/wp-content\/uploads\/2021\/10\/clips-1mm.jpg\",\"width\":2560,\"height\":2560},{\"@type\":\"BreadcrumbList\",\"@id\":\"https:\/\/www.plaadimehed.ee\/product\/levelize-1-mm-plaatimisankur-2000-tk-kast\/#breadcrumb\",\"itemListElement\":[{\"@type\":\"ListItem\",\"position\":1,\"name\":\"Home\",\"item\":\"https:\/\/www.plaadimehed.ee\/fi\/\"},{\"@type\":\"ListItem\",\"position\":2,\"name\":\"Verkkokauppa\",\"item\":\"https:\/\/www.plaadimehed.ee\/fi\/shop\/\"},{\"@type\":\"ListItem\",\"position\":3,\"name\":\"TLS Undertag (Levelize) 1 mm plaatimisankur 2000 tk (kast)\"}]},{\"@type\":\"WebSite\",\"@id\":\"https:\/\/www.plaadimehed.ee\/#website\",\"url\":\"https:\/\/www.plaadimehed.ee\/\",\"name\":\"Plaadimehed\",\"description\":\"Plaatimist\u00f6\u00f6deks vajalikud tarvikud ja t\u00f6\u00f6riistad\",\"publisher\":{\"@id\":\"https:\/\/www.plaadimehed.ee\/#organization\"},\"potentialAction\":[{\"@type\":\"SearchAction\",\"target\":{\"@type\":\"EntryPoint\",\"urlTemplate\":\"https:\/\/www.plaadimehed.ee\/?s={search_term_string}\"},\"query-input\":{\"@type\":\"PropertyValueSpecification\",\"valueRequired\":true,\"valueName\":\"search_term_string\"}}],\"inLanguage\":\"fi\"},{\"@type\":\"Organization\",\"@id\":\"https:\/\/www.plaadimehed.ee\/#organization\",\"name\":\"Plaadimehed\",\"url\":\"https:\/\/www.plaadimehed.ee\/\",\"logo\":{\"@type\":\"ImageObject\",\"inLanguage\":\"fi\",\"@id\":\"https:\/\/www.plaadimehed.ee\/#\/schema\/logo\/image\/\",\"url\":\"https:\/\/www.plaadimehed.ee\/wp-content\/uploads\/2024\/05\/plaadimehed-logo.svg\",\"contentUrl\":\"https:\/\/www.plaadimehed.ee\/wp-content\/uploads\/2024\/05\/plaadimehed-logo.svg\",\"width\":266,\"height\":72,\"caption\":\"Plaadimehed\"},\"image\":{\"@id\":\"https:\/\/www.plaadimehed.ee\/#\/schema\/logo\/image\/\"}}]}<\/script>\n<!-- \/ Yoast SEO plugin. -->","yoast_head_json":{"title":"TLS Undertag (Levelize) 1 mm plaatimisankur 2000 tk (kast) - Plaadimehed","robots":{"index":"index","follow":"follow","max-snippet":"max-snippet:-1","max-image-preview":"max-image-preview:large","max-video-preview":"max-video-preview:-1"},"canonical":"https:\/\/www.plaadimehed.ee\/product\/levelize-1-mm-plaatimisankur-2000-tk-kast\/","og_locale":"fi_FI","og_type":"article","og_title":"TLS Undertag (Levelize) 1 mm plaatimisankur 2000 tk (kast) - Plaadimehed","og_description":"TLS plaatide tasanduss\u00fcsteemi ankur vuukidele 1 mm. Sobib 4 -12 mm paksusega plaatidele.  Levelize tootebr\u00e4nd hakkab kandma uut nime Undertag.","og_url":"https:\/\/www.plaadimehed.ee\/product\/levelize-1-mm-plaatimisankur-2000-tk-kast\/","og_site_name":"Plaadimehed","article_modified_time":"2026-02-18T16:23:08+00:00","og_image":[{"width":2560,"height":2560,"url":"https:\/\/www.plaadimehed.ee\/wp-content\/uploads\/2021\/10\/clips-1mm.jpg","type":"image\/jpeg"}],"twitter_card":"summary_large_image","twitter_misc":{"Arvioitu lukuaika":"2 minuutti"},"schema":{"@context":"https:\/\/schema.org","@graph":[{"@type":"WebPage","@id":"https:\/\/www.plaadimehed.ee\/product\/levelize-1-mm-plaatimisankur-2000-tk-kast\/","url":"https:\/\/www.plaadimehed.ee\/product\/levelize-1-mm-plaatimisankur-2000-tk-kast\/","name":"TLS Undertag (Levelize) 1 mm plaatimisankur 2000 tk (kast) - Plaadimehed","isPartOf":{"@id":"https:\/\/www.plaadimehed.ee\/#website"},"primaryImageOfPage":{"@id":"https:\/\/www.plaadimehed.ee\/product\/levelize-1-mm-plaatimisankur-2000-tk-kast\/#primaryimage"},"image":{"@id":"https:\/\/www.plaadimehed.ee\/product\/levelize-1-mm-plaatimisankur-2000-tk-kast\/#primaryimage"},"thumbnailUrl":"https:\/\/www.plaadimehed.ee\/wp-content\/uploads\/2021\/10\/clips-1mm.jpg","datePublished":"2021-10-19T10:55:56+00:00","dateModified":"2026-02-18T16:23:08+00:00","breadcrumb":{"@id":"https:\/\/www.plaadimehed.ee\/product\/levelize-1-mm-plaatimisankur-2000-tk-kast\/#breadcrumb"},"inLanguage":"fi","potentialAction":[{"@type":"ReadAction","target":["https:\/\/www.plaadimehed.ee\/product\/levelize-1-mm-plaatimisankur-2000-tk-kast\/"]}]},{"@type":"ImageObject","inLanguage":"fi","@id":"https:\/\/www.plaadimehed.ee\/product\/levelize-1-mm-plaatimisankur-2000-tk-kast\/#primaryimage","url":"https:\/\/www.plaadimehed.ee\/wp-content\/uploads\/2021\/10\/clips-1mm.jpg","contentUrl":"https:\/\/www.plaadimehed.ee\/wp-content\/uploads\/2021\/10\/clips-1mm.jpg","width":2560,"height":2560},{"@type":"BreadcrumbList","@id":"https:\/\/www.plaadimehed.ee\/product\/levelize-1-mm-plaatimisankur-2000-tk-kast\/#breadcrumb","itemListElement":[{"@type":"ListItem","position":1,"name":"Home","item":"https:\/\/www.plaadimehed.ee\/fi\/"},{"@type":"ListItem","position":2,"name":"Verkkokauppa","item":"https:\/\/www.plaadimehed.ee\/fi\/shop\/"},{"@type":"ListItem","position":3,"name":"TLS Undertag (Levelize) 1 mm plaatimisankur 2000 tk (kast)"}]},{"@type":"WebSite","@id":"https:\/\/www.plaadimehed.ee\/#website","url":"https:\/\/www.plaadimehed.ee\/","name":"Plaadimehed","description":"Plaatimist\u00f6\u00f6deks vajalikud tarvikud ja t\u00f6\u00f6riistad","publisher":{"@id":"https:\/\/www.plaadimehed.ee\/#organization"},"potentialAction":[{"@type":"SearchAction","target":{"@type":"EntryPoint","urlTemplate":"https:\/\/www.plaadimehed.ee\/?s={search_term_string}"},"query-input":{"@type":"PropertyValueSpecification","valueRequired":true,"valueName":"search_term_string"}}],"inLanguage":"fi"},{"@type":"Organization","@id":"https:\/\/www.plaadimehed.ee\/#organization","name":"Plaadimehed","url":"https:\/\/www.plaadimehed.ee\/","logo":{"@type":"ImageObject","inLanguage":"fi","@id":"https:\/\/www.plaadimehed.ee\/#\/schema\/logo\/image\/","url":"https:\/\/www.plaadimehed.ee\/wp-content\/uploads\/2024\/05\/plaadimehed-logo.svg","contentUrl":"https:\/\/www.plaadimehed.ee\/wp-content\/uploads\/2024\/05\/plaadimehed-logo.svg","width":266,"height":72,"caption":"Plaadimehed"},"image":{"@id":"https:\/\/www.plaadimehed.ee\/#\/schema\/logo\/image\/"}}]}},"_links":{"self":[{"href":"https:\/\/www.plaadimehed.ee\/fi\/wp-json\/wp\/v2\/product\/2823","targetHints":{"allow":["GET"]}}],"collection":[{"href":"https:\/\/www.plaadimehed.ee\/fi\/wp-json\/wp\/v2\/product"}],"about":[{"href":"https:\/\/www.plaadimehed.ee\/fi\/wp-json\/wp\/v2\/types\/product"}],"wp:featuredmedia":[{"embeddable":true,"href":"https:\/\/www.plaadimehed.ee\/fi\/wp-json\/wp\/v2\/media\/2813"}],"wp:attachment":[{"href":"https:\/\/www.plaadimehed.ee\/fi\/wp-json\/wp\/v2\/media?parent=2823"}],"wp:term":[{"taxonomy":"product_brand","embeddable":true,"href":"https:\/\/www.plaadimehed.ee\/fi\/wp-json\/wp\/v2\/product_brand?post=2823"},{"taxonomy":"product_cat","embeddable":true,"href":"https:\/\/www.plaadimehed.ee\/fi\/wp-json\/wp\/v2\/product_cat?post=2823"},{"taxonomy":"product_tag","embeddable":true,"href":"https:\/\/www.plaadimehed.ee\/fi\/wp-json\/wp\/v2\/product_tag?post=2823"}],"curies":[{"name":"wp","href":"https:\/\/api.w.org\/{rel}","templated":true}]}}