{"id":310,"date":"2021-05-26T09:41:58","date_gmt":"2021-05-26T07:41:58","guid":{"rendered":"https:\/\/www.plaadimehed.ee\/?post_type=product&#038;p=310"},"modified":"2023-05-04T08:45:31","modified_gmt":"2023-05-04T06:45:31","slug":"bihui-segumikser-1200-w","status":"publish","type":"product","link":"https:\/\/www.plaadimehed.ee\/fi\/product\/bihui-segumikser-1200-w\/","title":{"rendered":"BIHUI\u00ae segumikser 1200 W"},"content":{"rendered":"<p>\u25cf V\u00f5imsus 1200W \/ 230v \/ 50Hz \/ 2,5A<br \/>\n\u25cf Segamis kiirus vahemikus 150-300RPM \/ 300-650RPM<br \/>\n\u25cf Trelli otsiku keere M14<br \/>\n\u25cf Komplektis kaasas seguvispel<br \/>\n\u25cf Kasutamine mahule kuni 40 L<br \/>\n\u25cf Sobib kasutamiseks liimide, plaatimissegude, p\u00f5r.segude ja v\u00e4rvide segamiseks<\/p>\n<p>&nbsp;<\/p>\n<p><img loading=\"lazy\" decoding=\"async\" class=\"alignnone wp-image-135\" src=\"https:\/\/www.plaadimehed.ee\/wp-content\/uploads\/2021\/05\/bdf-logo.png\" alt=\"\" width=\"29\" height=\"29\" srcset=\"https:\/\/www.plaadimehed.ee\/wp-content\/uploads\/2021\/05\/bdf-logo.png 225w, https:\/\/www.plaadimehed.ee\/wp-content\/uploads\/2021\/05\/bdf-logo-100x100.png 100w, https:\/\/www.plaadimehed.ee\/wp-content\/uploads\/2021\/05\/bdf-logo-150x150.png 150w\" sizes=\"auto, (max-width: 29px) 100vw, 29px\" \/><a href=\"https:\/\/www.plaadimehed.ee\/wp-content\/uploads\/2021\/05\/BiHui-mixer-1200w.pdf\">Bihui mixer 1200w tooteinfo<\/a><\/p>\n<p>&nbsp;<\/p>\n","protected":false},"excerpt":{"rendered":"<p>\u25cf V\u00f5imsus 1200W \/ 230v \/ 50Hz \/ 2,5A \u25cf Segamis kiirus vahemikus 150-300RPM \/ 300-650RPM \u25cf Trelli otsiku keere M14 \u25cf Komplektis kaasas seguvispel \u25cf Kasutamine mahule kuni 40 L \u25cf Sobib kasutamiseks liimide, plaatimissegude, p\u00f5r.segude ja v\u00e4rvide segamiseks &nbsp; Bihui mixer 1200w tooteinfo &nbsp;<\/p>\n","protected":false},"featured_media":312,"template":"","meta":{"_acf_changed":false},"product_brand":[26],"product_cat":[30,36],"product_tag":[],"class_list":{"0":"post-310","1":"product","2":"type-product","3":"status-publish","4":"has-post-thumbnail","6":"product_brand-bihui","7":"product_cat-plaatimistooriistad","8":"product_cat-elektriseadmed","10":"first","11":"instock","12":"taxable","13":"shipping-taxable","14":"purchasable","15":"product-type-simple"},"acf":[],"yoast_head":"<!-- This site is optimized with the Yoast SEO plugin v27.0 - https:\/\/yoast.com\/product\/yoast-seo-wordpress\/ -->\n<title>BIHUI\u00ae segumikser 1200 W - Plaadimehed<\/title>\n<meta name=\"description\" content=\"BAHUI segumikser 1200W, segamiskiirus vahemikus 150&#x2d;300RPM, trelli otsik keere M14, kasutamine mahule kuni 40L. Liimide, segude, v\u00e4rvide segamiseks. Tutvu siin.\" \/>\n<meta name=\"robots\" content=\"index, follow, max-snippet:-1, max-image-preview:large, max-video-preview:-1\" \/>\n<link rel=\"canonical\" href=\"https:\/\/www.plaadimehed.ee\/product\/bihui-segumikser-1200-w\/\" \/>\n<meta property=\"og:locale\" content=\"fi_FI\" \/>\n<meta property=\"og:type\" content=\"article\" \/>\n<meta property=\"og:title\" content=\"BIHUI\u00ae segumikser 1200 W - Plaadimehed\" \/>\n<meta property=\"og:description\" content=\"BAHUI segumikser 1200W, segamiskiirus vahemikus 150&#x2d;300RPM, trelli otsik keere M14, kasutamine mahule kuni 40L. Liimide, segude, v\u00e4rvide segamiseks. Tutvu siin.\" \/>\n<meta property=\"og:url\" content=\"https:\/\/www.plaadimehed.ee\/product\/bihui-segumikser-1200-w\/\" \/>\n<meta property=\"og:site_name\" content=\"Plaadimehed\" \/>\n<meta property=\"article:modified_time\" content=\"2023-05-04T06:45:31+00:00\" \/>\n<meta property=\"og:image\" content=\"https:\/\/www.plaadimehed.ee\/wp-content\/uploads\/2021\/05\/Bihui-mixer-1200w.jpg\" \/>\n\t<meta property=\"og:image:width\" content=\"500\" \/>\n\t<meta property=\"og:image:height\" content=\"500\" \/>\n\t<meta property=\"og:image:type\" content=\"image\/jpeg\" \/>\n<meta name=\"twitter:card\" content=\"summary_large_image\" \/>\n<script type=\"application\/ld+json\" class=\"yoast-schema-graph\">{\"@context\":\"https:\/\/schema.org\",\"@graph\":[{\"@type\":\"WebPage\",\"@id\":\"https:\/\/www.plaadimehed.ee\/product\/bihui-segumikser-1200-w\/\",\"url\":\"https:\/\/www.plaadimehed.ee\/product\/bihui-segumikser-1200-w\/\",\"name\":\"BIHUI\u00ae segumikser 1200 W - Plaadimehed\",\"isPartOf\":{\"@id\":\"https:\/\/www.plaadimehed.ee\/#website\"},\"primaryImageOfPage\":{\"@id\":\"https:\/\/www.plaadimehed.ee\/product\/bihui-segumikser-1200-w\/#primaryimage\"},\"image\":{\"@id\":\"https:\/\/www.plaadimehed.ee\/product\/bihui-segumikser-1200-w\/#primaryimage\"},\"thumbnailUrl\":\"https:\/\/www.plaadimehed.ee\/wp-content\/uploads\/2021\/05\/Bihui-mixer-1200w.jpg\",\"datePublished\":\"2021-05-26T07:41:58+00:00\",\"dateModified\":\"2023-05-04T06:45:31+00:00\",\"description\":\"BAHUI segumikser 1200W, segamiskiirus vahemikus 150&#x2d;300RPM, trelli otsik keere M14, kasutamine mahule kuni 40L. Liimide, segude, v\u00e4rvide segamiseks. Tutvu siin.\",\"breadcrumb\":{\"@id\":\"https:\/\/www.plaadimehed.ee\/product\/bihui-segumikser-1200-w\/#breadcrumb\"},\"inLanguage\":\"fi\",\"potentialAction\":[{\"@type\":\"ReadAction\",\"target\":[\"https:\/\/www.plaadimehed.ee\/product\/bihui-segumikser-1200-w\/\"]}]},{\"@type\":\"ImageObject\",\"inLanguage\":\"fi\",\"@id\":\"https:\/\/www.plaadimehed.ee\/product\/bihui-segumikser-1200-w\/#primaryimage\",\"url\":\"https:\/\/www.plaadimehed.ee\/wp-content\/uploads\/2021\/05\/Bihui-mixer-1200w.jpg\",\"contentUrl\":\"https:\/\/www.plaadimehed.ee\/wp-content\/uploads\/2021\/05\/Bihui-mixer-1200w.jpg\",\"width\":500,\"height\":500},{\"@type\":\"BreadcrumbList\",\"@id\":\"https:\/\/www.plaadimehed.ee\/product\/bihui-segumikser-1200-w\/#breadcrumb\",\"itemListElement\":[{\"@type\":\"ListItem\",\"position\":1,\"name\":\"Home\",\"item\":\"https:\/\/www.plaadimehed.ee\/fi\/\"},{\"@type\":\"ListItem\",\"position\":2,\"name\":\"Verkkokauppa\",\"item\":\"https:\/\/www.plaadimehed.ee\/fi\/shop\/\"},{\"@type\":\"ListItem\",\"position\":3,\"name\":\"BIHUI\u00ae segumikser 1200 W\"}]},{\"@type\":\"WebSite\",\"@id\":\"https:\/\/www.plaadimehed.ee\/#website\",\"url\":\"https:\/\/www.plaadimehed.ee\/\",\"name\":\"Plaadimehed\",\"description\":\"Plaatimist\u00f6\u00f6deks vajalikud tarvikud ja t\u00f6\u00f6riistad\",\"publisher\":{\"@id\":\"https:\/\/www.plaadimehed.ee\/#organization\"},\"potentialAction\":[{\"@type\":\"SearchAction\",\"target\":{\"@type\":\"EntryPoint\",\"urlTemplate\":\"https:\/\/www.plaadimehed.ee\/?s={search_term_string}\"},\"query-input\":{\"@type\":\"PropertyValueSpecification\",\"valueRequired\":true,\"valueName\":\"search_term_string\"}}],\"inLanguage\":\"fi\"},{\"@type\":\"Organization\",\"@id\":\"https:\/\/www.plaadimehed.ee\/#organization\",\"name\":\"Plaadimehed\",\"url\":\"https:\/\/www.plaadimehed.ee\/\",\"logo\":{\"@type\":\"ImageObject\",\"inLanguage\":\"fi\",\"@id\":\"https:\/\/www.plaadimehed.ee\/#\/schema\/logo\/image\/\",\"url\":\"https:\/\/www.plaadimehed.ee\/wp-content\/uploads\/2024\/05\/plaadimehed-logo.svg\",\"contentUrl\":\"https:\/\/www.plaadimehed.ee\/wp-content\/uploads\/2024\/05\/plaadimehed-logo.svg\",\"width\":266,\"height\":72,\"caption\":\"Plaadimehed\"},\"image\":{\"@id\":\"https:\/\/www.plaadimehed.ee\/#\/schema\/logo\/image\/\"}}]}<\/script>\n<!-- \/ Yoast SEO plugin. -->","yoast_head_json":{"title":"BIHUI\u00ae segumikser 1200 W - Plaadimehed","description":"BAHUI segumikser 1200W, segamiskiirus vahemikus 150&#x2d;300RPM, trelli otsik keere M14, kasutamine mahule kuni 40L. Liimide, segude, v\u00e4rvide segamiseks. Tutvu siin.","robots":{"index":"index","follow":"follow","max-snippet":"max-snippet:-1","max-image-preview":"max-image-preview:large","max-video-preview":"max-video-preview:-1"},"canonical":"https:\/\/www.plaadimehed.ee\/product\/bihui-segumikser-1200-w\/","og_locale":"fi_FI","og_type":"article","og_title":"BIHUI\u00ae segumikser 1200 W - Plaadimehed","og_description":"BAHUI segumikser 1200W, segamiskiirus vahemikus 150&#x2d;300RPM, trelli otsik keere M14, kasutamine mahule kuni 40L. Liimide, segude, v\u00e4rvide segamiseks. Tutvu siin.","og_url":"https:\/\/www.plaadimehed.ee\/product\/bihui-segumikser-1200-w\/","og_site_name":"Plaadimehed","article_modified_time":"2023-05-04T06:45:31+00:00","og_image":[{"width":500,"height":500,"url":"https:\/\/www.plaadimehed.ee\/wp-content\/uploads\/2021\/05\/Bihui-mixer-1200w.jpg","type":"image\/jpeg"}],"twitter_card":"summary_large_image","schema":{"@context":"https:\/\/schema.org","@graph":[{"@type":"WebPage","@id":"https:\/\/www.plaadimehed.ee\/product\/bihui-segumikser-1200-w\/","url":"https:\/\/www.plaadimehed.ee\/product\/bihui-segumikser-1200-w\/","name":"BIHUI\u00ae segumikser 1200 W - Plaadimehed","isPartOf":{"@id":"https:\/\/www.plaadimehed.ee\/#website"},"primaryImageOfPage":{"@id":"https:\/\/www.plaadimehed.ee\/product\/bihui-segumikser-1200-w\/#primaryimage"},"image":{"@id":"https:\/\/www.plaadimehed.ee\/product\/bihui-segumikser-1200-w\/#primaryimage"},"thumbnailUrl":"https:\/\/www.plaadimehed.ee\/wp-content\/uploads\/2021\/05\/Bihui-mixer-1200w.jpg","datePublished":"2021-05-26T07:41:58+00:00","dateModified":"2023-05-04T06:45:31+00:00","description":"BAHUI segumikser 1200W, segamiskiirus vahemikus 150&#x2d;300RPM, trelli otsik keere M14, kasutamine mahule kuni 40L. Liimide, segude, v\u00e4rvide segamiseks. Tutvu siin.","breadcrumb":{"@id":"https:\/\/www.plaadimehed.ee\/product\/bihui-segumikser-1200-w\/#breadcrumb"},"inLanguage":"fi","potentialAction":[{"@type":"ReadAction","target":["https:\/\/www.plaadimehed.ee\/product\/bihui-segumikser-1200-w\/"]}]},{"@type":"ImageObject","inLanguage":"fi","@id":"https:\/\/www.plaadimehed.ee\/product\/bihui-segumikser-1200-w\/#primaryimage","url":"https:\/\/www.plaadimehed.ee\/wp-content\/uploads\/2021\/05\/Bihui-mixer-1200w.jpg","contentUrl":"https:\/\/www.plaadimehed.ee\/wp-content\/uploads\/2021\/05\/Bihui-mixer-1200w.jpg","width":500,"height":500},{"@type":"BreadcrumbList","@id":"https:\/\/www.plaadimehed.ee\/product\/bihui-segumikser-1200-w\/#breadcrumb","itemListElement":[{"@type":"ListItem","position":1,"name":"Home","item":"https:\/\/www.plaadimehed.ee\/fi\/"},{"@type":"ListItem","position":2,"name":"Verkkokauppa","item":"https:\/\/www.plaadimehed.ee\/fi\/shop\/"},{"@type":"ListItem","position":3,"name":"BIHUI\u00ae segumikser 1200 W"}]},{"@type":"WebSite","@id":"https:\/\/www.plaadimehed.ee\/#website","url":"https:\/\/www.plaadimehed.ee\/","name":"Plaadimehed","description":"Plaatimist\u00f6\u00f6deks vajalikud tarvikud ja t\u00f6\u00f6riistad","publisher":{"@id":"https:\/\/www.plaadimehed.ee\/#organization"},"potentialAction":[{"@type":"SearchAction","target":{"@type":"EntryPoint","urlTemplate":"https:\/\/www.plaadimehed.ee\/?s={search_term_string}"},"query-input":{"@type":"PropertyValueSpecification","valueRequired":true,"valueName":"search_term_string"}}],"inLanguage":"fi"},{"@type":"Organization","@id":"https:\/\/www.plaadimehed.ee\/#organization","name":"Plaadimehed","url":"https:\/\/www.plaadimehed.ee\/","logo":{"@type":"ImageObject","inLanguage":"fi","@id":"https:\/\/www.plaadimehed.ee\/#\/schema\/logo\/image\/","url":"https:\/\/www.plaadimehed.ee\/wp-content\/uploads\/2024\/05\/plaadimehed-logo.svg","contentUrl":"https:\/\/www.plaadimehed.ee\/wp-content\/uploads\/2024\/05\/plaadimehed-logo.svg","width":266,"height":72,"caption":"Plaadimehed"},"image":{"@id":"https:\/\/www.plaadimehed.ee\/#\/schema\/logo\/image\/"}}]}},"_links":{"self":[{"href":"https:\/\/www.plaadimehed.ee\/fi\/wp-json\/wp\/v2\/product\/310","targetHints":{"allow":["GET"]}}],"collection":[{"href":"https:\/\/www.plaadimehed.ee\/fi\/wp-json\/wp\/v2\/product"}],"about":[{"href":"https:\/\/www.plaadimehed.ee\/fi\/wp-json\/wp\/v2\/types\/product"}],"wp:featuredmedia":[{"embeddable":true,"href":"https:\/\/www.plaadimehed.ee\/fi\/wp-json\/wp\/v2\/media\/312"}],"wp:attachment":[{"href":"https:\/\/www.plaadimehed.ee\/fi\/wp-json\/wp\/v2\/media?parent=310"}],"wp:term":[{"taxonomy":"product_brand","embeddable":true,"href":"https:\/\/www.plaadimehed.ee\/fi\/wp-json\/wp\/v2\/product_brand?post=310"},{"taxonomy":"product_cat","embeddable":true,"href":"https:\/\/www.plaadimehed.ee\/fi\/wp-json\/wp\/v2\/product_cat?post=310"},{"taxonomy":"product_tag","embeddable":true,"href":"https:\/\/www.plaadimehed.ee\/fi\/wp-json\/wp\/v2\/product_tag?post=310"}],"curies":[{"name":"wp","href":"https:\/\/api.w.org\/{rel}","templated":true}]}}