{"id":3164,"date":"2021-11-26T11:06:00","date_gmt":"2021-11-26T09:06:00","guid":{"rendered":"https:\/\/www.plaadimehed.ee\/?post_type=product&#038;p=3164"},"modified":"2026-03-01T13:02:16","modified_gmt":"2026-03-01T11:02:16","slug":"sendi-poleerketas-100","status":"publish","type":"product","link":"https:\/\/www.plaadimehed.ee\/fi\/product\/sendi-poleerketas-100\/","title":{"rendered":"SENDI\u00ae Poleerketas 100"},"content":{"rendered":"<p>\u25cf Poleerimisketas plaadi l\u00f5ikeservade viimistluseks<br \/>\n\u25cf Sobib kinnitamiseks poleerimis padja alusele \u00d8 100 mm<br \/>\n\u25cf Kasutamiseks tasapinnaliste pindade ja kumerate servade poleerimiseks<\/p>\n<p>&nbsp;<\/p>\n","protected":false},"excerpt":{"rendered":"<p>Poleerimisketas plaadi l\u00f5ikeservade viimistluseks<\/p>\n","protected":false},"featured_media":3165,"template":"","meta":{"_acf_changed":false},"product_brand":[110],"product_cat":[138],"product_tag":[],"class_list":{"0":"post-3164","1":"product","2":"type-product","3":"status-publish","4":"has-post-thumbnail","6":"product_brand-sendi","7":"product_cat-lihv-ja-poleerkettad","9":"first","10":"instock","11":"taxable","12":"shipping-taxable","13":"purchasable","14":"product-type-simple"},"acf":[],"yoast_head":"<!-- This site is optimized with the Yoast SEO plugin v27.0 - https:\/\/yoast.com\/product\/yoast-seo-wordpress\/ -->\n<title>SENDI Poleerketas 100<\/title>\n<meta name=\"description\" content=\"SENDI Poleerketas 100 plaadi l\u00f5ikeservade viimistluseks. Kasutamine kumeratel servadel, tasapinnalistel pindadel.Poleerimispadja alusele 100mm. Loe lisaks siit.\" \/>\n<meta name=\"robots\" content=\"index, follow, max-snippet:-1, max-image-preview:large, max-video-preview:-1\" \/>\n<link rel=\"canonical\" href=\"https:\/\/www.plaadimehed.ee\/product\/sendi-poleerketas-100\/\" \/>\n<meta property=\"og:locale\" content=\"fi_FI\" \/>\n<meta property=\"og:type\" content=\"article\" \/>\n<meta property=\"og:title\" content=\"SENDI Poleerketas 100\" \/>\n<meta property=\"og:description\" content=\"SENDI Poleerketas 100 plaadi l\u00f5ikeservade viimistluseks. Kasutamine kumeratel servadel, tasapinnalistel pindadel.Poleerimispadja alusele 100mm. Loe lisaks siit.\" \/>\n<meta property=\"og:url\" content=\"https:\/\/www.plaadimehed.ee\/product\/sendi-poleerketas-100\/\" \/>\n<meta property=\"og:site_name\" content=\"Plaadimehed\" \/>\n<meta property=\"article:modified_time\" content=\"2026-03-01T11:02:16+00:00\" \/>\n<meta property=\"og:image\" content=\"https:\/\/www.plaadimehed.ee\/wp-content\/uploads\/2021\/11\/s100g100pdsendi-1.jpg\" \/>\n\t<meta property=\"og:image:width\" content=\"1067\" \/>\n\t<meta property=\"og:image:height\" content=\"800\" \/>\n\t<meta property=\"og:image:type\" content=\"image\/jpeg\" \/>\n<meta name=\"twitter:card\" content=\"summary_large_image\" \/>\n<script type=\"application\/ld+json\" class=\"yoast-schema-graph\">{\"@context\":\"https:\/\/schema.org\",\"@graph\":[{\"@type\":\"WebPage\",\"@id\":\"https:\/\/www.plaadimehed.ee\/product\/sendi-poleerketas-100\/\",\"url\":\"https:\/\/www.plaadimehed.ee\/product\/sendi-poleerketas-100\/\",\"name\":\"SENDI Poleerketas 100\",\"isPartOf\":{\"@id\":\"https:\/\/www.plaadimehed.ee\/#website\"},\"primaryImageOfPage\":{\"@id\":\"https:\/\/www.plaadimehed.ee\/product\/sendi-poleerketas-100\/#primaryimage\"},\"image\":{\"@id\":\"https:\/\/www.plaadimehed.ee\/product\/sendi-poleerketas-100\/#primaryimage\"},\"thumbnailUrl\":\"https:\/\/www.plaadimehed.ee\/wp-content\/uploads\/2021\/11\/s100g100pdsendi-1.jpg\",\"datePublished\":\"2021-11-26T09:06:00+00:00\",\"dateModified\":\"2026-03-01T11:02:16+00:00\",\"description\":\"SENDI Poleerketas 100 plaadi l\u00f5ikeservade viimistluseks. Kasutamine kumeratel servadel, tasapinnalistel pindadel.Poleerimispadja alusele 100mm. Loe lisaks siit.\",\"breadcrumb\":{\"@id\":\"https:\/\/www.plaadimehed.ee\/product\/sendi-poleerketas-100\/#breadcrumb\"},\"inLanguage\":\"fi\",\"potentialAction\":[{\"@type\":\"ReadAction\",\"target\":[\"https:\/\/www.plaadimehed.ee\/product\/sendi-poleerketas-100\/\"]}]},{\"@type\":\"ImageObject\",\"inLanguage\":\"fi\",\"@id\":\"https:\/\/www.plaadimehed.ee\/product\/sendi-poleerketas-100\/#primaryimage\",\"url\":\"https:\/\/www.plaadimehed.ee\/wp-content\/uploads\/2021\/11\/s100g100pdsendi-1.jpg\",\"contentUrl\":\"https:\/\/www.plaadimehed.ee\/wp-content\/uploads\/2021\/11\/s100g100pdsendi-1.jpg\",\"width\":1067,\"height\":800},{\"@type\":\"BreadcrumbList\",\"@id\":\"https:\/\/www.plaadimehed.ee\/product\/sendi-poleerketas-100\/#breadcrumb\",\"itemListElement\":[{\"@type\":\"ListItem\",\"position\":1,\"name\":\"Home\",\"item\":\"https:\/\/www.plaadimehed.ee\/fi\/\"},{\"@type\":\"ListItem\",\"position\":2,\"name\":\"Verkkokauppa\",\"item\":\"https:\/\/www.plaadimehed.ee\/fi\/shop\/\"},{\"@type\":\"ListItem\",\"position\":3,\"name\":\"SENDI\u00ae Poleerketas 100\"}]},{\"@type\":\"WebSite\",\"@id\":\"https:\/\/www.plaadimehed.ee\/#website\",\"url\":\"https:\/\/www.plaadimehed.ee\/\",\"name\":\"Plaadimehed\",\"description\":\"Plaatimist\u00f6\u00f6deks vajalikud tarvikud ja t\u00f6\u00f6riistad\",\"publisher\":{\"@id\":\"https:\/\/www.plaadimehed.ee\/#organization\"},\"potentialAction\":[{\"@type\":\"SearchAction\",\"target\":{\"@type\":\"EntryPoint\",\"urlTemplate\":\"https:\/\/www.plaadimehed.ee\/?s={search_term_string}\"},\"query-input\":{\"@type\":\"PropertyValueSpecification\",\"valueRequired\":true,\"valueName\":\"search_term_string\"}}],\"inLanguage\":\"fi\"},{\"@type\":\"Organization\",\"@id\":\"https:\/\/www.plaadimehed.ee\/#organization\",\"name\":\"Plaadimehed\",\"url\":\"https:\/\/www.plaadimehed.ee\/\",\"logo\":{\"@type\":\"ImageObject\",\"inLanguage\":\"fi\",\"@id\":\"https:\/\/www.plaadimehed.ee\/#\/schema\/logo\/image\/\",\"url\":\"https:\/\/www.plaadimehed.ee\/wp-content\/uploads\/2024\/05\/plaadimehed-logo.svg\",\"contentUrl\":\"https:\/\/www.plaadimehed.ee\/wp-content\/uploads\/2024\/05\/plaadimehed-logo.svg\",\"width\":266,\"height\":72,\"caption\":\"Plaadimehed\"},\"image\":{\"@id\":\"https:\/\/www.plaadimehed.ee\/#\/schema\/logo\/image\/\"}}]}<\/script>\n<!-- \/ Yoast SEO plugin. -->","yoast_head_json":{"title":"SENDI Poleerketas 100","description":"SENDI Poleerketas 100 plaadi l\u00f5ikeservade viimistluseks. Kasutamine kumeratel servadel, tasapinnalistel pindadel.Poleerimispadja alusele 100mm. Loe lisaks siit.","robots":{"index":"index","follow":"follow","max-snippet":"max-snippet:-1","max-image-preview":"max-image-preview:large","max-video-preview":"max-video-preview:-1"},"canonical":"https:\/\/www.plaadimehed.ee\/product\/sendi-poleerketas-100\/","og_locale":"fi_FI","og_type":"article","og_title":"SENDI Poleerketas 100","og_description":"SENDI Poleerketas 100 plaadi l\u00f5ikeservade viimistluseks. Kasutamine kumeratel servadel, tasapinnalistel pindadel.Poleerimispadja alusele 100mm. Loe lisaks siit.","og_url":"https:\/\/www.plaadimehed.ee\/product\/sendi-poleerketas-100\/","og_site_name":"Plaadimehed","article_modified_time":"2026-03-01T11:02:16+00:00","og_image":[{"width":1067,"height":800,"url":"https:\/\/www.plaadimehed.ee\/wp-content\/uploads\/2021\/11\/s100g100pdsendi-1.jpg","type":"image\/jpeg"}],"twitter_card":"summary_large_image","schema":{"@context":"https:\/\/schema.org","@graph":[{"@type":"WebPage","@id":"https:\/\/www.plaadimehed.ee\/product\/sendi-poleerketas-100\/","url":"https:\/\/www.plaadimehed.ee\/product\/sendi-poleerketas-100\/","name":"SENDI Poleerketas 100","isPartOf":{"@id":"https:\/\/www.plaadimehed.ee\/#website"},"primaryImageOfPage":{"@id":"https:\/\/www.plaadimehed.ee\/product\/sendi-poleerketas-100\/#primaryimage"},"image":{"@id":"https:\/\/www.plaadimehed.ee\/product\/sendi-poleerketas-100\/#primaryimage"},"thumbnailUrl":"https:\/\/www.plaadimehed.ee\/wp-content\/uploads\/2021\/11\/s100g100pdsendi-1.jpg","datePublished":"2021-11-26T09:06:00+00:00","dateModified":"2026-03-01T11:02:16+00:00","description":"SENDI Poleerketas 100 plaadi l\u00f5ikeservade viimistluseks. Kasutamine kumeratel servadel, tasapinnalistel pindadel.Poleerimispadja alusele 100mm. Loe lisaks siit.","breadcrumb":{"@id":"https:\/\/www.plaadimehed.ee\/product\/sendi-poleerketas-100\/#breadcrumb"},"inLanguage":"fi","potentialAction":[{"@type":"ReadAction","target":["https:\/\/www.plaadimehed.ee\/product\/sendi-poleerketas-100\/"]}]},{"@type":"ImageObject","inLanguage":"fi","@id":"https:\/\/www.plaadimehed.ee\/product\/sendi-poleerketas-100\/#primaryimage","url":"https:\/\/www.plaadimehed.ee\/wp-content\/uploads\/2021\/11\/s100g100pdsendi-1.jpg","contentUrl":"https:\/\/www.plaadimehed.ee\/wp-content\/uploads\/2021\/11\/s100g100pdsendi-1.jpg","width":1067,"height":800},{"@type":"BreadcrumbList","@id":"https:\/\/www.plaadimehed.ee\/product\/sendi-poleerketas-100\/#breadcrumb","itemListElement":[{"@type":"ListItem","position":1,"name":"Home","item":"https:\/\/www.plaadimehed.ee\/fi\/"},{"@type":"ListItem","position":2,"name":"Verkkokauppa","item":"https:\/\/www.plaadimehed.ee\/fi\/shop\/"},{"@type":"ListItem","position":3,"name":"SENDI\u00ae Poleerketas 100"}]},{"@type":"WebSite","@id":"https:\/\/www.plaadimehed.ee\/#website","url":"https:\/\/www.plaadimehed.ee\/","name":"Plaadimehed","description":"Plaatimist\u00f6\u00f6deks vajalikud tarvikud ja t\u00f6\u00f6riistad","publisher":{"@id":"https:\/\/www.plaadimehed.ee\/#organization"},"potentialAction":[{"@type":"SearchAction","target":{"@type":"EntryPoint","urlTemplate":"https:\/\/www.plaadimehed.ee\/?s={search_term_string}"},"query-input":{"@type":"PropertyValueSpecification","valueRequired":true,"valueName":"search_term_string"}}],"inLanguage":"fi"},{"@type":"Organization","@id":"https:\/\/www.plaadimehed.ee\/#organization","name":"Plaadimehed","url":"https:\/\/www.plaadimehed.ee\/","logo":{"@type":"ImageObject","inLanguage":"fi","@id":"https:\/\/www.plaadimehed.ee\/#\/schema\/logo\/image\/","url":"https:\/\/www.plaadimehed.ee\/wp-content\/uploads\/2024\/05\/plaadimehed-logo.svg","contentUrl":"https:\/\/www.plaadimehed.ee\/wp-content\/uploads\/2024\/05\/plaadimehed-logo.svg","width":266,"height":72,"caption":"Plaadimehed"},"image":{"@id":"https:\/\/www.plaadimehed.ee\/#\/schema\/logo\/image\/"}}]}},"_links":{"self":[{"href":"https:\/\/www.plaadimehed.ee\/fi\/wp-json\/wp\/v2\/product\/3164","targetHints":{"allow":["GET"]}}],"collection":[{"href":"https:\/\/www.plaadimehed.ee\/fi\/wp-json\/wp\/v2\/product"}],"about":[{"href":"https:\/\/www.plaadimehed.ee\/fi\/wp-json\/wp\/v2\/types\/product"}],"wp:featuredmedia":[{"embeddable":true,"href":"https:\/\/www.plaadimehed.ee\/fi\/wp-json\/wp\/v2\/media\/3165"}],"wp:attachment":[{"href":"https:\/\/www.plaadimehed.ee\/fi\/wp-json\/wp\/v2\/media?parent=3164"}],"wp:term":[{"taxonomy":"product_brand","embeddable":true,"href":"https:\/\/www.plaadimehed.ee\/fi\/wp-json\/wp\/v2\/product_brand?post=3164"},{"taxonomy":"product_cat","embeddable":true,"href":"https:\/\/www.plaadimehed.ee\/fi\/wp-json\/wp\/v2\/product_cat?post=3164"},{"taxonomy":"product_tag","embeddable":true,"href":"https:\/\/www.plaadimehed.ee\/fi\/wp-json\/wp\/v2\/product_tag?post=3164"}],"curies":[{"name":"wp","href":"https:\/\/api.w.org\/{rel}","templated":true}]}}