{"id":3203,"date":"2021-12-01T09:50:18","date_gmt":"2021-12-01T07:50:18","guid":{"rendered":"https:\/\/www.plaadimehed.ee\/?post_type=product&#038;p=3203"},"modified":"2023-03-29T09:06:39","modified_gmt":"2023-03-29T07:06:39","slug":"bihui-marke-laser-3-x-360o-rent","status":"publish","type":"product","link":"https:\/\/www.plaadimehed.ee\/fi\/product\/bihui-marke-laser-3-x-360o-rent\/","title":{"rendered":"BIHUI\u00ae m\u00e4rke laser 3 x 360\u00ba RENT"},"content":{"rendered":"<p>\u25cf IP 54<br \/>\n\u25cf Liitium-ioonaku \/ USB laadimine<br \/>\n\u25cf Abiks plaatimisel, tasandamisel ja muude t\u00f6\u00f6de osas mis vajavad t\u00e4psust<br \/>\n\u25cf 360 kraadi seadistus, roheline kiir<br \/>\n\u25cf T\u00f5\u00f5kaugus 45 m, t\u00f6\u00f6temperatuur -10\u00baC kuni +50\u00baC<br \/>\n\u25cf T\u00e4psus: H \/ V joon \u00b1 3mm \/ 10m<br \/>\n\u25cf Komplektis kandekohver, prillid, laadija, jalg alus, seinakinnitus adapter, magnet hoidja ja m\u00e4rkeplaat<\/p>\n<p>&nbsp;<\/p>\n<p><img loading=\"lazy\" decoding=\"async\" class=\"alignnone wp-image-135\" src=\"https:\/\/www.plaadimehed.ee\/wp-content\/uploads\/2021\/05\/bdf-logo.png\" alt=\"\" width=\"29\" height=\"29\" srcset=\"https:\/\/www.plaadimehed.ee\/wp-content\/uploads\/2021\/05\/bdf-logo.png 225w, https:\/\/www.plaadimehed.ee\/wp-content\/uploads\/2021\/05\/bdf-logo-100x100.png 100w, https:\/\/www.plaadimehed.ee\/wp-content\/uploads\/2021\/05\/bdf-logo-150x150.png 150w\" sizes=\"auto, (max-width: 29px) 100vw, 29px\" \/><a href=\"https:\/\/www.plaadimehed.ee\/wp-content\/uploads\/2021\/07\/Plaadimehed-OU-tooriistade-rendi-uldtingimused.pdf\">Plaadimehed O\u00dc t\u00f6\u00f6riistade rendi \u00fcldtingimused<\/a><\/p>\n<p>&nbsp;<\/p>\n","protected":false},"excerpt":{"rendered":"<p>K\u00f5ik kalendrip\u00e4evad on tasulised.<\/p>\n<p>Alates 8. p\u00e4evast rendisoodustus -10%<\/p>\n<p>Alates 31. p\u00e4evast rendisoodustus -20%<\/p>\n","protected":false},"featured_media":2901,"template":"","meta":{"_acf_changed":false},"product_brand":[26],"product_cat":[43,72],"product_tag":[],"class_list":{"0":"post-3203","1":"product","2":"type-product","3":"status-publish","4":"has-post-thumbnail","6":"product_brand-bihui","7":"product_cat-tooriistade-rent","8":"product_cat-laserid","10":"first","11":"instock","12":"taxable","13":"shipping-taxable","14":"purchasable","15":"product-type-simple"},"acf":[],"yoast_head":"<!-- This site is optimized with the Yoast SEO plugin v27.0 - https:\/\/yoast.com\/product\/yoast-seo-wordpress\/ -->\n<title>BIHUI\u00ae m\u00e4rke laser 3 x 360\u00ba RENT - Plaadimehed<\/title>\n<meta name=\"description\" content=\"BIHUI m\u00e4rke laser 3x360\u00ba rent plaatimiseks, tasandamiseks. USB&#x2d;laadimine, t\u00f6\u00f6kaugus 45m. Alates 8. p\u00e4evast rendisoodustus 10%, alates 31. p\u00e4evast 20%. Loe l\u00e4hemalt.\" \/>\n<meta name=\"robots\" content=\"index, follow, max-snippet:-1, max-image-preview:large, max-video-preview:-1\" \/>\n<link rel=\"canonical\" href=\"https:\/\/www.plaadimehed.ee\/product\/bihui-marke-laser-3-x-360o-rent\/\" \/>\n<meta property=\"og:locale\" content=\"fi_FI\" \/>\n<meta property=\"og:type\" content=\"article\" \/>\n<meta property=\"og:title\" content=\"BIHUI\u00ae m\u00e4rke laser 3 x 360\u00ba RENT - Plaadimehed\" \/>\n<meta property=\"og:description\" content=\"BIHUI m\u00e4rke laser 3x360\u00ba rent plaatimiseks, tasandamiseks. USB&#x2d;laadimine, t\u00f6\u00f6kaugus 45m. Alates 8. p\u00e4evast rendisoodustus 10%, alates 31. p\u00e4evast 20%. Loe l\u00e4hemalt.\" \/>\n<meta property=\"og:url\" content=\"https:\/\/www.plaadimehed.ee\/product\/bihui-marke-laser-3-x-360o-rent\/\" \/>\n<meta property=\"og:site_name\" content=\"Plaadimehed\" \/>\n<meta property=\"article:modified_time\" content=\"2023-03-29T07:06:39+00:00\" \/>\n<meta property=\"og:image\" content=\"https:\/\/www.plaadimehed.ee\/wp-content\/uploads\/2021\/10\/12lines-laser-level.jpg\" \/>\n\t<meta property=\"og:image:width\" content=\"418\" \/>\n\t<meta property=\"og:image:height\" content=\"474\" \/>\n\t<meta property=\"og:image:type\" content=\"image\/jpeg\" \/>\n<meta name=\"twitter:card\" content=\"summary_large_image\" \/>\n<script type=\"application\/ld+json\" class=\"yoast-schema-graph\">{\"@context\":\"https:\/\/schema.org\",\"@graph\":[{\"@type\":\"WebPage\",\"@id\":\"https:\/\/www.plaadimehed.ee\/product\/bihui-marke-laser-3-x-360o-rent\/\",\"url\":\"https:\/\/www.plaadimehed.ee\/product\/bihui-marke-laser-3-x-360o-rent\/\",\"name\":\"BIHUI\u00ae m\u00e4rke laser 3 x 360\u00ba RENT - Plaadimehed\",\"isPartOf\":{\"@id\":\"https:\/\/www.plaadimehed.ee\/#website\"},\"primaryImageOfPage\":{\"@id\":\"https:\/\/www.plaadimehed.ee\/product\/bihui-marke-laser-3-x-360o-rent\/#primaryimage\"},\"image\":{\"@id\":\"https:\/\/www.plaadimehed.ee\/product\/bihui-marke-laser-3-x-360o-rent\/#primaryimage\"},\"thumbnailUrl\":\"https:\/\/www.plaadimehed.ee\/wp-content\/uploads\/2021\/10\/12lines-laser-level.jpg\",\"datePublished\":\"2021-12-01T07:50:18+00:00\",\"dateModified\":\"2023-03-29T07:06:39+00:00\",\"description\":\"BIHUI m\u00e4rke laser 3x360\u00ba rent plaatimiseks, tasandamiseks. USB&#x2d;laadimine, t\u00f6\u00f6kaugus 45m. Alates 8. p\u00e4evast rendisoodustus 10%, alates 31. p\u00e4evast 20%. Loe l\u00e4hemalt.\",\"breadcrumb\":{\"@id\":\"https:\/\/www.plaadimehed.ee\/product\/bihui-marke-laser-3-x-360o-rent\/#breadcrumb\"},\"inLanguage\":\"fi\",\"potentialAction\":[{\"@type\":\"ReadAction\",\"target\":[\"https:\/\/www.plaadimehed.ee\/product\/bihui-marke-laser-3-x-360o-rent\/\"]}]},{\"@type\":\"ImageObject\",\"inLanguage\":\"fi\",\"@id\":\"https:\/\/www.plaadimehed.ee\/product\/bihui-marke-laser-3-x-360o-rent\/#primaryimage\",\"url\":\"https:\/\/www.plaadimehed.ee\/wp-content\/uploads\/2021\/10\/12lines-laser-level.jpg\",\"contentUrl\":\"https:\/\/www.plaadimehed.ee\/wp-content\/uploads\/2021\/10\/12lines-laser-level.jpg\",\"width\":418,\"height\":474},{\"@type\":\"BreadcrumbList\",\"@id\":\"https:\/\/www.plaadimehed.ee\/product\/bihui-marke-laser-3-x-360o-rent\/#breadcrumb\",\"itemListElement\":[{\"@type\":\"ListItem\",\"position\":1,\"name\":\"Home\",\"item\":\"https:\/\/www.plaadimehed.ee\/fi\/\"},{\"@type\":\"ListItem\",\"position\":2,\"name\":\"Verkkokauppa\",\"item\":\"https:\/\/www.plaadimehed.ee\/fi\/shop\/\"},{\"@type\":\"ListItem\",\"position\":3,\"name\":\"BIHUI\u00ae m\u00e4rke laser 3 x 360\u00ba RENT\"}]},{\"@type\":\"WebSite\",\"@id\":\"https:\/\/www.plaadimehed.ee\/#website\",\"url\":\"https:\/\/www.plaadimehed.ee\/\",\"name\":\"Plaadimehed\",\"description\":\"Plaatimist\u00f6\u00f6deks vajalikud tarvikud ja t\u00f6\u00f6riistad\",\"publisher\":{\"@id\":\"https:\/\/www.plaadimehed.ee\/#organization\"},\"potentialAction\":[{\"@type\":\"SearchAction\",\"target\":{\"@type\":\"EntryPoint\",\"urlTemplate\":\"https:\/\/www.plaadimehed.ee\/?s={search_term_string}\"},\"query-input\":{\"@type\":\"PropertyValueSpecification\",\"valueRequired\":true,\"valueName\":\"search_term_string\"}}],\"inLanguage\":\"fi\"},{\"@type\":\"Organization\",\"@id\":\"https:\/\/www.plaadimehed.ee\/#organization\",\"name\":\"Plaadimehed\",\"url\":\"https:\/\/www.plaadimehed.ee\/\",\"logo\":{\"@type\":\"ImageObject\",\"inLanguage\":\"fi\",\"@id\":\"https:\/\/www.plaadimehed.ee\/#\/schema\/logo\/image\/\",\"url\":\"https:\/\/www.plaadimehed.ee\/wp-content\/uploads\/2024\/05\/plaadimehed-logo.svg\",\"contentUrl\":\"https:\/\/www.plaadimehed.ee\/wp-content\/uploads\/2024\/05\/plaadimehed-logo.svg\",\"width\":266,\"height\":72,\"caption\":\"Plaadimehed\"},\"image\":{\"@id\":\"https:\/\/www.plaadimehed.ee\/#\/schema\/logo\/image\/\"}}]}<\/script>\n<!-- \/ Yoast SEO plugin. -->","yoast_head_json":{"title":"BIHUI\u00ae m\u00e4rke laser 3 x 360\u00ba RENT - Plaadimehed","description":"BIHUI m\u00e4rke laser 3x360\u00ba rent plaatimiseks, tasandamiseks. USB&#x2d;laadimine, t\u00f6\u00f6kaugus 45m. Alates 8. p\u00e4evast rendisoodustus 10%, alates 31. p\u00e4evast 20%. Loe l\u00e4hemalt.","robots":{"index":"index","follow":"follow","max-snippet":"max-snippet:-1","max-image-preview":"max-image-preview:large","max-video-preview":"max-video-preview:-1"},"canonical":"https:\/\/www.plaadimehed.ee\/product\/bihui-marke-laser-3-x-360o-rent\/","og_locale":"fi_FI","og_type":"article","og_title":"BIHUI\u00ae m\u00e4rke laser 3 x 360\u00ba RENT - Plaadimehed","og_description":"BIHUI m\u00e4rke laser 3x360\u00ba rent plaatimiseks, tasandamiseks. USB&#x2d;laadimine, t\u00f6\u00f6kaugus 45m. Alates 8. p\u00e4evast rendisoodustus 10%, alates 31. p\u00e4evast 20%. Loe l\u00e4hemalt.","og_url":"https:\/\/www.plaadimehed.ee\/product\/bihui-marke-laser-3-x-360o-rent\/","og_site_name":"Plaadimehed","article_modified_time":"2023-03-29T07:06:39+00:00","og_image":[{"width":418,"height":474,"url":"https:\/\/www.plaadimehed.ee\/wp-content\/uploads\/2021\/10\/12lines-laser-level.jpg","type":"image\/jpeg"}],"twitter_card":"summary_large_image","schema":{"@context":"https:\/\/schema.org","@graph":[{"@type":"WebPage","@id":"https:\/\/www.plaadimehed.ee\/product\/bihui-marke-laser-3-x-360o-rent\/","url":"https:\/\/www.plaadimehed.ee\/product\/bihui-marke-laser-3-x-360o-rent\/","name":"BIHUI\u00ae m\u00e4rke laser 3 x 360\u00ba RENT - Plaadimehed","isPartOf":{"@id":"https:\/\/www.plaadimehed.ee\/#website"},"primaryImageOfPage":{"@id":"https:\/\/www.plaadimehed.ee\/product\/bihui-marke-laser-3-x-360o-rent\/#primaryimage"},"image":{"@id":"https:\/\/www.plaadimehed.ee\/product\/bihui-marke-laser-3-x-360o-rent\/#primaryimage"},"thumbnailUrl":"https:\/\/www.plaadimehed.ee\/wp-content\/uploads\/2021\/10\/12lines-laser-level.jpg","datePublished":"2021-12-01T07:50:18+00:00","dateModified":"2023-03-29T07:06:39+00:00","description":"BIHUI m\u00e4rke laser 3x360\u00ba rent plaatimiseks, tasandamiseks. USB&#x2d;laadimine, t\u00f6\u00f6kaugus 45m. Alates 8. p\u00e4evast rendisoodustus 10%, alates 31. p\u00e4evast 20%. Loe l\u00e4hemalt.","breadcrumb":{"@id":"https:\/\/www.plaadimehed.ee\/product\/bihui-marke-laser-3-x-360o-rent\/#breadcrumb"},"inLanguage":"fi","potentialAction":[{"@type":"ReadAction","target":["https:\/\/www.plaadimehed.ee\/product\/bihui-marke-laser-3-x-360o-rent\/"]}]},{"@type":"ImageObject","inLanguage":"fi","@id":"https:\/\/www.plaadimehed.ee\/product\/bihui-marke-laser-3-x-360o-rent\/#primaryimage","url":"https:\/\/www.plaadimehed.ee\/wp-content\/uploads\/2021\/10\/12lines-laser-level.jpg","contentUrl":"https:\/\/www.plaadimehed.ee\/wp-content\/uploads\/2021\/10\/12lines-laser-level.jpg","width":418,"height":474},{"@type":"BreadcrumbList","@id":"https:\/\/www.plaadimehed.ee\/product\/bihui-marke-laser-3-x-360o-rent\/#breadcrumb","itemListElement":[{"@type":"ListItem","position":1,"name":"Home","item":"https:\/\/www.plaadimehed.ee\/fi\/"},{"@type":"ListItem","position":2,"name":"Verkkokauppa","item":"https:\/\/www.plaadimehed.ee\/fi\/shop\/"},{"@type":"ListItem","position":3,"name":"BIHUI\u00ae m\u00e4rke laser 3 x 360\u00ba RENT"}]},{"@type":"WebSite","@id":"https:\/\/www.plaadimehed.ee\/#website","url":"https:\/\/www.plaadimehed.ee\/","name":"Plaadimehed","description":"Plaatimist\u00f6\u00f6deks vajalikud tarvikud ja t\u00f6\u00f6riistad","publisher":{"@id":"https:\/\/www.plaadimehed.ee\/#organization"},"potentialAction":[{"@type":"SearchAction","target":{"@type":"EntryPoint","urlTemplate":"https:\/\/www.plaadimehed.ee\/?s={search_term_string}"},"query-input":{"@type":"PropertyValueSpecification","valueRequired":true,"valueName":"search_term_string"}}],"inLanguage":"fi"},{"@type":"Organization","@id":"https:\/\/www.plaadimehed.ee\/#organization","name":"Plaadimehed","url":"https:\/\/www.plaadimehed.ee\/","logo":{"@type":"ImageObject","inLanguage":"fi","@id":"https:\/\/www.plaadimehed.ee\/#\/schema\/logo\/image\/","url":"https:\/\/www.plaadimehed.ee\/wp-content\/uploads\/2024\/05\/plaadimehed-logo.svg","contentUrl":"https:\/\/www.plaadimehed.ee\/wp-content\/uploads\/2024\/05\/plaadimehed-logo.svg","width":266,"height":72,"caption":"Plaadimehed"},"image":{"@id":"https:\/\/www.plaadimehed.ee\/#\/schema\/logo\/image\/"}}]}},"_links":{"self":[{"href":"https:\/\/www.plaadimehed.ee\/fi\/wp-json\/wp\/v2\/product\/3203","targetHints":{"allow":["GET"]}}],"collection":[{"href":"https:\/\/www.plaadimehed.ee\/fi\/wp-json\/wp\/v2\/product"}],"about":[{"href":"https:\/\/www.plaadimehed.ee\/fi\/wp-json\/wp\/v2\/types\/product"}],"wp:featuredmedia":[{"embeddable":true,"href":"https:\/\/www.plaadimehed.ee\/fi\/wp-json\/wp\/v2\/media\/2901"}],"wp:attachment":[{"href":"https:\/\/www.plaadimehed.ee\/fi\/wp-json\/wp\/v2\/media?parent=3203"}],"wp:term":[{"taxonomy":"product_brand","embeddable":true,"href":"https:\/\/www.plaadimehed.ee\/fi\/wp-json\/wp\/v2\/product_brand?post=3203"},{"taxonomy":"product_cat","embeddable":true,"href":"https:\/\/www.plaadimehed.ee\/fi\/wp-json\/wp\/v2\/product_cat?post=3203"},{"taxonomy":"product_tag","embeddable":true,"href":"https:\/\/www.plaadimehed.ee\/fi\/wp-json\/wp\/v2\/product_tag?post=3203"}],"curies":[{"name":"wp","href":"https:\/\/api.w.org\/{rel}","templated":true}]}}