{"id":3435,"date":"2021-12-30T14:15:22","date_gmt":"2021-12-30T12:15:22","guid":{"rendered":"https:\/\/www.plaadimehed.ee\/?post_type=product&#038;p=3435"},"modified":"2022-09-16T10:18:10","modified_gmt":"2022-09-16T08:18:10","slug":"bihui-tootasapind-avade-freesimiseks-ja-loikamiseks","status":"publish","type":"product","link":"https:\/\/www.plaadimehed.ee\/fi\/product\/bihui-tootasapind-avade-freesimiseks-ja-loikamiseks\/","title":{"rendered":"BIHUI\u00ae T\u00f6\u00f6tasapind avade freesimiseks ja l\u00f5ikamiseks"},"content":{"rendered":"<p>\u25cf T\u00f6\u00f6ltasapind plaatide ettevalmistamiseks\/l\u00f5ikamiseks ja avade freesimiseks<br \/>\n\u25cf T\u00f6\u00f6tasapinnal tolmuimeja \u00fchendus liides<br \/>\n\u25cf Tugev metallkorpus, k\u00fcljel tolmueemaldus luuk<br \/>\n\u25cf T\u00f6\u00f6tasapinna m\u00f5\u00f5dud 50 cm x 35 cm x 6,5 cm<br \/>\n\u25cf K\u00e4epide mugavaks transportimiseks<\/p>\n<p>&nbsp;<\/p>\n<p>&nbsp;<\/p>\n","protected":false},"excerpt":{"rendered":"<p>Multifunktsionaalne t\u00f6\u00f6tasapind plaatijatele<\/p>\n","protected":false},"featured_media":3436,"template":"","meta":{"_acf_changed":false},"product_brand":[26],"product_cat":[109,50],"product_tag":[],"class_list":{"0":"post-3435","1":"product","2":"type-product","3":"status-publish","4":"has-post-thumbnail","6":"product_brand-bihui","7":"product_cat-toolauad-2","8":"product_cat-tolmu-vahendamiseks","10":"first","11":"instock","12":"taxable","13":"shipping-taxable","14":"purchasable","15":"product-type-simple"},"acf":[],"yoast_head":"<!-- This site is optimized with the Yoast SEO plugin v27.0 - https:\/\/yoast.com\/product\/yoast-seo-wordpress\/ -->\n<title>BIHUI\u00ae T\u00f6\u00f6tasapind avade freesimiseks ja l\u00f5ikamiseks - Plaadimehed<\/title>\n<meta name=\"robots\" content=\"index, follow, max-snippet:-1, max-image-preview:large, max-video-preview:-1\" \/>\n<link rel=\"canonical\" href=\"https:\/\/www.plaadimehed.ee\/product\/bihui-tootasapind-avade-freesimiseks-ja-loikamiseks\/\" \/>\n<meta property=\"og:locale\" content=\"fi_FI\" \/>\n<meta property=\"og:type\" content=\"article\" \/>\n<meta property=\"og:title\" content=\"BIHUI\u00ae T\u00f6\u00f6tasapind avade freesimiseks ja l\u00f5ikamiseks - Plaadimehed\" \/>\n<meta property=\"og:description\" content=\"Multifunktsionaalne t\u00f6\u00f6tasapind plaatijatele\" \/>\n<meta property=\"og:url\" content=\"https:\/\/www.plaadimehed.ee\/product\/bihui-tootasapind-avade-freesimiseks-ja-loikamiseks\/\" \/>\n<meta property=\"og:site_name\" content=\"Plaadimehed\" \/>\n<meta property=\"article:modified_time\" content=\"2022-09-16T08:18:10+00:00\" \/>\n<meta property=\"og:image\" content=\"https:\/\/www.plaadimehed.ee\/wp-content\/uploads\/2021\/12\/loike-alus.jpg\" \/>\n\t<meta property=\"og:image:width\" content=\"2084\" \/>\n\t<meta property=\"og:image:height\" content=\"2084\" \/>\n\t<meta property=\"og:image:type\" content=\"image\/jpeg\" \/>\n<meta name=\"twitter:card\" content=\"summary_large_image\" \/>\n<script type=\"application\/ld+json\" class=\"yoast-schema-graph\">{\"@context\":\"https:\/\/schema.org\",\"@graph\":[{\"@type\":\"WebPage\",\"@id\":\"https:\/\/www.plaadimehed.ee\/product\/bihui-tootasapind-avade-freesimiseks-ja-loikamiseks\/\",\"url\":\"https:\/\/www.plaadimehed.ee\/product\/bihui-tootasapind-avade-freesimiseks-ja-loikamiseks\/\",\"name\":\"BIHUI\u00ae T\u00f6\u00f6tasapind avade freesimiseks ja l\u00f5ikamiseks - Plaadimehed\",\"isPartOf\":{\"@id\":\"https:\/\/www.plaadimehed.ee\/#website\"},\"primaryImageOfPage\":{\"@id\":\"https:\/\/www.plaadimehed.ee\/product\/bihui-tootasapind-avade-freesimiseks-ja-loikamiseks\/#primaryimage\"},\"image\":{\"@id\":\"https:\/\/www.plaadimehed.ee\/product\/bihui-tootasapind-avade-freesimiseks-ja-loikamiseks\/#primaryimage\"},\"thumbnailUrl\":\"https:\/\/www.plaadimehed.ee\/wp-content\/uploads\/2021\/12\/loike-alus.jpg\",\"datePublished\":\"2021-12-30T12:15:22+00:00\",\"dateModified\":\"2022-09-16T08:18:10+00:00\",\"breadcrumb\":{\"@id\":\"https:\/\/www.plaadimehed.ee\/product\/bihui-tootasapind-avade-freesimiseks-ja-loikamiseks\/#breadcrumb\"},\"inLanguage\":\"fi\",\"potentialAction\":[{\"@type\":\"ReadAction\",\"target\":[\"https:\/\/www.plaadimehed.ee\/product\/bihui-tootasapind-avade-freesimiseks-ja-loikamiseks\/\"]}]},{\"@type\":\"ImageObject\",\"inLanguage\":\"fi\",\"@id\":\"https:\/\/www.plaadimehed.ee\/product\/bihui-tootasapind-avade-freesimiseks-ja-loikamiseks\/#primaryimage\",\"url\":\"https:\/\/www.plaadimehed.ee\/wp-content\/uploads\/2021\/12\/loike-alus.jpg\",\"contentUrl\":\"https:\/\/www.plaadimehed.ee\/wp-content\/uploads\/2021\/12\/loike-alus.jpg\",\"width\":2084,\"height\":2084},{\"@type\":\"BreadcrumbList\",\"@id\":\"https:\/\/www.plaadimehed.ee\/product\/bihui-tootasapind-avade-freesimiseks-ja-loikamiseks\/#breadcrumb\",\"itemListElement\":[{\"@type\":\"ListItem\",\"position\":1,\"name\":\"Home\",\"item\":\"https:\/\/www.plaadimehed.ee\/fi\/\"},{\"@type\":\"ListItem\",\"position\":2,\"name\":\"Verkkokauppa\",\"item\":\"https:\/\/www.plaadimehed.ee\/fi\/shop\/\"},{\"@type\":\"ListItem\",\"position\":3,\"name\":\"BIHUI\u00ae T\u00f6\u00f6tasapind avade freesimiseks ja l\u00f5ikamiseks\"}]},{\"@type\":\"WebSite\",\"@id\":\"https:\/\/www.plaadimehed.ee\/#website\",\"url\":\"https:\/\/www.plaadimehed.ee\/\",\"name\":\"Plaadimehed\",\"description\":\"Plaatimist\u00f6\u00f6deks vajalikud tarvikud ja t\u00f6\u00f6riistad\",\"publisher\":{\"@id\":\"https:\/\/www.plaadimehed.ee\/#organization\"},\"potentialAction\":[{\"@type\":\"SearchAction\",\"target\":{\"@type\":\"EntryPoint\",\"urlTemplate\":\"https:\/\/www.plaadimehed.ee\/?s={search_term_string}\"},\"query-input\":{\"@type\":\"PropertyValueSpecification\",\"valueRequired\":true,\"valueName\":\"search_term_string\"}}],\"inLanguage\":\"fi\"},{\"@type\":\"Organization\",\"@id\":\"https:\/\/www.plaadimehed.ee\/#organization\",\"name\":\"Plaadimehed\",\"url\":\"https:\/\/www.plaadimehed.ee\/\",\"logo\":{\"@type\":\"ImageObject\",\"inLanguage\":\"fi\",\"@id\":\"https:\/\/www.plaadimehed.ee\/#\/schema\/logo\/image\/\",\"url\":\"https:\/\/www.plaadimehed.ee\/wp-content\/uploads\/2024\/05\/plaadimehed-logo.svg\",\"contentUrl\":\"https:\/\/www.plaadimehed.ee\/wp-content\/uploads\/2024\/05\/plaadimehed-logo.svg\",\"width\":266,\"height\":72,\"caption\":\"Plaadimehed\"},\"image\":{\"@id\":\"https:\/\/www.plaadimehed.ee\/#\/schema\/logo\/image\/\"}}]}<\/script>\n<!-- \/ Yoast SEO plugin. -->","yoast_head_json":{"title":"BIHUI\u00ae T\u00f6\u00f6tasapind avade freesimiseks ja l\u00f5ikamiseks - Plaadimehed","robots":{"index":"index","follow":"follow","max-snippet":"max-snippet:-1","max-image-preview":"max-image-preview:large","max-video-preview":"max-video-preview:-1"},"canonical":"https:\/\/www.plaadimehed.ee\/product\/bihui-tootasapind-avade-freesimiseks-ja-loikamiseks\/","og_locale":"fi_FI","og_type":"article","og_title":"BIHUI\u00ae T\u00f6\u00f6tasapind avade freesimiseks ja l\u00f5ikamiseks - Plaadimehed","og_description":"Multifunktsionaalne t\u00f6\u00f6tasapind plaatijatele","og_url":"https:\/\/www.plaadimehed.ee\/product\/bihui-tootasapind-avade-freesimiseks-ja-loikamiseks\/","og_site_name":"Plaadimehed","article_modified_time":"2022-09-16T08:18:10+00:00","og_image":[{"width":2084,"height":2084,"url":"https:\/\/www.plaadimehed.ee\/wp-content\/uploads\/2021\/12\/loike-alus.jpg","type":"image\/jpeg"}],"twitter_card":"summary_large_image","schema":{"@context":"https:\/\/schema.org","@graph":[{"@type":"WebPage","@id":"https:\/\/www.plaadimehed.ee\/product\/bihui-tootasapind-avade-freesimiseks-ja-loikamiseks\/","url":"https:\/\/www.plaadimehed.ee\/product\/bihui-tootasapind-avade-freesimiseks-ja-loikamiseks\/","name":"BIHUI\u00ae T\u00f6\u00f6tasapind avade freesimiseks ja l\u00f5ikamiseks - Plaadimehed","isPartOf":{"@id":"https:\/\/www.plaadimehed.ee\/#website"},"primaryImageOfPage":{"@id":"https:\/\/www.plaadimehed.ee\/product\/bihui-tootasapind-avade-freesimiseks-ja-loikamiseks\/#primaryimage"},"image":{"@id":"https:\/\/www.plaadimehed.ee\/product\/bihui-tootasapind-avade-freesimiseks-ja-loikamiseks\/#primaryimage"},"thumbnailUrl":"https:\/\/www.plaadimehed.ee\/wp-content\/uploads\/2021\/12\/loike-alus.jpg","datePublished":"2021-12-30T12:15:22+00:00","dateModified":"2022-09-16T08:18:10+00:00","breadcrumb":{"@id":"https:\/\/www.plaadimehed.ee\/product\/bihui-tootasapind-avade-freesimiseks-ja-loikamiseks\/#breadcrumb"},"inLanguage":"fi","potentialAction":[{"@type":"ReadAction","target":["https:\/\/www.plaadimehed.ee\/product\/bihui-tootasapind-avade-freesimiseks-ja-loikamiseks\/"]}]},{"@type":"ImageObject","inLanguage":"fi","@id":"https:\/\/www.plaadimehed.ee\/product\/bihui-tootasapind-avade-freesimiseks-ja-loikamiseks\/#primaryimage","url":"https:\/\/www.plaadimehed.ee\/wp-content\/uploads\/2021\/12\/loike-alus.jpg","contentUrl":"https:\/\/www.plaadimehed.ee\/wp-content\/uploads\/2021\/12\/loike-alus.jpg","width":2084,"height":2084},{"@type":"BreadcrumbList","@id":"https:\/\/www.plaadimehed.ee\/product\/bihui-tootasapind-avade-freesimiseks-ja-loikamiseks\/#breadcrumb","itemListElement":[{"@type":"ListItem","position":1,"name":"Home","item":"https:\/\/www.plaadimehed.ee\/fi\/"},{"@type":"ListItem","position":2,"name":"Verkkokauppa","item":"https:\/\/www.plaadimehed.ee\/fi\/shop\/"},{"@type":"ListItem","position":3,"name":"BIHUI\u00ae T\u00f6\u00f6tasapind avade freesimiseks ja l\u00f5ikamiseks"}]},{"@type":"WebSite","@id":"https:\/\/www.plaadimehed.ee\/#website","url":"https:\/\/www.plaadimehed.ee\/","name":"Plaadimehed","description":"Plaatimist\u00f6\u00f6deks vajalikud tarvikud ja t\u00f6\u00f6riistad","publisher":{"@id":"https:\/\/www.plaadimehed.ee\/#organization"},"potentialAction":[{"@type":"SearchAction","target":{"@type":"EntryPoint","urlTemplate":"https:\/\/www.plaadimehed.ee\/?s={search_term_string}"},"query-input":{"@type":"PropertyValueSpecification","valueRequired":true,"valueName":"search_term_string"}}],"inLanguage":"fi"},{"@type":"Organization","@id":"https:\/\/www.plaadimehed.ee\/#organization","name":"Plaadimehed","url":"https:\/\/www.plaadimehed.ee\/","logo":{"@type":"ImageObject","inLanguage":"fi","@id":"https:\/\/www.plaadimehed.ee\/#\/schema\/logo\/image\/","url":"https:\/\/www.plaadimehed.ee\/wp-content\/uploads\/2024\/05\/plaadimehed-logo.svg","contentUrl":"https:\/\/www.plaadimehed.ee\/wp-content\/uploads\/2024\/05\/plaadimehed-logo.svg","width":266,"height":72,"caption":"Plaadimehed"},"image":{"@id":"https:\/\/www.plaadimehed.ee\/#\/schema\/logo\/image\/"}}]}},"_links":{"self":[{"href":"https:\/\/www.plaadimehed.ee\/fi\/wp-json\/wp\/v2\/product\/3435","targetHints":{"allow":["GET"]}}],"collection":[{"href":"https:\/\/www.plaadimehed.ee\/fi\/wp-json\/wp\/v2\/product"}],"about":[{"href":"https:\/\/www.plaadimehed.ee\/fi\/wp-json\/wp\/v2\/types\/product"}],"wp:featuredmedia":[{"embeddable":true,"href":"https:\/\/www.plaadimehed.ee\/fi\/wp-json\/wp\/v2\/media\/3436"}],"wp:attachment":[{"href":"https:\/\/www.plaadimehed.ee\/fi\/wp-json\/wp\/v2\/media?parent=3435"}],"wp:term":[{"taxonomy":"product_brand","embeddable":true,"href":"https:\/\/www.plaadimehed.ee\/fi\/wp-json\/wp\/v2\/product_brand?post=3435"},{"taxonomy":"product_cat","embeddable":true,"href":"https:\/\/www.plaadimehed.ee\/fi\/wp-json\/wp\/v2\/product_cat?post=3435"},{"taxonomy":"product_tag","embeddable":true,"href":"https:\/\/www.plaadimehed.ee\/fi\/wp-json\/wp\/v2\/product_tag?post=3435"}],"curies":[{"name":"wp","href":"https:\/\/api.w.org\/{rel}","templated":true}]}}