{"id":349,"date":"2021-05-26T14:09:30","date_gmt":"2021-05-26T12:09:30","guid":{"rendered":"https:\/\/www.plaadimehed.ee\/?post_type=product&#038;p=349"},"modified":"2024-09-16T07:50:59","modified_gmt":"2024-09-16T05:50:59","slug":"bihui-vibra-vaakumhaarats-lisaaku","status":"publish","type":"product","link":"https:\/\/www.plaadimehed.ee\/fi\/product\/bihui-vibra-vaakumhaarats-lisaaku\/","title":{"rendered":"BIHUI\u00ae 2.0 vibra-vaakumhaarats lisaaku"},"content":{"rendered":"<p>\u25cf Sobivus 35 kg t\u00f5stev\u00f5imega vaakumhaaratsile LFTBV<br \/>\n\u25cf Liitiumaku 16.8V, 2.0 Ah, laadimisaeg ca 2 h<br \/>\n\u25cf Aku kestvuse indikaator<\/p>\n<p>&nbsp;<\/p>\n<p><img loading=\"lazy\" decoding=\"async\" class=\"alignnone wp-image-135\" src=\"https:\/\/www.plaadimehed.ee\/wp-content\/uploads\/2021\/05\/bdf-logo.png\" alt=\"\" width=\"29\" height=\"29\" srcset=\"https:\/\/www.plaadimehed.ee\/wp-content\/uploads\/2021\/05\/bdf-logo.png 225w, https:\/\/www.plaadimehed.ee\/wp-content\/uploads\/2021\/05\/bdf-logo-100x100.png 100w, https:\/\/www.plaadimehed.ee\/wp-content\/uploads\/2021\/05\/bdf-logo-150x150.png 150w\" sizes=\"auto, (max-width: 29px) 100vw, 29px\" \/><a href=\"https:\/\/www.plaadimehed.ee\/wp-content\/uploads\/2021\/05\/BiHui-vibration-tile-beater-2.0-lisaaku.pdf\">Bihui lisaaku tooteinfo<\/a><\/p>\n<p>&nbsp;<\/p>\n","protected":false},"excerpt":{"rendered":"<p>\u25cf Sobivus 35 kg t\u00f5stev\u00f5imega vaakumhaaratsile LFTBV \u25cf Liitiumaku 16.8V, 2.0 Ah, laadimisaeg ca 2 h \u25cf Aku kestvuse indikaator &nbsp; Bihui lisaaku tooteinfo &nbsp;<\/p>\n","protected":false},"featured_media":351,"template":"","meta":{"_acf_changed":false},"product_brand":[26],"product_cat":[30,68],"product_tag":[],"class_list":{"0":"post-349","1":"product","2":"type-product","3":"status-publish","4":"has-post-thumbnail","6":"product_brand-bihui","7":"product_cat-plaatimistooriistad","8":"product_cat-vibrad","10":"first","11":"instock","12":"sold-individually","13":"taxable","14":"shipping-taxable","15":"purchasable","16":"product-type-simple"},"acf":[],"yoast_head":"<!-- This site is optimized with the Yoast SEO plugin v27.0 - https:\/\/yoast.com\/product\/yoast-seo-wordpress\/ -->\n<title>BIHUI\u00ae 2.0 vibra-vaakumhaarats lisaaku - Plaadimehed<\/title>\n<meta name=\"description\" content=\"BIHUI vibra&#x2d;vaakumhaarats lisaaku 35kg t\u00f5stev\u00f5imega vaakumhaaratsile LFTBV. Aku kestvuse indikaator, liitiumaku 16.8V, laadimisaeg 2h. Loe rohkem siit.\" \/>\n<meta name=\"robots\" content=\"index, follow, max-snippet:-1, max-image-preview:large, max-video-preview:-1\" \/>\n<link rel=\"canonical\" href=\"https:\/\/www.plaadimehed.ee\/product\/bihui-vibra-vaakumhaarats-lisaaku\/\" \/>\n<meta property=\"og:locale\" content=\"fi_FI\" \/>\n<meta property=\"og:type\" content=\"article\" \/>\n<meta property=\"og:title\" content=\"BIHUI\u00ae 2.0 vibra-vaakumhaarats lisaaku - Plaadimehed\" \/>\n<meta property=\"og:description\" content=\"BIHUI vibra&#x2d;vaakumhaarats lisaaku 35kg t\u00f5stev\u00f5imega vaakumhaaratsile LFTBV. Aku kestvuse indikaator, liitiumaku 16.8V, laadimisaeg 2h. Loe rohkem siit.\" \/>\n<meta property=\"og:url\" content=\"https:\/\/www.plaadimehed.ee\/product\/bihui-vibra-vaakumhaarats-lisaaku\/\" \/>\n<meta property=\"og:site_name\" content=\"Plaadimehed\" \/>\n<meta property=\"article:modified_time\" content=\"2024-09-16T05:50:59+00:00\" \/>\n<meta property=\"og:image\" content=\"https:\/\/www.plaadimehed.ee\/wp-content\/uploads\/2021\/05\/bihui-tile-beater-battery.jpg\" \/>\n\t<meta property=\"og:image:width\" content=\"394\" \/>\n\t<meta property=\"og:image:height\" content=\"283\" \/>\n\t<meta property=\"og:image:type\" content=\"image\/jpeg\" \/>\n<meta name=\"twitter:card\" content=\"summary_large_image\" \/>\n<script type=\"application\/ld+json\" class=\"yoast-schema-graph\">{\"@context\":\"https:\/\/schema.org\",\"@graph\":[{\"@type\":\"WebPage\",\"@id\":\"https:\/\/www.plaadimehed.ee\/product\/bihui-vibra-vaakumhaarats-lisaaku\/\",\"url\":\"https:\/\/www.plaadimehed.ee\/product\/bihui-vibra-vaakumhaarats-lisaaku\/\",\"name\":\"BIHUI\u00ae 2.0 vibra-vaakumhaarats lisaaku - Plaadimehed\",\"isPartOf\":{\"@id\":\"https:\/\/www.plaadimehed.ee\/#website\"},\"primaryImageOfPage\":{\"@id\":\"https:\/\/www.plaadimehed.ee\/product\/bihui-vibra-vaakumhaarats-lisaaku\/#primaryimage\"},\"image\":{\"@id\":\"https:\/\/www.plaadimehed.ee\/product\/bihui-vibra-vaakumhaarats-lisaaku\/#primaryimage\"},\"thumbnailUrl\":\"https:\/\/www.plaadimehed.ee\/wp-content\/uploads\/2021\/05\/bihui-tile-beater-battery.jpg\",\"datePublished\":\"2021-05-26T12:09:30+00:00\",\"dateModified\":\"2024-09-16T05:50:59+00:00\",\"description\":\"BIHUI vibra&#x2d;vaakumhaarats lisaaku 35kg t\u00f5stev\u00f5imega vaakumhaaratsile LFTBV. Aku kestvuse indikaator, liitiumaku 16.8V, laadimisaeg 2h. Loe rohkem siit.\",\"breadcrumb\":{\"@id\":\"https:\/\/www.plaadimehed.ee\/product\/bihui-vibra-vaakumhaarats-lisaaku\/#breadcrumb\"},\"inLanguage\":\"fi\",\"potentialAction\":[{\"@type\":\"ReadAction\",\"target\":[\"https:\/\/www.plaadimehed.ee\/product\/bihui-vibra-vaakumhaarats-lisaaku\/\"]}]},{\"@type\":\"ImageObject\",\"inLanguage\":\"fi\",\"@id\":\"https:\/\/www.plaadimehed.ee\/product\/bihui-vibra-vaakumhaarats-lisaaku\/#primaryimage\",\"url\":\"https:\/\/www.plaadimehed.ee\/wp-content\/uploads\/2021\/05\/bihui-tile-beater-battery.jpg\",\"contentUrl\":\"https:\/\/www.plaadimehed.ee\/wp-content\/uploads\/2021\/05\/bihui-tile-beater-battery.jpg\",\"width\":394,\"height\":283},{\"@type\":\"BreadcrumbList\",\"@id\":\"https:\/\/www.plaadimehed.ee\/product\/bihui-vibra-vaakumhaarats-lisaaku\/#breadcrumb\",\"itemListElement\":[{\"@type\":\"ListItem\",\"position\":1,\"name\":\"Home\",\"item\":\"https:\/\/www.plaadimehed.ee\/fi\/\"},{\"@type\":\"ListItem\",\"position\":2,\"name\":\"Verkkokauppa\",\"item\":\"https:\/\/www.plaadimehed.ee\/fi\/shop\/\"},{\"@type\":\"ListItem\",\"position\":3,\"name\":\"BIHUI\u00ae 2.0 vibra-vaakumhaarats lisaaku\"}]},{\"@type\":\"WebSite\",\"@id\":\"https:\/\/www.plaadimehed.ee\/#website\",\"url\":\"https:\/\/www.plaadimehed.ee\/\",\"name\":\"Plaadimehed\",\"description\":\"Plaatimist\u00f6\u00f6deks vajalikud tarvikud ja t\u00f6\u00f6riistad\",\"publisher\":{\"@id\":\"https:\/\/www.plaadimehed.ee\/#organization\"},\"potentialAction\":[{\"@type\":\"SearchAction\",\"target\":{\"@type\":\"EntryPoint\",\"urlTemplate\":\"https:\/\/www.plaadimehed.ee\/?s={search_term_string}\"},\"query-input\":{\"@type\":\"PropertyValueSpecification\",\"valueRequired\":true,\"valueName\":\"search_term_string\"}}],\"inLanguage\":\"fi\"},{\"@type\":\"Organization\",\"@id\":\"https:\/\/www.plaadimehed.ee\/#organization\",\"name\":\"Plaadimehed\",\"url\":\"https:\/\/www.plaadimehed.ee\/\",\"logo\":{\"@type\":\"ImageObject\",\"inLanguage\":\"fi\",\"@id\":\"https:\/\/www.plaadimehed.ee\/#\/schema\/logo\/image\/\",\"url\":\"https:\/\/www.plaadimehed.ee\/wp-content\/uploads\/2024\/05\/plaadimehed-logo.svg\",\"contentUrl\":\"https:\/\/www.plaadimehed.ee\/wp-content\/uploads\/2024\/05\/plaadimehed-logo.svg\",\"width\":266,\"height\":72,\"caption\":\"Plaadimehed\"},\"image\":{\"@id\":\"https:\/\/www.plaadimehed.ee\/#\/schema\/logo\/image\/\"}}]}<\/script>\n<!-- \/ Yoast SEO plugin. -->","yoast_head_json":{"title":"BIHUI\u00ae 2.0 vibra-vaakumhaarats lisaaku - Plaadimehed","description":"BIHUI vibra&#x2d;vaakumhaarats lisaaku 35kg t\u00f5stev\u00f5imega vaakumhaaratsile LFTBV. Aku kestvuse indikaator, liitiumaku 16.8V, laadimisaeg 2h. Loe rohkem siit.","robots":{"index":"index","follow":"follow","max-snippet":"max-snippet:-1","max-image-preview":"max-image-preview:large","max-video-preview":"max-video-preview:-1"},"canonical":"https:\/\/www.plaadimehed.ee\/product\/bihui-vibra-vaakumhaarats-lisaaku\/","og_locale":"fi_FI","og_type":"article","og_title":"BIHUI\u00ae 2.0 vibra-vaakumhaarats lisaaku - Plaadimehed","og_description":"BIHUI vibra&#x2d;vaakumhaarats lisaaku 35kg t\u00f5stev\u00f5imega vaakumhaaratsile LFTBV. Aku kestvuse indikaator, liitiumaku 16.8V, laadimisaeg 2h. Loe rohkem siit.","og_url":"https:\/\/www.plaadimehed.ee\/product\/bihui-vibra-vaakumhaarats-lisaaku\/","og_site_name":"Plaadimehed","article_modified_time":"2024-09-16T05:50:59+00:00","og_image":[{"width":394,"height":283,"url":"https:\/\/www.plaadimehed.ee\/wp-content\/uploads\/2021\/05\/bihui-tile-beater-battery.jpg","type":"image\/jpeg"}],"twitter_card":"summary_large_image","schema":{"@context":"https:\/\/schema.org","@graph":[{"@type":"WebPage","@id":"https:\/\/www.plaadimehed.ee\/product\/bihui-vibra-vaakumhaarats-lisaaku\/","url":"https:\/\/www.plaadimehed.ee\/product\/bihui-vibra-vaakumhaarats-lisaaku\/","name":"BIHUI\u00ae 2.0 vibra-vaakumhaarats lisaaku - Plaadimehed","isPartOf":{"@id":"https:\/\/www.plaadimehed.ee\/#website"},"primaryImageOfPage":{"@id":"https:\/\/www.plaadimehed.ee\/product\/bihui-vibra-vaakumhaarats-lisaaku\/#primaryimage"},"image":{"@id":"https:\/\/www.plaadimehed.ee\/product\/bihui-vibra-vaakumhaarats-lisaaku\/#primaryimage"},"thumbnailUrl":"https:\/\/www.plaadimehed.ee\/wp-content\/uploads\/2021\/05\/bihui-tile-beater-battery.jpg","datePublished":"2021-05-26T12:09:30+00:00","dateModified":"2024-09-16T05:50:59+00:00","description":"BIHUI vibra&#x2d;vaakumhaarats lisaaku 35kg t\u00f5stev\u00f5imega vaakumhaaratsile LFTBV. Aku kestvuse indikaator, liitiumaku 16.8V, laadimisaeg 2h. Loe rohkem siit.","breadcrumb":{"@id":"https:\/\/www.plaadimehed.ee\/product\/bihui-vibra-vaakumhaarats-lisaaku\/#breadcrumb"},"inLanguage":"fi","potentialAction":[{"@type":"ReadAction","target":["https:\/\/www.plaadimehed.ee\/product\/bihui-vibra-vaakumhaarats-lisaaku\/"]}]},{"@type":"ImageObject","inLanguage":"fi","@id":"https:\/\/www.plaadimehed.ee\/product\/bihui-vibra-vaakumhaarats-lisaaku\/#primaryimage","url":"https:\/\/www.plaadimehed.ee\/wp-content\/uploads\/2021\/05\/bihui-tile-beater-battery.jpg","contentUrl":"https:\/\/www.plaadimehed.ee\/wp-content\/uploads\/2021\/05\/bihui-tile-beater-battery.jpg","width":394,"height":283},{"@type":"BreadcrumbList","@id":"https:\/\/www.plaadimehed.ee\/product\/bihui-vibra-vaakumhaarats-lisaaku\/#breadcrumb","itemListElement":[{"@type":"ListItem","position":1,"name":"Home","item":"https:\/\/www.plaadimehed.ee\/fi\/"},{"@type":"ListItem","position":2,"name":"Verkkokauppa","item":"https:\/\/www.plaadimehed.ee\/fi\/shop\/"},{"@type":"ListItem","position":3,"name":"BIHUI\u00ae 2.0 vibra-vaakumhaarats lisaaku"}]},{"@type":"WebSite","@id":"https:\/\/www.plaadimehed.ee\/#website","url":"https:\/\/www.plaadimehed.ee\/","name":"Plaadimehed","description":"Plaatimist\u00f6\u00f6deks vajalikud tarvikud ja t\u00f6\u00f6riistad","publisher":{"@id":"https:\/\/www.plaadimehed.ee\/#organization"},"potentialAction":[{"@type":"SearchAction","target":{"@type":"EntryPoint","urlTemplate":"https:\/\/www.plaadimehed.ee\/?s={search_term_string}"},"query-input":{"@type":"PropertyValueSpecification","valueRequired":true,"valueName":"search_term_string"}}],"inLanguage":"fi"},{"@type":"Organization","@id":"https:\/\/www.plaadimehed.ee\/#organization","name":"Plaadimehed","url":"https:\/\/www.plaadimehed.ee\/","logo":{"@type":"ImageObject","inLanguage":"fi","@id":"https:\/\/www.plaadimehed.ee\/#\/schema\/logo\/image\/","url":"https:\/\/www.plaadimehed.ee\/wp-content\/uploads\/2024\/05\/plaadimehed-logo.svg","contentUrl":"https:\/\/www.plaadimehed.ee\/wp-content\/uploads\/2024\/05\/plaadimehed-logo.svg","width":266,"height":72,"caption":"Plaadimehed"},"image":{"@id":"https:\/\/www.plaadimehed.ee\/#\/schema\/logo\/image\/"}}]}},"_links":{"self":[{"href":"https:\/\/www.plaadimehed.ee\/fi\/wp-json\/wp\/v2\/product\/349","targetHints":{"allow":["GET"]}}],"collection":[{"href":"https:\/\/www.plaadimehed.ee\/fi\/wp-json\/wp\/v2\/product"}],"about":[{"href":"https:\/\/www.plaadimehed.ee\/fi\/wp-json\/wp\/v2\/types\/product"}],"wp:featuredmedia":[{"embeddable":true,"href":"https:\/\/www.plaadimehed.ee\/fi\/wp-json\/wp\/v2\/media\/351"}],"wp:attachment":[{"href":"https:\/\/www.plaadimehed.ee\/fi\/wp-json\/wp\/v2\/media?parent=349"}],"wp:term":[{"taxonomy":"product_brand","embeddable":true,"href":"https:\/\/www.plaadimehed.ee\/fi\/wp-json\/wp\/v2\/product_brand?post=349"},{"taxonomy":"product_cat","embeddable":true,"href":"https:\/\/www.plaadimehed.ee\/fi\/wp-json\/wp\/v2\/product_cat?post=349"},{"taxonomy":"product_tag","embeddable":true,"href":"https:\/\/www.plaadimehed.ee\/fi\/wp-json\/wp\/v2\/product_tag?post=349"}],"curies":[{"name":"wp","href":"https:\/\/api.w.org\/{rel}","templated":true}]}}