{"id":3656,"date":"2022-02-05T17:57:13","date_gmt":"2022-02-05T15:57:13","guid":{"rendered":"https:\/\/www.plaadimehed.ee\/?post_type=product&#038;p=3656"},"modified":"2024-08-17T10:33:46","modified_gmt":"2024-08-17T08:33:46","slug":"grabo-vaakumhaaratsi-kott","status":"publish","type":"product","link":"https:\/\/www.plaadimehed.ee\/fi\/product\/grabo-vaakumhaaratsi-kott\/","title":{"rendered":"GRABO\u00ae Vaakumhaaratsi kott"},"content":{"rendered":"<p><span class=\"Apple-converted-space\"> \u25cf Vaakumhaaratsi kott<br \/>\n\u25cf Materjal pol\u00fcmeer Oxfordi kangas, 3 kihti (3 mm paks)<br \/>\n\u25cf Veekindel tase IP4 &#8211; veekindel otseste pritsmete ja n\u00f5rga vihma eest<br \/>\n\u25cf\u00a0<\/span><span class=\"Y2IQFc\" lang=\"et\">Kiirelt suletav\/avatav kahepoolne t\u00f5mblukk, 2 sisetaskut akudele ja k\u00f5va p\u00f5hi<\/span><\/p>\n","protected":false},"excerpt":{"rendered":"<p>Grabo vaakumhaaratsi kott<\/p>\n","protected":false},"featured_media":3663,"template":"","meta":{"_acf_changed":false},"product_brand":[39],"product_cat":[36,35],"product_tag":[],"class_list":{"0":"post-3656","1":"product","2":"type-product","3":"status-publish","4":"has-post-thumbnail","6":"product_brand-grabo","7":"product_cat-elektriseadmed","8":"product_cat-vaakumhaaratsid","10":"first","11":"instock","12":"taxable","13":"shipping-taxable","14":"purchasable","15":"product-type-simple"},"acf":[],"yoast_head":"<!-- This site is optimized with the Yoast SEO plugin v27.0 - https:\/\/yoast.com\/product\/yoast-seo-wordpress\/ -->\n<title>GRABO Nemo vaakumhaarats<\/title>\n<meta name=\"description\" content=\"GRABO Nemo vaakumhaaratsi kott\" \/>\n<meta name=\"robots\" content=\"index, follow, max-snippet:-1, max-image-preview:large, max-video-preview:-1\" \/>\n<link rel=\"canonical\" href=\"https:\/\/www.plaadimehed.ee\/product\/grabo-vaakumhaaratsi-kott\/\" \/>\n<meta property=\"og:locale\" content=\"fi_FI\" \/>\n<meta property=\"og:type\" content=\"article\" \/>\n<meta property=\"og:title\" content=\"GRABO Nemo vaakumhaarats\" \/>\n<meta property=\"og:description\" content=\"GRABO Nemo vaakumhaaratsi kott\" \/>\n<meta property=\"og:url\" content=\"https:\/\/www.plaadimehed.ee\/product\/grabo-vaakumhaaratsi-kott\/\" \/>\n<meta property=\"og:site_name\" content=\"Plaadimehed\" \/>\n<meta property=\"article:modified_time\" content=\"2024-08-17T08:33:46+00:00\" \/>\n<meta property=\"og:image\" content=\"https:\/\/www.plaadimehed.ee\/wp-content\/uploads\/2022\/02\/Grabobag_48447fc7-a10c-442c-b697-12f4543963bd_530x@2x.jpg\" \/>\n\t<meta property=\"og:image:width\" content=\"1060\" \/>\n\t<meta property=\"og:image:height\" content=\"1060\" \/>\n\t<meta property=\"og:image:type\" content=\"image\/jpeg\" \/>\n<meta name=\"twitter:card\" content=\"summary_large_image\" \/>\n<script type=\"application\/ld+json\" class=\"yoast-schema-graph\">{\"@context\":\"https:\/\/schema.org\",\"@graph\":[{\"@type\":\"WebPage\",\"@id\":\"https:\/\/www.plaadimehed.ee\/product\/grabo-vaakumhaaratsi-kott\/\",\"url\":\"https:\/\/www.plaadimehed.ee\/product\/grabo-vaakumhaaratsi-kott\/\",\"name\":\"GRABO Nemo vaakumhaarats\",\"isPartOf\":{\"@id\":\"https:\/\/www.plaadimehed.ee\/#website\"},\"primaryImageOfPage\":{\"@id\":\"https:\/\/www.plaadimehed.ee\/product\/grabo-vaakumhaaratsi-kott\/#primaryimage\"},\"image\":{\"@id\":\"https:\/\/www.plaadimehed.ee\/product\/grabo-vaakumhaaratsi-kott\/#primaryimage\"},\"thumbnailUrl\":\"https:\/\/www.plaadimehed.ee\/wp-content\/uploads\/2022\/02\/Grabobag_48447fc7-a10c-442c-b697-12f4543963bd_530x@2x.jpg\",\"datePublished\":\"2022-02-05T15:57:13+00:00\",\"dateModified\":\"2024-08-17T08:33:46+00:00\",\"description\":\"GRABO Nemo vaakumhaaratsi kott\",\"breadcrumb\":{\"@id\":\"https:\/\/www.plaadimehed.ee\/product\/grabo-vaakumhaaratsi-kott\/#breadcrumb\"},\"inLanguage\":\"fi\",\"potentialAction\":[{\"@type\":\"ReadAction\",\"target\":[\"https:\/\/www.plaadimehed.ee\/product\/grabo-vaakumhaaratsi-kott\/\"]}]},{\"@type\":\"ImageObject\",\"inLanguage\":\"fi\",\"@id\":\"https:\/\/www.plaadimehed.ee\/product\/grabo-vaakumhaaratsi-kott\/#primaryimage\",\"url\":\"https:\/\/www.plaadimehed.ee\/wp-content\/uploads\/2022\/02\/Grabobag_48447fc7-a10c-442c-b697-12f4543963bd_530x@2x.jpg\",\"contentUrl\":\"https:\/\/www.plaadimehed.ee\/wp-content\/uploads\/2022\/02\/Grabobag_48447fc7-a10c-442c-b697-12f4543963bd_530x@2x.jpg\",\"width\":1060,\"height\":1060},{\"@type\":\"BreadcrumbList\",\"@id\":\"https:\/\/www.plaadimehed.ee\/product\/grabo-vaakumhaaratsi-kott\/#breadcrumb\",\"itemListElement\":[{\"@type\":\"ListItem\",\"position\":1,\"name\":\"Home\",\"item\":\"https:\/\/www.plaadimehed.ee\/fi\/\"},{\"@type\":\"ListItem\",\"position\":2,\"name\":\"Verkkokauppa\",\"item\":\"https:\/\/www.plaadimehed.ee\/fi\/shop\/\"},{\"@type\":\"ListItem\",\"position\":3,\"name\":\"GRABO\u00ae Vaakumhaaratsi kott\"}]},{\"@type\":\"WebSite\",\"@id\":\"https:\/\/www.plaadimehed.ee\/#website\",\"url\":\"https:\/\/www.plaadimehed.ee\/\",\"name\":\"Plaadimehed\",\"description\":\"Plaatimist\u00f6\u00f6deks vajalikud tarvikud ja t\u00f6\u00f6riistad\",\"publisher\":{\"@id\":\"https:\/\/www.plaadimehed.ee\/#organization\"},\"potentialAction\":[{\"@type\":\"SearchAction\",\"target\":{\"@type\":\"EntryPoint\",\"urlTemplate\":\"https:\/\/www.plaadimehed.ee\/?s={search_term_string}\"},\"query-input\":{\"@type\":\"PropertyValueSpecification\",\"valueRequired\":true,\"valueName\":\"search_term_string\"}}],\"inLanguage\":\"fi\"},{\"@type\":\"Organization\",\"@id\":\"https:\/\/www.plaadimehed.ee\/#organization\",\"name\":\"Plaadimehed\",\"url\":\"https:\/\/www.plaadimehed.ee\/\",\"logo\":{\"@type\":\"ImageObject\",\"inLanguage\":\"fi\",\"@id\":\"https:\/\/www.plaadimehed.ee\/#\/schema\/logo\/image\/\",\"url\":\"https:\/\/www.plaadimehed.ee\/wp-content\/uploads\/2024\/05\/plaadimehed-logo.svg\",\"contentUrl\":\"https:\/\/www.plaadimehed.ee\/wp-content\/uploads\/2024\/05\/plaadimehed-logo.svg\",\"width\":266,\"height\":72,\"caption\":\"Plaadimehed\"},\"image\":{\"@id\":\"https:\/\/www.plaadimehed.ee\/#\/schema\/logo\/image\/\"}}]}<\/script>\n<!-- \/ Yoast SEO plugin. -->","yoast_head_json":{"title":"GRABO Nemo vaakumhaarats","description":"GRABO Nemo vaakumhaaratsi kott","robots":{"index":"index","follow":"follow","max-snippet":"max-snippet:-1","max-image-preview":"max-image-preview:large","max-video-preview":"max-video-preview:-1"},"canonical":"https:\/\/www.plaadimehed.ee\/product\/grabo-vaakumhaaratsi-kott\/","og_locale":"fi_FI","og_type":"article","og_title":"GRABO Nemo vaakumhaarats","og_description":"GRABO Nemo vaakumhaaratsi kott","og_url":"https:\/\/www.plaadimehed.ee\/product\/grabo-vaakumhaaratsi-kott\/","og_site_name":"Plaadimehed","article_modified_time":"2024-08-17T08:33:46+00:00","og_image":[{"width":1060,"height":1060,"url":"https:\/\/www.plaadimehed.ee\/wp-content\/uploads\/2022\/02\/Grabobag_48447fc7-a10c-442c-b697-12f4543963bd_530x@2x.jpg","type":"image\/jpeg"}],"twitter_card":"summary_large_image","schema":{"@context":"https:\/\/schema.org","@graph":[{"@type":"WebPage","@id":"https:\/\/www.plaadimehed.ee\/product\/grabo-vaakumhaaratsi-kott\/","url":"https:\/\/www.plaadimehed.ee\/product\/grabo-vaakumhaaratsi-kott\/","name":"GRABO Nemo vaakumhaarats","isPartOf":{"@id":"https:\/\/www.plaadimehed.ee\/#website"},"primaryImageOfPage":{"@id":"https:\/\/www.plaadimehed.ee\/product\/grabo-vaakumhaaratsi-kott\/#primaryimage"},"image":{"@id":"https:\/\/www.plaadimehed.ee\/product\/grabo-vaakumhaaratsi-kott\/#primaryimage"},"thumbnailUrl":"https:\/\/www.plaadimehed.ee\/wp-content\/uploads\/2022\/02\/Grabobag_48447fc7-a10c-442c-b697-12f4543963bd_530x@2x.jpg","datePublished":"2022-02-05T15:57:13+00:00","dateModified":"2024-08-17T08:33:46+00:00","description":"GRABO Nemo vaakumhaaratsi kott","breadcrumb":{"@id":"https:\/\/www.plaadimehed.ee\/product\/grabo-vaakumhaaratsi-kott\/#breadcrumb"},"inLanguage":"fi","potentialAction":[{"@type":"ReadAction","target":["https:\/\/www.plaadimehed.ee\/product\/grabo-vaakumhaaratsi-kott\/"]}]},{"@type":"ImageObject","inLanguage":"fi","@id":"https:\/\/www.plaadimehed.ee\/product\/grabo-vaakumhaaratsi-kott\/#primaryimage","url":"https:\/\/www.plaadimehed.ee\/wp-content\/uploads\/2022\/02\/Grabobag_48447fc7-a10c-442c-b697-12f4543963bd_530x@2x.jpg","contentUrl":"https:\/\/www.plaadimehed.ee\/wp-content\/uploads\/2022\/02\/Grabobag_48447fc7-a10c-442c-b697-12f4543963bd_530x@2x.jpg","width":1060,"height":1060},{"@type":"BreadcrumbList","@id":"https:\/\/www.plaadimehed.ee\/product\/grabo-vaakumhaaratsi-kott\/#breadcrumb","itemListElement":[{"@type":"ListItem","position":1,"name":"Home","item":"https:\/\/www.plaadimehed.ee\/fi\/"},{"@type":"ListItem","position":2,"name":"Verkkokauppa","item":"https:\/\/www.plaadimehed.ee\/fi\/shop\/"},{"@type":"ListItem","position":3,"name":"GRABO\u00ae Vaakumhaaratsi kott"}]},{"@type":"WebSite","@id":"https:\/\/www.plaadimehed.ee\/#website","url":"https:\/\/www.plaadimehed.ee\/","name":"Plaadimehed","description":"Plaatimist\u00f6\u00f6deks vajalikud tarvikud ja t\u00f6\u00f6riistad","publisher":{"@id":"https:\/\/www.plaadimehed.ee\/#organization"},"potentialAction":[{"@type":"SearchAction","target":{"@type":"EntryPoint","urlTemplate":"https:\/\/www.plaadimehed.ee\/?s={search_term_string}"},"query-input":{"@type":"PropertyValueSpecification","valueRequired":true,"valueName":"search_term_string"}}],"inLanguage":"fi"},{"@type":"Organization","@id":"https:\/\/www.plaadimehed.ee\/#organization","name":"Plaadimehed","url":"https:\/\/www.plaadimehed.ee\/","logo":{"@type":"ImageObject","inLanguage":"fi","@id":"https:\/\/www.plaadimehed.ee\/#\/schema\/logo\/image\/","url":"https:\/\/www.plaadimehed.ee\/wp-content\/uploads\/2024\/05\/plaadimehed-logo.svg","contentUrl":"https:\/\/www.plaadimehed.ee\/wp-content\/uploads\/2024\/05\/plaadimehed-logo.svg","width":266,"height":72,"caption":"Plaadimehed"},"image":{"@id":"https:\/\/www.plaadimehed.ee\/#\/schema\/logo\/image\/"}}]}},"_links":{"self":[{"href":"https:\/\/www.plaadimehed.ee\/fi\/wp-json\/wp\/v2\/product\/3656","targetHints":{"allow":["GET"]}}],"collection":[{"href":"https:\/\/www.plaadimehed.ee\/fi\/wp-json\/wp\/v2\/product"}],"about":[{"href":"https:\/\/www.plaadimehed.ee\/fi\/wp-json\/wp\/v2\/types\/product"}],"wp:featuredmedia":[{"embeddable":true,"href":"https:\/\/www.plaadimehed.ee\/fi\/wp-json\/wp\/v2\/media\/3663"}],"wp:attachment":[{"href":"https:\/\/www.plaadimehed.ee\/fi\/wp-json\/wp\/v2\/media?parent=3656"}],"wp:term":[{"taxonomy":"product_brand","embeddable":true,"href":"https:\/\/www.plaadimehed.ee\/fi\/wp-json\/wp\/v2\/product_brand?post=3656"},{"taxonomy":"product_cat","embeddable":true,"href":"https:\/\/www.plaadimehed.ee\/fi\/wp-json\/wp\/v2\/product_cat?post=3656"},{"taxonomy":"product_tag","embeddable":true,"href":"https:\/\/www.plaadimehed.ee\/fi\/wp-json\/wp\/v2\/product_tag?post=3656"}],"curies":[{"name":"wp","href":"https:\/\/api.w.org\/{rel}","templated":true}]}}