{"id":3666,"date":"2022-02-05T19:32:51","date_gmt":"2022-02-05T17:32:51","guid":{"rendered":"https:\/\/www.plaadimehed.ee\/?post_type=product&#038;p=3666"},"modified":"2025-02-03T12:51:08","modified_gmt":"2025-02-03T10:51:08","slug":"grabo-nemo-pro-lifter-20-vaakumhaarats-rent","status":"publish","type":"product","link":"https:\/\/www.plaadimehed.ee\/fi\/product\/grabo-nemo-pro-lifter-20-vaakumhaarats-rent\/","title":{"rendered":"GRABO\u00ae &#8211; PRO vaakumhaarats RENT"},"content":{"rendered":"<p><span class=\"Apple-converted-space\"> \u25cf Vaakumhaarats t\u00f6\u00f6tab akutoitel<br \/>\n\u25cf Komplektis 1 aku,<\/span><span class=\"Apple-converted-space\"> kott ja akulaadija<br \/>\n\u25cf Vaakumhaarats v\u00f5imaldab t\u00f5sta nt. looduskivi, keraamikat, t\u00e4ismassplaate, metalli ja klaasi<br \/>\n\u25cf Vaakumhaaratsil on integreeritud digitaalne displei mis n\u00e4itab v\u00f5imaliku t\u00f5steraskust ja funktsioon, mis hoiab vaakumv\u00f5imsust automaatselt samal tasemel<br \/>\n\u25cf Vaakumhaarats v\u00f5imaldab t\u00f5sta\/transportida plaate raskusega kuni 170 kg<\/span><span class=\"Apple-converted-space\">\u00a0<\/span><\/p>\n<p><img loading=\"lazy\" decoding=\"async\" class=\"alignnone wp-image-135\" src=\"https:\/\/www.plaadimehed.ee\/wp-content\/uploads\/2021\/05\/bdf-logo.png\" alt=\"\" width=\"36\" height=\"36\" srcset=\"https:\/\/www.plaadimehed.ee\/wp-content\/uploads\/2021\/05\/bdf-logo.png 225w, https:\/\/www.plaadimehed.ee\/wp-content\/uploads\/2021\/05\/bdf-logo-100x100.png 100w, https:\/\/www.plaadimehed.ee\/wp-content\/uploads\/2021\/05\/bdf-logo-150x150.png 150w\" sizes=\"auto, (max-width: 36px) 100vw, 36px\" \/><a href=\"https:\/\/www.plaadimehed.ee\/wp-content\/uploads\/2022\/01\/Grabo-Pro-multi-web.pdf\">Grabo-Pro-Lifter 20 tooteinfo<\/a><\/p>\n<p>&nbsp;<\/p>\n","protected":false},"excerpt":{"rendered":"<p>K\u00f5ik kalendrip\u00e4evad on tasulised.<\/p>\n<p>Alates 8. p\u00e4evast rendisoodustus -10%<\/p>\n<p>Alates 31. p\u00e4evast rendisoodustus -20%<\/p>\n","protected":false},"featured_media":3527,"template":"","meta":{"_acf_changed":false},"product_brand":[39],"product_cat":[43,75],"product_tag":[],"class_list":{"0":"post-3666","1":"product","2":"type-product","3":"status-publish","4":"has-post-thumbnail","6":"product_brand-grabo","7":"product_cat-tooriistade-rent","8":"product_cat-tosteseaded","10":"first","11":"instock","12":"taxable","13":"shipping-taxable","14":"purchasable","15":"product-type-simple"},"acf":[],"yoast_head":"<!-- This site is optimized with the Yoast SEO plugin v27.0 - https:\/\/yoast.com\/product\/yoast-seo-wordpress\/ -->\n<title>GRABO Nemo pro lifter 2 vaakumhaaratsi rent<\/title>\n<meta name=\"description\" content=\"GRABO Nemo pro lifter 20 vaakumhaarats akuga, looduskivi, keraamika, t\u00e4ismassplaatide, metalli ja klaasi kuni 170kg t\u00f5stmiseks. RENT\" \/>\n<meta name=\"robots\" content=\"index, follow, max-snippet:-1, max-image-preview:large, max-video-preview:-1\" \/>\n<link rel=\"canonical\" href=\"https:\/\/www.plaadimehed.ee\/product\/grabo-nemo-pro-lifter-20-vaakumhaarats-rent\/\" \/>\n<meta property=\"og:locale\" content=\"fi_FI\" \/>\n<meta property=\"og:type\" content=\"article\" \/>\n<meta property=\"og:title\" content=\"GRABO Nemo pro lifter 2 vaakumhaaratsi rent\" \/>\n<meta property=\"og:description\" content=\"GRABO Nemo pro lifter 20 vaakumhaarats akuga, looduskivi, keraamika, t\u00e4ismassplaatide, metalli ja klaasi kuni 170kg t\u00f5stmiseks. RENT\" \/>\n<meta property=\"og:url\" content=\"https:\/\/www.plaadimehed.ee\/product\/grabo-nemo-pro-lifter-20-vaakumhaarats-rent\/\" \/>\n<meta property=\"og:site_name\" content=\"Plaadimehed\" \/>\n<meta property=\"article:modified_time\" content=\"2025-02-03T10:51:08+00:00\" \/>\n<meta property=\"og:image\" content=\"https:\/\/www.plaadimehed.ee\/wp-content\/uploads\/2022\/01\/GRABO-PRO-MAIN1200.png\" \/>\n\t<meta property=\"og:image:width\" content=\"394\" \/>\n\t<meta property=\"og:image:height\" content=\"394\" \/>\n\t<meta property=\"og:image:type\" content=\"image\/png\" \/>\n<meta name=\"twitter:card\" content=\"summary_large_image\" \/>\n<script type=\"application\/ld+json\" class=\"yoast-schema-graph\">{\"@context\":\"https:\/\/schema.org\",\"@graph\":[{\"@type\":\"WebPage\",\"@id\":\"https:\/\/www.plaadimehed.ee\/product\/grabo-nemo-pro-lifter-20-vaakumhaarats-rent\/\",\"url\":\"https:\/\/www.plaadimehed.ee\/product\/grabo-nemo-pro-lifter-20-vaakumhaarats-rent\/\",\"name\":\"GRABO Nemo pro lifter 2 vaakumhaaratsi rent\",\"isPartOf\":{\"@id\":\"https:\/\/www.plaadimehed.ee\/#website\"},\"primaryImageOfPage\":{\"@id\":\"https:\/\/www.plaadimehed.ee\/product\/grabo-nemo-pro-lifter-20-vaakumhaarats-rent\/#primaryimage\"},\"image\":{\"@id\":\"https:\/\/www.plaadimehed.ee\/product\/grabo-nemo-pro-lifter-20-vaakumhaarats-rent\/#primaryimage\"},\"thumbnailUrl\":\"https:\/\/www.plaadimehed.ee\/wp-content\/uploads\/2022\/01\/GRABO-PRO-MAIN1200.png\",\"datePublished\":\"2022-02-05T17:32:51+00:00\",\"dateModified\":\"2025-02-03T10:51:08+00:00\",\"description\":\"GRABO Nemo pro lifter 20 vaakumhaarats akuga, looduskivi, keraamika, t\u00e4ismassplaatide, metalli ja klaasi kuni 170kg t\u00f5stmiseks. RENT\",\"breadcrumb\":{\"@id\":\"https:\/\/www.plaadimehed.ee\/product\/grabo-nemo-pro-lifter-20-vaakumhaarats-rent\/#breadcrumb\"},\"inLanguage\":\"fi\",\"potentialAction\":[{\"@type\":\"ReadAction\",\"target\":[\"https:\/\/www.plaadimehed.ee\/product\/grabo-nemo-pro-lifter-20-vaakumhaarats-rent\/\"]}]},{\"@type\":\"ImageObject\",\"inLanguage\":\"fi\",\"@id\":\"https:\/\/www.plaadimehed.ee\/product\/grabo-nemo-pro-lifter-20-vaakumhaarats-rent\/#primaryimage\",\"url\":\"https:\/\/www.plaadimehed.ee\/wp-content\/uploads\/2022\/01\/GRABO-PRO-MAIN1200.png\",\"contentUrl\":\"https:\/\/www.plaadimehed.ee\/wp-content\/uploads\/2022\/01\/GRABO-PRO-MAIN1200.png\",\"width\":394,\"height\":394},{\"@type\":\"BreadcrumbList\",\"@id\":\"https:\/\/www.plaadimehed.ee\/product\/grabo-nemo-pro-lifter-20-vaakumhaarats-rent\/#breadcrumb\",\"itemListElement\":[{\"@type\":\"ListItem\",\"position\":1,\"name\":\"Home\",\"item\":\"https:\/\/www.plaadimehed.ee\/fi\/\"},{\"@type\":\"ListItem\",\"position\":2,\"name\":\"Verkkokauppa\",\"item\":\"https:\/\/www.plaadimehed.ee\/fi\/shop\/\"},{\"@type\":\"ListItem\",\"position\":3,\"name\":\"GRABO\u00ae &#8211; PRO vaakumhaarats RENT\"}]},{\"@type\":\"WebSite\",\"@id\":\"https:\/\/www.plaadimehed.ee\/#website\",\"url\":\"https:\/\/www.plaadimehed.ee\/\",\"name\":\"Plaadimehed\",\"description\":\"Plaatimist\u00f6\u00f6deks vajalikud tarvikud ja t\u00f6\u00f6riistad\",\"publisher\":{\"@id\":\"https:\/\/www.plaadimehed.ee\/#organization\"},\"potentialAction\":[{\"@type\":\"SearchAction\",\"target\":{\"@type\":\"EntryPoint\",\"urlTemplate\":\"https:\/\/www.plaadimehed.ee\/?s={search_term_string}\"},\"query-input\":{\"@type\":\"PropertyValueSpecification\",\"valueRequired\":true,\"valueName\":\"search_term_string\"}}],\"inLanguage\":\"fi\"},{\"@type\":\"Organization\",\"@id\":\"https:\/\/www.plaadimehed.ee\/#organization\",\"name\":\"Plaadimehed\",\"url\":\"https:\/\/www.plaadimehed.ee\/\",\"logo\":{\"@type\":\"ImageObject\",\"inLanguage\":\"fi\",\"@id\":\"https:\/\/www.plaadimehed.ee\/#\/schema\/logo\/image\/\",\"url\":\"https:\/\/www.plaadimehed.ee\/wp-content\/uploads\/2024\/05\/plaadimehed-logo.svg\",\"contentUrl\":\"https:\/\/www.plaadimehed.ee\/wp-content\/uploads\/2024\/05\/plaadimehed-logo.svg\",\"width\":266,\"height\":72,\"caption\":\"Plaadimehed\"},\"image\":{\"@id\":\"https:\/\/www.plaadimehed.ee\/#\/schema\/logo\/image\/\"}}]}<\/script>\n<!-- \/ Yoast SEO plugin. -->","yoast_head_json":{"title":"GRABO Nemo pro lifter 2 vaakumhaaratsi rent","description":"GRABO Nemo pro lifter 20 vaakumhaarats akuga, looduskivi, keraamika, t\u00e4ismassplaatide, metalli ja klaasi kuni 170kg t\u00f5stmiseks. RENT","robots":{"index":"index","follow":"follow","max-snippet":"max-snippet:-1","max-image-preview":"max-image-preview:large","max-video-preview":"max-video-preview:-1"},"canonical":"https:\/\/www.plaadimehed.ee\/product\/grabo-nemo-pro-lifter-20-vaakumhaarats-rent\/","og_locale":"fi_FI","og_type":"article","og_title":"GRABO Nemo pro lifter 2 vaakumhaaratsi rent","og_description":"GRABO Nemo pro lifter 20 vaakumhaarats akuga, looduskivi, keraamika, t\u00e4ismassplaatide, metalli ja klaasi kuni 170kg t\u00f5stmiseks. RENT","og_url":"https:\/\/www.plaadimehed.ee\/product\/grabo-nemo-pro-lifter-20-vaakumhaarats-rent\/","og_site_name":"Plaadimehed","article_modified_time":"2025-02-03T10:51:08+00:00","og_image":[{"width":394,"height":394,"url":"https:\/\/www.plaadimehed.ee\/wp-content\/uploads\/2022\/01\/GRABO-PRO-MAIN1200.png","type":"image\/png"}],"twitter_card":"summary_large_image","schema":{"@context":"https:\/\/schema.org","@graph":[{"@type":"WebPage","@id":"https:\/\/www.plaadimehed.ee\/product\/grabo-nemo-pro-lifter-20-vaakumhaarats-rent\/","url":"https:\/\/www.plaadimehed.ee\/product\/grabo-nemo-pro-lifter-20-vaakumhaarats-rent\/","name":"GRABO Nemo pro lifter 2 vaakumhaaratsi rent","isPartOf":{"@id":"https:\/\/www.plaadimehed.ee\/#website"},"primaryImageOfPage":{"@id":"https:\/\/www.plaadimehed.ee\/product\/grabo-nemo-pro-lifter-20-vaakumhaarats-rent\/#primaryimage"},"image":{"@id":"https:\/\/www.plaadimehed.ee\/product\/grabo-nemo-pro-lifter-20-vaakumhaarats-rent\/#primaryimage"},"thumbnailUrl":"https:\/\/www.plaadimehed.ee\/wp-content\/uploads\/2022\/01\/GRABO-PRO-MAIN1200.png","datePublished":"2022-02-05T17:32:51+00:00","dateModified":"2025-02-03T10:51:08+00:00","description":"GRABO Nemo pro lifter 20 vaakumhaarats akuga, looduskivi, keraamika, t\u00e4ismassplaatide, metalli ja klaasi kuni 170kg t\u00f5stmiseks. RENT","breadcrumb":{"@id":"https:\/\/www.plaadimehed.ee\/product\/grabo-nemo-pro-lifter-20-vaakumhaarats-rent\/#breadcrumb"},"inLanguage":"fi","potentialAction":[{"@type":"ReadAction","target":["https:\/\/www.plaadimehed.ee\/product\/grabo-nemo-pro-lifter-20-vaakumhaarats-rent\/"]}]},{"@type":"ImageObject","inLanguage":"fi","@id":"https:\/\/www.plaadimehed.ee\/product\/grabo-nemo-pro-lifter-20-vaakumhaarats-rent\/#primaryimage","url":"https:\/\/www.plaadimehed.ee\/wp-content\/uploads\/2022\/01\/GRABO-PRO-MAIN1200.png","contentUrl":"https:\/\/www.plaadimehed.ee\/wp-content\/uploads\/2022\/01\/GRABO-PRO-MAIN1200.png","width":394,"height":394},{"@type":"BreadcrumbList","@id":"https:\/\/www.plaadimehed.ee\/product\/grabo-nemo-pro-lifter-20-vaakumhaarats-rent\/#breadcrumb","itemListElement":[{"@type":"ListItem","position":1,"name":"Home","item":"https:\/\/www.plaadimehed.ee\/fi\/"},{"@type":"ListItem","position":2,"name":"Verkkokauppa","item":"https:\/\/www.plaadimehed.ee\/fi\/shop\/"},{"@type":"ListItem","position":3,"name":"GRABO\u00ae &#8211; PRO vaakumhaarats RENT"}]},{"@type":"WebSite","@id":"https:\/\/www.plaadimehed.ee\/#website","url":"https:\/\/www.plaadimehed.ee\/","name":"Plaadimehed","description":"Plaatimist\u00f6\u00f6deks vajalikud tarvikud ja t\u00f6\u00f6riistad","publisher":{"@id":"https:\/\/www.plaadimehed.ee\/#organization"},"potentialAction":[{"@type":"SearchAction","target":{"@type":"EntryPoint","urlTemplate":"https:\/\/www.plaadimehed.ee\/?s={search_term_string}"},"query-input":{"@type":"PropertyValueSpecification","valueRequired":true,"valueName":"search_term_string"}}],"inLanguage":"fi"},{"@type":"Organization","@id":"https:\/\/www.plaadimehed.ee\/#organization","name":"Plaadimehed","url":"https:\/\/www.plaadimehed.ee\/","logo":{"@type":"ImageObject","inLanguage":"fi","@id":"https:\/\/www.plaadimehed.ee\/#\/schema\/logo\/image\/","url":"https:\/\/www.plaadimehed.ee\/wp-content\/uploads\/2024\/05\/plaadimehed-logo.svg","contentUrl":"https:\/\/www.plaadimehed.ee\/wp-content\/uploads\/2024\/05\/plaadimehed-logo.svg","width":266,"height":72,"caption":"Plaadimehed"},"image":{"@id":"https:\/\/www.plaadimehed.ee\/#\/schema\/logo\/image\/"}}]}},"_links":{"self":[{"href":"https:\/\/www.plaadimehed.ee\/fi\/wp-json\/wp\/v2\/product\/3666","targetHints":{"allow":["GET"]}}],"collection":[{"href":"https:\/\/www.plaadimehed.ee\/fi\/wp-json\/wp\/v2\/product"}],"about":[{"href":"https:\/\/www.plaadimehed.ee\/fi\/wp-json\/wp\/v2\/types\/product"}],"wp:featuredmedia":[{"embeddable":true,"href":"https:\/\/www.plaadimehed.ee\/fi\/wp-json\/wp\/v2\/media\/3527"}],"wp:attachment":[{"href":"https:\/\/www.plaadimehed.ee\/fi\/wp-json\/wp\/v2\/media?parent=3666"}],"wp:term":[{"taxonomy":"product_brand","embeddable":true,"href":"https:\/\/www.plaadimehed.ee\/fi\/wp-json\/wp\/v2\/product_brand?post=3666"},{"taxonomy":"product_cat","embeddable":true,"href":"https:\/\/www.plaadimehed.ee\/fi\/wp-json\/wp\/v2\/product_cat?post=3666"},{"taxonomy":"product_tag","embeddable":true,"href":"https:\/\/www.plaadimehed.ee\/fi\/wp-json\/wp\/v2\/product_tag?post=3666"}],"curies":[{"name":"wp","href":"https:\/\/api.w.org\/{rel}","templated":true}]}}