{"id":3929,"date":"2022-02-21T17:41:07","date_gmt":"2022-02-21T15:41:07","guid":{"rendered":"https:\/\/www.plaadimehed.ee\/?post_type=product&#038;p=3929"},"modified":"2026-02-18T18:17:48","modified_gmt":"2026-02-18T16:17:48","slug":"bihui-plaatide-tasandussusteemi-ankru-kinnitus-cap","status":"publish","type":"product","link":"https:\/\/www.plaadimehed.ee\/fi\/product\/bihui-plaatide-tasandussusteemi-ankru-kinnitus-cap\/","title":{"rendered":"BIHUI Plaatide Spin tasanduss\u00fcsteemi ankru kinnitus Cap"},"content":{"rendered":"<div class=\"page\" title=\"Page 1\">\n<div class=\"layoutArea\">\n<div class=\"column\">\n<div class=\"page\" title=\"Page 1\">\n<div class=\"layoutArea\">\n<div class=\"column\"><\/div>\n<\/div>\n<\/div>\n<p class=\"p1\">BIHUI on professionaalne t\u00f6\u00f6riistabr\u00e4nd, mis keskendub eelk\u00f5ige plaatimis- ja viimistlust\u00f6\u00f6dele. Nende tootevalikusse kuuluvad kvaliteetsed plaadil\u00f5ikurid, vaakumhaaratsid, k\u00e4sit\u00f6\u00f6riistad, plaatide tasanduss\u00fcsteemid, iminapad, teemantkettad ja freesid, mis on loodud spetsiaalselt professionaalidele.<\/p>\n<p class=\"p1\">Br\u00e4ndi eesm\u00e4rk on pakkuda t\u00e4pseid, vastupidavaid ja kasutajas\u00f5bralikke t\u00f6\u00f6riistu, mis aitavad saavutada k\u00f5rget kvaliteeti kiiremini ja mugavamalt. BIHUI tooteid hinnatakse eriti nende hea hinna ja kvaliteedi suhte t\u00f5ttu. Plaadimehed on BIHUI esindaja Eestis.<\/p>\n<p><a href=\"https:\/\/www.bihuitools.com\/\" target=\"_blank\" rel=\"noopener\">BIHUI ametlik kodulehek\u00fclg<\/a><\/p>\n<p>&nbsp;<\/p>\n<\/div>\n<\/div>\n<\/div>\n<p>&nbsp;<\/p>\n<p>&nbsp;<\/p>\n","protected":false},"excerpt":{"rendered":"<p>TLS plaatide tasanduss\u00fcsteemi keermega ankur kinnitus pea<\/p>\n<p>\u25cf TLS plaatide tasanduss\u00fcsteem<br \/>\n\u25cf Pakendis 100 tk<br \/>\n\u25cf Kasutamiseks koos Bihui tasanduss\u00fcsteemi ankrutega<br \/>\n\u25cf Seintel ja p\u00f5randatel<br \/>\n\u25cf Tagab plaatide \u00fchtlase tasapinnalisuse<br \/>\n\u25cf Lihtne kasutada<\/p>\n","protected":false},"featured_media":3930,"template":"","meta":{"_acf_changed":false},"product_brand":[26],"product_cat":[24,275],"product_tag":[],"class_list":{"0":"post-3929","1":"product","2":"type-product","3":"status-publish","4":"has-post-thumbnail","6":"product_brand-bihui","7":"product_cat-tasandussusteemid","8":"product_cat-spin","10":"first","11":"instock","12":"taxable","13":"shipping-taxable","14":"purchasable","15":"product-type-simple"},"acf":[],"yoast_head":"<!-- This site is optimized with the Yoast SEO plugin v27.0 - https:\/\/yoast.com\/product\/yoast-seo-wordpress\/ -->\n<title>BIHUI Plaatide Spin tasanduss\u00fcsteemi ankru kinnitus Cap - Plaadimehed<\/title>\n<meta name=\"description\" content=\"Bihui plaatide Spin tasanduss\u00fcsteemi kinnituspea. M\u00f5eldud kasutamiseks tasandus\u00fcsteemi plastikankruga. keermestatud s\u00fcsteem tasapindsuse saamiseks.\" \/>\n<meta name=\"robots\" content=\"index, follow, max-snippet:-1, max-image-preview:large, max-video-preview:-1\" \/>\n<link rel=\"canonical\" href=\"https:\/\/www.plaadimehed.ee\/product\/bihui-plaatide-tasandussusteemi-ankru-kinnitus-cap\/\" \/>\n<meta property=\"og:locale\" content=\"fi_FI\" \/>\n<meta property=\"og:type\" content=\"article\" \/>\n<meta property=\"og:title\" content=\"BIHUI Plaatide Spin tasanduss\u00fcsteemi ankru kinnitus Cap\" \/>\n<meta property=\"og:description\" content=\"Bihui plaatide Spin tasanduss\u00fcsteemi kinnituspea. M\u00f5eldud kasutamiseks tasandus\u00fcsteemi plastikankruga. keermestatud s\u00fcsteem tasapindsuse saamiseks.\" \/>\n<meta property=\"og:url\" content=\"https:\/\/www.plaadimehed.ee\/product\/bihui-plaatide-tasandussusteemi-ankru-kinnitus-cap\/\" \/>\n<meta property=\"og:site_name\" content=\"Plaadimehed\" \/>\n<meta property=\"article:modified_time\" content=\"2026-02-18T16:17:48+00:00\" \/>\n<meta property=\"og:image\" content=\"https:\/\/www.plaadimehed.ee\/wp-content\/uploads\/2022\/02\/bihui-spin-cap.jpg\" \/>\n\t<meta property=\"og:image:width\" content=\"906\" \/>\n\t<meta property=\"og:image:height\" content=\"905\" \/>\n\t<meta property=\"og:image:type\" content=\"image\/jpeg\" \/>\n<meta name=\"twitter:card\" content=\"summary_large_image\" \/>\n<meta name=\"twitter:label1\" content=\"Arvioitu lukuaika\" \/>\n\t<meta name=\"twitter:data1\" content=\"1 minuutti\" \/>\n<script type=\"application\/ld+json\" class=\"yoast-schema-graph\">{\"@context\":\"https:\/\/schema.org\",\"@graph\":[{\"@type\":\"WebPage\",\"@id\":\"https:\/\/www.plaadimehed.ee\/product\/bihui-plaatide-tasandussusteemi-ankru-kinnitus-cap\/\",\"url\":\"https:\/\/www.plaadimehed.ee\/product\/bihui-plaatide-tasandussusteemi-ankru-kinnitus-cap\/\",\"name\":\"BIHUI Plaatide Spin tasanduss\u00fcsteemi ankru kinnitus Cap - Plaadimehed\",\"isPartOf\":{\"@id\":\"https:\/\/www.plaadimehed.ee\/#website\"},\"primaryImageOfPage\":{\"@id\":\"https:\/\/www.plaadimehed.ee\/product\/bihui-plaatide-tasandussusteemi-ankru-kinnitus-cap\/#primaryimage\"},\"image\":{\"@id\":\"https:\/\/www.plaadimehed.ee\/product\/bihui-plaatide-tasandussusteemi-ankru-kinnitus-cap\/#primaryimage\"},\"thumbnailUrl\":\"https:\/\/www.plaadimehed.ee\/wp-content\/uploads\/2022\/02\/bihui-spin-cap.jpg\",\"datePublished\":\"2022-02-21T15:41:07+00:00\",\"dateModified\":\"2026-02-18T16:17:48+00:00\",\"description\":\"Bihui plaatide Spin tasanduss\u00fcsteemi kinnituspea. M\u00f5eldud kasutamiseks tasandus\u00fcsteemi plastikankruga. keermestatud s\u00fcsteem tasapindsuse saamiseks.\",\"breadcrumb\":{\"@id\":\"https:\/\/www.plaadimehed.ee\/product\/bihui-plaatide-tasandussusteemi-ankru-kinnitus-cap\/#breadcrumb\"},\"inLanguage\":\"fi\",\"potentialAction\":[{\"@type\":\"ReadAction\",\"target\":[\"https:\/\/www.plaadimehed.ee\/product\/bihui-plaatide-tasandussusteemi-ankru-kinnitus-cap\/\"]}]},{\"@type\":\"ImageObject\",\"inLanguage\":\"fi\",\"@id\":\"https:\/\/www.plaadimehed.ee\/product\/bihui-plaatide-tasandussusteemi-ankru-kinnitus-cap\/#primaryimage\",\"url\":\"https:\/\/www.plaadimehed.ee\/wp-content\/uploads\/2022\/02\/bihui-spin-cap.jpg\",\"contentUrl\":\"https:\/\/www.plaadimehed.ee\/wp-content\/uploads\/2022\/02\/bihui-spin-cap.jpg\",\"width\":906,\"height\":905,\"caption\":\"BIHUI Plaatide Spin tasanduss\u00fcsteemi ankru kinnitus Cap\"},{\"@type\":\"BreadcrumbList\",\"@id\":\"https:\/\/www.plaadimehed.ee\/product\/bihui-plaatide-tasandussusteemi-ankru-kinnitus-cap\/#breadcrumb\",\"itemListElement\":[{\"@type\":\"ListItem\",\"position\":1,\"name\":\"Home\",\"item\":\"https:\/\/www.plaadimehed.ee\/fi\/\"},{\"@type\":\"ListItem\",\"position\":2,\"name\":\"Verkkokauppa\",\"item\":\"https:\/\/www.plaadimehed.ee\/fi\/shop\/\"},{\"@type\":\"ListItem\",\"position\":3,\"name\":\"BIHUI Plaatide Spin tasanduss\u00fcsteemi ankru kinnitus Cap\"}]},{\"@type\":\"WebSite\",\"@id\":\"https:\/\/www.plaadimehed.ee\/#website\",\"url\":\"https:\/\/www.plaadimehed.ee\/\",\"name\":\"Plaadimehed\",\"description\":\"Plaatimist\u00f6\u00f6deks vajalikud tarvikud ja t\u00f6\u00f6riistad\",\"publisher\":{\"@id\":\"https:\/\/www.plaadimehed.ee\/#organization\"},\"potentialAction\":[{\"@type\":\"SearchAction\",\"target\":{\"@type\":\"EntryPoint\",\"urlTemplate\":\"https:\/\/www.plaadimehed.ee\/?s={search_term_string}\"},\"query-input\":{\"@type\":\"PropertyValueSpecification\",\"valueRequired\":true,\"valueName\":\"search_term_string\"}}],\"inLanguage\":\"fi\"},{\"@type\":\"Organization\",\"@id\":\"https:\/\/www.plaadimehed.ee\/#organization\",\"name\":\"Plaadimehed\",\"url\":\"https:\/\/www.plaadimehed.ee\/\",\"logo\":{\"@type\":\"ImageObject\",\"inLanguage\":\"fi\",\"@id\":\"https:\/\/www.plaadimehed.ee\/#\/schema\/logo\/image\/\",\"url\":\"https:\/\/www.plaadimehed.ee\/wp-content\/uploads\/2024\/05\/plaadimehed-logo.svg\",\"contentUrl\":\"https:\/\/www.plaadimehed.ee\/wp-content\/uploads\/2024\/05\/plaadimehed-logo.svg\",\"width\":266,\"height\":72,\"caption\":\"Plaadimehed\"},\"image\":{\"@id\":\"https:\/\/www.plaadimehed.ee\/#\/schema\/logo\/image\/\"}}]}<\/script>\n<!-- \/ Yoast SEO plugin. -->","yoast_head_json":{"title":"BIHUI Plaatide Spin tasanduss\u00fcsteemi ankru kinnitus Cap - Plaadimehed","description":"Bihui plaatide Spin tasanduss\u00fcsteemi kinnituspea. M\u00f5eldud kasutamiseks tasandus\u00fcsteemi plastikankruga. keermestatud s\u00fcsteem tasapindsuse saamiseks.","robots":{"index":"index","follow":"follow","max-snippet":"max-snippet:-1","max-image-preview":"max-image-preview:large","max-video-preview":"max-video-preview:-1"},"canonical":"https:\/\/www.plaadimehed.ee\/product\/bihui-plaatide-tasandussusteemi-ankru-kinnitus-cap\/","og_locale":"fi_FI","og_type":"article","og_title":"BIHUI Plaatide Spin tasanduss\u00fcsteemi ankru kinnitus Cap","og_description":"Bihui plaatide Spin tasanduss\u00fcsteemi kinnituspea. M\u00f5eldud kasutamiseks tasandus\u00fcsteemi plastikankruga. keermestatud s\u00fcsteem tasapindsuse saamiseks.","og_url":"https:\/\/www.plaadimehed.ee\/product\/bihui-plaatide-tasandussusteemi-ankru-kinnitus-cap\/","og_site_name":"Plaadimehed","article_modified_time":"2026-02-18T16:17:48+00:00","og_image":[{"width":906,"height":905,"url":"https:\/\/www.plaadimehed.ee\/wp-content\/uploads\/2022\/02\/bihui-spin-cap.jpg","type":"image\/jpeg"}],"twitter_card":"summary_large_image","twitter_misc":{"Arvioitu lukuaika":"1 minuutti"},"schema":{"@context":"https:\/\/schema.org","@graph":[{"@type":"WebPage","@id":"https:\/\/www.plaadimehed.ee\/product\/bihui-plaatide-tasandussusteemi-ankru-kinnitus-cap\/","url":"https:\/\/www.plaadimehed.ee\/product\/bihui-plaatide-tasandussusteemi-ankru-kinnitus-cap\/","name":"BIHUI Plaatide Spin tasanduss\u00fcsteemi ankru kinnitus Cap - Plaadimehed","isPartOf":{"@id":"https:\/\/www.plaadimehed.ee\/#website"},"primaryImageOfPage":{"@id":"https:\/\/www.plaadimehed.ee\/product\/bihui-plaatide-tasandussusteemi-ankru-kinnitus-cap\/#primaryimage"},"image":{"@id":"https:\/\/www.plaadimehed.ee\/product\/bihui-plaatide-tasandussusteemi-ankru-kinnitus-cap\/#primaryimage"},"thumbnailUrl":"https:\/\/www.plaadimehed.ee\/wp-content\/uploads\/2022\/02\/bihui-spin-cap.jpg","datePublished":"2022-02-21T15:41:07+00:00","dateModified":"2026-02-18T16:17:48+00:00","description":"Bihui plaatide Spin tasanduss\u00fcsteemi kinnituspea. M\u00f5eldud kasutamiseks tasandus\u00fcsteemi plastikankruga. keermestatud s\u00fcsteem tasapindsuse saamiseks.","breadcrumb":{"@id":"https:\/\/www.plaadimehed.ee\/product\/bihui-plaatide-tasandussusteemi-ankru-kinnitus-cap\/#breadcrumb"},"inLanguage":"fi","potentialAction":[{"@type":"ReadAction","target":["https:\/\/www.plaadimehed.ee\/product\/bihui-plaatide-tasandussusteemi-ankru-kinnitus-cap\/"]}]},{"@type":"ImageObject","inLanguage":"fi","@id":"https:\/\/www.plaadimehed.ee\/product\/bihui-plaatide-tasandussusteemi-ankru-kinnitus-cap\/#primaryimage","url":"https:\/\/www.plaadimehed.ee\/wp-content\/uploads\/2022\/02\/bihui-spin-cap.jpg","contentUrl":"https:\/\/www.plaadimehed.ee\/wp-content\/uploads\/2022\/02\/bihui-spin-cap.jpg","width":906,"height":905,"caption":"BIHUI Plaatide Spin tasanduss\u00fcsteemi ankru kinnitus Cap"},{"@type":"BreadcrumbList","@id":"https:\/\/www.plaadimehed.ee\/product\/bihui-plaatide-tasandussusteemi-ankru-kinnitus-cap\/#breadcrumb","itemListElement":[{"@type":"ListItem","position":1,"name":"Home","item":"https:\/\/www.plaadimehed.ee\/fi\/"},{"@type":"ListItem","position":2,"name":"Verkkokauppa","item":"https:\/\/www.plaadimehed.ee\/fi\/shop\/"},{"@type":"ListItem","position":3,"name":"BIHUI Plaatide Spin tasanduss\u00fcsteemi ankru kinnitus Cap"}]},{"@type":"WebSite","@id":"https:\/\/www.plaadimehed.ee\/#website","url":"https:\/\/www.plaadimehed.ee\/","name":"Plaadimehed","description":"Plaatimist\u00f6\u00f6deks vajalikud tarvikud ja t\u00f6\u00f6riistad","publisher":{"@id":"https:\/\/www.plaadimehed.ee\/#organization"},"potentialAction":[{"@type":"SearchAction","target":{"@type":"EntryPoint","urlTemplate":"https:\/\/www.plaadimehed.ee\/?s={search_term_string}"},"query-input":{"@type":"PropertyValueSpecification","valueRequired":true,"valueName":"search_term_string"}}],"inLanguage":"fi"},{"@type":"Organization","@id":"https:\/\/www.plaadimehed.ee\/#organization","name":"Plaadimehed","url":"https:\/\/www.plaadimehed.ee\/","logo":{"@type":"ImageObject","inLanguage":"fi","@id":"https:\/\/www.plaadimehed.ee\/#\/schema\/logo\/image\/","url":"https:\/\/www.plaadimehed.ee\/wp-content\/uploads\/2024\/05\/plaadimehed-logo.svg","contentUrl":"https:\/\/www.plaadimehed.ee\/wp-content\/uploads\/2024\/05\/plaadimehed-logo.svg","width":266,"height":72,"caption":"Plaadimehed"},"image":{"@id":"https:\/\/www.plaadimehed.ee\/#\/schema\/logo\/image\/"}}]}},"_links":{"self":[{"href":"https:\/\/www.plaadimehed.ee\/fi\/wp-json\/wp\/v2\/product\/3929","targetHints":{"allow":["GET"]}}],"collection":[{"href":"https:\/\/www.plaadimehed.ee\/fi\/wp-json\/wp\/v2\/product"}],"about":[{"href":"https:\/\/www.plaadimehed.ee\/fi\/wp-json\/wp\/v2\/types\/product"}],"wp:featuredmedia":[{"embeddable":true,"href":"https:\/\/www.plaadimehed.ee\/fi\/wp-json\/wp\/v2\/media\/3930"}],"wp:attachment":[{"href":"https:\/\/www.plaadimehed.ee\/fi\/wp-json\/wp\/v2\/media?parent=3929"}],"wp:term":[{"taxonomy":"product_brand","embeddable":true,"href":"https:\/\/www.plaadimehed.ee\/fi\/wp-json\/wp\/v2\/product_brand?post=3929"},{"taxonomy":"product_cat","embeddable":true,"href":"https:\/\/www.plaadimehed.ee\/fi\/wp-json\/wp\/v2\/product_cat?post=3929"},{"taxonomy":"product_tag","embeddable":true,"href":"https:\/\/www.plaadimehed.ee\/fi\/wp-json\/wp\/v2\/product_tag?post=3929"}],"curies":[{"name":"wp","href":"https:\/\/api.w.org\/{rel}","templated":true}]}}