{"id":4068,"date":"2022-03-09T08:49:22","date_gmt":"2022-03-09T06:49:22","guid":{"rendered":"https:\/\/www.plaadimehed.ee\/?post_type=product&#038;p=4068"},"modified":"2024-02-13T13:25:33","modified_gmt":"2024-02-13T11:25:33","slug":"raimondi-reguleeritav-plaadi-alustugi","status":"publish","type":"product","link":"https:\/\/www.plaadimehed.ee\/fi\/product\/raimondi-reguleeritav-plaadi-alustugi\/","title":{"rendered":"RAIMONDI\u00ae Reguleeritav plaadi alustugi ,,Krick-Krock&#8221;"},"content":{"rendered":"<p>\u25cf Komplektis 1 tugi<br \/>\n\u25cf Reguleeritav k\u00f5rgus 2 &#8211; 30 cm<br \/>\n\u25cf Koormustaluvus \u00fchele toele max. 25 kg<br \/>\n\u25cf Kasutamiseks seinaplaatide paigaldusel<\/p>\n<p>&nbsp;<\/p>\n","protected":false},"excerpt":{"rendered":"<p>Reguleeritav plaadi alustugi<\/p>\n","protected":false},"featured_media":4072,"template":"","meta":{"_acf_changed":false},"product_brand":[55],"product_cat":[30,60],"product_tag":[],"class_list":{"0":"post-4068","1":"product","2":"type-product","3":"status-publish","4":"has-post-thumbnail","6":"product_brand-raimondi","7":"product_cat-plaatimistooriistad","8":"product_cat-slabi-suuremootmeline-plaat-tooriistad","10":"first","11":"instock","12":"taxable","13":"shipping-taxable","14":"purchasable","15":"product-type-simple"},"acf":[],"yoast_head":"<!-- This site is optimized with the Yoast SEO plugin v27.0 - https:\/\/yoast.com\/product\/yoast-seo-wordpress\/ -->\n<title>RAIMONDI\u00ae Reguleeritav plaadi alustugi ,,Krick-Krock&quot; - Plaadimehed<\/title>\n<meta name=\"robots\" content=\"index, follow, max-snippet:-1, max-image-preview:large, max-video-preview:-1\" \/>\n<link rel=\"canonical\" href=\"https:\/\/www.plaadimehed.ee\/product\/raimondi-reguleeritav-plaadi-alustugi\/\" \/>\n<meta property=\"og:locale\" content=\"fi_FI\" \/>\n<meta property=\"og:type\" content=\"article\" \/>\n<meta property=\"og:title\" content=\"RAIMONDI\u00ae Reguleeritav plaadi alustugi ,,Krick-Krock&quot; - Plaadimehed\" \/>\n<meta property=\"og:description\" content=\"Reguleeritav plaadi alustugi\" \/>\n<meta property=\"og:url\" content=\"https:\/\/www.plaadimehed.ee\/product\/raimondi-reguleeritav-plaadi-alustugi\/\" \/>\n<meta property=\"og:site_name\" content=\"Plaadimehed\" \/>\n<meta property=\"article:modified_time\" content=\"2024-02-13T11:25:33+00:00\" \/>\n<meta property=\"og:image\" content=\"https:\/\/www.plaadimehed.ee\/wp-content\/uploads\/2022\/03\/raimondi-krick-krock-1.jpg\" \/>\n\t<meta property=\"og:image:width\" content=\"1304\" \/>\n\t<meta property=\"og:image:height\" content=\"1307\" \/>\n\t<meta property=\"og:image:type\" content=\"image\/jpeg\" \/>\n<meta name=\"twitter:card\" content=\"summary_large_image\" \/>\n<script type=\"application\/ld+json\" class=\"yoast-schema-graph\">{\"@context\":\"https:\/\/schema.org\",\"@graph\":[{\"@type\":\"WebPage\",\"@id\":\"https:\/\/www.plaadimehed.ee\/product\/raimondi-reguleeritav-plaadi-alustugi\/\",\"url\":\"https:\/\/www.plaadimehed.ee\/product\/raimondi-reguleeritav-plaadi-alustugi\/\",\"name\":\"RAIMONDI\u00ae Reguleeritav plaadi alustugi ,,Krick-Krock\\\" - Plaadimehed\",\"isPartOf\":{\"@id\":\"https:\/\/www.plaadimehed.ee\/#website\"},\"primaryImageOfPage\":{\"@id\":\"https:\/\/www.plaadimehed.ee\/product\/raimondi-reguleeritav-plaadi-alustugi\/#primaryimage\"},\"image\":{\"@id\":\"https:\/\/www.plaadimehed.ee\/product\/raimondi-reguleeritav-plaadi-alustugi\/#primaryimage\"},\"thumbnailUrl\":\"https:\/\/www.plaadimehed.ee\/wp-content\/uploads\/2022\/03\/raimondi-krick-krock-1.jpg\",\"datePublished\":\"2022-03-09T06:49:22+00:00\",\"dateModified\":\"2024-02-13T11:25:33+00:00\",\"breadcrumb\":{\"@id\":\"https:\/\/www.plaadimehed.ee\/product\/raimondi-reguleeritav-plaadi-alustugi\/#breadcrumb\"},\"inLanguage\":\"fi\",\"potentialAction\":[{\"@type\":\"ReadAction\",\"target\":[\"https:\/\/www.plaadimehed.ee\/product\/raimondi-reguleeritav-plaadi-alustugi\/\"]}]},{\"@type\":\"ImageObject\",\"inLanguage\":\"fi\",\"@id\":\"https:\/\/www.plaadimehed.ee\/product\/raimondi-reguleeritav-plaadi-alustugi\/#primaryimage\",\"url\":\"https:\/\/www.plaadimehed.ee\/wp-content\/uploads\/2022\/03\/raimondi-krick-krock-1.jpg\",\"contentUrl\":\"https:\/\/www.plaadimehed.ee\/wp-content\/uploads\/2022\/03\/raimondi-krick-krock-1.jpg\",\"width\":1304,\"height\":1307},{\"@type\":\"BreadcrumbList\",\"@id\":\"https:\/\/www.plaadimehed.ee\/product\/raimondi-reguleeritav-plaadi-alustugi\/#breadcrumb\",\"itemListElement\":[{\"@type\":\"ListItem\",\"position\":1,\"name\":\"Home\",\"item\":\"https:\/\/www.plaadimehed.ee\/fi\/\"},{\"@type\":\"ListItem\",\"position\":2,\"name\":\"Verkkokauppa\",\"item\":\"https:\/\/www.plaadimehed.ee\/fi\/shop\/\"},{\"@type\":\"ListItem\",\"position\":3,\"name\":\"RAIMONDI\u00ae Reguleeritav plaadi alustugi ,,Krick-Krock&#8221;\"}]},{\"@type\":\"WebSite\",\"@id\":\"https:\/\/www.plaadimehed.ee\/#website\",\"url\":\"https:\/\/www.plaadimehed.ee\/\",\"name\":\"Plaadimehed\",\"description\":\"Plaatimist\u00f6\u00f6deks vajalikud tarvikud ja t\u00f6\u00f6riistad\",\"publisher\":{\"@id\":\"https:\/\/www.plaadimehed.ee\/#organization\"},\"potentialAction\":[{\"@type\":\"SearchAction\",\"target\":{\"@type\":\"EntryPoint\",\"urlTemplate\":\"https:\/\/www.plaadimehed.ee\/?s={search_term_string}\"},\"query-input\":{\"@type\":\"PropertyValueSpecification\",\"valueRequired\":true,\"valueName\":\"search_term_string\"}}],\"inLanguage\":\"fi\"},{\"@type\":\"Organization\",\"@id\":\"https:\/\/www.plaadimehed.ee\/#organization\",\"name\":\"Plaadimehed\",\"url\":\"https:\/\/www.plaadimehed.ee\/\",\"logo\":{\"@type\":\"ImageObject\",\"inLanguage\":\"fi\",\"@id\":\"https:\/\/www.plaadimehed.ee\/#\/schema\/logo\/image\/\",\"url\":\"https:\/\/www.plaadimehed.ee\/wp-content\/uploads\/2024\/05\/plaadimehed-logo.svg\",\"contentUrl\":\"https:\/\/www.plaadimehed.ee\/wp-content\/uploads\/2024\/05\/plaadimehed-logo.svg\",\"width\":266,\"height\":72,\"caption\":\"Plaadimehed\"},\"image\":{\"@id\":\"https:\/\/www.plaadimehed.ee\/#\/schema\/logo\/image\/\"}}]}<\/script>\n<!-- \/ Yoast SEO plugin. -->","yoast_head_json":{"title":"RAIMONDI\u00ae Reguleeritav plaadi alustugi ,,Krick-Krock\" - Plaadimehed","robots":{"index":"index","follow":"follow","max-snippet":"max-snippet:-1","max-image-preview":"max-image-preview:large","max-video-preview":"max-video-preview:-1"},"canonical":"https:\/\/www.plaadimehed.ee\/product\/raimondi-reguleeritav-plaadi-alustugi\/","og_locale":"fi_FI","og_type":"article","og_title":"RAIMONDI\u00ae Reguleeritav plaadi alustugi ,,Krick-Krock\" - Plaadimehed","og_description":"Reguleeritav plaadi alustugi","og_url":"https:\/\/www.plaadimehed.ee\/product\/raimondi-reguleeritav-plaadi-alustugi\/","og_site_name":"Plaadimehed","article_modified_time":"2024-02-13T11:25:33+00:00","og_image":[{"width":1304,"height":1307,"url":"https:\/\/www.plaadimehed.ee\/wp-content\/uploads\/2022\/03\/raimondi-krick-krock-1.jpg","type":"image\/jpeg"}],"twitter_card":"summary_large_image","schema":{"@context":"https:\/\/schema.org","@graph":[{"@type":"WebPage","@id":"https:\/\/www.plaadimehed.ee\/product\/raimondi-reguleeritav-plaadi-alustugi\/","url":"https:\/\/www.plaadimehed.ee\/product\/raimondi-reguleeritav-plaadi-alustugi\/","name":"RAIMONDI\u00ae Reguleeritav plaadi alustugi ,,Krick-Krock\" - Plaadimehed","isPartOf":{"@id":"https:\/\/www.plaadimehed.ee\/#website"},"primaryImageOfPage":{"@id":"https:\/\/www.plaadimehed.ee\/product\/raimondi-reguleeritav-plaadi-alustugi\/#primaryimage"},"image":{"@id":"https:\/\/www.plaadimehed.ee\/product\/raimondi-reguleeritav-plaadi-alustugi\/#primaryimage"},"thumbnailUrl":"https:\/\/www.plaadimehed.ee\/wp-content\/uploads\/2022\/03\/raimondi-krick-krock-1.jpg","datePublished":"2022-03-09T06:49:22+00:00","dateModified":"2024-02-13T11:25:33+00:00","breadcrumb":{"@id":"https:\/\/www.plaadimehed.ee\/product\/raimondi-reguleeritav-plaadi-alustugi\/#breadcrumb"},"inLanguage":"fi","potentialAction":[{"@type":"ReadAction","target":["https:\/\/www.plaadimehed.ee\/product\/raimondi-reguleeritav-plaadi-alustugi\/"]}]},{"@type":"ImageObject","inLanguage":"fi","@id":"https:\/\/www.plaadimehed.ee\/product\/raimondi-reguleeritav-plaadi-alustugi\/#primaryimage","url":"https:\/\/www.plaadimehed.ee\/wp-content\/uploads\/2022\/03\/raimondi-krick-krock-1.jpg","contentUrl":"https:\/\/www.plaadimehed.ee\/wp-content\/uploads\/2022\/03\/raimondi-krick-krock-1.jpg","width":1304,"height":1307},{"@type":"BreadcrumbList","@id":"https:\/\/www.plaadimehed.ee\/product\/raimondi-reguleeritav-plaadi-alustugi\/#breadcrumb","itemListElement":[{"@type":"ListItem","position":1,"name":"Home","item":"https:\/\/www.plaadimehed.ee\/fi\/"},{"@type":"ListItem","position":2,"name":"Verkkokauppa","item":"https:\/\/www.plaadimehed.ee\/fi\/shop\/"},{"@type":"ListItem","position":3,"name":"RAIMONDI\u00ae Reguleeritav plaadi alustugi ,,Krick-Krock&#8221;"}]},{"@type":"WebSite","@id":"https:\/\/www.plaadimehed.ee\/#website","url":"https:\/\/www.plaadimehed.ee\/","name":"Plaadimehed","description":"Plaatimist\u00f6\u00f6deks vajalikud tarvikud ja t\u00f6\u00f6riistad","publisher":{"@id":"https:\/\/www.plaadimehed.ee\/#organization"},"potentialAction":[{"@type":"SearchAction","target":{"@type":"EntryPoint","urlTemplate":"https:\/\/www.plaadimehed.ee\/?s={search_term_string}"},"query-input":{"@type":"PropertyValueSpecification","valueRequired":true,"valueName":"search_term_string"}}],"inLanguage":"fi"},{"@type":"Organization","@id":"https:\/\/www.plaadimehed.ee\/#organization","name":"Plaadimehed","url":"https:\/\/www.plaadimehed.ee\/","logo":{"@type":"ImageObject","inLanguage":"fi","@id":"https:\/\/www.plaadimehed.ee\/#\/schema\/logo\/image\/","url":"https:\/\/www.plaadimehed.ee\/wp-content\/uploads\/2024\/05\/plaadimehed-logo.svg","contentUrl":"https:\/\/www.plaadimehed.ee\/wp-content\/uploads\/2024\/05\/plaadimehed-logo.svg","width":266,"height":72,"caption":"Plaadimehed"},"image":{"@id":"https:\/\/www.plaadimehed.ee\/#\/schema\/logo\/image\/"}}]}},"_links":{"self":[{"href":"https:\/\/www.plaadimehed.ee\/fi\/wp-json\/wp\/v2\/product\/4068","targetHints":{"allow":["GET"]}}],"collection":[{"href":"https:\/\/www.plaadimehed.ee\/fi\/wp-json\/wp\/v2\/product"}],"about":[{"href":"https:\/\/www.plaadimehed.ee\/fi\/wp-json\/wp\/v2\/types\/product"}],"wp:featuredmedia":[{"embeddable":true,"href":"https:\/\/www.plaadimehed.ee\/fi\/wp-json\/wp\/v2\/media\/4072"}],"wp:attachment":[{"href":"https:\/\/www.plaadimehed.ee\/fi\/wp-json\/wp\/v2\/media?parent=4068"}],"wp:term":[{"taxonomy":"product_brand","embeddable":true,"href":"https:\/\/www.plaadimehed.ee\/fi\/wp-json\/wp\/v2\/product_brand?post=4068"},{"taxonomy":"product_cat","embeddable":true,"href":"https:\/\/www.plaadimehed.ee\/fi\/wp-json\/wp\/v2\/product_cat?post=4068"},{"taxonomy":"product_tag","embeddable":true,"href":"https:\/\/www.plaadimehed.ee\/fi\/wp-json\/wp\/v2\/product_tag?post=4068"}],"curies":[{"name":"wp","href":"https:\/\/api.w.org\/{rel}","templated":true}]}}