{"id":4107,"date":"2022-03-09T14:39:55","date_gmt":"2022-03-09T12:39:55","guid":{"rendered":"https:\/\/www.plaadimehed.ee\/?post_type=product&#038;p=4107"},"modified":"2024-08-20T07:19:01","modified_gmt":"2024-08-20T05:19:01","slug":"raimondi-alusmattide-paigaldus-rull","status":"publish","type":"product","link":"https:\/\/www.plaadimehed.ee\/fi\/product\/raimondi-alusmattide-paigaldus-rull\/","title":{"rendered":"RAIMONDI\u00ae Alusmattide paigaldus rull"},"content":{"rendered":"<p>\u25cf Liimiga paigaldavate membraanide- ja alusmattide \u00fchtalseks tasandamiseks\/fikseerimiseks m\u00f5eldud rull<br \/>\n\u25cf Raskuse lisamise alus (nt.segukott)<br \/>\n\u25cf Lihtne kasutada<\/p>\n","protected":false},"excerpt":{"rendered":"<p>Membraanide ja alusmattide paigaldus rull<\/p>\n","protected":false},"featured_media":8147,"template":"","meta":{"_acf_changed":false},"product_brand":[55],"product_cat":[30,60,124],"product_tag":[],"class_list":{"0":"post-4107","1":"product","2":"type-product","3":"status-publish","4":"has-post-thumbnail","6":"product_brand-raimondi","7":"product_cat-plaatimistooriistad","8":"product_cat-slabi-suuremootmeline-plaat-tooriistad","9":"product_cat-membraanid","11":"first","12":"instock","13":"taxable","14":"shipping-taxable","15":"purchasable","16":"product-type-simple"},"acf":[],"yoast_head":"<!-- This site is optimized with the Yoast SEO plugin v27.0 - https:\/\/yoast.com\/product\/yoast-seo-wordpress\/ -->\n<title>RAIMONDI Segukamm<\/title>\n<meta name=\"description\" content=\"RAIMONDI alusmattide paigaldus rull\" \/>\n<meta name=\"robots\" content=\"index, follow, max-snippet:-1, max-image-preview:large, max-video-preview:-1\" \/>\n<link rel=\"canonical\" href=\"https:\/\/www.plaadimehed.ee\/product\/raimondi-alusmattide-paigaldus-rull\/\" \/>\n<meta property=\"og:locale\" content=\"fi_FI\" \/>\n<meta property=\"og:type\" content=\"article\" \/>\n<meta property=\"og:title\" content=\"RAIMONDI Segukamm\" \/>\n<meta property=\"og:description\" content=\"RAIMONDI alusmattide paigaldus rull\" \/>\n<meta property=\"og:url\" content=\"https:\/\/www.plaadimehed.ee\/product\/raimondi-alusmattide-paigaldus-rull\/\" \/>\n<meta property=\"og:site_name\" content=\"Plaadimehed\" \/>\n<meta property=\"article:modified_time\" content=\"2024-08-20T05:19:01+00:00\" \/>\n<meta property=\"og:image\" content=\"https:\/\/www.plaadimehed.ee\/wp-content\/uploads\/2022\/03\/rai-rull.png\" \/>\n\t<meta property=\"og:image:width\" content=\"600\" \/>\n\t<meta property=\"og:image:height\" content=\"600\" \/>\n\t<meta property=\"og:image:type\" content=\"image\/png\" \/>\n<meta name=\"twitter:card\" content=\"summary_large_image\" \/>\n<script type=\"application\/ld+json\" class=\"yoast-schema-graph\">{\"@context\":\"https:\/\/schema.org\",\"@graph\":[{\"@type\":\"WebPage\",\"@id\":\"https:\/\/www.plaadimehed.ee\/product\/raimondi-alusmattide-paigaldus-rull\/\",\"url\":\"https:\/\/www.plaadimehed.ee\/product\/raimondi-alusmattide-paigaldus-rull\/\",\"name\":\"RAIMONDI Segukamm\",\"isPartOf\":{\"@id\":\"https:\/\/www.plaadimehed.ee\/#website\"},\"primaryImageOfPage\":{\"@id\":\"https:\/\/www.plaadimehed.ee\/product\/raimondi-alusmattide-paigaldus-rull\/#primaryimage\"},\"image\":{\"@id\":\"https:\/\/www.plaadimehed.ee\/product\/raimondi-alusmattide-paigaldus-rull\/#primaryimage\"},\"thumbnailUrl\":\"https:\/\/www.plaadimehed.ee\/wp-content\/uploads\/2022\/03\/rai-rull.png\",\"datePublished\":\"2022-03-09T12:39:55+00:00\",\"dateModified\":\"2024-08-20T05:19:01+00:00\",\"description\":\"RAIMONDI alusmattide paigaldus rull\",\"breadcrumb\":{\"@id\":\"https:\/\/www.plaadimehed.ee\/product\/raimondi-alusmattide-paigaldus-rull\/#breadcrumb\"},\"inLanguage\":\"fi\",\"potentialAction\":[{\"@type\":\"ReadAction\",\"target\":[\"https:\/\/www.plaadimehed.ee\/product\/raimondi-alusmattide-paigaldus-rull\/\"]}]},{\"@type\":\"ImageObject\",\"inLanguage\":\"fi\",\"@id\":\"https:\/\/www.plaadimehed.ee\/product\/raimondi-alusmattide-paigaldus-rull\/#primaryimage\",\"url\":\"https:\/\/www.plaadimehed.ee\/wp-content\/uploads\/2022\/03\/rai-rull.png\",\"contentUrl\":\"https:\/\/www.plaadimehed.ee\/wp-content\/uploads\/2022\/03\/rai-rull.png\",\"width\":600,\"height\":600},{\"@type\":\"BreadcrumbList\",\"@id\":\"https:\/\/www.plaadimehed.ee\/product\/raimondi-alusmattide-paigaldus-rull\/#breadcrumb\",\"itemListElement\":[{\"@type\":\"ListItem\",\"position\":1,\"name\":\"Home\",\"item\":\"https:\/\/www.plaadimehed.ee\/fi\/\"},{\"@type\":\"ListItem\",\"position\":2,\"name\":\"Verkkokauppa\",\"item\":\"https:\/\/www.plaadimehed.ee\/fi\/shop\/\"},{\"@type\":\"ListItem\",\"position\":3,\"name\":\"RAIMONDI\u00ae Alusmattide paigaldus rull\"}]},{\"@type\":\"WebSite\",\"@id\":\"https:\/\/www.plaadimehed.ee\/#website\",\"url\":\"https:\/\/www.plaadimehed.ee\/\",\"name\":\"Plaadimehed\",\"description\":\"Plaatimist\u00f6\u00f6deks vajalikud tarvikud ja t\u00f6\u00f6riistad\",\"publisher\":{\"@id\":\"https:\/\/www.plaadimehed.ee\/#organization\"},\"potentialAction\":[{\"@type\":\"SearchAction\",\"target\":{\"@type\":\"EntryPoint\",\"urlTemplate\":\"https:\/\/www.plaadimehed.ee\/?s={search_term_string}\"},\"query-input\":{\"@type\":\"PropertyValueSpecification\",\"valueRequired\":true,\"valueName\":\"search_term_string\"}}],\"inLanguage\":\"fi\"},{\"@type\":\"Organization\",\"@id\":\"https:\/\/www.plaadimehed.ee\/#organization\",\"name\":\"Plaadimehed\",\"url\":\"https:\/\/www.plaadimehed.ee\/\",\"logo\":{\"@type\":\"ImageObject\",\"inLanguage\":\"fi\",\"@id\":\"https:\/\/www.plaadimehed.ee\/#\/schema\/logo\/image\/\",\"url\":\"https:\/\/www.plaadimehed.ee\/wp-content\/uploads\/2024\/05\/plaadimehed-logo.svg\",\"contentUrl\":\"https:\/\/www.plaadimehed.ee\/wp-content\/uploads\/2024\/05\/plaadimehed-logo.svg\",\"width\":266,\"height\":72,\"caption\":\"Plaadimehed\"},\"image\":{\"@id\":\"https:\/\/www.plaadimehed.ee\/#\/schema\/logo\/image\/\"}}]}<\/script>\n<!-- \/ Yoast SEO plugin. -->","yoast_head_json":{"title":"RAIMONDI Segukamm","description":"RAIMONDI alusmattide paigaldus rull","robots":{"index":"index","follow":"follow","max-snippet":"max-snippet:-1","max-image-preview":"max-image-preview:large","max-video-preview":"max-video-preview:-1"},"canonical":"https:\/\/www.plaadimehed.ee\/product\/raimondi-alusmattide-paigaldus-rull\/","og_locale":"fi_FI","og_type":"article","og_title":"RAIMONDI Segukamm","og_description":"RAIMONDI alusmattide paigaldus rull","og_url":"https:\/\/www.plaadimehed.ee\/product\/raimondi-alusmattide-paigaldus-rull\/","og_site_name":"Plaadimehed","article_modified_time":"2024-08-20T05:19:01+00:00","og_image":[{"width":600,"height":600,"url":"https:\/\/www.plaadimehed.ee\/wp-content\/uploads\/2022\/03\/rai-rull.png","type":"image\/png"}],"twitter_card":"summary_large_image","schema":{"@context":"https:\/\/schema.org","@graph":[{"@type":"WebPage","@id":"https:\/\/www.plaadimehed.ee\/product\/raimondi-alusmattide-paigaldus-rull\/","url":"https:\/\/www.plaadimehed.ee\/product\/raimondi-alusmattide-paigaldus-rull\/","name":"RAIMONDI Segukamm","isPartOf":{"@id":"https:\/\/www.plaadimehed.ee\/#website"},"primaryImageOfPage":{"@id":"https:\/\/www.plaadimehed.ee\/product\/raimondi-alusmattide-paigaldus-rull\/#primaryimage"},"image":{"@id":"https:\/\/www.plaadimehed.ee\/product\/raimondi-alusmattide-paigaldus-rull\/#primaryimage"},"thumbnailUrl":"https:\/\/www.plaadimehed.ee\/wp-content\/uploads\/2022\/03\/rai-rull.png","datePublished":"2022-03-09T12:39:55+00:00","dateModified":"2024-08-20T05:19:01+00:00","description":"RAIMONDI alusmattide paigaldus rull","breadcrumb":{"@id":"https:\/\/www.plaadimehed.ee\/product\/raimondi-alusmattide-paigaldus-rull\/#breadcrumb"},"inLanguage":"fi","potentialAction":[{"@type":"ReadAction","target":["https:\/\/www.plaadimehed.ee\/product\/raimondi-alusmattide-paigaldus-rull\/"]}]},{"@type":"ImageObject","inLanguage":"fi","@id":"https:\/\/www.plaadimehed.ee\/product\/raimondi-alusmattide-paigaldus-rull\/#primaryimage","url":"https:\/\/www.plaadimehed.ee\/wp-content\/uploads\/2022\/03\/rai-rull.png","contentUrl":"https:\/\/www.plaadimehed.ee\/wp-content\/uploads\/2022\/03\/rai-rull.png","width":600,"height":600},{"@type":"BreadcrumbList","@id":"https:\/\/www.plaadimehed.ee\/product\/raimondi-alusmattide-paigaldus-rull\/#breadcrumb","itemListElement":[{"@type":"ListItem","position":1,"name":"Home","item":"https:\/\/www.plaadimehed.ee\/fi\/"},{"@type":"ListItem","position":2,"name":"Verkkokauppa","item":"https:\/\/www.plaadimehed.ee\/fi\/shop\/"},{"@type":"ListItem","position":3,"name":"RAIMONDI\u00ae Alusmattide paigaldus rull"}]},{"@type":"WebSite","@id":"https:\/\/www.plaadimehed.ee\/#website","url":"https:\/\/www.plaadimehed.ee\/","name":"Plaadimehed","description":"Plaatimist\u00f6\u00f6deks vajalikud tarvikud ja t\u00f6\u00f6riistad","publisher":{"@id":"https:\/\/www.plaadimehed.ee\/#organization"},"potentialAction":[{"@type":"SearchAction","target":{"@type":"EntryPoint","urlTemplate":"https:\/\/www.plaadimehed.ee\/?s={search_term_string}"},"query-input":{"@type":"PropertyValueSpecification","valueRequired":true,"valueName":"search_term_string"}}],"inLanguage":"fi"},{"@type":"Organization","@id":"https:\/\/www.plaadimehed.ee\/#organization","name":"Plaadimehed","url":"https:\/\/www.plaadimehed.ee\/","logo":{"@type":"ImageObject","inLanguage":"fi","@id":"https:\/\/www.plaadimehed.ee\/#\/schema\/logo\/image\/","url":"https:\/\/www.plaadimehed.ee\/wp-content\/uploads\/2024\/05\/plaadimehed-logo.svg","contentUrl":"https:\/\/www.plaadimehed.ee\/wp-content\/uploads\/2024\/05\/plaadimehed-logo.svg","width":266,"height":72,"caption":"Plaadimehed"},"image":{"@id":"https:\/\/www.plaadimehed.ee\/#\/schema\/logo\/image\/"}}]}},"_links":{"self":[{"href":"https:\/\/www.plaadimehed.ee\/fi\/wp-json\/wp\/v2\/product\/4107","targetHints":{"allow":["GET"]}}],"collection":[{"href":"https:\/\/www.plaadimehed.ee\/fi\/wp-json\/wp\/v2\/product"}],"about":[{"href":"https:\/\/www.plaadimehed.ee\/fi\/wp-json\/wp\/v2\/types\/product"}],"wp:featuredmedia":[{"embeddable":true,"href":"https:\/\/www.plaadimehed.ee\/fi\/wp-json\/wp\/v2\/media\/8147"}],"wp:attachment":[{"href":"https:\/\/www.plaadimehed.ee\/fi\/wp-json\/wp\/v2\/media?parent=4107"}],"wp:term":[{"taxonomy":"product_brand","embeddable":true,"href":"https:\/\/www.plaadimehed.ee\/fi\/wp-json\/wp\/v2\/product_brand?post=4107"},{"taxonomy":"product_cat","embeddable":true,"href":"https:\/\/www.plaadimehed.ee\/fi\/wp-json\/wp\/v2\/product_cat?post=4107"},{"taxonomy":"product_tag","embeddable":true,"href":"https:\/\/www.plaadimehed.ee\/fi\/wp-json\/wp\/v2\/product_tag?post=4107"}],"curies":[{"name":"wp","href":"https:\/\/api.w.org\/{rel}","templated":true}]}}