{"id":4365,"date":"2022-03-29T11:18:52","date_gmt":"2022-03-29T09:18:52","guid":{"rendered":"https:\/\/www.plaadimehed.ee\/?post_type=product&#038;p=4365"},"modified":"2025-08-21T13:14:50","modified_gmt":"2025-08-21T11:14:50","slug":"bihui-polvekaitsmed","status":"publish","type":"product","link":"https:\/\/www.plaadimehed.ee\/fi\/product\/bihui-polvekaitsmed\/","title":{"rendered":"BIHUI P\u00f5lvekaitsmed"},"content":{"rendered":"<p class=\"p1\">BIHUI on professionaalne t\u00f6\u00f6riistabr\u00e4nd, mis keskendub eelk\u00f5ige plaatimis- ja viimistlust\u00f6\u00f6dele. Nende tootevalikusse kuuluvad kvaliteetsed plaadil\u00f5ikurid, vaakumhaaratsid, k\u00e4sit\u00f6\u00f6riistad, plaatide tasanduss\u00fcsteemid, iminapad, teemantkettad ja freesid, mis on loodud spetsiaalselt professionaalidele.<\/p>\n<p class=\"p1\">Br\u00e4ndi eesm\u00e4rk on pakkuda t\u00e4pseid, vastupidavaid ja kasutajas\u00f5bralikke t\u00f6\u00f6riistu, mis aitavad saavutada k\u00f5rget kvaliteeti kiiremini ja mugavamalt. BIHUI tooteid hinnatakse eriti nende hea hinna ja kvaliteedi suhte t\u00f5ttu. Plaadimehed on BIHUI esindaja Eestis.<\/p>\n<p><a href=\"https:\/\/www.bihuitools.com\/\" target=\"_blank\" rel=\"noopener\">BIHUI ametlik kodulehek\u00fclg<\/a><\/p>\n<p>&nbsp;<\/p>\n<p>&nbsp;<\/p>\n<p>&nbsp;<\/p>\n<p>&nbsp;<\/p>\n","protected":false},"excerpt":{"rendered":"<p>Silikonsisuga p\u00f5lvekaitsmed<\/p>\n<p>\u25cf Silikonsisuga p\u00f5lvekaitsmed, komplektis 2 tk<br \/>\n\u25cf Vastupidavad ja ergonoomilised<\/p>\n","protected":false},"featured_media":4366,"template":"","meta":{"_acf_changed":false},"product_brand":[26],"product_cat":[61],"product_tag":[],"class_list":{"0":"post-4365","1":"product","2":"type-product","3":"status-publish","4":"has-post-thumbnail","6":"product_brand-bihui","7":"product_cat-isikukaitsevahendid","9":"first","10":"instock","11":"taxable","12":"shipping-taxable","13":"purchasable","14":"product-type-simple"},"acf":[],"yoast_head":"<!-- This site is optimized with the Yoast SEO plugin v27.0 - https:\/\/yoast.com\/product\/yoast-seo-wordpress\/ -->\n<title>BIHUI P\u00f5lvekaitsmed - Plaadimehed<\/title>\n<meta name=\"description\" content=\"Bihui mugavad silikoonsisuga p\u00f5lvekaitsmed. Kaks takjakinnist tagavad stabiilsuse. Vastupidav kummist v\u00e4liskest kaitseb kulumise eest.\" \/>\n<meta name=\"robots\" content=\"index, follow, max-snippet:-1, max-image-preview:large, max-video-preview:-1\" \/>\n<link rel=\"canonical\" href=\"https:\/\/www.plaadimehed.ee\/product\/bihui-polvekaitsmed\/\" \/>\n<meta property=\"og:locale\" content=\"fi_FI\" \/>\n<meta property=\"og:type\" content=\"article\" \/>\n<meta property=\"og:title\" content=\"BIHUI P\u00f5lvekaitsmed\" \/>\n<meta property=\"og:description\" content=\"Bihui mugavad silikoonsisuga p\u00f5lvekaitsmed. Kaks takjakinnist tagavad stabiilsuse. Vastupidav kummist v\u00e4liskest kaitseb kulumise eest.\" \/>\n<meta property=\"og:url\" content=\"https:\/\/www.plaadimehed.ee\/product\/bihui-polvekaitsmed\/\" \/>\n<meta property=\"og:site_name\" content=\"Plaadimehed\" \/>\n<meta property=\"article:modified_time\" content=\"2025-08-21T11:14:50+00:00\" \/>\n<meta property=\"og:image\" content=\"https:\/\/www.plaadimehed.ee\/wp-content\/uploads\/2022\/03\/bihui-polvekaitsmed.jpg\" \/>\n\t<meta property=\"og:image:width\" content=\"450\" \/>\n\t<meta property=\"og:image:height\" content=\"450\" \/>\n\t<meta property=\"og:image:type\" content=\"image\/jpeg\" \/>\n<meta name=\"twitter:card\" content=\"summary_large_image\" \/>\n<meta name=\"twitter:label1\" content=\"Arvioitu lukuaika\" \/>\n\t<meta name=\"twitter:data1\" content=\"1 minuutti\" \/>\n<script type=\"application\/ld+json\" class=\"yoast-schema-graph\">{\"@context\":\"https:\/\/schema.org\",\"@graph\":[{\"@type\":\"WebPage\",\"@id\":\"https:\/\/www.plaadimehed.ee\/product\/bihui-polvekaitsmed\/\",\"url\":\"https:\/\/www.plaadimehed.ee\/product\/bihui-polvekaitsmed\/\",\"name\":\"BIHUI P\u00f5lvekaitsmed - Plaadimehed\",\"isPartOf\":{\"@id\":\"https:\/\/www.plaadimehed.ee\/#website\"},\"primaryImageOfPage\":{\"@id\":\"https:\/\/www.plaadimehed.ee\/product\/bihui-polvekaitsmed\/#primaryimage\"},\"image\":{\"@id\":\"https:\/\/www.plaadimehed.ee\/product\/bihui-polvekaitsmed\/#primaryimage\"},\"thumbnailUrl\":\"https:\/\/www.plaadimehed.ee\/wp-content\/uploads\/2022\/03\/bihui-polvekaitsmed.jpg\",\"datePublished\":\"2022-03-29T09:18:52+00:00\",\"dateModified\":\"2025-08-21T11:14:50+00:00\",\"description\":\"Bihui mugavad silikoonsisuga p\u00f5lvekaitsmed. Kaks takjakinnist tagavad stabiilsuse. Vastupidav kummist v\u00e4liskest kaitseb kulumise eest.\",\"breadcrumb\":{\"@id\":\"https:\/\/www.plaadimehed.ee\/product\/bihui-polvekaitsmed\/#breadcrumb\"},\"inLanguage\":\"fi\",\"potentialAction\":[{\"@type\":\"ReadAction\",\"target\":[\"https:\/\/www.plaadimehed.ee\/product\/bihui-polvekaitsmed\/\"]}]},{\"@type\":\"ImageObject\",\"inLanguage\":\"fi\",\"@id\":\"https:\/\/www.plaadimehed.ee\/product\/bihui-polvekaitsmed\/#primaryimage\",\"url\":\"https:\/\/www.plaadimehed.ee\/wp-content\/uploads\/2022\/03\/bihui-polvekaitsmed.jpg\",\"contentUrl\":\"https:\/\/www.plaadimehed.ee\/wp-content\/uploads\/2022\/03\/bihui-polvekaitsmed.jpg\",\"width\":450,\"height\":450,\"caption\":\"BIHUI P\u00f5lvekaitsmed\"},{\"@type\":\"BreadcrumbList\",\"@id\":\"https:\/\/www.plaadimehed.ee\/product\/bihui-polvekaitsmed\/#breadcrumb\",\"itemListElement\":[{\"@type\":\"ListItem\",\"position\":1,\"name\":\"Home\",\"item\":\"https:\/\/www.plaadimehed.ee\/fi\/\"},{\"@type\":\"ListItem\",\"position\":2,\"name\":\"Verkkokauppa\",\"item\":\"https:\/\/www.plaadimehed.ee\/fi\/shop\/\"},{\"@type\":\"ListItem\",\"position\":3,\"name\":\"BIHUI P\u00f5lvekaitsmed\"}]},{\"@type\":\"WebSite\",\"@id\":\"https:\/\/www.plaadimehed.ee\/#website\",\"url\":\"https:\/\/www.plaadimehed.ee\/\",\"name\":\"Plaadimehed\",\"description\":\"Plaatimist\u00f6\u00f6deks vajalikud tarvikud ja t\u00f6\u00f6riistad\",\"publisher\":{\"@id\":\"https:\/\/www.plaadimehed.ee\/#organization\"},\"potentialAction\":[{\"@type\":\"SearchAction\",\"target\":{\"@type\":\"EntryPoint\",\"urlTemplate\":\"https:\/\/www.plaadimehed.ee\/?s={search_term_string}\"},\"query-input\":{\"@type\":\"PropertyValueSpecification\",\"valueRequired\":true,\"valueName\":\"search_term_string\"}}],\"inLanguage\":\"fi\"},{\"@type\":\"Organization\",\"@id\":\"https:\/\/www.plaadimehed.ee\/#organization\",\"name\":\"Plaadimehed\",\"url\":\"https:\/\/www.plaadimehed.ee\/\",\"logo\":{\"@type\":\"ImageObject\",\"inLanguage\":\"fi\",\"@id\":\"https:\/\/www.plaadimehed.ee\/#\/schema\/logo\/image\/\",\"url\":\"https:\/\/www.plaadimehed.ee\/wp-content\/uploads\/2024\/05\/plaadimehed-logo.svg\",\"contentUrl\":\"https:\/\/www.plaadimehed.ee\/wp-content\/uploads\/2024\/05\/plaadimehed-logo.svg\",\"width\":266,\"height\":72,\"caption\":\"Plaadimehed\"},\"image\":{\"@id\":\"https:\/\/www.plaadimehed.ee\/#\/schema\/logo\/image\/\"}}]}<\/script>\n<!-- \/ Yoast SEO plugin. -->","yoast_head_json":{"title":"BIHUI P\u00f5lvekaitsmed - Plaadimehed","description":"Bihui mugavad silikoonsisuga p\u00f5lvekaitsmed. Kaks takjakinnist tagavad stabiilsuse. Vastupidav kummist v\u00e4liskest kaitseb kulumise eest.","robots":{"index":"index","follow":"follow","max-snippet":"max-snippet:-1","max-image-preview":"max-image-preview:large","max-video-preview":"max-video-preview:-1"},"canonical":"https:\/\/www.plaadimehed.ee\/product\/bihui-polvekaitsmed\/","og_locale":"fi_FI","og_type":"article","og_title":"BIHUI P\u00f5lvekaitsmed","og_description":"Bihui mugavad silikoonsisuga p\u00f5lvekaitsmed. Kaks takjakinnist tagavad stabiilsuse. Vastupidav kummist v\u00e4liskest kaitseb kulumise eest.","og_url":"https:\/\/www.plaadimehed.ee\/product\/bihui-polvekaitsmed\/","og_site_name":"Plaadimehed","article_modified_time":"2025-08-21T11:14:50+00:00","og_image":[{"width":450,"height":450,"url":"https:\/\/www.plaadimehed.ee\/wp-content\/uploads\/2022\/03\/bihui-polvekaitsmed.jpg","type":"image\/jpeg"}],"twitter_card":"summary_large_image","twitter_misc":{"Arvioitu lukuaika":"1 minuutti"},"schema":{"@context":"https:\/\/schema.org","@graph":[{"@type":"WebPage","@id":"https:\/\/www.plaadimehed.ee\/product\/bihui-polvekaitsmed\/","url":"https:\/\/www.plaadimehed.ee\/product\/bihui-polvekaitsmed\/","name":"BIHUI P\u00f5lvekaitsmed - Plaadimehed","isPartOf":{"@id":"https:\/\/www.plaadimehed.ee\/#website"},"primaryImageOfPage":{"@id":"https:\/\/www.plaadimehed.ee\/product\/bihui-polvekaitsmed\/#primaryimage"},"image":{"@id":"https:\/\/www.plaadimehed.ee\/product\/bihui-polvekaitsmed\/#primaryimage"},"thumbnailUrl":"https:\/\/www.plaadimehed.ee\/wp-content\/uploads\/2022\/03\/bihui-polvekaitsmed.jpg","datePublished":"2022-03-29T09:18:52+00:00","dateModified":"2025-08-21T11:14:50+00:00","description":"Bihui mugavad silikoonsisuga p\u00f5lvekaitsmed. Kaks takjakinnist tagavad stabiilsuse. Vastupidav kummist v\u00e4liskest kaitseb kulumise eest.","breadcrumb":{"@id":"https:\/\/www.plaadimehed.ee\/product\/bihui-polvekaitsmed\/#breadcrumb"},"inLanguage":"fi","potentialAction":[{"@type":"ReadAction","target":["https:\/\/www.plaadimehed.ee\/product\/bihui-polvekaitsmed\/"]}]},{"@type":"ImageObject","inLanguage":"fi","@id":"https:\/\/www.plaadimehed.ee\/product\/bihui-polvekaitsmed\/#primaryimage","url":"https:\/\/www.plaadimehed.ee\/wp-content\/uploads\/2022\/03\/bihui-polvekaitsmed.jpg","contentUrl":"https:\/\/www.plaadimehed.ee\/wp-content\/uploads\/2022\/03\/bihui-polvekaitsmed.jpg","width":450,"height":450,"caption":"BIHUI P\u00f5lvekaitsmed"},{"@type":"BreadcrumbList","@id":"https:\/\/www.plaadimehed.ee\/product\/bihui-polvekaitsmed\/#breadcrumb","itemListElement":[{"@type":"ListItem","position":1,"name":"Home","item":"https:\/\/www.plaadimehed.ee\/fi\/"},{"@type":"ListItem","position":2,"name":"Verkkokauppa","item":"https:\/\/www.plaadimehed.ee\/fi\/shop\/"},{"@type":"ListItem","position":3,"name":"BIHUI P\u00f5lvekaitsmed"}]},{"@type":"WebSite","@id":"https:\/\/www.plaadimehed.ee\/#website","url":"https:\/\/www.plaadimehed.ee\/","name":"Plaadimehed","description":"Plaatimist\u00f6\u00f6deks vajalikud tarvikud ja t\u00f6\u00f6riistad","publisher":{"@id":"https:\/\/www.plaadimehed.ee\/#organization"},"potentialAction":[{"@type":"SearchAction","target":{"@type":"EntryPoint","urlTemplate":"https:\/\/www.plaadimehed.ee\/?s={search_term_string}"},"query-input":{"@type":"PropertyValueSpecification","valueRequired":true,"valueName":"search_term_string"}}],"inLanguage":"fi"},{"@type":"Organization","@id":"https:\/\/www.plaadimehed.ee\/#organization","name":"Plaadimehed","url":"https:\/\/www.plaadimehed.ee\/","logo":{"@type":"ImageObject","inLanguage":"fi","@id":"https:\/\/www.plaadimehed.ee\/#\/schema\/logo\/image\/","url":"https:\/\/www.plaadimehed.ee\/wp-content\/uploads\/2024\/05\/plaadimehed-logo.svg","contentUrl":"https:\/\/www.plaadimehed.ee\/wp-content\/uploads\/2024\/05\/plaadimehed-logo.svg","width":266,"height":72,"caption":"Plaadimehed"},"image":{"@id":"https:\/\/www.plaadimehed.ee\/#\/schema\/logo\/image\/"}}]}},"_links":{"self":[{"href":"https:\/\/www.plaadimehed.ee\/fi\/wp-json\/wp\/v2\/product\/4365","targetHints":{"allow":["GET"]}}],"collection":[{"href":"https:\/\/www.plaadimehed.ee\/fi\/wp-json\/wp\/v2\/product"}],"about":[{"href":"https:\/\/www.plaadimehed.ee\/fi\/wp-json\/wp\/v2\/types\/product"}],"wp:featuredmedia":[{"embeddable":true,"href":"https:\/\/www.plaadimehed.ee\/fi\/wp-json\/wp\/v2\/media\/4366"}],"wp:attachment":[{"href":"https:\/\/www.plaadimehed.ee\/fi\/wp-json\/wp\/v2\/media?parent=4365"}],"wp:term":[{"taxonomy":"product_brand","embeddable":true,"href":"https:\/\/www.plaadimehed.ee\/fi\/wp-json\/wp\/v2\/product_brand?post=4365"},{"taxonomy":"product_cat","embeddable":true,"href":"https:\/\/www.plaadimehed.ee\/fi\/wp-json\/wp\/v2\/product_cat?post=4365"},{"taxonomy":"product_tag","embeddable":true,"href":"https:\/\/www.plaadimehed.ee\/fi\/wp-json\/wp\/v2\/product_tag?post=4365"}],"curies":[{"name":"wp","href":"https:\/\/api.w.org\/{rel}","templated":true}]}}