{"id":474,"date":"2021-05-31T16:37:48","date_gmt":"2021-05-31T14:37:48","guid":{"rendered":"https:\/\/www.plaadimehed.ee\/?post_type=product&#038;p=474"},"modified":"2025-06-03T12:34:32","modified_gmt":"2025-06-03T10:34:32","slug":"bihui-iminapp-8","status":"publish","type":"product","link":"https:\/\/www.plaadimehed.ee\/fi\/product\/bihui-iminapp-8\/","title":{"rendered":"BIHUI Iminapp manuaalselt pumbatav 8&#8243;"},"content":{"rendered":"<p>Bihui on professionaalne t\u00f6\u00f6riistade br\u00e4nd, mis keskendub eelk\u00f5ige plaatijatele ja teistele viimistlust\u00f6\u00f6de tegijatele. Bihui tootevalikusse kuuluvad kvaliteetsed plaadil\u00f5ikurid, vaakumt\u00f5stukid, nivelleerimiss\u00fcsteemid, k\u00e4sit\u00f6\u00f6riistad ja muud abivahendid, mis on loodud vastama ehitus- ja remondispetsialistide vajadustele. Br\u00e4ndi eesm\u00e4rk on pakkuda t\u00e4pseid, vastupidavaid ja kasutajas\u00f5bralikke t\u00f6\u00f6riistu, mis aitavad saavutada professionaalset tulemust kiiremini ja mugavamalt. Bihui tooteid hinnatakse eriti nende hea hinna ja kvaliteedi suhte poolest. Br\u00e4nd ametlik maaletooja on Plaadimehed.<\/p>\n<p>&nbsp;<\/p>\n","protected":false},"excerpt":{"rendered":"<p>Iminapp suureformaadiliste plaatide t\u00f5stmiseks ja paigalduse jaoks.<\/p>\n<p>\u25cf Plaatide t\u00f5stmiseks\/paigaldamiseks<br \/>\n\u25cf T\u00f5stej\u00f5ud 110 kg<br \/>\n\u25cf Sobib kasutamiseks ka tekstuursete plaatide t\u00f5stmiseks<br \/>\n\u25cf Libisemiskindel k\u00e4epide<br \/>\n\u25cf Pumba otsik varustatud punase hoiatus \u00e4\u00e4rikuga<\/p>\n","protected":false},"featured_media":6833,"template":"","meta":{"_acf_changed":false},"product_brand":[26],"product_cat":[30,35],"product_tag":[],"class_list":{"0":"post-474","1":"product","2":"type-product","3":"status-publish","4":"has-post-thumbnail","6":"product_brand-bihui","7":"product_cat-plaatimistooriistad","8":"product_cat-vaakumhaaratsid","10":"first","11":"instock","12":"taxable","13":"shipping-taxable","14":"purchasable","15":"product-type-simple"},"acf":[],"yoast_head":"<!-- This site is optimized with the Yoast SEO plugin v27.0 - https:\/\/yoast.com\/product\/yoast-seo-wordpress\/ -->\n<title>BIHUI Iminapp manuaalselt pumbatav 8&quot; - Plaadimehed<\/title>\n<meta name=\"description\" content=\"BIHUI Iminapp 8\u2033 suureformaadiliste plaatide t\u00f5stmiseks, paigaldamiseks. T\u00f5stej\u00f5ud 110kg, kasutamine klaasile, siledapinnaliste materjalide t\u00f5stmiseks. Loe lisaks.\" \/>\n<meta name=\"robots\" content=\"index, follow, max-snippet:-1, max-image-preview:large, max-video-preview:-1\" \/>\n<link rel=\"canonical\" href=\"https:\/\/www.plaadimehed.ee\/product\/bihui-iminapp-8\/\" \/>\n<meta property=\"og:locale\" content=\"fi_FI\" \/>\n<meta property=\"og:type\" content=\"article\" \/>\n<meta property=\"og:title\" content=\"BIHUI Iminapp manuaalselt pumbatav 8&quot; - Plaadimehed\" \/>\n<meta property=\"og:description\" content=\"BIHUI Iminapp 8\u2033 suureformaadiliste plaatide t\u00f5stmiseks, paigaldamiseks. T\u00f5stej\u00f5ud 110kg, kasutamine klaasile, siledapinnaliste materjalide t\u00f5stmiseks. Loe lisaks.\" \/>\n<meta property=\"og:url\" content=\"https:\/\/www.plaadimehed.ee\/product\/bihui-iminapp-8\/\" \/>\n<meta property=\"og:site_name\" content=\"Plaadimehed\" \/>\n<meta property=\"article:modified_time\" content=\"2025-06-03T10:34:32+00:00\" \/>\n<meta property=\"og:image\" content=\"https:\/\/www.plaadimehed.ee\/wp-content\/uploads\/2022\/11\/IMG_0130.jpg\" \/>\n\t<meta property=\"og:image:width\" content=\"500\" \/>\n\t<meta property=\"og:image:height\" content=\"500\" \/>\n\t<meta property=\"og:image:type\" content=\"image\/jpeg\" \/>\n<meta name=\"twitter:card\" content=\"summary_large_image\" \/>\n<meta name=\"twitter:label1\" content=\"Arvioitu lukuaika\" \/>\n\t<meta name=\"twitter:data1\" content=\"1 minuutti\" \/>\n<script type=\"application\/ld+json\" class=\"yoast-schema-graph\">{\"@context\":\"https:\/\/schema.org\",\"@graph\":[{\"@type\":\"WebPage\",\"@id\":\"https:\/\/www.plaadimehed.ee\/product\/bihui-iminapp-8\/\",\"url\":\"https:\/\/www.plaadimehed.ee\/product\/bihui-iminapp-8\/\",\"name\":\"BIHUI Iminapp manuaalselt pumbatav 8\\\" - Plaadimehed\",\"isPartOf\":{\"@id\":\"https:\/\/www.plaadimehed.ee\/#website\"},\"primaryImageOfPage\":{\"@id\":\"https:\/\/www.plaadimehed.ee\/product\/bihui-iminapp-8\/#primaryimage\"},\"image\":{\"@id\":\"https:\/\/www.plaadimehed.ee\/product\/bihui-iminapp-8\/#primaryimage\"},\"thumbnailUrl\":\"https:\/\/www.plaadimehed.ee\/wp-content\/uploads\/2022\/11\/IMG_0130.jpg\",\"datePublished\":\"2021-05-31T14:37:48+00:00\",\"dateModified\":\"2025-06-03T10:34:32+00:00\",\"description\":\"BIHUI Iminapp 8\u2033 suureformaadiliste plaatide t\u00f5stmiseks, paigaldamiseks. T\u00f5stej\u00f5ud 110kg, kasutamine klaasile, siledapinnaliste materjalide t\u00f5stmiseks. Loe lisaks.\",\"breadcrumb\":{\"@id\":\"https:\/\/www.plaadimehed.ee\/product\/bihui-iminapp-8\/#breadcrumb\"},\"inLanguage\":\"fi\",\"potentialAction\":[{\"@type\":\"ReadAction\",\"target\":[\"https:\/\/www.plaadimehed.ee\/product\/bihui-iminapp-8\/\"]}]},{\"@type\":\"ImageObject\",\"inLanguage\":\"fi\",\"@id\":\"https:\/\/www.plaadimehed.ee\/product\/bihui-iminapp-8\/#primaryimage\",\"url\":\"https:\/\/www.plaadimehed.ee\/wp-content\/uploads\/2022\/11\/IMG_0130.jpg\",\"contentUrl\":\"https:\/\/www.plaadimehed.ee\/wp-content\/uploads\/2022\/11\/IMG_0130.jpg\",\"width\":500,\"height\":500,\"caption\":\"Bihui iminapp 8\\\"\"},{\"@type\":\"BreadcrumbList\",\"@id\":\"https:\/\/www.plaadimehed.ee\/product\/bihui-iminapp-8\/#breadcrumb\",\"itemListElement\":[{\"@type\":\"ListItem\",\"position\":1,\"name\":\"Home\",\"item\":\"https:\/\/www.plaadimehed.ee\/fi\/\"},{\"@type\":\"ListItem\",\"position\":2,\"name\":\"Verkkokauppa\",\"item\":\"https:\/\/www.plaadimehed.ee\/fi\/shop\/\"},{\"@type\":\"ListItem\",\"position\":3,\"name\":\"BIHUI Iminapp manuaalselt pumbatav 8&#8243;\"}]},{\"@type\":\"WebSite\",\"@id\":\"https:\/\/www.plaadimehed.ee\/#website\",\"url\":\"https:\/\/www.plaadimehed.ee\/\",\"name\":\"Plaadimehed\",\"description\":\"Plaatimist\u00f6\u00f6deks vajalikud tarvikud ja t\u00f6\u00f6riistad\",\"publisher\":{\"@id\":\"https:\/\/www.plaadimehed.ee\/#organization\"},\"potentialAction\":[{\"@type\":\"SearchAction\",\"target\":{\"@type\":\"EntryPoint\",\"urlTemplate\":\"https:\/\/www.plaadimehed.ee\/?s={search_term_string}\"},\"query-input\":{\"@type\":\"PropertyValueSpecification\",\"valueRequired\":true,\"valueName\":\"search_term_string\"}}],\"inLanguage\":\"fi\"},{\"@type\":\"Organization\",\"@id\":\"https:\/\/www.plaadimehed.ee\/#organization\",\"name\":\"Plaadimehed\",\"url\":\"https:\/\/www.plaadimehed.ee\/\",\"logo\":{\"@type\":\"ImageObject\",\"inLanguage\":\"fi\",\"@id\":\"https:\/\/www.plaadimehed.ee\/#\/schema\/logo\/image\/\",\"url\":\"https:\/\/www.plaadimehed.ee\/wp-content\/uploads\/2024\/05\/plaadimehed-logo.svg\",\"contentUrl\":\"https:\/\/www.plaadimehed.ee\/wp-content\/uploads\/2024\/05\/plaadimehed-logo.svg\",\"width\":266,\"height\":72,\"caption\":\"Plaadimehed\"},\"image\":{\"@id\":\"https:\/\/www.plaadimehed.ee\/#\/schema\/logo\/image\/\"}}]}<\/script>\n<!-- \/ Yoast SEO plugin. -->","yoast_head_json":{"title":"BIHUI Iminapp manuaalselt pumbatav 8\" - Plaadimehed","description":"BIHUI Iminapp 8\u2033 suureformaadiliste plaatide t\u00f5stmiseks, paigaldamiseks. T\u00f5stej\u00f5ud 110kg, kasutamine klaasile, siledapinnaliste materjalide t\u00f5stmiseks. Loe lisaks.","robots":{"index":"index","follow":"follow","max-snippet":"max-snippet:-1","max-image-preview":"max-image-preview:large","max-video-preview":"max-video-preview:-1"},"canonical":"https:\/\/www.plaadimehed.ee\/product\/bihui-iminapp-8\/","og_locale":"fi_FI","og_type":"article","og_title":"BIHUI Iminapp manuaalselt pumbatav 8\" - Plaadimehed","og_description":"BIHUI Iminapp 8\u2033 suureformaadiliste plaatide t\u00f5stmiseks, paigaldamiseks. T\u00f5stej\u00f5ud 110kg, kasutamine klaasile, siledapinnaliste materjalide t\u00f5stmiseks. Loe lisaks.","og_url":"https:\/\/www.plaadimehed.ee\/product\/bihui-iminapp-8\/","og_site_name":"Plaadimehed","article_modified_time":"2025-06-03T10:34:32+00:00","og_image":[{"width":500,"height":500,"url":"https:\/\/www.plaadimehed.ee\/wp-content\/uploads\/2022\/11\/IMG_0130.jpg","type":"image\/jpeg"}],"twitter_card":"summary_large_image","twitter_misc":{"Arvioitu lukuaika":"1 minuutti"},"schema":{"@context":"https:\/\/schema.org","@graph":[{"@type":"WebPage","@id":"https:\/\/www.plaadimehed.ee\/product\/bihui-iminapp-8\/","url":"https:\/\/www.plaadimehed.ee\/product\/bihui-iminapp-8\/","name":"BIHUI Iminapp manuaalselt pumbatav 8\" - Plaadimehed","isPartOf":{"@id":"https:\/\/www.plaadimehed.ee\/#website"},"primaryImageOfPage":{"@id":"https:\/\/www.plaadimehed.ee\/product\/bihui-iminapp-8\/#primaryimage"},"image":{"@id":"https:\/\/www.plaadimehed.ee\/product\/bihui-iminapp-8\/#primaryimage"},"thumbnailUrl":"https:\/\/www.plaadimehed.ee\/wp-content\/uploads\/2022\/11\/IMG_0130.jpg","datePublished":"2021-05-31T14:37:48+00:00","dateModified":"2025-06-03T10:34:32+00:00","description":"BIHUI Iminapp 8\u2033 suureformaadiliste plaatide t\u00f5stmiseks, paigaldamiseks. T\u00f5stej\u00f5ud 110kg, kasutamine klaasile, siledapinnaliste materjalide t\u00f5stmiseks. Loe lisaks.","breadcrumb":{"@id":"https:\/\/www.plaadimehed.ee\/product\/bihui-iminapp-8\/#breadcrumb"},"inLanguage":"fi","potentialAction":[{"@type":"ReadAction","target":["https:\/\/www.plaadimehed.ee\/product\/bihui-iminapp-8\/"]}]},{"@type":"ImageObject","inLanguage":"fi","@id":"https:\/\/www.plaadimehed.ee\/product\/bihui-iminapp-8\/#primaryimage","url":"https:\/\/www.plaadimehed.ee\/wp-content\/uploads\/2022\/11\/IMG_0130.jpg","contentUrl":"https:\/\/www.plaadimehed.ee\/wp-content\/uploads\/2022\/11\/IMG_0130.jpg","width":500,"height":500,"caption":"Bihui iminapp 8\""},{"@type":"BreadcrumbList","@id":"https:\/\/www.plaadimehed.ee\/product\/bihui-iminapp-8\/#breadcrumb","itemListElement":[{"@type":"ListItem","position":1,"name":"Home","item":"https:\/\/www.plaadimehed.ee\/fi\/"},{"@type":"ListItem","position":2,"name":"Verkkokauppa","item":"https:\/\/www.plaadimehed.ee\/fi\/shop\/"},{"@type":"ListItem","position":3,"name":"BIHUI Iminapp manuaalselt pumbatav 8&#8243;"}]},{"@type":"WebSite","@id":"https:\/\/www.plaadimehed.ee\/#website","url":"https:\/\/www.plaadimehed.ee\/","name":"Plaadimehed","description":"Plaatimist\u00f6\u00f6deks vajalikud tarvikud ja t\u00f6\u00f6riistad","publisher":{"@id":"https:\/\/www.plaadimehed.ee\/#organization"},"potentialAction":[{"@type":"SearchAction","target":{"@type":"EntryPoint","urlTemplate":"https:\/\/www.plaadimehed.ee\/?s={search_term_string}"},"query-input":{"@type":"PropertyValueSpecification","valueRequired":true,"valueName":"search_term_string"}}],"inLanguage":"fi"},{"@type":"Organization","@id":"https:\/\/www.plaadimehed.ee\/#organization","name":"Plaadimehed","url":"https:\/\/www.plaadimehed.ee\/","logo":{"@type":"ImageObject","inLanguage":"fi","@id":"https:\/\/www.plaadimehed.ee\/#\/schema\/logo\/image\/","url":"https:\/\/www.plaadimehed.ee\/wp-content\/uploads\/2024\/05\/plaadimehed-logo.svg","contentUrl":"https:\/\/www.plaadimehed.ee\/wp-content\/uploads\/2024\/05\/plaadimehed-logo.svg","width":266,"height":72,"caption":"Plaadimehed"},"image":{"@id":"https:\/\/www.plaadimehed.ee\/#\/schema\/logo\/image\/"}}]}},"_links":{"self":[{"href":"https:\/\/www.plaadimehed.ee\/fi\/wp-json\/wp\/v2\/product\/474","targetHints":{"allow":["GET"]}}],"collection":[{"href":"https:\/\/www.plaadimehed.ee\/fi\/wp-json\/wp\/v2\/product"}],"about":[{"href":"https:\/\/www.plaadimehed.ee\/fi\/wp-json\/wp\/v2\/types\/product"}],"wp:featuredmedia":[{"embeddable":true,"href":"https:\/\/www.plaadimehed.ee\/fi\/wp-json\/wp\/v2\/media\/6833"}],"wp:attachment":[{"href":"https:\/\/www.plaadimehed.ee\/fi\/wp-json\/wp\/v2\/media?parent=474"}],"wp:term":[{"taxonomy":"product_brand","embeddable":true,"href":"https:\/\/www.plaadimehed.ee\/fi\/wp-json\/wp\/v2\/product_brand?post=474"},{"taxonomy":"product_cat","embeddable":true,"href":"https:\/\/www.plaadimehed.ee\/fi\/wp-json\/wp\/v2\/product_cat?post=474"},{"taxonomy":"product_tag","embeddable":true,"href":"https:\/\/www.plaadimehed.ee\/fi\/wp-json\/wp\/v2\/product_tag?post=474"}],"curies":[{"name":"wp","href":"https:\/\/api.w.org\/{rel}","templated":true}]}}