{"id":5032,"date":"2022-06-03T18:16:57","date_gmt":"2022-06-03T16:16:57","guid":{"rendered":"https:\/\/www.plaadimehed.ee\/?post_type=product&#038;p=5032"},"modified":"2025-08-28T13:09:22","modified_gmt":"2025-08-28T11:09:22","slug":"bihui-mehaaniline-plaadiloikur-120-cm","status":"publish","type":"product","link":"https:\/\/www.plaadimehed.ee\/fi\/product\/bihui-mehaaniline-plaadiloikur-120-cm\/","title":{"rendered":"BIHUI\u00ae Plaadil\u00f5ikur 120 cm C-LION TCB1200"},"content":{"rendered":"<p>\u25cf L\u00f5ikuri abil saab l\u00f5igata kuni 120 cm pikkuseid plaate<br \/>\n\u25cf LED valgustus joonlaua alal<br \/>\n\u25cf Kahekihiline alumiiniumisulamist kere<br \/>\n\u25cf Max l\u00f5igatav plaadi paksus 3-18 mm<br \/>\n\u25cf Murdej\u00f5ud 800 kg<br \/>\n\u25cf Mugav magnet murde tald<br \/>\n\u25cf <span class=\"Y2IQFc\" lang=\"et\">Reguleeritav m\u00f5\u00f5tejuhik ja k\u00fclgjoonlaud plaatide l\u00f5ikamiseks erineva nurga alt<\/span><\/p>\n","protected":false},"excerpt":{"rendered":"<p>Plaadil\u00f5ikur siinidel<\/p>\n","protected":false},"featured_media":5033,"template":"","meta":{"_acf_changed":false},"product_brand":[26],"product_cat":[16],"product_tag":[],"class_list":{"0":"post-5032","1":"product","2":"type-product","3":"status-publish","4":"has-post-thumbnail","6":"product_brand-bihui","7":"product_cat-plaadiloikurid","9":"first","10":"instock","11":"taxable","12":"shipping-taxable","13":"purchasable","14":"product-type-simple"},"acf":[],"yoast_head":"<!-- This site is optimized with the Yoast SEO plugin v27.0 - https:\/\/yoast.com\/product\/yoast-seo-wordpress\/ -->\n<title>BIHUI\u00ae Plaadil\u00f5ikur 120 cm C-LION TCB1200 - Plaadimehed<\/title>\n<meta name=\"description\" content=\"Bihui k\u00e4si plaadil\u00f5ikur siinidel 1200 mm\" \/>\n<meta name=\"robots\" content=\"index, follow, max-snippet:-1, max-image-preview:large, max-video-preview:-1\" \/>\n<link rel=\"canonical\" href=\"https:\/\/www.plaadimehed.ee\/product\/bihui-mehaaniline-plaadiloikur-120-cm\/\" \/>\n<meta property=\"og:locale\" content=\"fi_FI\" \/>\n<meta property=\"og:type\" content=\"article\" \/>\n<meta property=\"og:title\" content=\"BIHUI\u00ae Plaadil\u00f5ikur 120 cm C-LION TCB1200 - Plaadimehed\" \/>\n<meta property=\"og:description\" content=\"Bihui k\u00e4si plaadil\u00f5ikur siinidel 1200 mm\" \/>\n<meta property=\"og:url\" content=\"https:\/\/www.plaadimehed.ee\/product\/bihui-mehaaniline-plaadiloikur-120-cm\/\" \/>\n<meta property=\"og:site_name\" content=\"Plaadimehed\" \/>\n<meta property=\"article:modified_time\" content=\"2025-08-28T11:09:22+00:00\" \/>\n<meta property=\"og:image\" content=\"https:\/\/www.plaadimehed.ee\/wp-content\/uploads\/2022\/06\/bh-loikaja-1200mm.jpg\" \/>\n\t<meta property=\"og:image:width\" content=\"2084\" \/>\n\t<meta property=\"og:image:height\" content=\"2084\" \/>\n\t<meta property=\"og:image:type\" content=\"image\/jpeg\" \/>\n<meta name=\"twitter:card\" content=\"summary_large_image\" \/>\n<meta name=\"twitter:label1\" content=\"Arvioitu lukuaika\" \/>\n\t<meta name=\"twitter:data1\" content=\"1 minuutti\" \/>\n<script type=\"application\/ld+json\" class=\"yoast-schema-graph\">{\"@context\":\"https:\/\/schema.org\",\"@graph\":[{\"@type\":\"WebPage\",\"@id\":\"https:\/\/www.plaadimehed.ee\/product\/bihui-mehaaniline-plaadiloikur-120-cm\/\",\"url\":\"https:\/\/www.plaadimehed.ee\/product\/bihui-mehaaniline-plaadiloikur-120-cm\/\",\"name\":\"BIHUI\u00ae Plaadil\u00f5ikur 120 cm C-LION TCB1200 - Plaadimehed\",\"isPartOf\":{\"@id\":\"https:\/\/www.plaadimehed.ee\/#website\"},\"primaryImageOfPage\":{\"@id\":\"https:\/\/www.plaadimehed.ee\/product\/bihui-mehaaniline-plaadiloikur-120-cm\/#primaryimage\"},\"image\":{\"@id\":\"https:\/\/www.plaadimehed.ee\/product\/bihui-mehaaniline-plaadiloikur-120-cm\/#primaryimage\"},\"thumbnailUrl\":\"https:\/\/www.plaadimehed.ee\/wp-content\/uploads\/2022\/06\/bh-loikaja-1200mm.jpg\",\"datePublished\":\"2022-06-03T16:16:57+00:00\",\"dateModified\":\"2025-08-28T11:09:22+00:00\",\"description\":\"Bihui k\u00e4si plaadil\u00f5ikur siinidel 1200 mm\",\"breadcrumb\":{\"@id\":\"https:\/\/www.plaadimehed.ee\/product\/bihui-mehaaniline-plaadiloikur-120-cm\/#breadcrumb\"},\"inLanguage\":\"fi\",\"potentialAction\":[{\"@type\":\"ReadAction\",\"target\":[\"https:\/\/www.plaadimehed.ee\/product\/bihui-mehaaniline-plaadiloikur-120-cm\/\"]}]},{\"@type\":\"ImageObject\",\"inLanguage\":\"fi\",\"@id\":\"https:\/\/www.plaadimehed.ee\/product\/bihui-mehaaniline-plaadiloikur-120-cm\/#primaryimage\",\"url\":\"https:\/\/www.plaadimehed.ee\/wp-content\/uploads\/2022\/06\/bh-loikaja-1200mm.jpg\",\"contentUrl\":\"https:\/\/www.plaadimehed.ee\/wp-content\/uploads\/2022\/06\/bh-loikaja-1200mm.jpg\",\"width\":2084,\"height\":2084,\"caption\":\"BIHUI Plaadil\u00f5ikur 120 cm C-LION TCB1200\"},{\"@type\":\"BreadcrumbList\",\"@id\":\"https:\/\/www.plaadimehed.ee\/product\/bihui-mehaaniline-plaadiloikur-120-cm\/#breadcrumb\",\"itemListElement\":[{\"@type\":\"ListItem\",\"position\":1,\"name\":\"Home\",\"item\":\"https:\/\/www.plaadimehed.ee\/fi\/\"},{\"@type\":\"ListItem\",\"position\":2,\"name\":\"Verkkokauppa\",\"item\":\"https:\/\/www.plaadimehed.ee\/fi\/shop\/\"},{\"@type\":\"ListItem\",\"position\":3,\"name\":\"BIHUI\u00ae Plaadil\u00f5ikur 120 cm C-LION TCB1200\"}]},{\"@type\":\"WebSite\",\"@id\":\"https:\/\/www.plaadimehed.ee\/#website\",\"url\":\"https:\/\/www.plaadimehed.ee\/\",\"name\":\"Plaadimehed\",\"description\":\"Plaatimist\u00f6\u00f6deks vajalikud tarvikud ja t\u00f6\u00f6riistad\",\"publisher\":{\"@id\":\"https:\/\/www.plaadimehed.ee\/#organization\"},\"potentialAction\":[{\"@type\":\"SearchAction\",\"target\":{\"@type\":\"EntryPoint\",\"urlTemplate\":\"https:\/\/www.plaadimehed.ee\/?s={search_term_string}\"},\"query-input\":{\"@type\":\"PropertyValueSpecification\",\"valueRequired\":true,\"valueName\":\"search_term_string\"}}],\"inLanguage\":\"fi\"},{\"@type\":\"Organization\",\"@id\":\"https:\/\/www.plaadimehed.ee\/#organization\",\"name\":\"Plaadimehed\",\"url\":\"https:\/\/www.plaadimehed.ee\/\",\"logo\":{\"@type\":\"ImageObject\",\"inLanguage\":\"fi\",\"@id\":\"https:\/\/www.plaadimehed.ee\/#\/schema\/logo\/image\/\",\"url\":\"https:\/\/www.plaadimehed.ee\/wp-content\/uploads\/2024\/05\/plaadimehed-logo.svg\",\"contentUrl\":\"https:\/\/www.plaadimehed.ee\/wp-content\/uploads\/2024\/05\/plaadimehed-logo.svg\",\"width\":266,\"height\":72,\"caption\":\"Plaadimehed\"},\"image\":{\"@id\":\"https:\/\/www.plaadimehed.ee\/#\/schema\/logo\/image\/\"}}]}<\/script>\n<!-- \/ Yoast SEO plugin. -->","yoast_head_json":{"title":"BIHUI\u00ae Plaadil\u00f5ikur 120 cm C-LION TCB1200 - Plaadimehed","description":"Bihui k\u00e4si plaadil\u00f5ikur siinidel 1200 mm","robots":{"index":"index","follow":"follow","max-snippet":"max-snippet:-1","max-image-preview":"max-image-preview:large","max-video-preview":"max-video-preview:-1"},"canonical":"https:\/\/www.plaadimehed.ee\/product\/bihui-mehaaniline-plaadiloikur-120-cm\/","og_locale":"fi_FI","og_type":"article","og_title":"BIHUI\u00ae Plaadil\u00f5ikur 120 cm C-LION TCB1200 - Plaadimehed","og_description":"Bihui k\u00e4si plaadil\u00f5ikur siinidel 1200 mm","og_url":"https:\/\/www.plaadimehed.ee\/product\/bihui-mehaaniline-plaadiloikur-120-cm\/","og_site_name":"Plaadimehed","article_modified_time":"2025-08-28T11:09:22+00:00","og_image":[{"width":2084,"height":2084,"url":"https:\/\/www.plaadimehed.ee\/wp-content\/uploads\/2022\/06\/bh-loikaja-1200mm.jpg","type":"image\/jpeg"}],"twitter_card":"summary_large_image","twitter_misc":{"Arvioitu lukuaika":"1 minuutti"},"schema":{"@context":"https:\/\/schema.org","@graph":[{"@type":"WebPage","@id":"https:\/\/www.plaadimehed.ee\/product\/bihui-mehaaniline-plaadiloikur-120-cm\/","url":"https:\/\/www.plaadimehed.ee\/product\/bihui-mehaaniline-plaadiloikur-120-cm\/","name":"BIHUI\u00ae Plaadil\u00f5ikur 120 cm C-LION TCB1200 - Plaadimehed","isPartOf":{"@id":"https:\/\/www.plaadimehed.ee\/#website"},"primaryImageOfPage":{"@id":"https:\/\/www.plaadimehed.ee\/product\/bihui-mehaaniline-plaadiloikur-120-cm\/#primaryimage"},"image":{"@id":"https:\/\/www.plaadimehed.ee\/product\/bihui-mehaaniline-plaadiloikur-120-cm\/#primaryimage"},"thumbnailUrl":"https:\/\/www.plaadimehed.ee\/wp-content\/uploads\/2022\/06\/bh-loikaja-1200mm.jpg","datePublished":"2022-06-03T16:16:57+00:00","dateModified":"2025-08-28T11:09:22+00:00","description":"Bihui k\u00e4si plaadil\u00f5ikur siinidel 1200 mm","breadcrumb":{"@id":"https:\/\/www.plaadimehed.ee\/product\/bihui-mehaaniline-plaadiloikur-120-cm\/#breadcrumb"},"inLanguage":"fi","potentialAction":[{"@type":"ReadAction","target":["https:\/\/www.plaadimehed.ee\/product\/bihui-mehaaniline-plaadiloikur-120-cm\/"]}]},{"@type":"ImageObject","inLanguage":"fi","@id":"https:\/\/www.plaadimehed.ee\/product\/bihui-mehaaniline-plaadiloikur-120-cm\/#primaryimage","url":"https:\/\/www.plaadimehed.ee\/wp-content\/uploads\/2022\/06\/bh-loikaja-1200mm.jpg","contentUrl":"https:\/\/www.plaadimehed.ee\/wp-content\/uploads\/2022\/06\/bh-loikaja-1200mm.jpg","width":2084,"height":2084,"caption":"BIHUI Plaadil\u00f5ikur 120 cm C-LION TCB1200"},{"@type":"BreadcrumbList","@id":"https:\/\/www.plaadimehed.ee\/product\/bihui-mehaaniline-plaadiloikur-120-cm\/#breadcrumb","itemListElement":[{"@type":"ListItem","position":1,"name":"Home","item":"https:\/\/www.plaadimehed.ee\/fi\/"},{"@type":"ListItem","position":2,"name":"Verkkokauppa","item":"https:\/\/www.plaadimehed.ee\/fi\/shop\/"},{"@type":"ListItem","position":3,"name":"BIHUI\u00ae Plaadil\u00f5ikur 120 cm C-LION TCB1200"}]},{"@type":"WebSite","@id":"https:\/\/www.plaadimehed.ee\/#website","url":"https:\/\/www.plaadimehed.ee\/","name":"Plaadimehed","description":"Plaatimist\u00f6\u00f6deks vajalikud tarvikud ja t\u00f6\u00f6riistad","publisher":{"@id":"https:\/\/www.plaadimehed.ee\/#organization"},"potentialAction":[{"@type":"SearchAction","target":{"@type":"EntryPoint","urlTemplate":"https:\/\/www.plaadimehed.ee\/?s={search_term_string}"},"query-input":{"@type":"PropertyValueSpecification","valueRequired":true,"valueName":"search_term_string"}}],"inLanguage":"fi"},{"@type":"Organization","@id":"https:\/\/www.plaadimehed.ee\/#organization","name":"Plaadimehed","url":"https:\/\/www.plaadimehed.ee\/","logo":{"@type":"ImageObject","inLanguage":"fi","@id":"https:\/\/www.plaadimehed.ee\/#\/schema\/logo\/image\/","url":"https:\/\/www.plaadimehed.ee\/wp-content\/uploads\/2024\/05\/plaadimehed-logo.svg","contentUrl":"https:\/\/www.plaadimehed.ee\/wp-content\/uploads\/2024\/05\/plaadimehed-logo.svg","width":266,"height":72,"caption":"Plaadimehed"},"image":{"@id":"https:\/\/www.plaadimehed.ee\/#\/schema\/logo\/image\/"}}]}},"_links":{"self":[{"href":"https:\/\/www.plaadimehed.ee\/fi\/wp-json\/wp\/v2\/product\/5032","targetHints":{"allow":["GET"]}}],"collection":[{"href":"https:\/\/www.plaadimehed.ee\/fi\/wp-json\/wp\/v2\/product"}],"about":[{"href":"https:\/\/www.plaadimehed.ee\/fi\/wp-json\/wp\/v2\/types\/product"}],"wp:featuredmedia":[{"embeddable":true,"href":"https:\/\/www.plaadimehed.ee\/fi\/wp-json\/wp\/v2\/media\/5033"}],"wp:attachment":[{"href":"https:\/\/www.plaadimehed.ee\/fi\/wp-json\/wp\/v2\/media?parent=5032"}],"wp:term":[{"taxonomy":"product_brand","embeddable":true,"href":"https:\/\/www.plaadimehed.ee\/fi\/wp-json\/wp\/v2\/product_brand?post=5032"},{"taxonomy":"product_cat","embeddable":true,"href":"https:\/\/www.plaadimehed.ee\/fi\/wp-json\/wp\/v2\/product_cat?post=5032"},{"taxonomy":"product_tag","embeddable":true,"href":"https:\/\/www.plaadimehed.ee\/fi\/wp-json\/wp\/v2\/product_tag?post=5032"}],"curies":[{"name":"wp","href":"https:\/\/api.w.org\/{rel}","templated":true}]}}