{"id":572,"date":"2021-06-03T16:29:15","date_gmt":"2021-06-03T14:29:15","guid":{"rendered":"https:\/\/www.plaadimehed.ee\/?post_type=product&#038;p=572"},"modified":"2026-03-01T13:02:17","modified_gmt":"2026-03-01T11:02:17","slug":"mechanic-ava-puurimise-fiksaator-6-70-mm","status":"publish","type":"product","link":"https:\/\/www.plaadimehed.ee\/fi\/product\/mechanic-ava-puurimise-fiksaator-6-70-mm\/","title":{"rendered":"MECHANIC\u00ae DrillFIX 68Ava puurimise fiksaator 6 &#8211; 68 mm"},"content":{"rendered":"<p>\u25cf Hea abivahend avade tegemisel plaatidele<br \/>\n\u25cf Iminapp kinnitus<br \/>\n\u25cf Lihtne kasutada<\/p>\n<p>&nbsp;<\/p>\n","protected":false},"excerpt":{"rendered":"<p>T\u00f5hus abivahend avade tegemisel plaatidele ja teistele materjalidele<\/p>\n","protected":false},"featured_media":573,"template":"","meta":{"_acf_changed":false},"product_brand":[54],"product_cat":[118],"product_tag":[],"class_list":{"0":"post-572","1":"product","2":"type-product","3":"status-publish","4":"has-post-thumbnail","6":"product_brand-mechanic","7":"product_cat-freesimise-vahendid","9":"first","10":"outofstock","11":"taxable","12":"shipping-taxable","13":"purchasable","14":"product-type-simple"},"acf":[],"yoast_head":"<!-- This site is optimized with the Yoast SEO plugin v27.0 - https:\/\/yoast.com\/product\/yoast-seo-wordpress\/ -->\n<title>MECHANIC\u00ae DrillFIX 68Ava puurimise fiksaator 6 - 68 mm - Plaadimehed<\/title>\n<meta name=\"robots\" content=\"index, follow, max-snippet:-1, max-image-preview:large, max-video-preview:-1\" \/>\n<link rel=\"canonical\" href=\"https:\/\/www.plaadimehed.ee\/product\/mechanic-ava-puurimise-fiksaator-6-70-mm\/\" \/>\n<meta property=\"og:locale\" content=\"fi_FI\" \/>\n<meta property=\"og:type\" content=\"article\" \/>\n<meta property=\"og:title\" content=\"MECHANIC\u00ae DrillFIX 68Ava puurimise fiksaator 6 - 68 mm - Plaadimehed\" \/>\n<meta property=\"og:description\" content=\"T\u00f5hus abivahend avade tegemisel plaatidele ja teistele materjalidele\" \/>\n<meta property=\"og:url\" content=\"https:\/\/www.plaadimehed.ee\/product\/mechanic-ava-puurimise-fiksaator-6-70-mm\/\" \/>\n<meta property=\"og:site_name\" content=\"Plaadimehed\" \/>\n<meta property=\"article:modified_time\" content=\"2026-03-01T11:02:17+00:00\" \/>\n<meta property=\"og:image\" content=\"https:\/\/www.plaadimehed.ee\/wp-content\/uploads\/2021\/06\/Mechanic-Drillfix.jpg\" \/>\n\t<meta property=\"og:image:width\" content=\"400\" \/>\n\t<meta property=\"og:image:height\" content=\"400\" \/>\n\t<meta property=\"og:image:type\" content=\"image\/jpeg\" \/>\n<meta name=\"twitter:card\" content=\"summary_large_image\" \/>\n<meta name=\"twitter:label1\" content=\"Arvioitu lukuaika\" \/>\n\t<meta name=\"twitter:data1\" content=\"1 minuutti\" \/>\n<script type=\"application\/ld+json\" class=\"yoast-schema-graph\">{\"@context\":\"https:\/\/schema.org\",\"@graph\":[{\"@type\":\"WebPage\",\"@id\":\"https:\/\/www.plaadimehed.ee\/product\/mechanic-ava-puurimise-fiksaator-6-70-mm\/\",\"url\":\"https:\/\/www.plaadimehed.ee\/product\/mechanic-ava-puurimise-fiksaator-6-70-mm\/\",\"name\":\"MECHANIC\u00ae DrillFIX 68Ava puurimise fiksaator 6 - 68 mm - Plaadimehed\",\"isPartOf\":{\"@id\":\"https:\/\/www.plaadimehed.ee\/#website\"},\"primaryImageOfPage\":{\"@id\":\"https:\/\/www.plaadimehed.ee\/product\/mechanic-ava-puurimise-fiksaator-6-70-mm\/#primaryimage\"},\"image\":{\"@id\":\"https:\/\/www.plaadimehed.ee\/product\/mechanic-ava-puurimise-fiksaator-6-70-mm\/#primaryimage\"},\"thumbnailUrl\":\"https:\/\/www.plaadimehed.ee\/wp-content\/uploads\/2021\/06\/Mechanic-Drillfix.jpg\",\"datePublished\":\"2021-06-03T14:29:15+00:00\",\"dateModified\":\"2026-03-01T11:02:17+00:00\",\"breadcrumb\":{\"@id\":\"https:\/\/www.plaadimehed.ee\/product\/mechanic-ava-puurimise-fiksaator-6-70-mm\/#breadcrumb\"},\"inLanguage\":\"fi\",\"potentialAction\":[{\"@type\":\"ReadAction\",\"target\":[\"https:\/\/www.plaadimehed.ee\/product\/mechanic-ava-puurimise-fiksaator-6-70-mm\/\"]}]},{\"@type\":\"ImageObject\",\"inLanguage\":\"fi\",\"@id\":\"https:\/\/www.plaadimehed.ee\/product\/mechanic-ava-puurimise-fiksaator-6-70-mm\/#primaryimage\",\"url\":\"https:\/\/www.plaadimehed.ee\/wp-content\/uploads\/2021\/06\/Mechanic-Drillfix.jpg\",\"contentUrl\":\"https:\/\/www.plaadimehed.ee\/wp-content\/uploads\/2021\/06\/Mechanic-Drillfix.jpg\",\"width\":400,\"height\":400},{\"@type\":\"BreadcrumbList\",\"@id\":\"https:\/\/www.plaadimehed.ee\/product\/mechanic-ava-puurimise-fiksaator-6-70-mm\/#breadcrumb\",\"itemListElement\":[{\"@type\":\"ListItem\",\"position\":1,\"name\":\"Home\",\"item\":\"https:\/\/www.plaadimehed.ee\/fi\/\"},{\"@type\":\"ListItem\",\"position\":2,\"name\":\"Verkkokauppa\",\"item\":\"https:\/\/www.plaadimehed.ee\/fi\/shop\/\"},{\"@type\":\"ListItem\",\"position\":3,\"name\":\"MECHANIC\u00ae DrillFIX 68Ava puurimise fiksaator 6 &#8211; 68 mm\"}]},{\"@type\":\"WebSite\",\"@id\":\"https:\/\/www.plaadimehed.ee\/#website\",\"url\":\"https:\/\/www.plaadimehed.ee\/\",\"name\":\"Plaadimehed\",\"description\":\"Plaatimist\u00f6\u00f6deks vajalikud tarvikud ja t\u00f6\u00f6riistad\",\"publisher\":{\"@id\":\"https:\/\/www.plaadimehed.ee\/#organization\"},\"potentialAction\":[{\"@type\":\"SearchAction\",\"target\":{\"@type\":\"EntryPoint\",\"urlTemplate\":\"https:\/\/www.plaadimehed.ee\/?s={search_term_string}\"},\"query-input\":{\"@type\":\"PropertyValueSpecification\",\"valueRequired\":true,\"valueName\":\"search_term_string\"}}],\"inLanguage\":\"fi\"},{\"@type\":\"Organization\",\"@id\":\"https:\/\/www.plaadimehed.ee\/#organization\",\"name\":\"Plaadimehed\",\"url\":\"https:\/\/www.plaadimehed.ee\/\",\"logo\":{\"@type\":\"ImageObject\",\"inLanguage\":\"fi\",\"@id\":\"https:\/\/www.plaadimehed.ee\/#\/schema\/logo\/image\/\",\"url\":\"https:\/\/www.plaadimehed.ee\/wp-content\/uploads\/2024\/05\/plaadimehed-logo.svg\",\"contentUrl\":\"https:\/\/www.plaadimehed.ee\/wp-content\/uploads\/2024\/05\/plaadimehed-logo.svg\",\"width\":266,\"height\":72,\"caption\":\"Plaadimehed\"},\"image\":{\"@id\":\"https:\/\/www.plaadimehed.ee\/#\/schema\/logo\/image\/\"}}]}<\/script>\n<!-- \/ Yoast SEO plugin. -->","yoast_head_json":{"title":"MECHANIC\u00ae DrillFIX 68Ava puurimise fiksaator 6 - 68 mm - Plaadimehed","robots":{"index":"index","follow":"follow","max-snippet":"max-snippet:-1","max-image-preview":"max-image-preview:large","max-video-preview":"max-video-preview:-1"},"canonical":"https:\/\/www.plaadimehed.ee\/product\/mechanic-ava-puurimise-fiksaator-6-70-mm\/","og_locale":"fi_FI","og_type":"article","og_title":"MECHANIC\u00ae DrillFIX 68Ava puurimise fiksaator 6 - 68 mm - Plaadimehed","og_description":"T\u00f5hus abivahend avade tegemisel plaatidele ja teistele materjalidele","og_url":"https:\/\/www.plaadimehed.ee\/product\/mechanic-ava-puurimise-fiksaator-6-70-mm\/","og_site_name":"Plaadimehed","article_modified_time":"2026-03-01T11:02:17+00:00","og_image":[{"width":400,"height":400,"url":"https:\/\/www.plaadimehed.ee\/wp-content\/uploads\/2021\/06\/Mechanic-Drillfix.jpg","type":"image\/jpeg"}],"twitter_card":"summary_large_image","twitter_misc":{"Arvioitu lukuaika":"1 minuutti"},"schema":{"@context":"https:\/\/schema.org","@graph":[{"@type":"WebPage","@id":"https:\/\/www.plaadimehed.ee\/product\/mechanic-ava-puurimise-fiksaator-6-70-mm\/","url":"https:\/\/www.plaadimehed.ee\/product\/mechanic-ava-puurimise-fiksaator-6-70-mm\/","name":"MECHANIC\u00ae DrillFIX 68Ava puurimise fiksaator 6 - 68 mm - Plaadimehed","isPartOf":{"@id":"https:\/\/www.plaadimehed.ee\/#website"},"primaryImageOfPage":{"@id":"https:\/\/www.plaadimehed.ee\/product\/mechanic-ava-puurimise-fiksaator-6-70-mm\/#primaryimage"},"image":{"@id":"https:\/\/www.plaadimehed.ee\/product\/mechanic-ava-puurimise-fiksaator-6-70-mm\/#primaryimage"},"thumbnailUrl":"https:\/\/www.plaadimehed.ee\/wp-content\/uploads\/2021\/06\/Mechanic-Drillfix.jpg","datePublished":"2021-06-03T14:29:15+00:00","dateModified":"2026-03-01T11:02:17+00:00","breadcrumb":{"@id":"https:\/\/www.plaadimehed.ee\/product\/mechanic-ava-puurimise-fiksaator-6-70-mm\/#breadcrumb"},"inLanguage":"fi","potentialAction":[{"@type":"ReadAction","target":["https:\/\/www.plaadimehed.ee\/product\/mechanic-ava-puurimise-fiksaator-6-70-mm\/"]}]},{"@type":"ImageObject","inLanguage":"fi","@id":"https:\/\/www.plaadimehed.ee\/product\/mechanic-ava-puurimise-fiksaator-6-70-mm\/#primaryimage","url":"https:\/\/www.plaadimehed.ee\/wp-content\/uploads\/2021\/06\/Mechanic-Drillfix.jpg","contentUrl":"https:\/\/www.plaadimehed.ee\/wp-content\/uploads\/2021\/06\/Mechanic-Drillfix.jpg","width":400,"height":400},{"@type":"BreadcrumbList","@id":"https:\/\/www.plaadimehed.ee\/product\/mechanic-ava-puurimise-fiksaator-6-70-mm\/#breadcrumb","itemListElement":[{"@type":"ListItem","position":1,"name":"Home","item":"https:\/\/www.plaadimehed.ee\/fi\/"},{"@type":"ListItem","position":2,"name":"Verkkokauppa","item":"https:\/\/www.plaadimehed.ee\/fi\/shop\/"},{"@type":"ListItem","position":3,"name":"MECHANIC\u00ae DrillFIX 68Ava puurimise fiksaator 6 &#8211; 68 mm"}]},{"@type":"WebSite","@id":"https:\/\/www.plaadimehed.ee\/#website","url":"https:\/\/www.plaadimehed.ee\/","name":"Plaadimehed","description":"Plaatimist\u00f6\u00f6deks vajalikud tarvikud ja t\u00f6\u00f6riistad","publisher":{"@id":"https:\/\/www.plaadimehed.ee\/#organization"},"potentialAction":[{"@type":"SearchAction","target":{"@type":"EntryPoint","urlTemplate":"https:\/\/www.plaadimehed.ee\/?s={search_term_string}"},"query-input":{"@type":"PropertyValueSpecification","valueRequired":true,"valueName":"search_term_string"}}],"inLanguage":"fi"},{"@type":"Organization","@id":"https:\/\/www.plaadimehed.ee\/#organization","name":"Plaadimehed","url":"https:\/\/www.plaadimehed.ee\/","logo":{"@type":"ImageObject","inLanguage":"fi","@id":"https:\/\/www.plaadimehed.ee\/#\/schema\/logo\/image\/","url":"https:\/\/www.plaadimehed.ee\/wp-content\/uploads\/2024\/05\/plaadimehed-logo.svg","contentUrl":"https:\/\/www.plaadimehed.ee\/wp-content\/uploads\/2024\/05\/plaadimehed-logo.svg","width":266,"height":72,"caption":"Plaadimehed"},"image":{"@id":"https:\/\/www.plaadimehed.ee\/#\/schema\/logo\/image\/"}}]}},"_links":{"self":[{"href":"https:\/\/www.plaadimehed.ee\/fi\/wp-json\/wp\/v2\/product\/572","targetHints":{"allow":["GET"]}}],"collection":[{"href":"https:\/\/www.plaadimehed.ee\/fi\/wp-json\/wp\/v2\/product"}],"about":[{"href":"https:\/\/www.plaadimehed.ee\/fi\/wp-json\/wp\/v2\/types\/product"}],"wp:featuredmedia":[{"embeddable":true,"href":"https:\/\/www.plaadimehed.ee\/fi\/wp-json\/wp\/v2\/media\/573"}],"wp:attachment":[{"href":"https:\/\/www.plaadimehed.ee\/fi\/wp-json\/wp\/v2\/media?parent=572"}],"wp:term":[{"taxonomy":"product_brand","embeddable":true,"href":"https:\/\/www.plaadimehed.ee\/fi\/wp-json\/wp\/v2\/product_brand?post=572"},{"taxonomy":"product_cat","embeddable":true,"href":"https:\/\/www.plaadimehed.ee\/fi\/wp-json\/wp\/v2\/product_cat?post=572"},{"taxonomy":"product_tag","embeddable":true,"href":"https:\/\/www.plaadimehed.ee\/fi\/wp-json\/wp\/v2\/product_tag?post=572"}],"curies":[{"name":"wp","href":"https:\/\/api.w.org\/{rel}","templated":true}]}}