{"id":6056,"date":"2022-08-31T16:58:19","date_gmt":"2022-08-31T14:58:19","guid":{"rendered":"https:\/\/www.plaadimehed.ee\/?post_type=product&#038;p=6056"},"modified":"2024-10-15T10:50:48","modified_gmt":"2024-10-15T08:50:48","slug":"vuorio-vuuginoor-3-mm-x-30-m","status":"publish","type":"product","link":"https:\/\/www.plaadimehed.ee\/fi\/product\/vuorio-vuuginoor-3-mm-x-30-m\/","title":{"rendered":"Vuorio\u00ae Vuugin\u00f6\u00f6r 3 mm x 30 m"},"content":{"rendered":"<p>\u25cf Vuugin\u00f6\u00f6r plaatimist\u00f6\u00f6del keraamiliste plaatide vuugivahedes<br \/>\n\u25cf Rullis 30 m<\/p>\n<p>&nbsp;<\/p>\n<p>&nbsp;<\/p>\n<p>&nbsp;<\/p>\n","protected":false},"excerpt":{"rendered":"<p>Vuugin\u00f6\u00f6r 3 mm x 30 m<\/p>\n","protected":false},"featured_media":6052,"template":"","meta":{"_acf_changed":false},"product_brand":[84],"product_cat":[48],"product_tag":[],"class_list":{"0":"post-6056","1":"product","2":"type-product","3":"status-publish","4":"has-post-thumbnail","6":"product_brand-vuorio","7":"product_cat-ristid-kiilud-noorid","9":"first","10":"instock","11":"taxable","12":"shipping-taxable","13":"purchasable","14":"product-type-simple"},"acf":[],"yoast_head":"<!-- This site is optimized with the Yoast SEO plugin v27.0 - https:\/\/yoast.com\/product\/yoast-seo-wordpress\/ -->\n<title>Vuorio\u00ae Vuugin\u00f6\u00f6r 3 mm x 30 m - Plaadimehed<\/title>\n<meta name=\"description\" content=\"Vuugin\u00f6\u00f6r\" \/>\n<meta name=\"robots\" content=\"index, follow, max-snippet:-1, max-image-preview:large, max-video-preview:-1\" \/>\n<link rel=\"canonical\" href=\"https:\/\/www.plaadimehed.ee\/product\/vuorio-vuuginoor-3-mm-x-30-m\/\" \/>\n<meta property=\"og:locale\" content=\"fi_FI\" \/>\n<meta property=\"og:type\" content=\"article\" \/>\n<meta property=\"og:title\" content=\"Vuorio\u00ae Vuugin\u00f6\u00f6r 3 mm x 30 m - Plaadimehed\" \/>\n<meta property=\"og:description\" content=\"Vuugin\u00f6\u00f6r\" \/>\n<meta property=\"og:url\" content=\"https:\/\/www.plaadimehed.ee\/product\/vuorio-vuuginoor-3-mm-x-30-m\/\" \/>\n<meta property=\"og:site_name\" content=\"Plaadimehed\" \/>\n<meta property=\"article:modified_time\" content=\"2024-10-15T08:50:48+00:00\" \/>\n<meta property=\"og:image\" content=\"https:\/\/www.plaadimehed.ee\/wp-content\/uploads\/2022\/08\/vorio-noorid.jpg\" \/>\n\t<meta property=\"og:image:width\" content=\"766\" \/>\n\t<meta property=\"og:image:height\" content=\"749\" \/>\n\t<meta property=\"og:image:type\" content=\"image\/jpeg\" \/>\n<meta name=\"twitter:card\" content=\"summary_large_image\" \/>\n<script type=\"application\/ld+json\" class=\"yoast-schema-graph\">{\"@context\":\"https:\/\/schema.org\",\"@graph\":[{\"@type\":\"WebPage\",\"@id\":\"https:\/\/www.plaadimehed.ee\/product\/vuorio-vuuginoor-3-mm-x-30-m\/\",\"url\":\"https:\/\/www.plaadimehed.ee\/product\/vuorio-vuuginoor-3-mm-x-30-m\/\",\"name\":\"Vuorio\u00ae Vuugin\u00f6\u00f6r 3 mm x 30 m - Plaadimehed\",\"isPartOf\":{\"@id\":\"https:\/\/www.plaadimehed.ee\/#website\"},\"primaryImageOfPage\":{\"@id\":\"https:\/\/www.plaadimehed.ee\/product\/vuorio-vuuginoor-3-mm-x-30-m\/#primaryimage\"},\"image\":{\"@id\":\"https:\/\/www.plaadimehed.ee\/product\/vuorio-vuuginoor-3-mm-x-30-m\/#primaryimage\"},\"thumbnailUrl\":\"https:\/\/www.plaadimehed.ee\/wp-content\/uploads\/2022\/08\/vorio-noorid.jpg\",\"datePublished\":\"2022-08-31T14:58:19+00:00\",\"dateModified\":\"2024-10-15T08:50:48+00:00\",\"description\":\"Vuugin\u00f6\u00f6r\",\"breadcrumb\":{\"@id\":\"https:\/\/www.plaadimehed.ee\/product\/vuorio-vuuginoor-3-mm-x-30-m\/#breadcrumb\"},\"inLanguage\":\"fi\",\"potentialAction\":[{\"@type\":\"ReadAction\",\"target\":[\"https:\/\/www.plaadimehed.ee\/product\/vuorio-vuuginoor-3-mm-x-30-m\/\"]}]},{\"@type\":\"ImageObject\",\"inLanguage\":\"fi\",\"@id\":\"https:\/\/www.plaadimehed.ee\/product\/vuorio-vuuginoor-3-mm-x-30-m\/#primaryimage\",\"url\":\"https:\/\/www.plaadimehed.ee\/wp-content\/uploads\/2022\/08\/vorio-noorid.jpg\",\"contentUrl\":\"https:\/\/www.plaadimehed.ee\/wp-content\/uploads\/2022\/08\/vorio-noorid.jpg\",\"width\":766,\"height\":749},{\"@type\":\"BreadcrumbList\",\"@id\":\"https:\/\/www.plaadimehed.ee\/product\/vuorio-vuuginoor-3-mm-x-30-m\/#breadcrumb\",\"itemListElement\":[{\"@type\":\"ListItem\",\"position\":1,\"name\":\"Home\",\"item\":\"https:\/\/www.plaadimehed.ee\/fi\/\"},{\"@type\":\"ListItem\",\"position\":2,\"name\":\"Verkkokauppa\",\"item\":\"https:\/\/www.plaadimehed.ee\/fi\/shop\/\"},{\"@type\":\"ListItem\",\"position\":3,\"name\":\"Vuorio\u00ae Vuugin\u00f6\u00f6r 3 mm x 30 m\"}]},{\"@type\":\"WebSite\",\"@id\":\"https:\/\/www.plaadimehed.ee\/#website\",\"url\":\"https:\/\/www.plaadimehed.ee\/\",\"name\":\"Plaadimehed\",\"description\":\"Plaatimist\u00f6\u00f6deks vajalikud tarvikud ja t\u00f6\u00f6riistad\",\"publisher\":{\"@id\":\"https:\/\/www.plaadimehed.ee\/#organization\"},\"potentialAction\":[{\"@type\":\"SearchAction\",\"target\":{\"@type\":\"EntryPoint\",\"urlTemplate\":\"https:\/\/www.plaadimehed.ee\/?s={search_term_string}\"},\"query-input\":{\"@type\":\"PropertyValueSpecification\",\"valueRequired\":true,\"valueName\":\"search_term_string\"}}],\"inLanguage\":\"fi\"},{\"@type\":\"Organization\",\"@id\":\"https:\/\/www.plaadimehed.ee\/#organization\",\"name\":\"Plaadimehed\",\"url\":\"https:\/\/www.plaadimehed.ee\/\",\"logo\":{\"@type\":\"ImageObject\",\"inLanguage\":\"fi\",\"@id\":\"https:\/\/www.plaadimehed.ee\/#\/schema\/logo\/image\/\",\"url\":\"https:\/\/www.plaadimehed.ee\/wp-content\/uploads\/2024\/05\/plaadimehed-logo.svg\",\"contentUrl\":\"https:\/\/www.plaadimehed.ee\/wp-content\/uploads\/2024\/05\/plaadimehed-logo.svg\",\"width\":266,\"height\":72,\"caption\":\"Plaadimehed\"},\"image\":{\"@id\":\"https:\/\/www.plaadimehed.ee\/#\/schema\/logo\/image\/\"}}]}<\/script>\n<!-- \/ Yoast SEO plugin. -->","yoast_head_json":{"title":"Vuorio\u00ae Vuugin\u00f6\u00f6r 3 mm x 30 m - Plaadimehed","description":"Vuugin\u00f6\u00f6r","robots":{"index":"index","follow":"follow","max-snippet":"max-snippet:-1","max-image-preview":"max-image-preview:large","max-video-preview":"max-video-preview:-1"},"canonical":"https:\/\/www.plaadimehed.ee\/product\/vuorio-vuuginoor-3-mm-x-30-m\/","og_locale":"fi_FI","og_type":"article","og_title":"Vuorio\u00ae Vuugin\u00f6\u00f6r 3 mm x 30 m - Plaadimehed","og_description":"Vuugin\u00f6\u00f6r","og_url":"https:\/\/www.plaadimehed.ee\/product\/vuorio-vuuginoor-3-mm-x-30-m\/","og_site_name":"Plaadimehed","article_modified_time":"2024-10-15T08:50:48+00:00","og_image":[{"width":766,"height":749,"url":"https:\/\/www.plaadimehed.ee\/wp-content\/uploads\/2022\/08\/vorio-noorid.jpg","type":"image\/jpeg"}],"twitter_card":"summary_large_image","schema":{"@context":"https:\/\/schema.org","@graph":[{"@type":"WebPage","@id":"https:\/\/www.plaadimehed.ee\/product\/vuorio-vuuginoor-3-mm-x-30-m\/","url":"https:\/\/www.plaadimehed.ee\/product\/vuorio-vuuginoor-3-mm-x-30-m\/","name":"Vuorio\u00ae Vuugin\u00f6\u00f6r 3 mm x 30 m - Plaadimehed","isPartOf":{"@id":"https:\/\/www.plaadimehed.ee\/#website"},"primaryImageOfPage":{"@id":"https:\/\/www.plaadimehed.ee\/product\/vuorio-vuuginoor-3-mm-x-30-m\/#primaryimage"},"image":{"@id":"https:\/\/www.plaadimehed.ee\/product\/vuorio-vuuginoor-3-mm-x-30-m\/#primaryimage"},"thumbnailUrl":"https:\/\/www.plaadimehed.ee\/wp-content\/uploads\/2022\/08\/vorio-noorid.jpg","datePublished":"2022-08-31T14:58:19+00:00","dateModified":"2024-10-15T08:50:48+00:00","description":"Vuugin\u00f6\u00f6r","breadcrumb":{"@id":"https:\/\/www.plaadimehed.ee\/product\/vuorio-vuuginoor-3-mm-x-30-m\/#breadcrumb"},"inLanguage":"fi","potentialAction":[{"@type":"ReadAction","target":["https:\/\/www.plaadimehed.ee\/product\/vuorio-vuuginoor-3-mm-x-30-m\/"]}]},{"@type":"ImageObject","inLanguage":"fi","@id":"https:\/\/www.plaadimehed.ee\/product\/vuorio-vuuginoor-3-mm-x-30-m\/#primaryimage","url":"https:\/\/www.plaadimehed.ee\/wp-content\/uploads\/2022\/08\/vorio-noorid.jpg","contentUrl":"https:\/\/www.plaadimehed.ee\/wp-content\/uploads\/2022\/08\/vorio-noorid.jpg","width":766,"height":749},{"@type":"BreadcrumbList","@id":"https:\/\/www.plaadimehed.ee\/product\/vuorio-vuuginoor-3-mm-x-30-m\/#breadcrumb","itemListElement":[{"@type":"ListItem","position":1,"name":"Home","item":"https:\/\/www.plaadimehed.ee\/fi\/"},{"@type":"ListItem","position":2,"name":"Verkkokauppa","item":"https:\/\/www.plaadimehed.ee\/fi\/shop\/"},{"@type":"ListItem","position":3,"name":"Vuorio\u00ae Vuugin\u00f6\u00f6r 3 mm x 30 m"}]},{"@type":"WebSite","@id":"https:\/\/www.plaadimehed.ee\/#website","url":"https:\/\/www.plaadimehed.ee\/","name":"Plaadimehed","description":"Plaatimist\u00f6\u00f6deks vajalikud tarvikud ja t\u00f6\u00f6riistad","publisher":{"@id":"https:\/\/www.plaadimehed.ee\/#organization"},"potentialAction":[{"@type":"SearchAction","target":{"@type":"EntryPoint","urlTemplate":"https:\/\/www.plaadimehed.ee\/?s={search_term_string}"},"query-input":{"@type":"PropertyValueSpecification","valueRequired":true,"valueName":"search_term_string"}}],"inLanguage":"fi"},{"@type":"Organization","@id":"https:\/\/www.plaadimehed.ee\/#organization","name":"Plaadimehed","url":"https:\/\/www.plaadimehed.ee\/","logo":{"@type":"ImageObject","inLanguage":"fi","@id":"https:\/\/www.plaadimehed.ee\/#\/schema\/logo\/image\/","url":"https:\/\/www.plaadimehed.ee\/wp-content\/uploads\/2024\/05\/plaadimehed-logo.svg","contentUrl":"https:\/\/www.plaadimehed.ee\/wp-content\/uploads\/2024\/05\/plaadimehed-logo.svg","width":266,"height":72,"caption":"Plaadimehed"},"image":{"@id":"https:\/\/www.plaadimehed.ee\/#\/schema\/logo\/image\/"}}]}},"_links":{"self":[{"href":"https:\/\/www.plaadimehed.ee\/fi\/wp-json\/wp\/v2\/product\/6056","targetHints":{"allow":["GET"]}}],"collection":[{"href":"https:\/\/www.plaadimehed.ee\/fi\/wp-json\/wp\/v2\/product"}],"about":[{"href":"https:\/\/www.plaadimehed.ee\/fi\/wp-json\/wp\/v2\/types\/product"}],"wp:featuredmedia":[{"embeddable":true,"href":"https:\/\/www.plaadimehed.ee\/fi\/wp-json\/wp\/v2\/media\/6052"}],"wp:attachment":[{"href":"https:\/\/www.plaadimehed.ee\/fi\/wp-json\/wp\/v2\/media?parent=6056"}],"wp:term":[{"taxonomy":"product_brand","embeddable":true,"href":"https:\/\/www.plaadimehed.ee\/fi\/wp-json\/wp\/v2\/product_brand?post=6056"},{"taxonomy":"product_cat","embeddable":true,"href":"https:\/\/www.plaadimehed.ee\/fi\/wp-json\/wp\/v2\/product_cat?post=6056"},{"taxonomy":"product_tag","embeddable":true,"href":"https:\/\/www.plaadimehed.ee\/fi\/wp-json\/wp\/v2\/product_tag?post=6056"}],"curies":[{"name":"wp","href":"https:\/\/api.w.org\/{rel}","templated":true}]}}