{"id":6315,"date":"2022-10-12T08:19:29","date_gmt":"2022-10-12T06:19:29","guid":{"rendered":"https:\/\/www.plaadimehed.ee\/?post_type=product&#038;p=6315"},"modified":"2026-04-01T12:10:53","modified_gmt":"2026-04-01T10:10:53","slug":"mechanic-poleerketta-liitmik-alumiinium-centrum-pro-2-0","status":"publish","type":"product","link":"https:\/\/www.plaadimehed.ee\/fi\/product\/mechanic-poleerketta-liitmik-alumiinium-centrum-pro-2-0\/","title":{"rendered":"MECHANIC Poleerketta liitmik alumiinium Centrum PRO 2.0"},"content":{"rendered":"<p data-start=\"0\" data-end=\"277\"><span class=\"hover:entity-accent entity-underline inline cursor-pointer align-baseline\"><span class=\"whitespace-normal\">Mechanic<\/span><\/span> on Ukraina p\u00e4ritolu t\u00f6\u00f6riistabr\u00e4nd, mis keskendub professionaalsetele lahendustele plaatimis- ja kivimaterjalide t\u00f6\u00f6tlemisel. Koost\u00f6\u00f6 <span class=\"hover:entity-accent entity-underline inline cursor-pointer align-baseline\"><span class=\"whitespace-normal\">Distar<\/span><\/span>-iga kinnitab k\u00f5rget kvaliteeti, t\u00e4psust ja vastupidavust.<\/p>\n<p data-start=\"279\" data-end=\"426\" data-is-last-node=\"\" data-is-only-node=\"\">Mechanicu tooted on loodud n\u00f5udlikele kasutajatele, pakkudes usaldusv\u00e4\u00e4rseid ja efektiivseid t\u00f6\u00f6riistu igap\u00e4evaseks professionaalseks kasutamiseks.<\/p>\n<p>&nbsp;<\/p>\n<p>&nbsp;<\/p>\n","protected":false},"excerpt":{"rendered":"<p>\u25cf Poleerimisketta liitmik M14 keermega nurklihviale<br \/>\n\u25cf Adapteriga tagatud nakkumine \u201etakja\u00fchendus\u201c poleerimispadjaga<br \/>\n\u25cf Eemaldatav centrik<br \/>\n\u25cf Adapteri \u00d8 100 mm<br \/>\n\u25cf Max RPM 3500<\/p>\n","protected":false},"featured_media":18553,"template":"","meta":{"_acf_changed":false},"product_brand":[54],"product_cat":[138],"product_tag":[],"class_list":{"0":"post-6315","1":"product","2":"type-product","3":"status-publish","4":"has-post-thumbnail","6":"product_brand-mechanic","7":"product_cat-lihv-ja-poleerkettad","9":"first","10":"instock","11":"taxable","12":"shipping-taxable","13":"purchasable","14":"product-type-simple"},"acf":[],"yoast_head":"<!-- This site is optimized with the Yoast SEO plugin v27.0 - https:\/\/yoast.com\/product\/yoast-seo-wordpress\/ -->\n<title>MECHANIC Poleerketta liitmik alumiinium Centrum PRO 2.0 - Plaadimehed<\/title>\n<meta name=\"description\" content=\"Mechanic poleerimisketta liitmik M14 keermega nurklihviale, adapteriga tagatud nakkumine takja\u00fchendusega poleerimispadjale, 100mm.\" \/>\n<meta name=\"robots\" content=\"index, follow, max-snippet:-1, max-image-preview:large, max-video-preview:-1\" \/>\n<link rel=\"canonical\" href=\"https:\/\/www.plaadimehed.ee\/product\/mechanic-poleerketta-liitmik-alumiinium-centrum-pro-2-0\/\" \/>\n<meta property=\"og:locale\" content=\"fi_FI\" \/>\n<meta property=\"og:type\" content=\"article\" \/>\n<meta property=\"og:title\" content=\"MECHANIC Poleerketta liitmik alumiinium Centrum PRO 2.0\" \/>\n<meta property=\"og:description\" content=\"Mechanic poleerimisketta liitmik M14 keermega nurklihviale, adapteriga tagatud nakkumine takja\u00fchendusega poleerimispadjale, 100mm.\" \/>\n<meta property=\"og:url\" content=\"https:\/\/www.plaadimehed.ee\/product\/mechanic-poleerketta-liitmik-alumiinium-centrum-pro-2-0\/\" \/>\n<meta property=\"og:site_name\" content=\"Plaadimehed\" \/>\n<meta property=\"article:modified_time\" content=\"2026-04-01T10:10:53+00:00\" \/>\n<meta property=\"og:image\" content=\"https:\/\/www.plaadimehed.ee\/wp-content\/uploads\/2022\/10\/mechanic-poleerketta-tald.webp\" \/>\n\t<meta property=\"og:image:width\" content=\"700\" \/>\n\t<meta property=\"og:image:height\" content=\"700\" \/>\n\t<meta property=\"og:image:type\" content=\"image\/webp\" \/>\n<meta name=\"twitter:card\" content=\"summary_large_image\" \/>\n<meta name=\"twitter:label1\" content=\"Arvioitu lukuaika\" \/>\n\t<meta name=\"twitter:data1\" content=\"1 minuutti\" \/>\n<script type=\"application\/ld+json\" class=\"yoast-schema-graph\">{\"@context\":\"https:\/\/schema.org\",\"@graph\":[{\"@type\":\"WebPage\",\"@id\":\"https:\/\/www.plaadimehed.ee\/product\/mechanic-poleerketta-liitmik-alumiinium-centrum-pro-2-0\/\",\"url\":\"https:\/\/www.plaadimehed.ee\/product\/mechanic-poleerketta-liitmik-alumiinium-centrum-pro-2-0\/\",\"name\":\"MECHANIC Poleerketta liitmik alumiinium Centrum PRO 2.0 - Plaadimehed\",\"isPartOf\":{\"@id\":\"https:\/\/www.plaadimehed.ee\/#website\"},\"primaryImageOfPage\":{\"@id\":\"https:\/\/www.plaadimehed.ee\/product\/mechanic-poleerketta-liitmik-alumiinium-centrum-pro-2-0\/#primaryimage\"},\"image\":{\"@id\":\"https:\/\/www.plaadimehed.ee\/product\/mechanic-poleerketta-liitmik-alumiinium-centrum-pro-2-0\/#primaryimage\"},\"thumbnailUrl\":\"https:\/\/www.plaadimehed.ee\/wp-content\/uploads\/2022\/10\/mechanic-poleerketta-tald.webp\",\"datePublished\":\"2022-10-12T06:19:29+00:00\",\"dateModified\":\"2026-04-01T10:10:53+00:00\",\"description\":\"Mechanic poleerimisketta liitmik M14 keermega nurklihviale, adapteriga tagatud nakkumine takja\u00fchendusega poleerimispadjale, 100mm.\",\"breadcrumb\":{\"@id\":\"https:\/\/www.plaadimehed.ee\/product\/mechanic-poleerketta-liitmik-alumiinium-centrum-pro-2-0\/#breadcrumb\"},\"inLanguage\":\"fi\",\"potentialAction\":[{\"@type\":\"ReadAction\",\"target\":[\"https:\/\/www.plaadimehed.ee\/product\/mechanic-poleerketta-liitmik-alumiinium-centrum-pro-2-0\/\"]}]},{\"@type\":\"ImageObject\",\"inLanguage\":\"fi\",\"@id\":\"https:\/\/www.plaadimehed.ee\/product\/mechanic-poleerketta-liitmik-alumiinium-centrum-pro-2-0\/#primaryimage\",\"url\":\"https:\/\/www.plaadimehed.ee\/wp-content\/uploads\/2022\/10\/mechanic-poleerketta-tald.webp\",\"contentUrl\":\"https:\/\/www.plaadimehed.ee\/wp-content\/uploads\/2022\/10\/mechanic-poleerketta-tald.webp\",\"width\":700,\"height\":700,\"caption\":\"MECHANIC Poleerketta liitmik alumiinium Centrum PRO 2.0\"},{\"@type\":\"BreadcrumbList\",\"@id\":\"https:\/\/www.plaadimehed.ee\/product\/mechanic-poleerketta-liitmik-alumiinium-centrum-pro-2-0\/#breadcrumb\",\"itemListElement\":[{\"@type\":\"ListItem\",\"position\":1,\"name\":\"Home\",\"item\":\"https:\/\/www.plaadimehed.ee\/fi\/\"},{\"@type\":\"ListItem\",\"position\":2,\"name\":\"Verkkokauppa\",\"item\":\"https:\/\/www.plaadimehed.ee\/fi\/shop\/\"},{\"@type\":\"ListItem\",\"position\":3,\"name\":\"MECHANIC Poleerketta liitmik alumiinium Centrum PRO 2.0\"}]},{\"@type\":\"WebSite\",\"@id\":\"https:\/\/www.plaadimehed.ee\/#website\",\"url\":\"https:\/\/www.plaadimehed.ee\/\",\"name\":\"Plaadimehed\",\"description\":\"Plaatimist\u00f6\u00f6deks vajalikud tarvikud ja t\u00f6\u00f6riistad\",\"publisher\":{\"@id\":\"https:\/\/www.plaadimehed.ee\/#organization\"},\"potentialAction\":[{\"@type\":\"SearchAction\",\"target\":{\"@type\":\"EntryPoint\",\"urlTemplate\":\"https:\/\/www.plaadimehed.ee\/?s={search_term_string}\"},\"query-input\":{\"@type\":\"PropertyValueSpecification\",\"valueRequired\":true,\"valueName\":\"search_term_string\"}}],\"inLanguage\":\"fi\"},{\"@type\":\"Organization\",\"@id\":\"https:\/\/www.plaadimehed.ee\/#organization\",\"name\":\"Plaadimehed\",\"url\":\"https:\/\/www.plaadimehed.ee\/\",\"logo\":{\"@type\":\"ImageObject\",\"inLanguage\":\"fi\",\"@id\":\"https:\/\/www.plaadimehed.ee\/#\/schema\/logo\/image\/\",\"url\":\"https:\/\/www.plaadimehed.ee\/wp-content\/uploads\/2024\/05\/plaadimehed-logo.svg\",\"contentUrl\":\"https:\/\/www.plaadimehed.ee\/wp-content\/uploads\/2024\/05\/plaadimehed-logo.svg\",\"width\":266,\"height\":72,\"caption\":\"Plaadimehed\"},\"image\":{\"@id\":\"https:\/\/www.plaadimehed.ee\/#\/schema\/logo\/image\/\"}}]}<\/script>\n<!-- \/ Yoast SEO plugin. -->","yoast_head_json":{"title":"MECHANIC Poleerketta liitmik alumiinium Centrum PRO 2.0 - Plaadimehed","description":"Mechanic poleerimisketta liitmik M14 keermega nurklihviale, adapteriga tagatud nakkumine takja\u00fchendusega poleerimispadjale, 100mm.","robots":{"index":"index","follow":"follow","max-snippet":"max-snippet:-1","max-image-preview":"max-image-preview:large","max-video-preview":"max-video-preview:-1"},"canonical":"https:\/\/www.plaadimehed.ee\/product\/mechanic-poleerketta-liitmik-alumiinium-centrum-pro-2-0\/","og_locale":"fi_FI","og_type":"article","og_title":"MECHANIC Poleerketta liitmik alumiinium Centrum PRO 2.0","og_description":"Mechanic poleerimisketta liitmik M14 keermega nurklihviale, adapteriga tagatud nakkumine takja\u00fchendusega poleerimispadjale, 100mm.","og_url":"https:\/\/www.plaadimehed.ee\/product\/mechanic-poleerketta-liitmik-alumiinium-centrum-pro-2-0\/","og_site_name":"Plaadimehed","article_modified_time":"2026-04-01T10:10:53+00:00","og_image":[{"width":700,"height":700,"url":"https:\/\/www.plaadimehed.ee\/wp-content\/uploads\/2022\/10\/mechanic-poleerketta-tald.webp","type":"image\/webp"}],"twitter_card":"summary_large_image","twitter_misc":{"Arvioitu lukuaika":"1 minuutti"},"schema":{"@context":"https:\/\/schema.org","@graph":[{"@type":"WebPage","@id":"https:\/\/www.plaadimehed.ee\/product\/mechanic-poleerketta-liitmik-alumiinium-centrum-pro-2-0\/","url":"https:\/\/www.plaadimehed.ee\/product\/mechanic-poleerketta-liitmik-alumiinium-centrum-pro-2-0\/","name":"MECHANIC Poleerketta liitmik alumiinium Centrum PRO 2.0 - Plaadimehed","isPartOf":{"@id":"https:\/\/www.plaadimehed.ee\/#website"},"primaryImageOfPage":{"@id":"https:\/\/www.plaadimehed.ee\/product\/mechanic-poleerketta-liitmik-alumiinium-centrum-pro-2-0\/#primaryimage"},"image":{"@id":"https:\/\/www.plaadimehed.ee\/product\/mechanic-poleerketta-liitmik-alumiinium-centrum-pro-2-0\/#primaryimage"},"thumbnailUrl":"https:\/\/www.plaadimehed.ee\/wp-content\/uploads\/2022\/10\/mechanic-poleerketta-tald.webp","datePublished":"2022-10-12T06:19:29+00:00","dateModified":"2026-04-01T10:10:53+00:00","description":"Mechanic poleerimisketta liitmik M14 keermega nurklihviale, adapteriga tagatud nakkumine takja\u00fchendusega poleerimispadjale, 100mm.","breadcrumb":{"@id":"https:\/\/www.plaadimehed.ee\/product\/mechanic-poleerketta-liitmik-alumiinium-centrum-pro-2-0\/#breadcrumb"},"inLanguage":"fi","potentialAction":[{"@type":"ReadAction","target":["https:\/\/www.plaadimehed.ee\/product\/mechanic-poleerketta-liitmik-alumiinium-centrum-pro-2-0\/"]}]},{"@type":"ImageObject","inLanguage":"fi","@id":"https:\/\/www.plaadimehed.ee\/product\/mechanic-poleerketta-liitmik-alumiinium-centrum-pro-2-0\/#primaryimage","url":"https:\/\/www.plaadimehed.ee\/wp-content\/uploads\/2022\/10\/mechanic-poleerketta-tald.webp","contentUrl":"https:\/\/www.plaadimehed.ee\/wp-content\/uploads\/2022\/10\/mechanic-poleerketta-tald.webp","width":700,"height":700,"caption":"MECHANIC Poleerketta liitmik alumiinium Centrum PRO 2.0"},{"@type":"BreadcrumbList","@id":"https:\/\/www.plaadimehed.ee\/product\/mechanic-poleerketta-liitmik-alumiinium-centrum-pro-2-0\/#breadcrumb","itemListElement":[{"@type":"ListItem","position":1,"name":"Home","item":"https:\/\/www.plaadimehed.ee\/fi\/"},{"@type":"ListItem","position":2,"name":"Verkkokauppa","item":"https:\/\/www.plaadimehed.ee\/fi\/shop\/"},{"@type":"ListItem","position":3,"name":"MECHANIC Poleerketta liitmik alumiinium Centrum PRO 2.0"}]},{"@type":"WebSite","@id":"https:\/\/www.plaadimehed.ee\/#website","url":"https:\/\/www.plaadimehed.ee\/","name":"Plaadimehed","description":"Plaatimist\u00f6\u00f6deks vajalikud tarvikud ja t\u00f6\u00f6riistad","publisher":{"@id":"https:\/\/www.plaadimehed.ee\/#organization"},"potentialAction":[{"@type":"SearchAction","target":{"@type":"EntryPoint","urlTemplate":"https:\/\/www.plaadimehed.ee\/?s={search_term_string}"},"query-input":{"@type":"PropertyValueSpecification","valueRequired":true,"valueName":"search_term_string"}}],"inLanguage":"fi"},{"@type":"Organization","@id":"https:\/\/www.plaadimehed.ee\/#organization","name":"Plaadimehed","url":"https:\/\/www.plaadimehed.ee\/","logo":{"@type":"ImageObject","inLanguage":"fi","@id":"https:\/\/www.plaadimehed.ee\/#\/schema\/logo\/image\/","url":"https:\/\/www.plaadimehed.ee\/wp-content\/uploads\/2024\/05\/plaadimehed-logo.svg","contentUrl":"https:\/\/www.plaadimehed.ee\/wp-content\/uploads\/2024\/05\/plaadimehed-logo.svg","width":266,"height":72,"caption":"Plaadimehed"},"image":{"@id":"https:\/\/www.plaadimehed.ee\/#\/schema\/logo\/image\/"}}]}},"_links":{"self":[{"href":"https:\/\/www.plaadimehed.ee\/fi\/wp-json\/wp\/v2\/product\/6315","targetHints":{"allow":["GET"]}}],"collection":[{"href":"https:\/\/www.plaadimehed.ee\/fi\/wp-json\/wp\/v2\/product"}],"about":[{"href":"https:\/\/www.plaadimehed.ee\/fi\/wp-json\/wp\/v2\/types\/product"}],"wp:featuredmedia":[{"embeddable":true,"href":"https:\/\/www.plaadimehed.ee\/fi\/wp-json\/wp\/v2\/media\/18553"}],"wp:attachment":[{"href":"https:\/\/www.plaadimehed.ee\/fi\/wp-json\/wp\/v2\/media?parent=6315"}],"wp:term":[{"taxonomy":"product_brand","embeddable":true,"href":"https:\/\/www.plaadimehed.ee\/fi\/wp-json\/wp\/v2\/product_brand?post=6315"},{"taxonomy":"product_cat","embeddable":true,"href":"https:\/\/www.plaadimehed.ee\/fi\/wp-json\/wp\/v2\/product_cat?post=6315"},{"taxonomy":"product_tag","embeddable":true,"href":"https:\/\/www.plaadimehed.ee\/fi\/wp-json\/wp\/v2\/product_tag?post=6315"}],"curies":[{"name":"wp","href":"https:\/\/api.w.org\/{rel}","templated":true}]}}