{"id":6939,"date":"2022-11-25T19:01:56","date_gmt":"2022-11-25T17:01:56","guid":{"rendered":"https:\/\/www.plaadimehed.ee\/?post_type=product&#038;p=6939"},"modified":"2025-05-07T18:00:32","modified_gmt":"2025-05-07T16:00:32","slug":"bihui-plaatide-servade-45o-tootlus-seade-jolly-cutting-system-rent","status":"publish","type":"product","link":"https:\/\/www.plaadimehed.ee\/fi\/product\/bihui-plaatide-servade-45o-tootlus-seade-jolly-cutting-system-rent\/","title":{"rendered":"BIHUI\u00ae Plaatide servade 45\u00ba t\u00f6\u00f6tlus seade Jolly RENT"},"content":{"rendered":"<p>\u25cf Rakise kaal 4,5 kg<br \/>\n\u25cf Komplektis <strong>BIHUI ketasl\u00f5ikur v\u00f5imsusega 1200W<\/strong><br \/>\n\u25cf Seadmega kaasas BIHUI Edge 45\u00ba l\u00f5ikeketas, kohver ja joonlaud seadistamiseks<br \/>\n\u25cf Rakise k\u00fclge saab kinnitada tolmuimeja vooliku<br \/>\n\u25cf V\u00f5imaldab faasida plaadi servi kogu ulatuses<br \/>\n\u25cf Reguleeritav kaldenurk 45 &#8211; 48 kraadi<br \/>\n\u25cf Plaadi paksusele kuni 19 mm<\/p>\n<p><img loading=\"lazy\" decoding=\"async\" class=\"alignnone wp-image-135\" src=\"https:\/\/www.plaadimehed.ee\/wp-content\/uploads\/2021\/05\/bdf-logo.png\" alt=\"\" width=\"29\" height=\"29\" srcset=\"https:\/\/www.plaadimehed.ee\/wp-content\/uploads\/2021\/05\/bdf-logo.png 225w, https:\/\/www.plaadimehed.ee\/wp-content\/uploads\/2021\/05\/bdf-logo-100x100.png 100w, https:\/\/www.plaadimehed.ee\/wp-content\/uploads\/2021\/05\/bdf-logo-150x150.png 150w\" sizes=\"auto, (max-width: 29px) 100vw, 29px\" \/><a href=\"https:\/\/www.plaadimehed.ee\/wp-content\/uploads\/2021\/07\/Plaadimehed-OU-tooriistade-rendi-uldtingimused.pdf\">Plaadimehed O\u00dc t\u00f6\u00f6riistade rendi \u00fcldtingimused<\/a><\/p>\n<p>&nbsp;<\/p>\n","protected":false},"excerpt":{"rendered":"<p>K\u00f5ik kalendrip\u00e4evad on tasulised.<\/p>\n<p>Alates 8. p\u00e4evast rendisoodustus -10%<\/p>\n<p>Alates 31. p\u00e4evast rendisoodustus -20%<\/p>\n","protected":false},"featured_media":6639,"template":"","meta":{"_acf_changed":false},"product_brand":[26],"product_cat":[43,76],"product_tag":[],"class_list":{"0":"post-6939","1":"product","2":"type-product","3":"status-publish","4":"has-post-thumbnail","6":"product_brand-bihui","7":"product_cat-tooriistade-rent","8":"product_cat-valisnurkade-tootlus","10":"first","11":"instock","12":"taxable","13":"shipping-taxable","14":"purchasable","15":"product-type-simple"},"acf":[],"yoast_head":"<!-- This site is optimized with the Yoast SEO plugin v27.0 - https:\/\/yoast.com\/product\/yoast-seo-wordpress\/ -->\n<title>Bihui Plaatide servade 45\u00ba t\u00f6\u00f6tlusseade<\/title>\n<meta name=\"description\" content=\"Bihui Plaatide servade 45\u00ba t\u00f6\u00f6tlusseade plaadi servade faasimiseks. Reguleeritav kaldenurk, sobitub ketasl\u00f5ikuritega 700-1400W, otsakeerdega M14. Loe lisaks siit.\" \/>\n<meta name=\"robots\" content=\"index, follow, max-snippet:-1, max-image-preview:large, max-video-preview:-1\" \/>\n<link rel=\"canonical\" href=\"https:\/\/www.plaadimehed.ee\/product\/bihui-plaatide-servade-45o-tootlus-seade-jolly-cutting-system-rent\/\" \/>\n<meta property=\"og:locale\" content=\"fi_FI\" \/>\n<meta property=\"og:type\" content=\"article\" \/>\n<meta property=\"og:title\" content=\"Bihui Plaatide servade 45\u00ba t\u00f6\u00f6tlusseade\" \/>\n<meta property=\"og:description\" content=\"Bihui Plaatide servade 45\u00ba t\u00f6\u00f6tlusseade plaadi servade faasimiseks. Reguleeritav kaldenurk, sobitub ketasl\u00f5ikuritega 700-1400W, otsakeerdega M14. Loe lisaks siit.\" \/>\n<meta property=\"og:url\" content=\"https:\/\/www.plaadimehed.ee\/product\/bihui-plaatide-servade-45o-tootlus-seade-jolly-cutting-system-rent\/\" \/>\n<meta property=\"og:site_name\" content=\"Plaadimehed\" \/>\n<meta property=\"article:modified_time\" content=\"2025-05-07T16:00:32+00:00\" \/>\n<meta property=\"og:image\" content=\"https:\/\/www.plaadimehed.ee\/wp-content\/uploads\/2022\/10\/bihui-jollly-2.png\" \/>\n\t<meta property=\"og:image:width\" content=\"1941\" \/>\n\t<meta property=\"og:image:height\" content=\"1373\" \/>\n\t<meta property=\"og:image:type\" content=\"image\/png\" \/>\n<meta name=\"twitter:card\" content=\"summary_large_image\" \/>\n<meta name=\"twitter:label1\" content=\"Arvioitu lukuaika\" \/>\n\t<meta name=\"twitter:data1\" content=\"1 minuutti\" \/>\n<script type=\"application\/ld+json\" class=\"yoast-schema-graph\">{\"@context\":\"https:\/\/schema.org\",\"@graph\":[{\"@type\":\"WebPage\",\"@id\":\"https:\/\/www.plaadimehed.ee\/product\/bihui-plaatide-servade-45o-tootlus-seade-jolly-cutting-system-rent\/\",\"url\":\"https:\/\/www.plaadimehed.ee\/product\/bihui-plaatide-servade-45o-tootlus-seade-jolly-cutting-system-rent\/\",\"name\":\"Bihui Plaatide servade 45\u00ba t\u00f6\u00f6tlusseade\",\"isPartOf\":{\"@id\":\"https:\/\/www.plaadimehed.ee\/#website\"},\"primaryImageOfPage\":{\"@id\":\"https:\/\/www.plaadimehed.ee\/product\/bihui-plaatide-servade-45o-tootlus-seade-jolly-cutting-system-rent\/#primaryimage\"},\"image\":{\"@id\":\"https:\/\/www.plaadimehed.ee\/product\/bihui-plaatide-servade-45o-tootlus-seade-jolly-cutting-system-rent\/#primaryimage\"},\"thumbnailUrl\":\"https:\/\/www.plaadimehed.ee\/wp-content\/uploads\/2022\/10\/bihui-jollly-2.png\",\"datePublished\":\"2022-11-25T17:01:56+00:00\",\"dateModified\":\"2025-05-07T16:00:32+00:00\",\"description\":\"Bihui Plaatide servade 45\u00ba t\u00f6\u00f6tlusseade plaadi servade faasimiseks. Reguleeritav kaldenurk, sobitub ketasl\u00f5ikuritega 700-1400W, otsakeerdega M14. Loe lisaks siit.\",\"breadcrumb\":{\"@id\":\"https:\/\/www.plaadimehed.ee\/product\/bihui-plaatide-servade-45o-tootlus-seade-jolly-cutting-system-rent\/#breadcrumb\"},\"inLanguage\":\"fi\",\"potentialAction\":[{\"@type\":\"ReadAction\",\"target\":[\"https:\/\/www.plaadimehed.ee\/product\/bihui-plaatide-servade-45o-tootlus-seade-jolly-cutting-system-rent\/\"]}]},{\"@type\":\"ImageObject\",\"inLanguage\":\"fi\",\"@id\":\"https:\/\/www.plaadimehed.ee\/product\/bihui-plaatide-servade-45o-tootlus-seade-jolly-cutting-system-rent\/#primaryimage\",\"url\":\"https:\/\/www.plaadimehed.ee\/wp-content\/uploads\/2022\/10\/bihui-jollly-2.png\",\"contentUrl\":\"https:\/\/www.plaadimehed.ee\/wp-content\/uploads\/2022\/10\/bihui-jollly-2.png\",\"width\":1941,\"height\":1373},{\"@type\":\"BreadcrumbList\",\"@id\":\"https:\/\/www.plaadimehed.ee\/product\/bihui-plaatide-servade-45o-tootlus-seade-jolly-cutting-system-rent\/#breadcrumb\",\"itemListElement\":[{\"@type\":\"ListItem\",\"position\":1,\"name\":\"Home\",\"item\":\"https:\/\/www.plaadimehed.ee\/fi\/\"},{\"@type\":\"ListItem\",\"position\":2,\"name\":\"Verkkokauppa\",\"item\":\"https:\/\/www.plaadimehed.ee\/fi\/shop\/\"},{\"@type\":\"ListItem\",\"position\":3,\"name\":\"BIHUI\u00ae Plaatide servade 45\u00ba t\u00f6\u00f6tlus seade Jolly RENT\"}]},{\"@type\":\"WebSite\",\"@id\":\"https:\/\/www.plaadimehed.ee\/#website\",\"url\":\"https:\/\/www.plaadimehed.ee\/\",\"name\":\"Plaadimehed\",\"description\":\"Plaatimist\u00f6\u00f6deks vajalikud tarvikud ja t\u00f6\u00f6riistad\",\"publisher\":{\"@id\":\"https:\/\/www.plaadimehed.ee\/#organization\"},\"potentialAction\":[{\"@type\":\"SearchAction\",\"target\":{\"@type\":\"EntryPoint\",\"urlTemplate\":\"https:\/\/www.plaadimehed.ee\/?s={search_term_string}\"},\"query-input\":{\"@type\":\"PropertyValueSpecification\",\"valueRequired\":true,\"valueName\":\"search_term_string\"}}],\"inLanguage\":\"fi\"},{\"@type\":\"Organization\",\"@id\":\"https:\/\/www.plaadimehed.ee\/#organization\",\"name\":\"Plaadimehed\",\"url\":\"https:\/\/www.plaadimehed.ee\/\",\"logo\":{\"@type\":\"ImageObject\",\"inLanguage\":\"fi\",\"@id\":\"https:\/\/www.plaadimehed.ee\/#\/schema\/logo\/image\/\",\"url\":\"https:\/\/www.plaadimehed.ee\/wp-content\/uploads\/2024\/05\/plaadimehed-logo.svg\",\"contentUrl\":\"https:\/\/www.plaadimehed.ee\/wp-content\/uploads\/2024\/05\/plaadimehed-logo.svg\",\"width\":266,\"height\":72,\"caption\":\"Plaadimehed\"},\"image\":{\"@id\":\"https:\/\/www.plaadimehed.ee\/#\/schema\/logo\/image\/\"}}]}<\/script>\n<!-- \/ Yoast SEO plugin. -->","yoast_head_json":{"title":"Bihui Plaatide servade 45\u00ba t\u00f6\u00f6tlusseade","description":"Bihui Plaatide servade 45\u00ba t\u00f6\u00f6tlusseade plaadi servade faasimiseks. Reguleeritav kaldenurk, sobitub ketasl\u00f5ikuritega 700-1400W, otsakeerdega M14. Loe lisaks siit.","robots":{"index":"index","follow":"follow","max-snippet":"max-snippet:-1","max-image-preview":"max-image-preview:large","max-video-preview":"max-video-preview:-1"},"canonical":"https:\/\/www.plaadimehed.ee\/product\/bihui-plaatide-servade-45o-tootlus-seade-jolly-cutting-system-rent\/","og_locale":"fi_FI","og_type":"article","og_title":"Bihui Plaatide servade 45\u00ba t\u00f6\u00f6tlusseade","og_description":"Bihui Plaatide servade 45\u00ba t\u00f6\u00f6tlusseade plaadi servade faasimiseks. Reguleeritav kaldenurk, sobitub ketasl\u00f5ikuritega 700-1400W, otsakeerdega M14. Loe lisaks siit.","og_url":"https:\/\/www.plaadimehed.ee\/product\/bihui-plaatide-servade-45o-tootlus-seade-jolly-cutting-system-rent\/","og_site_name":"Plaadimehed","article_modified_time":"2025-05-07T16:00:32+00:00","og_image":[{"width":1941,"height":1373,"url":"https:\/\/www.plaadimehed.ee\/wp-content\/uploads\/2022\/10\/bihui-jollly-2.png","type":"image\/png"}],"twitter_card":"summary_large_image","twitter_misc":{"Arvioitu lukuaika":"1 minuutti"},"schema":{"@context":"https:\/\/schema.org","@graph":[{"@type":"WebPage","@id":"https:\/\/www.plaadimehed.ee\/product\/bihui-plaatide-servade-45o-tootlus-seade-jolly-cutting-system-rent\/","url":"https:\/\/www.plaadimehed.ee\/product\/bihui-plaatide-servade-45o-tootlus-seade-jolly-cutting-system-rent\/","name":"Bihui Plaatide servade 45\u00ba t\u00f6\u00f6tlusseade","isPartOf":{"@id":"https:\/\/www.plaadimehed.ee\/#website"},"primaryImageOfPage":{"@id":"https:\/\/www.plaadimehed.ee\/product\/bihui-plaatide-servade-45o-tootlus-seade-jolly-cutting-system-rent\/#primaryimage"},"image":{"@id":"https:\/\/www.plaadimehed.ee\/product\/bihui-plaatide-servade-45o-tootlus-seade-jolly-cutting-system-rent\/#primaryimage"},"thumbnailUrl":"https:\/\/www.plaadimehed.ee\/wp-content\/uploads\/2022\/10\/bihui-jollly-2.png","datePublished":"2022-11-25T17:01:56+00:00","dateModified":"2025-05-07T16:00:32+00:00","description":"Bihui Plaatide servade 45\u00ba t\u00f6\u00f6tlusseade plaadi servade faasimiseks. Reguleeritav kaldenurk, sobitub ketasl\u00f5ikuritega 700-1400W, otsakeerdega M14. Loe lisaks siit.","breadcrumb":{"@id":"https:\/\/www.plaadimehed.ee\/product\/bihui-plaatide-servade-45o-tootlus-seade-jolly-cutting-system-rent\/#breadcrumb"},"inLanguage":"fi","potentialAction":[{"@type":"ReadAction","target":["https:\/\/www.plaadimehed.ee\/product\/bihui-plaatide-servade-45o-tootlus-seade-jolly-cutting-system-rent\/"]}]},{"@type":"ImageObject","inLanguage":"fi","@id":"https:\/\/www.plaadimehed.ee\/product\/bihui-plaatide-servade-45o-tootlus-seade-jolly-cutting-system-rent\/#primaryimage","url":"https:\/\/www.plaadimehed.ee\/wp-content\/uploads\/2022\/10\/bihui-jollly-2.png","contentUrl":"https:\/\/www.plaadimehed.ee\/wp-content\/uploads\/2022\/10\/bihui-jollly-2.png","width":1941,"height":1373},{"@type":"BreadcrumbList","@id":"https:\/\/www.plaadimehed.ee\/product\/bihui-plaatide-servade-45o-tootlus-seade-jolly-cutting-system-rent\/#breadcrumb","itemListElement":[{"@type":"ListItem","position":1,"name":"Home","item":"https:\/\/www.plaadimehed.ee\/fi\/"},{"@type":"ListItem","position":2,"name":"Verkkokauppa","item":"https:\/\/www.plaadimehed.ee\/fi\/shop\/"},{"@type":"ListItem","position":3,"name":"BIHUI\u00ae Plaatide servade 45\u00ba t\u00f6\u00f6tlus seade Jolly RENT"}]},{"@type":"WebSite","@id":"https:\/\/www.plaadimehed.ee\/#website","url":"https:\/\/www.plaadimehed.ee\/","name":"Plaadimehed","description":"Plaatimist\u00f6\u00f6deks vajalikud tarvikud ja t\u00f6\u00f6riistad","publisher":{"@id":"https:\/\/www.plaadimehed.ee\/#organization"},"potentialAction":[{"@type":"SearchAction","target":{"@type":"EntryPoint","urlTemplate":"https:\/\/www.plaadimehed.ee\/?s={search_term_string}"},"query-input":{"@type":"PropertyValueSpecification","valueRequired":true,"valueName":"search_term_string"}}],"inLanguage":"fi"},{"@type":"Organization","@id":"https:\/\/www.plaadimehed.ee\/#organization","name":"Plaadimehed","url":"https:\/\/www.plaadimehed.ee\/","logo":{"@type":"ImageObject","inLanguage":"fi","@id":"https:\/\/www.plaadimehed.ee\/#\/schema\/logo\/image\/","url":"https:\/\/www.plaadimehed.ee\/wp-content\/uploads\/2024\/05\/plaadimehed-logo.svg","contentUrl":"https:\/\/www.plaadimehed.ee\/wp-content\/uploads\/2024\/05\/plaadimehed-logo.svg","width":266,"height":72,"caption":"Plaadimehed"},"image":{"@id":"https:\/\/www.plaadimehed.ee\/#\/schema\/logo\/image\/"}}]}},"_links":{"self":[{"href":"https:\/\/www.plaadimehed.ee\/fi\/wp-json\/wp\/v2\/product\/6939","targetHints":{"allow":["GET"]}}],"collection":[{"href":"https:\/\/www.plaadimehed.ee\/fi\/wp-json\/wp\/v2\/product"}],"about":[{"href":"https:\/\/www.plaadimehed.ee\/fi\/wp-json\/wp\/v2\/types\/product"}],"wp:featuredmedia":[{"embeddable":true,"href":"https:\/\/www.plaadimehed.ee\/fi\/wp-json\/wp\/v2\/media\/6639"}],"wp:attachment":[{"href":"https:\/\/www.plaadimehed.ee\/fi\/wp-json\/wp\/v2\/media?parent=6939"}],"wp:term":[{"taxonomy":"product_brand","embeddable":true,"href":"https:\/\/www.plaadimehed.ee\/fi\/wp-json\/wp\/v2\/product_brand?post=6939"},{"taxonomy":"product_cat","embeddable":true,"href":"https:\/\/www.plaadimehed.ee\/fi\/wp-json\/wp\/v2\/product_cat?post=6939"},{"taxonomy":"product_tag","embeddable":true,"href":"https:\/\/www.plaadimehed.ee\/fi\/wp-json\/wp\/v2\/product_tag?post=6939"}],"curies":[{"name":"wp","href":"https:\/\/api.w.org\/{rel}","templated":true}]}}