{"id":7016,"date":"2022-12-05T09:04:47","date_gmt":"2022-12-05T07:04:47","guid":{"rendered":"https:\/\/www.plaadimehed.ee\/?post_type=product&#038;p=7016"},"modified":"2026-02-18T18:37:37","modified_gmt":"2026-02-18T16:37:37","slug":"solid-3-mm-plaatimisankur-400-tk-40-tk-tasuta","status":"publish","type":"product","link":"https:\/\/www.plaadimehed.ee\/fi\/product\/solid-3-mm-plaatimisankur-400-tk-40-tk-tasuta\/","title":{"rendered":"Solid\u00ae 3 mm plaatimisankrute Megapakk"},"content":{"rendered":"<p>\u25cf  TLS plaatide tasanduss\u00fcsteem<br \/>\n\u25cf \u00a0Pakendis 400 tk + 40 tk tasuta kaasa<br \/>\n\u25cf \u00a0Sobivus 4-15 mm paksustele plaatidele<br \/>\n\u25cf \u00a0Plaatimisankur vuugilaiusele 3 mm<br \/>\n\u25cf \u00a0Kasutamiseks seintel ja p\u00f5randatel<br \/>\n\u25cf \u00a0Kergelt eemaldatav ja murduv plaatimisankru osa enne vuukimist<\/p>\n<\/div>\n<\/div>\n<\/div>\n<p><img loading=\"lazy\" decoding=\"async\" class=\"alignnone wp-image-135\" src=\"https:\/\/www.plaadimehed.ee\/wp-content\/uploads\/2021\/05\/bdf-logo.png\" alt=\"\" width=\"37\" height=\"37\" srcset=\"https:\/\/www.plaadimehed.ee\/wp-content\/uploads\/2021\/05\/bdf-logo.png 225w, https:\/\/www.plaadimehed.ee\/wp-content\/uploads\/2021\/05\/bdf-logo-100x100.png 100w, https:\/\/www.plaadimehed.ee\/wp-content\/uploads\/2021\/05\/bdf-logo-150x150.png 150w\" sizes=\"auto, (max-width: 37px) 100vw, 37px\" \/><a href=\"https:\/\/www.plaadimehed.ee\/wp-content\/uploads\/2022\/12\/solid-system-poziomowania-EE.pdf\">solid-system tooteinfo<\/a><\/p>\n","protected":false},"excerpt":{"rendered":"<p>TLS plaatide tasanduss\u00fcsteemi ankur vuukidele 3 mm. Sobib 4 -15 mm paksusega plaatidele.<\/p>\n","protected":false},"featured_media":7017,"template":"","meta":{"_acf_changed":false},"product_brand":[135],"product_cat":[24,274],"product_tag":[],"class_list":{"0":"post-7016","1":"product","2":"type-product","3":"status-publish","4":"has-post-thumbnail","6":"product_brand-solid","7":"product_cat-tasandussusteemid","8":"product_cat-suure-kiiluga","10":"first","11":"instock","12":"taxable","13":"shipping-taxable","14":"purchasable","15":"product-type-simple"},"acf":[],"yoast_head":"<!-- This site is optimized with the Yoast SEO plugin v27.0 - https:\/\/yoast.com\/product\/yoast-seo-wordpress\/ -->\n<title>Solid\u00ae 3 mm plaatimisankrute Megapakk - Plaadimehed<\/title>\n<meta name=\"robots\" content=\"index, follow, max-snippet:-1, max-image-preview:large, max-video-preview:-1\" \/>\n<link rel=\"canonical\" href=\"https:\/\/www.plaadimehed.ee\/product\/solid-3-mm-plaatimisankur-400-tk-40-tk-tasuta\/\" \/>\n<meta property=\"og:locale\" content=\"fi_FI\" \/>\n<meta property=\"og:type\" content=\"article\" \/>\n<meta property=\"og:title\" content=\"Solid\u00ae 3 mm plaatimisankrute Megapakk - Plaadimehed\" \/>\n<meta property=\"og:description\" content=\"TLS plaatide tasanduss\u00fcsteemi ankur vuukidele 3 mm. Sobib 4 -15 mm paksusega plaatidele.\" \/>\n<meta property=\"og:url\" content=\"https:\/\/www.plaadimehed.ee\/product\/solid-3-mm-plaatimisankur-400-tk-40-tk-tasuta\/\" \/>\n<meta property=\"og:site_name\" content=\"Plaadimehed\" \/>\n<meta property=\"article:modified_time\" content=\"2026-02-18T16:37:37+00:00\" \/>\n<meta property=\"og:image\" content=\"https:\/\/www.plaadimehed.ee\/wp-content\/uploads\/2022\/12\/3mm-440.png\" \/>\n\t<meta property=\"og:image:width\" content=\"680\" \/>\n\t<meta property=\"og:image:height\" content=\"683\" \/>\n\t<meta property=\"og:image:type\" content=\"image\/png\" \/>\n<meta name=\"twitter:card\" content=\"summary_large_image\" \/>\n<script type=\"application\/ld+json\" class=\"yoast-schema-graph\">{\"@context\":\"https:\/\/schema.org\",\"@graph\":[{\"@type\":\"WebPage\",\"@id\":\"https:\/\/www.plaadimehed.ee\/product\/solid-3-mm-plaatimisankur-400-tk-40-tk-tasuta\/\",\"url\":\"https:\/\/www.plaadimehed.ee\/product\/solid-3-mm-plaatimisankur-400-tk-40-tk-tasuta\/\",\"name\":\"Solid\u00ae 3 mm plaatimisankrute Megapakk - Plaadimehed\",\"isPartOf\":{\"@id\":\"https:\/\/www.plaadimehed.ee\/#website\"},\"primaryImageOfPage\":{\"@id\":\"https:\/\/www.plaadimehed.ee\/product\/solid-3-mm-plaatimisankur-400-tk-40-tk-tasuta\/#primaryimage\"},\"image\":{\"@id\":\"https:\/\/www.plaadimehed.ee\/product\/solid-3-mm-plaatimisankur-400-tk-40-tk-tasuta\/#primaryimage\"},\"thumbnailUrl\":\"https:\/\/www.plaadimehed.ee\/wp-content\/uploads\/2022\/12\/3mm-440.png\",\"datePublished\":\"2022-12-05T07:04:47+00:00\",\"dateModified\":\"2026-02-18T16:37:37+00:00\",\"breadcrumb\":{\"@id\":\"https:\/\/www.plaadimehed.ee\/product\/solid-3-mm-plaatimisankur-400-tk-40-tk-tasuta\/#breadcrumb\"},\"inLanguage\":\"fi\",\"potentialAction\":[{\"@type\":\"ReadAction\",\"target\":[\"https:\/\/www.plaadimehed.ee\/product\/solid-3-mm-plaatimisankur-400-tk-40-tk-tasuta\/\"]}]},{\"@type\":\"ImageObject\",\"inLanguage\":\"fi\",\"@id\":\"https:\/\/www.plaadimehed.ee\/product\/solid-3-mm-plaatimisankur-400-tk-40-tk-tasuta\/#primaryimage\",\"url\":\"https:\/\/www.plaadimehed.ee\/wp-content\/uploads\/2022\/12\/3mm-440.png\",\"contentUrl\":\"https:\/\/www.plaadimehed.ee\/wp-content\/uploads\/2022\/12\/3mm-440.png\",\"width\":680,\"height\":683},{\"@type\":\"BreadcrumbList\",\"@id\":\"https:\/\/www.plaadimehed.ee\/product\/solid-3-mm-plaatimisankur-400-tk-40-tk-tasuta\/#breadcrumb\",\"itemListElement\":[{\"@type\":\"ListItem\",\"position\":1,\"name\":\"Home\",\"item\":\"https:\/\/www.plaadimehed.ee\/fi\/\"},{\"@type\":\"ListItem\",\"position\":2,\"name\":\"Verkkokauppa\",\"item\":\"https:\/\/www.plaadimehed.ee\/fi\/shop\/\"},{\"@type\":\"ListItem\",\"position\":3,\"name\":\"Solid\u00ae 3 mm plaatimisankrute Megapakk\"}]},{\"@type\":\"WebSite\",\"@id\":\"https:\/\/www.plaadimehed.ee\/#website\",\"url\":\"https:\/\/www.plaadimehed.ee\/\",\"name\":\"Plaadimehed\",\"description\":\"Plaatimist\u00f6\u00f6deks vajalikud tarvikud ja t\u00f6\u00f6riistad\",\"publisher\":{\"@id\":\"https:\/\/www.plaadimehed.ee\/#organization\"},\"potentialAction\":[{\"@type\":\"SearchAction\",\"target\":{\"@type\":\"EntryPoint\",\"urlTemplate\":\"https:\/\/www.plaadimehed.ee\/?s={search_term_string}\"},\"query-input\":{\"@type\":\"PropertyValueSpecification\",\"valueRequired\":true,\"valueName\":\"search_term_string\"}}],\"inLanguage\":\"fi\"},{\"@type\":\"Organization\",\"@id\":\"https:\/\/www.plaadimehed.ee\/#organization\",\"name\":\"Plaadimehed\",\"url\":\"https:\/\/www.plaadimehed.ee\/\",\"logo\":{\"@type\":\"ImageObject\",\"inLanguage\":\"fi\",\"@id\":\"https:\/\/www.plaadimehed.ee\/#\/schema\/logo\/image\/\",\"url\":\"https:\/\/www.plaadimehed.ee\/wp-content\/uploads\/2024\/05\/plaadimehed-logo.svg\",\"contentUrl\":\"https:\/\/www.plaadimehed.ee\/wp-content\/uploads\/2024\/05\/plaadimehed-logo.svg\",\"width\":266,\"height\":72,\"caption\":\"Plaadimehed\"},\"image\":{\"@id\":\"https:\/\/www.plaadimehed.ee\/#\/schema\/logo\/image\/\"}}]}<\/script>\n<!-- \/ Yoast SEO plugin. -->","yoast_head_json":{"title":"Solid\u00ae 3 mm plaatimisankrute Megapakk - Plaadimehed","robots":{"index":"index","follow":"follow","max-snippet":"max-snippet:-1","max-image-preview":"max-image-preview:large","max-video-preview":"max-video-preview:-1"},"canonical":"https:\/\/www.plaadimehed.ee\/product\/solid-3-mm-plaatimisankur-400-tk-40-tk-tasuta\/","og_locale":"fi_FI","og_type":"article","og_title":"Solid\u00ae 3 mm plaatimisankrute Megapakk - Plaadimehed","og_description":"TLS plaatide tasanduss\u00fcsteemi ankur vuukidele 3 mm. Sobib 4 -15 mm paksusega plaatidele.","og_url":"https:\/\/www.plaadimehed.ee\/product\/solid-3-mm-plaatimisankur-400-tk-40-tk-tasuta\/","og_site_name":"Plaadimehed","article_modified_time":"2026-02-18T16:37:37+00:00","og_image":[{"width":680,"height":683,"url":"https:\/\/www.plaadimehed.ee\/wp-content\/uploads\/2022\/12\/3mm-440.png","type":"image\/png"}],"twitter_card":"summary_large_image","schema":{"@context":"https:\/\/schema.org","@graph":[{"@type":"WebPage","@id":"https:\/\/www.plaadimehed.ee\/product\/solid-3-mm-plaatimisankur-400-tk-40-tk-tasuta\/","url":"https:\/\/www.plaadimehed.ee\/product\/solid-3-mm-plaatimisankur-400-tk-40-tk-tasuta\/","name":"Solid\u00ae 3 mm plaatimisankrute Megapakk - Plaadimehed","isPartOf":{"@id":"https:\/\/www.plaadimehed.ee\/#website"},"primaryImageOfPage":{"@id":"https:\/\/www.plaadimehed.ee\/product\/solid-3-mm-plaatimisankur-400-tk-40-tk-tasuta\/#primaryimage"},"image":{"@id":"https:\/\/www.plaadimehed.ee\/product\/solid-3-mm-plaatimisankur-400-tk-40-tk-tasuta\/#primaryimage"},"thumbnailUrl":"https:\/\/www.plaadimehed.ee\/wp-content\/uploads\/2022\/12\/3mm-440.png","datePublished":"2022-12-05T07:04:47+00:00","dateModified":"2026-02-18T16:37:37+00:00","breadcrumb":{"@id":"https:\/\/www.plaadimehed.ee\/product\/solid-3-mm-plaatimisankur-400-tk-40-tk-tasuta\/#breadcrumb"},"inLanguage":"fi","potentialAction":[{"@type":"ReadAction","target":["https:\/\/www.plaadimehed.ee\/product\/solid-3-mm-plaatimisankur-400-tk-40-tk-tasuta\/"]}]},{"@type":"ImageObject","inLanguage":"fi","@id":"https:\/\/www.plaadimehed.ee\/product\/solid-3-mm-plaatimisankur-400-tk-40-tk-tasuta\/#primaryimage","url":"https:\/\/www.plaadimehed.ee\/wp-content\/uploads\/2022\/12\/3mm-440.png","contentUrl":"https:\/\/www.plaadimehed.ee\/wp-content\/uploads\/2022\/12\/3mm-440.png","width":680,"height":683},{"@type":"BreadcrumbList","@id":"https:\/\/www.plaadimehed.ee\/product\/solid-3-mm-plaatimisankur-400-tk-40-tk-tasuta\/#breadcrumb","itemListElement":[{"@type":"ListItem","position":1,"name":"Home","item":"https:\/\/www.plaadimehed.ee\/fi\/"},{"@type":"ListItem","position":2,"name":"Verkkokauppa","item":"https:\/\/www.plaadimehed.ee\/fi\/shop\/"},{"@type":"ListItem","position":3,"name":"Solid\u00ae 3 mm plaatimisankrute Megapakk"}]},{"@type":"WebSite","@id":"https:\/\/www.plaadimehed.ee\/#website","url":"https:\/\/www.plaadimehed.ee\/","name":"Plaadimehed","description":"Plaatimist\u00f6\u00f6deks vajalikud tarvikud ja t\u00f6\u00f6riistad","publisher":{"@id":"https:\/\/www.plaadimehed.ee\/#organization"},"potentialAction":[{"@type":"SearchAction","target":{"@type":"EntryPoint","urlTemplate":"https:\/\/www.plaadimehed.ee\/?s={search_term_string}"},"query-input":{"@type":"PropertyValueSpecification","valueRequired":true,"valueName":"search_term_string"}}],"inLanguage":"fi"},{"@type":"Organization","@id":"https:\/\/www.plaadimehed.ee\/#organization","name":"Plaadimehed","url":"https:\/\/www.plaadimehed.ee\/","logo":{"@type":"ImageObject","inLanguage":"fi","@id":"https:\/\/www.plaadimehed.ee\/#\/schema\/logo\/image\/","url":"https:\/\/www.plaadimehed.ee\/wp-content\/uploads\/2024\/05\/plaadimehed-logo.svg","contentUrl":"https:\/\/www.plaadimehed.ee\/wp-content\/uploads\/2024\/05\/plaadimehed-logo.svg","width":266,"height":72,"caption":"Plaadimehed"},"image":{"@id":"https:\/\/www.plaadimehed.ee\/#\/schema\/logo\/image\/"}}]}},"_links":{"self":[{"href":"https:\/\/www.plaadimehed.ee\/fi\/wp-json\/wp\/v2\/product\/7016","targetHints":{"allow":["GET"]}}],"collection":[{"href":"https:\/\/www.plaadimehed.ee\/fi\/wp-json\/wp\/v2\/product"}],"about":[{"href":"https:\/\/www.plaadimehed.ee\/fi\/wp-json\/wp\/v2\/types\/product"}],"wp:featuredmedia":[{"embeddable":true,"href":"https:\/\/www.plaadimehed.ee\/fi\/wp-json\/wp\/v2\/media\/7017"}],"wp:attachment":[{"href":"https:\/\/www.plaadimehed.ee\/fi\/wp-json\/wp\/v2\/media?parent=7016"}],"wp:term":[{"taxonomy":"product_brand","embeddable":true,"href":"https:\/\/www.plaadimehed.ee\/fi\/wp-json\/wp\/v2\/product_brand?post=7016"},{"taxonomy":"product_cat","embeddable":true,"href":"https:\/\/www.plaadimehed.ee\/fi\/wp-json\/wp\/v2\/product_cat?post=7016"},{"taxonomy":"product_tag","embeddable":true,"href":"https:\/\/www.plaadimehed.ee\/fi\/wp-json\/wp\/v2\/product_tag?post=7016"}],"curies":[{"name":"wp","href":"https:\/\/api.w.org\/{rel}","templated":true}]}}