{"id":7107,"date":"2022-12-07T09:56:09","date_gmt":"2022-12-07T07:56:09","guid":{"rendered":"https:\/\/www.plaadimehed.ee\/?post_type=product&#038;p=7107"},"modified":"2023-10-25T12:02:23","modified_gmt":"2023-10-25T10:02:23","slug":"solid-pahteldamise-10-osaline-komplekt-pro","status":"publish","type":"product","link":"https:\/\/www.plaadimehed.ee\/fi\/product\/solid-pahteldamise-10-osaline-komplekt-pro\/","title":{"rendered":"Solid\u00ae Pahteldamise 10 osaline komplekt PRO"},"content":{"rendered":"<div class=\"page\" title=\"Page 1\">\n<div class=\"layoutArea\">\n<div class=\"column\">\n<p><strong>Komplektis:<\/strong><br \/>\nTeleskoopvars 1-1,8 m<br \/>\nKinnitusliides<br \/>\nKinnitusliides light<br \/>\nPahtliliibad laiusega 350, 550, 800 mm<br \/>\nPahtlilabidas light 550 mm<br \/>\nPahtlirull + rullivars<br \/>\nKohver<\/p>\n<\/div>\n<\/div>\n<\/div>\n","protected":false},"excerpt":{"rendered":"<p>Pahteldamise komplekt kohvris<\/p>\n","protected":false},"featured_media":7108,"template":"","meta":{"_acf_changed":false},"product_brand":[135],"product_cat":[30,149],"product_tag":[],"class_list":{"0":"post-7107","1":"product","2":"type-product","3":"status-publish","4":"has-post-thumbnail","6":"product_brand-solid","7":"product_cat-plaatimistooriistad","8":"product_cat-pahteldamiseks","10":"first","11":"instock","12":"sale","13":"taxable","14":"shipping-taxable","15":"purchasable","16":"product-type-simple"},"acf":[],"yoast_head":"<!-- This site is optimized with the Yoast SEO plugin v27.0 - https:\/\/yoast.com\/product\/yoast-seo-wordpress\/ -->\n<title>Solid\u00ae Pahteldamise 10 osaline komplekt PRO - Plaadimehed<\/title>\n<meta name=\"robots\" content=\"index, follow, max-snippet:-1, max-image-preview:large, max-video-preview:-1\" \/>\n<link rel=\"canonical\" href=\"https:\/\/www.plaadimehed.ee\/product\/solid-pahteldamise-10-osaline-komplekt-pro\/\" \/>\n<meta property=\"og:locale\" content=\"fi_FI\" \/>\n<meta property=\"og:type\" content=\"article\" \/>\n<meta property=\"og:title\" content=\"Solid\u00ae Pahteldamise 10 osaline komplekt PRO - Plaadimehed\" \/>\n<meta property=\"og:description\" content=\"Pahteldamise komplekt kohvris\" \/>\n<meta property=\"og:url\" content=\"https:\/\/www.plaadimehed.ee\/product\/solid-pahteldamise-10-osaline-komplekt-pro\/\" \/>\n<meta property=\"og:site_name\" content=\"Plaadimehed\" \/>\n<meta property=\"article:modified_time\" content=\"2023-10-25T10:02:23+00:00\" \/>\n<meta property=\"og:image\" content=\"https:\/\/www.plaadimehed.ee\/wp-content\/uploads\/2022\/12\/solid-pahtel-komp-pro-pea.png\" \/>\n\t<meta property=\"og:image:width\" content=\"1235\" \/>\n\t<meta property=\"og:image:height\" content=\"1218\" \/>\n\t<meta property=\"og:image:type\" content=\"image\/png\" \/>\n<meta name=\"twitter:card\" content=\"summary_large_image\" \/>\n<script type=\"application\/ld+json\" class=\"yoast-schema-graph\">{\"@context\":\"https:\/\/schema.org\",\"@graph\":[{\"@type\":\"WebPage\",\"@id\":\"https:\/\/www.plaadimehed.ee\/product\/solid-pahteldamise-10-osaline-komplekt-pro\/\",\"url\":\"https:\/\/www.plaadimehed.ee\/product\/solid-pahteldamise-10-osaline-komplekt-pro\/\",\"name\":\"Solid\u00ae Pahteldamise 10 osaline komplekt PRO - Plaadimehed\",\"isPartOf\":{\"@id\":\"https:\/\/www.plaadimehed.ee\/#website\"},\"primaryImageOfPage\":{\"@id\":\"https:\/\/www.plaadimehed.ee\/product\/solid-pahteldamise-10-osaline-komplekt-pro\/#primaryimage\"},\"image\":{\"@id\":\"https:\/\/www.plaadimehed.ee\/product\/solid-pahteldamise-10-osaline-komplekt-pro\/#primaryimage\"},\"thumbnailUrl\":\"https:\/\/www.plaadimehed.ee\/wp-content\/uploads\/2022\/12\/solid-pahtel-komp-pro-pea.png\",\"datePublished\":\"2022-12-07T07:56:09+00:00\",\"dateModified\":\"2023-10-25T10:02:23+00:00\",\"breadcrumb\":{\"@id\":\"https:\/\/www.plaadimehed.ee\/product\/solid-pahteldamise-10-osaline-komplekt-pro\/#breadcrumb\"},\"inLanguage\":\"fi\",\"potentialAction\":[{\"@type\":\"ReadAction\",\"target\":[\"https:\/\/www.plaadimehed.ee\/product\/solid-pahteldamise-10-osaline-komplekt-pro\/\"]}]},{\"@type\":\"ImageObject\",\"inLanguage\":\"fi\",\"@id\":\"https:\/\/www.plaadimehed.ee\/product\/solid-pahteldamise-10-osaline-komplekt-pro\/#primaryimage\",\"url\":\"https:\/\/www.plaadimehed.ee\/wp-content\/uploads\/2022\/12\/solid-pahtel-komp-pro-pea.png\",\"contentUrl\":\"https:\/\/www.plaadimehed.ee\/wp-content\/uploads\/2022\/12\/solid-pahtel-komp-pro-pea.png\",\"width\":1235,\"height\":1218},{\"@type\":\"BreadcrumbList\",\"@id\":\"https:\/\/www.plaadimehed.ee\/product\/solid-pahteldamise-10-osaline-komplekt-pro\/#breadcrumb\",\"itemListElement\":[{\"@type\":\"ListItem\",\"position\":1,\"name\":\"Home\",\"item\":\"https:\/\/www.plaadimehed.ee\/fi\/\"},{\"@type\":\"ListItem\",\"position\":2,\"name\":\"Verkkokauppa\",\"item\":\"https:\/\/www.plaadimehed.ee\/fi\/shop\/\"},{\"@type\":\"ListItem\",\"position\":3,\"name\":\"Solid\u00ae Pahteldamise 10 osaline komplekt PRO\"}]},{\"@type\":\"WebSite\",\"@id\":\"https:\/\/www.plaadimehed.ee\/#website\",\"url\":\"https:\/\/www.plaadimehed.ee\/\",\"name\":\"Plaadimehed\",\"description\":\"Plaatimist\u00f6\u00f6deks vajalikud tarvikud ja t\u00f6\u00f6riistad\",\"publisher\":{\"@id\":\"https:\/\/www.plaadimehed.ee\/#organization\"},\"potentialAction\":[{\"@type\":\"SearchAction\",\"target\":{\"@type\":\"EntryPoint\",\"urlTemplate\":\"https:\/\/www.plaadimehed.ee\/?s={search_term_string}\"},\"query-input\":{\"@type\":\"PropertyValueSpecification\",\"valueRequired\":true,\"valueName\":\"search_term_string\"}}],\"inLanguage\":\"fi\"},{\"@type\":\"Organization\",\"@id\":\"https:\/\/www.plaadimehed.ee\/#organization\",\"name\":\"Plaadimehed\",\"url\":\"https:\/\/www.plaadimehed.ee\/\",\"logo\":{\"@type\":\"ImageObject\",\"inLanguage\":\"fi\",\"@id\":\"https:\/\/www.plaadimehed.ee\/#\/schema\/logo\/image\/\",\"url\":\"https:\/\/www.plaadimehed.ee\/wp-content\/uploads\/2024\/05\/plaadimehed-logo.svg\",\"contentUrl\":\"https:\/\/www.plaadimehed.ee\/wp-content\/uploads\/2024\/05\/plaadimehed-logo.svg\",\"width\":266,\"height\":72,\"caption\":\"Plaadimehed\"},\"image\":{\"@id\":\"https:\/\/www.plaadimehed.ee\/#\/schema\/logo\/image\/\"}}]}<\/script>\n<!-- \/ Yoast SEO plugin. -->","yoast_head_json":{"title":"Solid\u00ae Pahteldamise 10 osaline komplekt PRO - Plaadimehed","robots":{"index":"index","follow":"follow","max-snippet":"max-snippet:-1","max-image-preview":"max-image-preview:large","max-video-preview":"max-video-preview:-1"},"canonical":"https:\/\/www.plaadimehed.ee\/product\/solid-pahteldamise-10-osaline-komplekt-pro\/","og_locale":"fi_FI","og_type":"article","og_title":"Solid\u00ae Pahteldamise 10 osaline komplekt PRO - Plaadimehed","og_description":"Pahteldamise komplekt kohvris","og_url":"https:\/\/www.plaadimehed.ee\/product\/solid-pahteldamise-10-osaline-komplekt-pro\/","og_site_name":"Plaadimehed","article_modified_time":"2023-10-25T10:02:23+00:00","og_image":[{"width":1235,"height":1218,"url":"https:\/\/www.plaadimehed.ee\/wp-content\/uploads\/2022\/12\/solid-pahtel-komp-pro-pea.png","type":"image\/png"}],"twitter_card":"summary_large_image","schema":{"@context":"https:\/\/schema.org","@graph":[{"@type":"WebPage","@id":"https:\/\/www.plaadimehed.ee\/product\/solid-pahteldamise-10-osaline-komplekt-pro\/","url":"https:\/\/www.plaadimehed.ee\/product\/solid-pahteldamise-10-osaline-komplekt-pro\/","name":"Solid\u00ae Pahteldamise 10 osaline komplekt PRO - Plaadimehed","isPartOf":{"@id":"https:\/\/www.plaadimehed.ee\/#website"},"primaryImageOfPage":{"@id":"https:\/\/www.plaadimehed.ee\/product\/solid-pahteldamise-10-osaline-komplekt-pro\/#primaryimage"},"image":{"@id":"https:\/\/www.plaadimehed.ee\/product\/solid-pahteldamise-10-osaline-komplekt-pro\/#primaryimage"},"thumbnailUrl":"https:\/\/www.plaadimehed.ee\/wp-content\/uploads\/2022\/12\/solid-pahtel-komp-pro-pea.png","datePublished":"2022-12-07T07:56:09+00:00","dateModified":"2023-10-25T10:02:23+00:00","breadcrumb":{"@id":"https:\/\/www.plaadimehed.ee\/product\/solid-pahteldamise-10-osaline-komplekt-pro\/#breadcrumb"},"inLanguage":"fi","potentialAction":[{"@type":"ReadAction","target":["https:\/\/www.plaadimehed.ee\/product\/solid-pahteldamise-10-osaline-komplekt-pro\/"]}]},{"@type":"ImageObject","inLanguage":"fi","@id":"https:\/\/www.plaadimehed.ee\/product\/solid-pahteldamise-10-osaline-komplekt-pro\/#primaryimage","url":"https:\/\/www.plaadimehed.ee\/wp-content\/uploads\/2022\/12\/solid-pahtel-komp-pro-pea.png","contentUrl":"https:\/\/www.plaadimehed.ee\/wp-content\/uploads\/2022\/12\/solid-pahtel-komp-pro-pea.png","width":1235,"height":1218},{"@type":"BreadcrumbList","@id":"https:\/\/www.plaadimehed.ee\/product\/solid-pahteldamise-10-osaline-komplekt-pro\/#breadcrumb","itemListElement":[{"@type":"ListItem","position":1,"name":"Home","item":"https:\/\/www.plaadimehed.ee\/fi\/"},{"@type":"ListItem","position":2,"name":"Verkkokauppa","item":"https:\/\/www.plaadimehed.ee\/fi\/shop\/"},{"@type":"ListItem","position":3,"name":"Solid\u00ae Pahteldamise 10 osaline komplekt PRO"}]},{"@type":"WebSite","@id":"https:\/\/www.plaadimehed.ee\/#website","url":"https:\/\/www.plaadimehed.ee\/","name":"Plaadimehed","description":"Plaatimist\u00f6\u00f6deks vajalikud tarvikud ja t\u00f6\u00f6riistad","publisher":{"@id":"https:\/\/www.plaadimehed.ee\/#organization"},"potentialAction":[{"@type":"SearchAction","target":{"@type":"EntryPoint","urlTemplate":"https:\/\/www.plaadimehed.ee\/?s={search_term_string}"},"query-input":{"@type":"PropertyValueSpecification","valueRequired":true,"valueName":"search_term_string"}}],"inLanguage":"fi"},{"@type":"Organization","@id":"https:\/\/www.plaadimehed.ee\/#organization","name":"Plaadimehed","url":"https:\/\/www.plaadimehed.ee\/","logo":{"@type":"ImageObject","inLanguage":"fi","@id":"https:\/\/www.plaadimehed.ee\/#\/schema\/logo\/image\/","url":"https:\/\/www.plaadimehed.ee\/wp-content\/uploads\/2024\/05\/plaadimehed-logo.svg","contentUrl":"https:\/\/www.plaadimehed.ee\/wp-content\/uploads\/2024\/05\/plaadimehed-logo.svg","width":266,"height":72,"caption":"Plaadimehed"},"image":{"@id":"https:\/\/www.plaadimehed.ee\/#\/schema\/logo\/image\/"}}]}},"_links":{"self":[{"href":"https:\/\/www.plaadimehed.ee\/fi\/wp-json\/wp\/v2\/product\/7107","targetHints":{"allow":["GET"]}}],"collection":[{"href":"https:\/\/www.plaadimehed.ee\/fi\/wp-json\/wp\/v2\/product"}],"about":[{"href":"https:\/\/www.plaadimehed.ee\/fi\/wp-json\/wp\/v2\/types\/product"}],"wp:featuredmedia":[{"embeddable":true,"href":"https:\/\/www.plaadimehed.ee\/fi\/wp-json\/wp\/v2\/media\/7108"}],"wp:attachment":[{"href":"https:\/\/www.plaadimehed.ee\/fi\/wp-json\/wp\/v2\/media?parent=7107"}],"wp:term":[{"taxonomy":"product_brand","embeddable":true,"href":"https:\/\/www.plaadimehed.ee\/fi\/wp-json\/wp\/v2\/product_brand?post=7107"},{"taxonomy":"product_cat","embeddable":true,"href":"https:\/\/www.plaadimehed.ee\/fi\/wp-json\/wp\/v2\/product_cat?post=7107"},{"taxonomy":"product_tag","embeddable":true,"href":"https:\/\/www.plaadimehed.ee\/fi\/wp-json\/wp\/v2\/product_tag?post=7107"}],"curies":[{"name":"wp","href":"https:\/\/api.w.org\/{rel}","templated":true}]}}