{"id":7549,"date":"2023-02-01T11:06:47","date_gmt":"2023-02-01T09:06:47","guid":{"rendered":"https:\/\/www.plaadimehed.ee\/?post_type=product&#038;p=7549"},"modified":"2026-03-01T13:01:51","modified_gmt":"2026-03-01T11:01:51","slug":"montolit-plaadiloikur-minipiuma-43-cm-kohver","status":"publish","type":"product","link":"https:\/\/www.plaadimehed.ee\/fi\/product\/montolit-plaadiloikur-minipiuma-43-cm-kohver\/","title":{"rendered":"MONTOLIT\u00ae Plaadil\u00f5ikur Minipiuma 43 cm + kohver"},"content":{"rendered":"<p>Mehaaniline k\u00e4sil\u00f5ikur enamus plaadi t\u00fc\u00fcpidele.<\/p>\n<p>\u25cf L\u00f5ikuri kaal 8,1 kg<br \/>\n\u25cf Max l\u00f5ikeulatus 45 cm<br \/>\n\u25cf L\u00f5igatav plaadi paksus kuni 20 mm<br \/>\n\u25cf P\u00f6\u00f6ratav joonlaud +45\u00ba- 0 -45\u00ba<br \/>\n\u25cf Plaatidele kuni 31 x 31 cm diagonaalseks l\u00f5ikamiseks<\/p>\n<p><img loading=\"lazy\" decoding=\"async\" class=\"alignnone wp-image-135\" src=\"https:\/\/www.plaadimehed.ee\/wp-content\/uploads\/2021\/05\/bdf-logo.png\" alt=\"\" width=\"29\" height=\"29\" srcset=\"https:\/\/www.plaadimehed.ee\/wp-content\/uploads\/2021\/05\/bdf-logo.png 225w, https:\/\/www.plaadimehed.ee\/wp-content\/uploads\/2021\/05\/bdf-logo-100x100.png 100w, https:\/\/www.plaadimehed.ee\/wp-content\/uploads\/2021\/05\/bdf-logo-150x150.png 150w\" sizes=\"auto, (max-width: 29px) 100vw, 29px\" \/><a href=\"https:\/\/www.plaadimehed.ee\/wp-content\/uploads\/2023\/02\/minipiuma-P.pdf\">Montolit Minipiuma tooteinfo<\/a><\/p>\n<p>&nbsp;<\/p>\n","protected":false},"excerpt":{"rendered":"<p>Montolit\u00ae Minipiuma seeria plaadil\u00f5ikur 43 cm, koos kohvriga (musta v\u00e4rvi), kus saab ka pisemaid tarvikuid hoiustada<\/p>\n","protected":false},"featured_media":7559,"template":"","meta":{"_acf_changed":false},"product_brand":[42],"product_cat":[16],"product_tag":[],"class_list":{"0":"post-7549","1":"product","2":"type-product","3":"status-publish","4":"has-post-thumbnail","6":"product_brand-montolit","7":"product_cat-plaadiloikurid","9":"first","10":"instock","11":"taxable","12":"shipping-taxable","13":"purchasable","14":"product-type-simple"},"acf":[],"yoast_head":"<!-- This site is optimized with the Yoast SEO plugin v27.0 - https:\/\/yoast.com\/product\/yoast-seo-wordpress\/ -->\n<title>MONTOLIT\u00ae Plaadil\u00f5ikur Minipiuma 43 cm + kohver - Plaadimehed<\/title>\n<meta name=\"description\" content=\"Plaadil\u00f5ikur Montolit Masterpiuma Power 5. Mehaaniline plaatide l\u00f5ikur l\u00f5ikeulatusega 161 cm. Plaatimist\u00f6\u00f6riist diagonaalseks plaatide k\u00e4sitsi l\u00f5ikamiseks. Vaata siit!\" \/>\n<meta name=\"robots\" content=\"index, follow, max-snippet:-1, max-image-preview:large, max-video-preview:-1\" \/>\n<link rel=\"canonical\" href=\"https:\/\/www.plaadimehed.ee\/product\/montolit-plaadiloikur-minipiuma-43-cm-kohver\/\" \/>\n<meta property=\"og:locale\" content=\"fi_FI\" \/>\n<meta property=\"og:type\" content=\"article\" \/>\n<meta property=\"og:title\" content=\"MONTOLIT\u00ae Plaadil\u00f5ikur Minipiuma 43 cm + kohver - Plaadimehed\" \/>\n<meta property=\"og:description\" content=\"Plaadil\u00f5ikur Montolit Masterpiuma Power 5. Mehaaniline plaatide l\u00f5ikur l\u00f5ikeulatusega 161 cm. Plaatimist\u00f6\u00f6riist diagonaalseks plaatide k\u00e4sitsi l\u00f5ikamiseks. Vaata siit!\" \/>\n<meta property=\"og:url\" content=\"https:\/\/www.plaadimehed.ee\/product\/montolit-plaadiloikur-minipiuma-43-cm-kohver\/\" \/>\n<meta property=\"og:site_name\" content=\"Plaadimehed\" \/>\n<meta property=\"article:modified_time\" content=\"2026-03-01T11:01:51+00:00\" \/>\n<meta property=\"og:image\" content=\"https:\/\/www.plaadimehed.ee\/wp-content\/uploads\/2023\/02\/43P-kohvriga-2.jpg\" \/>\n\t<meta property=\"og:image:width\" content=\"1265\" \/>\n\t<meta property=\"og:image:height\" content=\"1216\" \/>\n\t<meta property=\"og:image:type\" content=\"image\/jpeg\" \/>\n<meta name=\"twitter:card\" content=\"summary_large_image\" \/>\n<meta name=\"twitter:label1\" content=\"Arvioitu lukuaika\" \/>\n\t<meta name=\"twitter:data1\" content=\"1 minuutti\" \/>\n<script type=\"application\/ld+json\" class=\"yoast-schema-graph\">{\"@context\":\"https:\/\/schema.org\",\"@graph\":[{\"@type\":\"WebPage\",\"@id\":\"https:\/\/www.plaadimehed.ee\/product\/montolit-plaadiloikur-minipiuma-43-cm-kohver\/\",\"url\":\"https:\/\/www.plaadimehed.ee\/product\/montolit-plaadiloikur-minipiuma-43-cm-kohver\/\",\"name\":\"MONTOLIT\u00ae Plaadil\u00f5ikur Minipiuma 43 cm + kohver - Plaadimehed\",\"isPartOf\":{\"@id\":\"https:\/\/www.plaadimehed.ee\/#website\"},\"primaryImageOfPage\":{\"@id\":\"https:\/\/www.plaadimehed.ee\/product\/montolit-plaadiloikur-minipiuma-43-cm-kohver\/#primaryimage\"},\"image\":{\"@id\":\"https:\/\/www.plaadimehed.ee\/product\/montolit-plaadiloikur-minipiuma-43-cm-kohver\/#primaryimage\"},\"thumbnailUrl\":\"https:\/\/www.plaadimehed.ee\/wp-content\/uploads\/2023\/02\/43P-kohvriga-2.jpg\",\"datePublished\":\"2023-02-01T09:06:47+00:00\",\"dateModified\":\"2026-03-01T11:01:51+00:00\",\"description\":\"Plaadil\u00f5ikur Montolit Masterpiuma Power 5. Mehaaniline plaatide l\u00f5ikur l\u00f5ikeulatusega 161 cm. Plaatimist\u00f6\u00f6riist diagonaalseks plaatide k\u00e4sitsi l\u00f5ikamiseks. Vaata siit!\",\"breadcrumb\":{\"@id\":\"https:\/\/www.plaadimehed.ee\/product\/montolit-plaadiloikur-minipiuma-43-cm-kohver\/#breadcrumb\"},\"inLanguage\":\"fi\",\"potentialAction\":[{\"@type\":\"ReadAction\",\"target\":[\"https:\/\/www.plaadimehed.ee\/product\/montolit-plaadiloikur-minipiuma-43-cm-kohver\/\"]}]},{\"@type\":\"ImageObject\",\"inLanguage\":\"fi\",\"@id\":\"https:\/\/www.plaadimehed.ee\/product\/montolit-plaadiloikur-minipiuma-43-cm-kohver\/#primaryimage\",\"url\":\"https:\/\/www.plaadimehed.ee\/wp-content\/uploads\/2023\/02\/43P-kohvriga-2.jpg\",\"contentUrl\":\"https:\/\/www.plaadimehed.ee\/wp-content\/uploads\/2023\/02\/43P-kohvriga-2.jpg\",\"width\":1265,\"height\":1216},{\"@type\":\"BreadcrumbList\",\"@id\":\"https:\/\/www.plaadimehed.ee\/product\/montolit-plaadiloikur-minipiuma-43-cm-kohver\/#breadcrumb\",\"itemListElement\":[{\"@type\":\"ListItem\",\"position\":1,\"name\":\"Home\",\"item\":\"https:\/\/www.plaadimehed.ee\/fi\/\"},{\"@type\":\"ListItem\",\"position\":2,\"name\":\"Verkkokauppa\",\"item\":\"https:\/\/www.plaadimehed.ee\/fi\/shop\/\"},{\"@type\":\"ListItem\",\"position\":3,\"name\":\"MONTOLIT\u00ae Plaadil\u00f5ikur Minipiuma 43 cm + kohver\"}]},{\"@type\":\"WebSite\",\"@id\":\"https:\/\/www.plaadimehed.ee\/#website\",\"url\":\"https:\/\/www.plaadimehed.ee\/\",\"name\":\"Plaadimehed\",\"description\":\"Plaatimist\u00f6\u00f6deks vajalikud tarvikud ja t\u00f6\u00f6riistad\",\"publisher\":{\"@id\":\"https:\/\/www.plaadimehed.ee\/#organization\"},\"potentialAction\":[{\"@type\":\"SearchAction\",\"target\":{\"@type\":\"EntryPoint\",\"urlTemplate\":\"https:\/\/www.plaadimehed.ee\/?s={search_term_string}\"},\"query-input\":{\"@type\":\"PropertyValueSpecification\",\"valueRequired\":true,\"valueName\":\"search_term_string\"}}],\"inLanguage\":\"fi\"},{\"@type\":\"Organization\",\"@id\":\"https:\/\/www.plaadimehed.ee\/#organization\",\"name\":\"Plaadimehed\",\"url\":\"https:\/\/www.plaadimehed.ee\/\",\"logo\":{\"@type\":\"ImageObject\",\"inLanguage\":\"fi\",\"@id\":\"https:\/\/www.plaadimehed.ee\/#\/schema\/logo\/image\/\",\"url\":\"https:\/\/www.plaadimehed.ee\/wp-content\/uploads\/2024\/05\/plaadimehed-logo.svg\",\"contentUrl\":\"https:\/\/www.plaadimehed.ee\/wp-content\/uploads\/2024\/05\/plaadimehed-logo.svg\",\"width\":266,\"height\":72,\"caption\":\"Plaadimehed\"},\"image\":{\"@id\":\"https:\/\/www.plaadimehed.ee\/#\/schema\/logo\/image\/\"}}]}<\/script>\n<!-- \/ Yoast SEO plugin. -->","yoast_head_json":{"title":"MONTOLIT\u00ae Plaadil\u00f5ikur Minipiuma 43 cm + kohver - Plaadimehed","description":"Plaadil\u00f5ikur Montolit Masterpiuma Power 5. Mehaaniline plaatide l\u00f5ikur l\u00f5ikeulatusega 161 cm. Plaatimist\u00f6\u00f6riist diagonaalseks plaatide k\u00e4sitsi l\u00f5ikamiseks. Vaata siit!","robots":{"index":"index","follow":"follow","max-snippet":"max-snippet:-1","max-image-preview":"max-image-preview:large","max-video-preview":"max-video-preview:-1"},"canonical":"https:\/\/www.plaadimehed.ee\/product\/montolit-plaadiloikur-minipiuma-43-cm-kohver\/","og_locale":"fi_FI","og_type":"article","og_title":"MONTOLIT\u00ae Plaadil\u00f5ikur Minipiuma 43 cm + kohver - Plaadimehed","og_description":"Plaadil\u00f5ikur Montolit Masterpiuma Power 5. Mehaaniline plaatide l\u00f5ikur l\u00f5ikeulatusega 161 cm. Plaatimist\u00f6\u00f6riist diagonaalseks plaatide k\u00e4sitsi l\u00f5ikamiseks. Vaata siit!","og_url":"https:\/\/www.plaadimehed.ee\/product\/montolit-plaadiloikur-minipiuma-43-cm-kohver\/","og_site_name":"Plaadimehed","article_modified_time":"2026-03-01T11:01:51+00:00","og_image":[{"width":1265,"height":1216,"url":"https:\/\/www.plaadimehed.ee\/wp-content\/uploads\/2023\/02\/43P-kohvriga-2.jpg","type":"image\/jpeg"}],"twitter_card":"summary_large_image","twitter_misc":{"Arvioitu lukuaika":"1 minuutti"},"schema":{"@context":"https:\/\/schema.org","@graph":[{"@type":"WebPage","@id":"https:\/\/www.plaadimehed.ee\/product\/montolit-plaadiloikur-minipiuma-43-cm-kohver\/","url":"https:\/\/www.plaadimehed.ee\/product\/montolit-plaadiloikur-minipiuma-43-cm-kohver\/","name":"MONTOLIT\u00ae Plaadil\u00f5ikur Minipiuma 43 cm + kohver - Plaadimehed","isPartOf":{"@id":"https:\/\/www.plaadimehed.ee\/#website"},"primaryImageOfPage":{"@id":"https:\/\/www.plaadimehed.ee\/product\/montolit-plaadiloikur-minipiuma-43-cm-kohver\/#primaryimage"},"image":{"@id":"https:\/\/www.plaadimehed.ee\/product\/montolit-plaadiloikur-minipiuma-43-cm-kohver\/#primaryimage"},"thumbnailUrl":"https:\/\/www.plaadimehed.ee\/wp-content\/uploads\/2023\/02\/43P-kohvriga-2.jpg","datePublished":"2023-02-01T09:06:47+00:00","dateModified":"2026-03-01T11:01:51+00:00","description":"Plaadil\u00f5ikur Montolit Masterpiuma Power 5. Mehaaniline plaatide l\u00f5ikur l\u00f5ikeulatusega 161 cm. Plaatimist\u00f6\u00f6riist diagonaalseks plaatide k\u00e4sitsi l\u00f5ikamiseks. Vaata siit!","breadcrumb":{"@id":"https:\/\/www.plaadimehed.ee\/product\/montolit-plaadiloikur-minipiuma-43-cm-kohver\/#breadcrumb"},"inLanguage":"fi","potentialAction":[{"@type":"ReadAction","target":["https:\/\/www.plaadimehed.ee\/product\/montolit-plaadiloikur-minipiuma-43-cm-kohver\/"]}]},{"@type":"ImageObject","inLanguage":"fi","@id":"https:\/\/www.plaadimehed.ee\/product\/montolit-plaadiloikur-minipiuma-43-cm-kohver\/#primaryimage","url":"https:\/\/www.plaadimehed.ee\/wp-content\/uploads\/2023\/02\/43P-kohvriga-2.jpg","contentUrl":"https:\/\/www.plaadimehed.ee\/wp-content\/uploads\/2023\/02\/43P-kohvriga-2.jpg","width":1265,"height":1216},{"@type":"BreadcrumbList","@id":"https:\/\/www.plaadimehed.ee\/product\/montolit-plaadiloikur-minipiuma-43-cm-kohver\/#breadcrumb","itemListElement":[{"@type":"ListItem","position":1,"name":"Home","item":"https:\/\/www.plaadimehed.ee\/fi\/"},{"@type":"ListItem","position":2,"name":"Verkkokauppa","item":"https:\/\/www.plaadimehed.ee\/fi\/shop\/"},{"@type":"ListItem","position":3,"name":"MONTOLIT\u00ae Plaadil\u00f5ikur Minipiuma 43 cm + kohver"}]},{"@type":"WebSite","@id":"https:\/\/www.plaadimehed.ee\/#website","url":"https:\/\/www.plaadimehed.ee\/","name":"Plaadimehed","description":"Plaatimist\u00f6\u00f6deks vajalikud tarvikud ja t\u00f6\u00f6riistad","publisher":{"@id":"https:\/\/www.plaadimehed.ee\/#organization"},"potentialAction":[{"@type":"SearchAction","target":{"@type":"EntryPoint","urlTemplate":"https:\/\/www.plaadimehed.ee\/?s={search_term_string}"},"query-input":{"@type":"PropertyValueSpecification","valueRequired":true,"valueName":"search_term_string"}}],"inLanguage":"fi"},{"@type":"Organization","@id":"https:\/\/www.plaadimehed.ee\/#organization","name":"Plaadimehed","url":"https:\/\/www.plaadimehed.ee\/","logo":{"@type":"ImageObject","inLanguage":"fi","@id":"https:\/\/www.plaadimehed.ee\/#\/schema\/logo\/image\/","url":"https:\/\/www.plaadimehed.ee\/wp-content\/uploads\/2024\/05\/plaadimehed-logo.svg","contentUrl":"https:\/\/www.plaadimehed.ee\/wp-content\/uploads\/2024\/05\/plaadimehed-logo.svg","width":266,"height":72,"caption":"Plaadimehed"},"image":{"@id":"https:\/\/www.plaadimehed.ee\/#\/schema\/logo\/image\/"}}]}},"_links":{"self":[{"href":"https:\/\/www.plaadimehed.ee\/fi\/wp-json\/wp\/v2\/product\/7549","targetHints":{"allow":["GET"]}}],"collection":[{"href":"https:\/\/www.plaadimehed.ee\/fi\/wp-json\/wp\/v2\/product"}],"about":[{"href":"https:\/\/www.plaadimehed.ee\/fi\/wp-json\/wp\/v2\/types\/product"}],"wp:featuredmedia":[{"embeddable":true,"href":"https:\/\/www.plaadimehed.ee\/fi\/wp-json\/wp\/v2\/media\/7559"}],"wp:attachment":[{"href":"https:\/\/www.plaadimehed.ee\/fi\/wp-json\/wp\/v2\/media?parent=7549"}],"wp:term":[{"taxonomy":"product_brand","embeddable":true,"href":"https:\/\/www.plaadimehed.ee\/fi\/wp-json\/wp\/v2\/product_brand?post=7549"},{"taxonomy":"product_cat","embeddable":true,"href":"https:\/\/www.plaadimehed.ee\/fi\/wp-json\/wp\/v2\/product_cat?post=7549"},{"taxonomy":"product_tag","embeddable":true,"href":"https:\/\/www.plaadimehed.ee\/fi\/wp-json\/wp\/v2\/product_tag?post=7549"}],"curies":[{"name":"wp","href":"https:\/\/api.w.org\/{rel}","templated":true}]}}