{"id":7576,"date":"2023-02-01T11:55:34","date_gmt":"2023-02-01T09:55:34","guid":{"rendered":"https:\/\/www.plaadimehed.ee\/?post_type=product&#038;p=7576"},"modified":"2026-03-01T13:01:51","modified_gmt":"2026-03-01T11:01:51","slug":"montolit-fl3-siinide-kott","status":"publish","type":"product","link":"https:\/\/www.plaadimehed.ee\/fi\/product\/montolit-fl3-siinide-kott\/","title":{"rendered":"MONTOLIT\u00ae FL3 siinide kott"},"content":{"rendered":"<p>\u25cf FL3 l\u00f5ikuri kott<br \/>\n\u25cf Veekindel materjal<\/p>\n<p>&nbsp;<\/p>\n<p>&nbsp;<\/p>\n","protected":false},"excerpt":{"rendered":"<p>Montolit FL3 siinide kott<\/p>\n","protected":false},"featured_media":7577,"template":"","meta":{"_acf_changed":false},"product_brand":[42],"product_cat":[79,60],"product_tag":[],"class_list":{"0":"post-7576","1":"product","2":"type-product","3":"status-publish","4":"has-post-thumbnail","6":"product_brand-montolit","7":"product_cat-plaadiloikurite-tarvikud","8":"product_cat-slabi-suuremootmeline-plaat-tooriistad","10":"first","11":"instock","12":"taxable","13":"shipping-taxable","14":"purchasable","15":"product-type-simple"},"acf":[],"yoast_head":"<!-- This site is optimized with the Yoast SEO plugin v27.0 - https:\/\/yoast.com\/product\/yoast-seo-wordpress\/ -->\n<title>MONTOLIT\u00ae FL3 siinide kott - Plaadimehed<\/title>\n<meta name=\"description\" content=\"Momtolit lisa siinid\" \/>\n<meta name=\"robots\" content=\"index, follow, max-snippet:-1, max-image-preview:large, max-video-preview:-1\" \/>\n<link rel=\"canonical\" href=\"https:\/\/www.plaadimehed.ee\/product\/montolit-fl3-siinide-kott\/\" \/>\n<meta property=\"og:locale\" content=\"fi_FI\" \/>\n<meta property=\"og:type\" content=\"article\" \/>\n<meta property=\"og:title\" content=\"MONTOLIT\u00ae FL3 siinide kott - Plaadimehed\" \/>\n<meta property=\"og:description\" content=\"Momtolit lisa siinid\" \/>\n<meta property=\"og:url\" content=\"https:\/\/www.plaadimehed.ee\/product\/montolit-fl3-siinide-kott\/\" \/>\n<meta property=\"og:site_name\" content=\"Plaadimehed\" \/>\n<meta property=\"article:modified_time\" content=\"2026-03-01T11:01:51+00:00\" \/>\n<meta property=\"og:image\" content=\"https:\/\/www.plaadimehed.ee\/wp-content\/uploads\/2023\/02\/kott-fl-3-pea.jpg\" \/>\n\t<meta property=\"og:image:width\" content=\"820\" \/>\n\t<meta property=\"og:image:height\" content=\"813\" \/>\n\t<meta property=\"og:image:type\" content=\"image\/jpeg\" \/>\n<meta name=\"twitter:card\" content=\"summary_large_image\" \/>\n<script type=\"application\/ld+json\" class=\"yoast-schema-graph\">{\"@context\":\"https:\/\/schema.org\",\"@graph\":[{\"@type\":\"WebPage\",\"@id\":\"https:\/\/www.plaadimehed.ee\/product\/montolit-fl3-siinide-kott\/\",\"url\":\"https:\/\/www.plaadimehed.ee\/product\/montolit-fl3-siinide-kott\/\",\"name\":\"MONTOLIT\u00ae FL3 siinide kott - Plaadimehed\",\"isPartOf\":{\"@id\":\"https:\/\/www.plaadimehed.ee\/#website\"},\"primaryImageOfPage\":{\"@id\":\"https:\/\/www.plaadimehed.ee\/product\/montolit-fl3-siinide-kott\/#primaryimage\"},\"image\":{\"@id\":\"https:\/\/www.plaadimehed.ee\/product\/montolit-fl3-siinide-kott\/#primaryimage\"},\"thumbnailUrl\":\"https:\/\/www.plaadimehed.ee\/wp-content\/uploads\/2023\/02\/kott-fl-3-pea.jpg\",\"datePublished\":\"2023-02-01T09:55:34+00:00\",\"dateModified\":\"2026-03-01T11:01:51+00:00\",\"description\":\"Momtolit lisa siinid\",\"breadcrumb\":{\"@id\":\"https:\/\/www.plaadimehed.ee\/product\/montolit-fl3-siinide-kott\/#breadcrumb\"},\"inLanguage\":\"fi\",\"potentialAction\":[{\"@type\":\"ReadAction\",\"target\":[\"https:\/\/www.plaadimehed.ee\/product\/montolit-fl3-siinide-kott\/\"]}]},{\"@type\":\"ImageObject\",\"inLanguage\":\"fi\",\"@id\":\"https:\/\/www.plaadimehed.ee\/product\/montolit-fl3-siinide-kott\/#primaryimage\",\"url\":\"https:\/\/www.plaadimehed.ee\/wp-content\/uploads\/2023\/02\/kott-fl-3-pea.jpg\",\"contentUrl\":\"https:\/\/www.plaadimehed.ee\/wp-content\/uploads\/2023\/02\/kott-fl-3-pea.jpg\",\"width\":820,\"height\":813},{\"@type\":\"BreadcrumbList\",\"@id\":\"https:\/\/www.plaadimehed.ee\/product\/montolit-fl3-siinide-kott\/#breadcrumb\",\"itemListElement\":[{\"@type\":\"ListItem\",\"position\":1,\"name\":\"Home\",\"item\":\"https:\/\/www.plaadimehed.ee\/fi\/\"},{\"@type\":\"ListItem\",\"position\":2,\"name\":\"Verkkokauppa\",\"item\":\"https:\/\/www.plaadimehed.ee\/fi\/shop\/\"},{\"@type\":\"ListItem\",\"position\":3,\"name\":\"MONTOLIT\u00ae FL3 siinide kott\"}]},{\"@type\":\"WebSite\",\"@id\":\"https:\/\/www.plaadimehed.ee\/#website\",\"url\":\"https:\/\/www.plaadimehed.ee\/\",\"name\":\"Plaadimehed\",\"description\":\"Plaatimist\u00f6\u00f6deks vajalikud tarvikud ja t\u00f6\u00f6riistad\",\"publisher\":{\"@id\":\"https:\/\/www.plaadimehed.ee\/#organization\"},\"potentialAction\":[{\"@type\":\"SearchAction\",\"target\":{\"@type\":\"EntryPoint\",\"urlTemplate\":\"https:\/\/www.plaadimehed.ee\/?s={search_term_string}\"},\"query-input\":{\"@type\":\"PropertyValueSpecification\",\"valueRequired\":true,\"valueName\":\"search_term_string\"}}],\"inLanguage\":\"fi\"},{\"@type\":\"Organization\",\"@id\":\"https:\/\/www.plaadimehed.ee\/#organization\",\"name\":\"Plaadimehed\",\"url\":\"https:\/\/www.plaadimehed.ee\/\",\"logo\":{\"@type\":\"ImageObject\",\"inLanguage\":\"fi\",\"@id\":\"https:\/\/www.plaadimehed.ee\/#\/schema\/logo\/image\/\",\"url\":\"https:\/\/www.plaadimehed.ee\/wp-content\/uploads\/2024\/05\/plaadimehed-logo.svg\",\"contentUrl\":\"https:\/\/www.plaadimehed.ee\/wp-content\/uploads\/2024\/05\/plaadimehed-logo.svg\",\"width\":266,\"height\":72,\"caption\":\"Plaadimehed\"},\"image\":{\"@id\":\"https:\/\/www.plaadimehed.ee\/#\/schema\/logo\/image\/\"}}]}<\/script>\n<!-- \/ Yoast SEO plugin. -->","yoast_head_json":{"title":"MONTOLIT\u00ae FL3 siinide kott - Plaadimehed","description":"Momtolit lisa siinid","robots":{"index":"index","follow":"follow","max-snippet":"max-snippet:-1","max-image-preview":"max-image-preview:large","max-video-preview":"max-video-preview:-1"},"canonical":"https:\/\/www.plaadimehed.ee\/product\/montolit-fl3-siinide-kott\/","og_locale":"fi_FI","og_type":"article","og_title":"MONTOLIT\u00ae FL3 siinide kott - Plaadimehed","og_description":"Momtolit lisa siinid","og_url":"https:\/\/www.plaadimehed.ee\/product\/montolit-fl3-siinide-kott\/","og_site_name":"Plaadimehed","article_modified_time":"2026-03-01T11:01:51+00:00","og_image":[{"width":820,"height":813,"url":"https:\/\/www.plaadimehed.ee\/wp-content\/uploads\/2023\/02\/kott-fl-3-pea.jpg","type":"image\/jpeg"}],"twitter_card":"summary_large_image","schema":{"@context":"https:\/\/schema.org","@graph":[{"@type":"WebPage","@id":"https:\/\/www.plaadimehed.ee\/product\/montolit-fl3-siinide-kott\/","url":"https:\/\/www.plaadimehed.ee\/product\/montolit-fl3-siinide-kott\/","name":"MONTOLIT\u00ae FL3 siinide kott - Plaadimehed","isPartOf":{"@id":"https:\/\/www.plaadimehed.ee\/#website"},"primaryImageOfPage":{"@id":"https:\/\/www.plaadimehed.ee\/product\/montolit-fl3-siinide-kott\/#primaryimage"},"image":{"@id":"https:\/\/www.plaadimehed.ee\/product\/montolit-fl3-siinide-kott\/#primaryimage"},"thumbnailUrl":"https:\/\/www.plaadimehed.ee\/wp-content\/uploads\/2023\/02\/kott-fl-3-pea.jpg","datePublished":"2023-02-01T09:55:34+00:00","dateModified":"2026-03-01T11:01:51+00:00","description":"Momtolit lisa siinid","breadcrumb":{"@id":"https:\/\/www.plaadimehed.ee\/product\/montolit-fl3-siinide-kott\/#breadcrumb"},"inLanguage":"fi","potentialAction":[{"@type":"ReadAction","target":["https:\/\/www.plaadimehed.ee\/product\/montolit-fl3-siinide-kott\/"]}]},{"@type":"ImageObject","inLanguage":"fi","@id":"https:\/\/www.plaadimehed.ee\/product\/montolit-fl3-siinide-kott\/#primaryimage","url":"https:\/\/www.plaadimehed.ee\/wp-content\/uploads\/2023\/02\/kott-fl-3-pea.jpg","contentUrl":"https:\/\/www.plaadimehed.ee\/wp-content\/uploads\/2023\/02\/kott-fl-3-pea.jpg","width":820,"height":813},{"@type":"BreadcrumbList","@id":"https:\/\/www.plaadimehed.ee\/product\/montolit-fl3-siinide-kott\/#breadcrumb","itemListElement":[{"@type":"ListItem","position":1,"name":"Home","item":"https:\/\/www.plaadimehed.ee\/fi\/"},{"@type":"ListItem","position":2,"name":"Verkkokauppa","item":"https:\/\/www.plaadimehed.ee\/fi\/shop\/"},{"@type":"ListItem","position":3,"name":"MONTOLIT\u00ae FL3 siinide kott"}]},{"@type":"WebSite","@id":"https:\/\/www.plaadimehed.ee\/#website","url":"https:\/\/www.plaadimehed.ee\/","name":"Plaadimehed","description":"Plaatimist\u00f6\u00f6deks vajalikud tarvikud ja t\u00f6\u00f6riistad","publisher":{"@id":"https:\/\/www.plaadimehed.ee\/#organization"},"potentialAction":[{"@type":"SearchAction","target":{"@type":"EntryPoint","urlTemplate":"https:\/\/www.plaadimehed.ee\/?s={search_term_string}"},"query-input":{"@type":"PropertyValueSpecification","valueRequired":true,"valueName":"search_term_string"}}],"inLanguage":"fi"},{"@type":"Organization","@id":"https:\/\/www.plaadimehed.ee\/#organization","name":"Plaadimehed","url":"https:\/\/www.plaadimehed.ee\/","logo":{"@type":"ImageObject","inLanguage":"fi","@id":"https:\/\/www.plaadimehed.ee\/#\/schema\/logo\/image\/","url":"https:\/\/www.plaadimehed.ee\/wp-content\/uploads\/2024\/05\/plaadimehed-logo.svg","contentUrl":"https:\/\/www.plaadimehed.ee\/wp-content\/uploads\/2024\/05\/plaadimehed-logo.svg","width":266,"height":72,"caption":"Plaadimehed"},"image":{"@id":"https:\/\/www.plaadimehed.ee\/#\/schema\/logo\/image\/"}}]}},"_links":{"self":[{"href":"https:\/\/www.plaadimehed.ee\/fi\/wp-json\/wp\/v2\/product\/7576","targetHints":{"allow":["GET"]}}],"collection":[{"href":"https:\/\/www.plaadimehed.ee\/fi\/wp-json\/wp\/v2\/product"}],"about":[{"href":"https:\/\/www.plaadimehed.ee\/fi\/wp-json\/wp\/v2\/types\/product"}],"wp:featuredmedia":[{"embeddable":true,"href":"https:\/\/www.plaadimehed.ee\/fi\/wp-json\/wp\/v2\/media\/7577"}],"wp:attachment":[{"href":"https:\/\/www.plaadimehed.ee\/fi\/wp-json\/wp\/v2\/media?parent=7576"}],"wp:term":[{"taxonomy":"product_brand","embeddable":true,"href":"https:\/\/www.plaadimehed.ee\/fi\/wp-json\/wp\/v2\/product_brand?post=7576"},{"taxonomy":"product_cat","embeddable":true,"href":"https:\/\/www.plaadimehed.ee\/fi\/wp-json\/wp\/v2\/product_cat?post=7576"},{"taxonomy":"product_tag","embeddable":true,"href":"https:\/\/www.plaadimehed.ee\/fi\/wp-json\/wp\/v2\/product_tag?post=7576"}],"curies":[{"name":"wp","href":"https:\/\/api.w.org\/{rel}","templated":true}]}}