{"id":765,"date":"2021-06-10T16:33:59","date_gmt":"2021-06-10T14:33:59","guid":{"rendered":"https:\/\/www.plaadimehed.ee\/?post_type=product&#038;p=765"},"modified":"2024-08-17T10:35:49","modified_gmt":"2024-08-17T08:35:49","slug":"nemo-grabo-vaakumhaaratsi-vahutihend","status":"publish","type":"product","link":"https:\/\/www.plaadimehed.ee\/fi\/product\/nemo-grabo-vaakumhaaratsi-vahutihend\/","title":{"rendered":"GRABO\u00ae Vaakumhaaratsi varutihend"},"content":{"rendered":"<p>\u25cf Vaakumhaaratsi kummist vahutihend<br \/>\n\u25cf Sobib seadmetele GRABO H,\u00a0Nemo GRABO,\u00a0GRABO Pro lifter-20<\/p>\n<p><img loading=\"lazy\" decoding=\"async\" class=\"alignnone wp-image-135\" src=\"https:\/\/www.plaadimehed.ee\/wp-content\/uploads\/2021\/05\/bdf-logo.png\" alt=\"\" width=\"36\" height=\"36\" srcset=\"https:\/\/www.plaadimehed.ee\/wp-content\/uploads\/2021\/05\/bdf-logo.png 225w, https:\/\/www.plaadimehed.ee\/wp-content\/uploads\/2021\/05\/bdf-logo-100x100.png 100w, https:\/\/www.plaadimehed.ee\/wp-content\/uploads\/2021\/05\/bdf-logo-150x150.png 150w\" sizes=\"auto, (max-width: 36px) 100vw, 36px\" \/>\u00a0 \u00a0<a href=\"https:\/\/www.plaadimehed.ee\/wp-content\/uploads\/2021\/05\/Grabo-vaakumhaarats.pdf\">Grabo vaakumhaarats tooteleht<\/a><\/p>\n<p><span class=\"Apple-converted-space\"><a href=\"http:\/\/\/\/grabo.com\/videos\/\"><img loading=\"lazy\" decoding=\"async\" class=\"alignnone wp-image-318\" src=\"https:\/\/www.plaadimehed.ee\/wp-content\/uploads\/2021\/05\/YouTube-logo-full_color-300x187.png\" alt=\"\" width=\"53\" height=\"33\" srcset=\"https:\/\/www.plaadimehed.ee\/wp-content\/uploads\/2021\/05\/YouTube-logo-full_color-300x187.png 300w, https:\/\/www.plaadimehed.ee\/wp-content\/uploads\/2021\/05\/YouTube-logo-full_color-600x373.png 600w, https:\/\/www.plaadimehed.ee\/wp-content\/uploads\/2021\/05\/YouTube-logo-full_color-768x478.png 768w, https:\/\/www.plaadimehed.ee\/wp-content\/uploads\/2021\/05\/YouTube-logo-full_color.png 773w\" sizes=\"auto, (max-width: 53px) 100vw, 53px\" \/>Grabo vaakumhaaratsi videod<\/a><\/span><\/p>\n","protected":false},"excerpt":{"rendered":"<p>Vaakumhaaratsi varutihend<\/p>\n","protected":false},"featured_media":766,"template":"","meta":{"_acf_changed":false},"product_brand":[39],"product_cat":[35],"product_tag":[],"class_list":{"0":"post-765","1":"product","2":"type-product","3":"status-publish","4":"has-post-thumbnail","6":"product_brand-grabo","7":"product_cat-vaakumhaaratsid","9":"first","10":"instock","11":"taxable","12":"shipping-taxable","13":"purchasable","14":"product-type-simple"},"acf":[],"yoast_head":"<!-- This site is optimized with the Yoast SEO plugin v27.0 - https:\/\/yoast.com\/product\/yoast-seo-wordpress\/ -->\n<title>GRABO Nemo vaakumhaaratsi varutihend<\/title>\n<meta name=\"description\" content=\"GRABO Nemo vaakumhaaratsi varutihend kummist. Kasutamiseks Grabo Nemo vaakumhaaratsiga. Loe lisaks siit.\" \/>\n<meta name=\"robots\" content=\"index, follow, max-snippet:-1, max-image-preview:large, max-video-preview:-1\" \/>\n<link rel=\"canonical\" href=\"https:\/\/www.plaadimehed.ee\/product\/nemo-grabo-vaakumhaaratsi-vahutihend\/\" \/>\n<meta property=\"og:locale\" content=\"fi_FI\" \/>\n<meta property=\"og:type\" content=\"article\" \/>\n<meta property=\"og:title\" content=\"GRABO Nemo vaakumhaaratsi varutihend\" \/>\n<meta property=\"og:description\" content=\"GRABO Nemo vaakumhaaratsi varutihend kummist. Kasutamiseks Grabo Nemo vaakumhaaratsiga. Loe lisaks siit.\" \/>\n<meta property=\"og:url\" content=\"https:\/\/www.plaadimehed.ee\/product\/nemo-grabo-vaakumhaaratsi-vahutihend\/\" \/>\n<meta property=\"og:site_name\" content=\"Plaadimehed\" \/>\n<meta property=\"article:modified_time\" content=\"2024-08-17T08:35:49+00:00\" \/>\n<meta property=\"og:image\" content=\"https:\/\/www.plaadimehed.ee\/wp-content\/uploads\/2021\/06\/Grabo-kummitihend.jpg\" \/>\n\t<meta property=\"og:image:width\" content=\"800\" \/>\n\t<meta property=\"og:image:height\" content=\"800\" \/>\n\t<meta property=\"og:image:type\" content=\"image\/jpeg\" \/>\n<meta name=\"twitter:card\" content=\"summary_large_image\" \/>\n<script type=\"application\/ld+json\" class=\"yoast-schema-graph\">{\"@context\":\"https:\/\/schema.org\",\"@graph\":[{\"@type\":\"WebPage\",\"@id\":\"https:\/\/www.plaadimehed.ee\/product\/nemo-grabo-vaakumhaaratsi-vahutihend\/\",\"url\":\"https:\/\/www.plaadimehed.ee\/product\/nemo-grabo-vaakumhaaratsi-vahutihend\/\",\"name\":\"GRABO Nemo vaakumhaaratsi varutihend\",\"isPartOf\":{\"@id\":\"https:\/\/www.plaadimehed.ee\/#website\"},\"primaryImageOfPage\":{\"@id\":\"https:\/\/www.plaadimehed.ee\/product\/nemo-grabo-vaakumhaaratsi-vahutihend\/#primaryimage\"},\"image\":{\"@id\":\"https:\/\/www.plaadimehed.ee\/product\/nemo-grabo-vaakumhaaratsi-vahutihend\/#primaryimage\"},\"thumbnailUrl\":\"https:\/\/www.plaadimehed.ee\/wp-content\/uploads\/2021\/06\/Grabo-kummitihend.jpg\",\"datePublished\":\"2021-06-10T14:33:59+00:00\",\"dateModified\":\"2024-08-17T08:35:49+00:00\",\"description\":\"GRABO Nemo vaakumhaaratsi varutihend kummist. Kasutamiseks Grabo Nemo vaakumhaaratsiga. Loe lisaks siit.\",\"breadcrumb\":{\"@id\":\"https:\/\/www.plaadimehed.ee\/product\/nemo-grabo-vaakumhaaratsi-vahutihend\/#breadcrumb\"},\"inLanguage\":\"fi\",\"potentialAction\":[{\"@type\":\"ReadAction\",\"target\":[\"https:\/\/www.plaadimehed.ee\/product\/nemo-grabo-vaakumhaaratsi-vahutihend\/\"]}]},{\"@type\":\"ImageObject\",\"inLanguage\":\"fi\",\"@id\":\"https:\/\/www.plaadimehed.ee\/product\/nemo-grabo-vaakumhaaratsi-vahutihend\/#primaryimage\",\"url\":\"https:\/\/www.plaadimehed.ee\/wp-content\/uploads\/2021\/06\/Grabo-kummitihend.jpg\",\"contentUrl\":\"https:\/\/www.plaadimehed.ee\/wp-content\/uploads\/2021\/06\/Grabo-kummitihend.jpg\",\"width\":800,\"height\":800},{\"@type\":\"BreadcrumbList\",\"@id\":\"https:\/\/www.plaadimehed.ee\/product\/nemo-grabo-vaakumhaaratsi-vahutihend\/#breadcrumb\",\"itemListElement\":[{\"@type\":\"ListItem\",\"position\":1,\"name\":\"Home\",\"item\":\"https:\/\/www.plaadimehed.ee\/fi\/\"},{\"@type\":\"ListItem\",\"position\":2,\"name\":\"Verkkokauppa\",\"item\":\"https:\/\/www.plaadimehed.ee\/fi\/shop\/\"},{\"@type\":\"ListItem\",\"position\":3,\"name\":\"GRABO\u00ae Vaakumhaaratsi varutihend\"}]},{\"@type\":\"WebSite\",\"@id\":\"https:\/\/www.plaadimehed.ee\/#website\",\"url\":\"https:\/\/www.plaadimehed.ee\/\",\"name\":\"Plaadimehed\",\"description\":\"Plaatimist\u00f6\u00f6deks vajalikud tarvikud ja t\u00f6\u00f6riistad\",\"publisher\":{\"@id\":\"https:\/\/www.plaadimehed.ee\/#organization\"},\"potentialAction\":[{\"@type\":\"SearchAction\",\"target\":{\"@type\":\"EntryPoint\",\"urlTemplate\":\"https:\/\/www.plaadimehed.ee\/?s={search_term_string}\"},\"query-input\":{\"@type\":\"PropertyValueSpecification\",\"valueRequired\":true,\"valueName\":\"search_term_string\"}}],\"inLanguage\":\"fi\"},{\"@type\":\"Organization\",\"@id\":\"https:\/\/www.plaadimehed.ee\/#organization\",\"name\":\"Plaadimehed\",\"url\":\"https:\/\/www.plaadimehed.ee\/\",\"logo\":{\"@type\":\"ImageObject\",\"inLanguage\":\"fi\",\"@id\":\"https:\/\/www.plaadimehed.ee\/#\/schema\/logo\/image\/\",\"url\":\"https:\/\/www.plaadimehed.ee\/wp-content\/uploads\/2024\/05\/plaadimehed-logo.svg\",\"contentUrl\":\"https:\/\/www.plaadimehed.ee\/wp-content\/uploads\/2024\/05\/plaadimehed-logo.svg\",\"width\":266,\"height\":72,\"caption\":\"Plaadimehed\"},\"image\":{\"@id\":\"https:\/\/www.plaadimehed.ee\/#\/schema\/logo\/image\/\"}}]}<\/script>\n<!-- \/ Yoast SEO plugin. -->","yoast_head_json":{"title":"GRABO Nemo vaakumhaaratsi varutihend","description":"GRABO Nemo vaakumhaaratsi varutihend kummist. Kasutamiseks Grabo Nemo vaakumhaaratsiga. Loe lisaks siit.","robots":{"index":"index","follow":"follow","max-snippet":"max-snippet:-1","max-image-preview":"max-image-preview:large","max-video-preview":"max-video-preview:-1"},"canonical":"https:\/\/www.plaadimehed.ee\/product\/nemo-grabo-vaakumhaaratsi-vahutihend\/","og_locale":"fi_FI","og_type":"article","og_title":"GRABO Nemo vaakumhaaratsi varutihend","og_description":"GRABO Nemo vaakumhaaratsi varutihend kummist. Kasutamiseks Grabo Nemo vaakumhaaratsiga. Loe lisaks siit.","og_url":"https:\/\/www.plaadimehed.ee\/product\/nemo-grabo-vaakumhaaratsi-vahutihend\/","og_site_name":"Plaadimehed","article_modified_time":"2024-08-17T08:35:49+00:00","og_image":[{"width":800,"height":800,"url":"https:\/\/www.plaadimehed.ee\/wp-content\/uploads\/2021\/06\/Grabo-kummitihend.jpg","type":"image\/jpeg"}],"twitter_card":"summary_large_image","schema":{"@context":"https:\/\/schema.org","@graph":[{"@type":"WebPage","@id":"https:\/\/www.plaadimehed.ee\/product\/nemo-grabo-vaakumhaaratsi-vahutihend\/","url":"https:\/\/www.plaadimehed.ee\/product\/nemo-grabo-vaakumhaaratsi-vahutihend\/","name":"GRABO Nemo vaakumhaaratsi varutihend","isPartOf":{"@id":"https:\/\/www.plaadimehed.ee\/#website"},"primaryImageOfPage":{"@id":"https:\/\/www.plaadimehed.ee\/product\/nemo-grabo-vaakumhaaratsi-vahutihend\/#primaryimage"},"image":{"@id":"https:\/\/www.plaadimehed.ee\/product\/nemo-grabo-vaakumhaaratsi-vahutihend\/#primaryimage"},"thumbnailUrl":"https:\/\/www.plaadimehed.ee\/wp-content\/uploads\/2021\/06\/Grabo-kummitihend.jpg","datePublished":"2021-06-10T14:33:59+00:00","dateModified":"2024-08-17T08:35:49+00:00","description":"GRABO Nemo vaakumhaaratsi varutihend kummist. Kasutamiseks Grabo Nemo vaakumhaaratsiga. Loe lisaks siit.","breadcrumb":{"@id":"https:\/\/www.plaadimehed.ee\/product\/nemo-grabo-vaakumhaaratsi-vahutihend\/#breadcrumb"},"inLanguage":"fi","potentialAction":[{"@type":"ReadAction","target":["https:\/\/www.plaadimehed.ee\/product\/nemo-grabo-vaakumhaaratsi-vahutihend\/"]}]},{"@type":"ImageObject","inLanguage":"fi","@id":"https:\/\/www.plaadimehed.ee\/product\/nemo-grabo-vaakumhaaratsi-vahutihend\/#primaryimage","url":"https:\/\/www.plaadimehed.ee\/wp-content\/uploads\/2021\/06\/Grabo-kummitihend.jpg","contentUrl":"https:\/\/www.plaadimehed.ee\/wp-content\/uploads\/2021\/06\/Grabo-kummitihend.jpg","width":800,"height":800},{"@type":"BreadcrumbList","@id":"https:\/\/www.plaadimehed.ee\/product\/nemo-grabo-vaakumhaaratsi-vahutihend\/#breadcrumb","itemListElement":[{"@type":"ListItem","position":1,"name":"Home","item":"https:\/\/www.plaadimehed.ee\/fi\/"},{"@type":"ListItem","position":2,"name":"Verkkokauppa","item":"https:\/\/www.plaadimehed.ee\/fi\/shop\/"},{"@type":"ListItem","position":3,"name":"GRABO\u00ae Vaakumhaaratsi varutihend"}]},{"@type":"WebSite","@id":"https:\/\/www.plaadimehed.ee\/#website","url":"https:\/\/www.plaadimehed.ee\/","name":"Plaadimehed","description":"Plaatimist\u00f6\u00f6deks vajalikud tarvikud ja t\u00f6\u00f6riistad","publisher":{"@id":"https:\/\/www.plaadimehed.ee\/#organization"},"potentialAction":[{"@type":"SearchAction","target":{"@type":"EntryPoint","urlTemplate":"https:\/\/www.plaadimehed.ee\/?s={search_term_string}"},"query-input":{"@type":"PropertyValueSpecification","valueRequired":true,"valueName":"search_term_string"}}],"inLanguage":"fi"},{"@type":"Organization","@id":"https:\/\/www.plaadimehed.ee\/#organization","name":"Plaadimehed","url":"https:\/\/www.plaadimehed.ee\/","logo":{"@type":"ImageObject","inLanguage":"fi","@id":"https:\/\/www.plaadimehed.ee\/#\/schema\/logo\/image\/","url":"https:\/\/www.plaadimehed.ee\/wp-content\/uploads\/2024\/05\/plaadimehed-logo.svg","contentUrl":"https:\/\/www.plaadimehed.ee\/wp-content\/uploads\/2024\/05\/plaadimehed-logo.svg","width":266,"height":72,"caption":"Plaadimehed"},"image":{"@id":"https:\/\/www.plaadimehed.ee\/#\/schema\/logo\/image\/"}}]}},"_links":{"self":[{"href":"https:\/\/www.plaadimehed.ee\/fi\/wp-json\/wp\/v2\/product\/765","targetHints":{"allow":["GET"]}}],"collection":[{"href":"https:\/\/www.plaadimehed.ee\/fi\/wp-json\/wp\/v2\/product"}],"about":[{"href":"https:\/\/www.plaadimehed.ee\/fi\/wp-json\/wp\/v2\/types\/product"}],"wp:featuredmedia":[{"embeddable":true,"href":"https:\/\/www.plaadimehed.ee\/fi\/wp-json\/wp\/v2\/media\/766"}],"wp:attachment":[{"href":"https:\/\/www.plaadimehed.ee\/fi\/wp-json\/wp\/v2\/media?parent=765"}],"wp:term":[{"taxonomy":"product_brand","embeddable":true,"href":"https:\/\/www.plaadimehed.ee\/fi\/wp-json\/wp\/v2\/product_brand?post=765"},{"taxonomy":"product_cat","embeddable":true,"href":"https:\/\/www.plaadimehed.ee\/fi\/wp-json\/wp\/v2\/product_cat?post=765"},{"taxonomy":"product_tag","embeddable":true,"href":"https:\/\/www.plaadimehed.ee\/fi\/wp-json\/wp\/v2\/product_tag?post=765"}],"curies":[{"name":"wp","href":"https:\/\/api.w.org\/{rel}","templated":true}]}}