{"id":7819,"date":"2023-02-20T12:17:32","date_gmt":"2023-02-20T10:17:32","guid":{"rendered":"https:\/\/www.plaadimehed.ee\/?post_type=product&#038;p=7819"},"modified":"2025-01-16T08:31:34","modified_gmt":"2025-01-16T06:31:34","slug":"vuorio-plaatide-vuugihooruti","status":"publish","type":"product","link":"https:\/\/www.plaadimehed.ee\/fi\/product\/vuorio-plaatide-vuugihooruti\/","title":{"rendered":"Vuorio\u00ae Plaatide vuugiliiba 10*40cm"},"content":{"rendered":"<p>\u25cf K\u00e4epide<br \/>\n\u25cf M\u00f5\u00f5dud 10 x 40 x 0,8 cm<br \/>\n\u25cf Tsemendibaasil vuugisegude peale kandmiseks pehmest kummist alusel liip<\/p>\n<p>&nbsp;<\/p>\n<p>&nbsp;<\/p>\n","protected":false},"excerpt":{"rendered":"<p>Tsemendibaasil vuugisegude peale kandmiseks pehmest kummist alusel vuugiliiba<\/p>\n","protected":false},"featured_media":7820,"template":"","meta":{"_acf_changed":false},"product_brand":[84],"product_cat":[46],"product_tag":[],"class_list":{"0":"post-7819","1":"product","2":"type-product","3":"status-publish","4":"has-post-thumbnail","6":"product_brand-vuorio","7":"product_cat-vuukimistooriistad","9":"first","10":"instock","11":"taxable","12":"shipping-taxable","13":"purchasable","14":"product-type-simple"},"acf":[],"yoast_head":"<!-- This site is optimized with the Yoast SEO plugin v27.0 - https:\/\/yoast.com\/product\/yoast-seo-wordpress\/ -->\n<title>Vuorio\u00ae Plaatide vuugiliiba 10*40cm - Plaadimehed<\/title>\n<meta name=\"robots\" content=\"index, follow, max-snippet:-1, max-image-preview:large, max-video-preview:-1\" \/>\n<link rel=\"canonical\" href=\"https:\/\/www.plaadimehed.ee\/product\/vuorio-plaatide-vuugihooruti\/\" \/>\n<meta property=\"og:locale\" content=\"fi_FI\" \/>\n<meta property=\"og:type\" content=\"article\" \/>\n<meta property=\"og:title\" content=\"Vuorio\u00ae Plaatide vuugiliiba 10*40cm - Plaadimehed\" \/>\n<meta property=\"og:description\" content=\"Tsemendibaasil vuugisegude peale kandmiseks pehmest kummist alusel vuugiliiba\" \/>\n<meta property=\"og:url\" content=\"https:\/\/www.plaadimehed.ee\/product\/vuorio-plaatide-vuugihooruti\/\" \/>\n<meta property=\"og:site_name\" content=\"Plaadimehed\" \/>\n<meta property=\"article:modified_time\" content=\"2025-01-16T06:31:34+00:00\" \/>\n<meta property=\"og:image\" content=\"https:\/\/www.plaadimehed.ee\/wp-content\/uploads\/2023\/02\/vuorio-vuugiliiba.png\" \/>\n\t<meta property=\"og:image:width\" content=\"795\" \/>\n\t<meta property=\"og:image:height\" content=\"799\" \/>\n\t<meta property=\"og:image:type\" content=\"image\/png\" \/>\n<meta name=\"twitter:card\" content=\"summary_large_image\" \/>\n<script type=\"application\/ld+json\" class=\"yoast-schema-graph\">{\"@context\":\"https:\/\/schema.org\",\"@graph\":[{\"@type\":\"WebPage\",\"@id\":\"https:\/\/www.plaadimehed.ee\/product\/vuorio-plaatide-vuugihooruti\/\",\"url\":\"https:\/\/www.plaadimehed.ee\/product\/vuorio-plaatide-vuugihooruti\/\",\"name\":\"Vuorio\u00ae Plaatide vuugiliiba 10*40cm - Plaadimehed\",\"isPartOf\":{\"@id\":\"https:\/\/www.plaadimehed.ee\/#website\"},\"primaryImageOfPage\":{\"@id\":\"https:\/\/www.plaadimehed.ee\/product\/vuorio-plaatide-vuugihooruti\/#primaryimage\"},\"image\":{\"@id\":\"https:\/\/www.plaadimehed.ee\/product\/vuorio-plaatide-vuugihooruti\/#primaryimage\"},\"thumbnailUrl\":\"https:\/\/www.plaadimehed.ee\/wp-content\/uploads\/2023\/02\/vuorio-vuugiliiba.png\",\"datePublished\":\"2023-02-20T10:17:32+00:00\",\"dateModified\":\"2025-01-16T06:31:34+00:00\",\"breadcrumb\":{\"@id\":\"https:\/\/www.plaadimehed.ee\/product\/vuorio-plaatide-vuugihooruti\/#breadcrumb\"},\"inLanguage\":\"fi\",\"potentialAction\":[{\"@type\":\"ReadAction\",\"target\":[\"https:\/\/www.plaadimehed.ee\/product\/vuorio-plaatide-vuugihooruti\/\"]}]},{\"@type\":\"ImageObject\",\"inLanguage\":\"fi\",\"@id\":\"https:\/\/www.plaadimehed.ee\/product\/vuorio-plaatide-vuugihooruti\/#primaryimage\",\"url\":\"https:\/\/www.plaadimehed.ee\/wp-content\/uploads\/2023\/02\/vuorio-vuugiliiba.png\",\"contentUrl\":\"https:\/\/www.plaadimehed.ee\/wp-content\/uploads\/2023\/02\/vuorio-vuugiliiba.png\",\"width\":795,\"height\":799},{\"@type\":\"BreadcrumbList\",\"@id\":\"https:\/\/www.plaadimehed.ee\/product\/vuorio-plaatide-vuugihooruti\/#breadcrumb\",\"itemListElement\":[{\"@type\":\"ListItem\",\"position\":1,\"name\":\"Home\",\"item\":\"https:\/\/www.plaadimehed.ee\/fi\/\"},{\"@type\":\"ListItem\",\"position\":2,\"name\":\"Verkkokauppa\",\"item\":\"https:\/\/www.plaadimehed.ee\/fi\/shop\/\"},{\"@type\":\"ListItem\",\"position\":3,\"name\":\"Vuorio\u00ae Plaatide vuugiliiba 10*40cm\"}]},{\"@type\":\"WebSite\",\"@id\":\"https:\/\/www.plaadimehed.ee\/#website\",\"url\":\"https:\/\/www.plaadimehed.ee\/\",\"name\":\"Plaadimehed\",\"description\":\"Plaatimist\u00f6\u00f6deks vajalikud tarvikud ja t\u00f6\u00f6riistad\",\"publisher\":{\"@id\":\"https:\/\/www.plaadimehed.ee\/#organization\"},\"potentialAction\":[{\"@type\":\"SearchAction\",\"target\":{\"@type\":\"EntryPoint\",\"urlTemplate\":\"https:\/\/www.plaadimehed.ee\/?s={search_term_string}\"},\"query-input\":{\"@type\":\"PropertyValueSpecification\",\"valueRequired\":true,\"valueName\":\"search_term_string\"}}],\"inLanguage\":\"fi\"},{\"@type\":\"Organization\",\"@id\":\"https:\/\/www.plaadimehed.ee\/#organization\",\"name\":\"Plaadimehed\",\"url\":\"https:\/\/www.plaadimehed.ee\/\",\"logo\":{\"@type\":\"ImageObject\",\"inLanguage\":\"fi\",\"@id\":\"https:\/\/www.plaadimehed.ee\/#\/schema\/logo\/image\/\",\"url\":\"https:\/\/www.plaadimehed.ee\/wp-content\/uploads\/2024\/05\/plaadimehed-logo.svg\",\"contentUrl\":\"https:\/\/www.plaadimehed.ee\/wp-content\/uploads\/2024\/05\/plaadimehed-logo.svg\",\"width\":266,\"height\":72,\"caption\":\"Plaadimehed\"},\"image\":{\"@id\":\"https:\/\/www.plaadimehed.ee\/#\/schema\/logo\/image\/\"}}]}<\/script>\n<!-- \/ Yoast SEO plugin. -->","yoast_head_json":{"title":"Vuorio\u00ae Plaatide vuugiliiba 10*40cm - Plaadimehed","robots":{"index":"index","follow":"follow","max-snippet":"max-snippet:-1","max-image-preview":"max-image-preview:large","max-video-preview":"max-video-preview:-1"},"canonical":"https:\/\/www.plaadimehed.ee\/product\/vuorio-plaatide-vuugihooruti\/","og_locale":"fi_FI","og_type":"article","og_title":"Vuorio\u00ae Plaatide vuugiliiba 10*40cm - Plaadimehed","og_description":"Tsemendibaasil vuugisegude peale kandmiseks pehmest kummist alusel vuugiliiba","og_url":"https:\/\/www.plaadimehed.ee\/product\/vuorio-plaatide-vuugihooruti\/","og_site_name":"Plaadimehed","article_modified_time":"2025-01-16T06:31:34+00:00","og_image":[{"width":795,"height":799,"url":"https:\/\/www.plaadimehed.ee\/wp-content\/uploads\/2023\/02\/vuorio-vuugiliiba.png","type":"image\/png"}],"twitter_card":"summary_large_image","schema":{"@context":"https:\/\/schema.org","@graph":[{"@type":"WebPage","@id":"https:\/\/www.plaadimehed.ee\/product\/vuorio-plaatide-vuugihooruti\/","url":"https:\/\/www.plaadimehed.ee\/product\/vuorio-plaatide-vuugihooruti\/","name":"Vuorio\u00ae Plaatide vuugiliiba 10*40cm - Plaadimehed","isPartOf":{"@id":"https:\/\/www.plaadimehed.ee\/#website"},"primaryImageOfPage":{"@id":"https:\/\/www.plaadimehed.ee\/product\/vuorio-plaatide-vuugihooruti\/#primaryimage"},"image":{"@id":"https:\/\/www.plaadimehed.ee\/product\/vuorio-plaatide-vuugihooruti\/#primaryimage"},"thumbnailUrl":"https:\/\/www.plaadimehed.ee\/wp-content\/uploads\/2023\/02\/vuorio-vuugiliiba.png","datePublished":"2023-02-20T10:17:32+00:00","dateModified":"2025-01-16T06:31:34+00:00","breadcrumb":{"@id":"https:\/\/www.plaadimehed.ee\/product\/vuorio-plaatide-vuugihooruti\/#breadcrumb"},"inLanguage":"fi","potentialAction":[{"@type":"ReadAction","target":["https:\/\/www.plaadimehed.ee\/product\/vuorio-plaatide-vuugihooruti\/"]}]},{"@type":"ImageObject","inLanguage":"fi","@id":"https:\/\/www.plaadimehed.ee\/product\/vuorio-plaatide-vuugihooruti\/#primaryimage","url":"https:\/\/www.plaadimehed.ee\/wp-content\/uploads\/2023\/02\/vuorio-vuugiliiba.png","contentUrl":"https:\/\/www.plaadimehed.ee\/wp-content\/uploads\/2023\/02\/vuorio-vuugiliiba.png","width":795,"height":799},{"@type":"BreadcrumbList","@id":"https:\/\/www.plaadimehed.ee\/product\/vuorio-plaatide-vuugihooruti\/#breadcrumb","itemListElement":[{"@type":"ListItem","position":1,"name":"Home","item":"https:\/\/www.plaadimehed.ee\/fi\/"},{"@type":"ListItem","position":2,"name":"Verkkokauppa","item":"https:\/\/www.plaadimehed.ee\/fi\/shop\/"},{"@type":"ListItem","position":3,"name":"Vuorio\u00ae Plaatide vuugiliiba 10*40cm"}]},{"@type":"WebSite","@id":"https:\/\/www.plaadimehed.ee\/#website","url":"https:\/\/www.plaadimehed.ee\/","name":"Plaadimehed","description":"Plaatimist\u00f6\u00f6deks vajalikud tarvikud ja t\u00f6\u00f6riistad","publisher":{"@id":"https:\/\/www.plaadimehed.ee\/#organization"},"potentialAction":[{"@type":"SearchAction","target":{"@type":"EntryPoint","urlTemplate":"https:\/\/www.plaadimehed.ee\/?s={search_term_string}"},"query-input":{"@type":"PropertyValueSpecification","valueRequired":true,"valueName":"search_term_string"}}],"inLanguage":"fi"},{"@type":"Organization","@id":"https:\/\/www.plaadimehed.ee\/#organization","name":"Plaadimehed","url":"https:\/\/www.plaadimehed.ee\/","logo":{"@type":"ImageObject","inLanguage":"fi","@id":"https:\/\/www.plaadimehed.ee\/#\/schema\/logo\/image\/","url":"https:\/\/www.plaadimehed.ee\/wp-content\/uploads\/2024\/05\/plaadimehed-logo.svg","contentUrl":"https:\/\/www.plaadimehed.ee\/wp-content\/uploads\/2024\/05\/plaadimehed-logo.svg","width":266,"height":72,"caption":"Plaadimehed"},"image":{"@id":"https:\/\/www.plaadimehed.ee\/#\/schema\/logo\/image\/"}}]}},"_links":{"self":[{"href":"https:\/\/www.plaadimehed.ee\/fi\/wp-json\/wp\/v2\/product\/7819","targetHints":{"allow":["GET"]}}],"collection":[{"href":"https:\/\/www.plaadimehed.ee\/fi\/wp-json\/wp\/v2\/product"}],"about":[{"href":"https:\/\/www.plaadimehed.ee\/fi\/wp-json\/wp\/v2\/types\/product"}],"wp:featuredmedia":[{"embeddable":true,"href":"https:\/\/www.plaadimehed.ee\/fi\/wp-json\/wp\/v2\/media\/7820"}],"wp:attachment":[{"href":"https:\/\/www.plaadimehed.ee\/fi\/wp-json\/wp\/v2\/media?parent=7819"}],"wp:term":[{"taxonomy":"product_brand","embeddable":true,"href":"https:\/\/www.plaadimehed.ee\/fi\/wp-json\/wp\/v2\/product_brand?post=7819"},{"taxonomy":"product_cat","embeddable":true,"href":"https:\/\/www.plaadimehed.ee\/fi\/wp-json\/wp\/v2\/product_cat?post=7819"},{"taxonomy":"product_tag","embeddable":true,"href":"https:\/\/www.plaadimehed.ee\/fi\/wp-json\/wp\/v2\/product_tag?post=7819"}],"curies":[{"name":"wp","href":"https:\/\/api.w.org\/{rel}","templated":true}]}}