{"id":7987,"date":"2023-03-17T10:34:53","date_gmt":"2023-03-17T08:34:53","guid":{"rendered":"https:\/\/www.plaadimehed.ee\/?post_type=product&#038;p=7987"},"modified":"2025-12-29T10:11:29","modified_gmt":"2025-12-29T08:11:29","slug":"progress-messing-liist-10-mm-27-m-2","status":"publish","type":"product","link":"https:\/\/www.plaadimehed.ee\/fi\/product\/progress-messing-liist-10-mm-27-m-2\/","title":{"rendered":"Progress\u00ae Messing liist 10 mm 2,7 m"},"content":{"rendered":"<p>\u25cf Messingust plaadiliist<br \/>\n\u25cf Kasutamiseks erinevate materjalide eraldamiseks samal tasandil<br \/>\n\u25cf <span class=\"Y2IQFc\" lang=\"et\">Sobib ka astmete kaitseks v\u00f5i dekoratiivprofiiliks<br \/>\n\u25cf Plaadi paksusele 8 &#8211; 10 mm<br \/>\n\u25cf Pikkus 2,7 m<br \/>\n\u25cf Saadaval erinevate toonide ja paksusega<\/span><\/p>\n<p><img loading=\"lazy\" decoding=\"async\" class=\"\" src=\"https:\/\/www.plaadimehed.ee\/wp-content\/uploads\/2021\/05\/bdf-logo.png\" width=\"38\" height=\"38\" \/><a href=\"https:\/\/www.plaadimehed.ee\/wp-content\/uploads\/2023\/04\/CATALOGO_GENERALE_2023_Pag65_EN.pdf\">Tooteinfo<\/a><\/p>\n","protected":false},"excerpt":{"rendered":"<p>Messing plaadiliist PTON 10<\/p>\n","protected":false},"featured_media":17086,"template":"","meta":{"_acf_changed":false},"product_brand":[121],"product_cat":[122,147],"product_tag":[],"class_list":{"0":"post-7987","1":"product","2":"type-product","3":"status-publish","4":"has-post-thumbnail","6":"product_brand-progress","7":"product_cat-liistud-ja-profiilid","8":"product_cat-l-profiil","10":"first","11":"instock","12":"taxable","13":"shipping-taxable","14":"purchasable","15":"product-type-simple"},"acf":[],"yoast_head":"<!-- This site is optimized with the Yoast SEO plugin v27.0 - https:\/\/yoast.com\/product\/yoast-seo-wordpress\/ -->\n<title>Progress\u00ae Messing liist 10 mm 2,7 m - Plaadimehed<\/title>\n<meta name=\"description\" content=\"Progress messing liist\" \/>\n<meta name=\"robots\" content=\"index, follow, max-snippet:-1, max-image-preview:large, max-video-preview:-1\" \/>\n<link rel=\"canonical\" href=\"https:\/\/www.plaadimehed.ee\/product\/progress-messing-liist-10-mm-27-m-2\/\" \/>\n<meta property=\"og:locale\" content=\"fi_FI\" \/>\n<meta property=\"og:type\" content=\"article\" \/>\n<meta property=\"og:title\" content=\"Progress\u00ae Messing liist 10 mm 2,7 m - Plaadimehed\" \/>\n<meta property=\"og:description\" content=\"Progress messing liist\" \/>\n<meta property=\"og:url\" content=\"https:\/\/www.plaadimehed.ee\/product\/progress-messing-liist-10-mm-27-m-2\/\" \/>\n<meta property=\"og:site_name\" content=\"Plaadimehed\" \/>\n<meta property=\"article:modified_time\" content=\"2025-12-29T08:11:29+00:00\" \/>\n<meta property=\"og:image\" content=\"https:\/\/www.plaadimehed.ee\/wp-content\/uploads\/2025\/10\/Progress-Messing-liist-6mm-2.7m-plaadimehed-plaatimine-tooriistad-muuk-rent.jpg\" \/>\n\t<meta property=\"og:image:width\" content=\"300\" \/>\n\t<meta property=\"og:image:height\" content=\"300\" \/>\n\t<meta property=\"og:image:type\" content=\"image\/jpeg\" \/>\n<meta name=\"twitter:card\" content=\"summary_large_image\" \/>\n<meta name=\"twitter:label1\" content=\"Arvioitu lukuaika\" \/>\n\t<meta name=\"twitter:data1\" content=\"1 minuutti\" \/>\n<script type=\"application\/ld+json\" class=\"yoast-schema-graph\">{\"@context\":\"https:\/\/schema.org\",\"@graph\":[{\"@type\":\"WebPage\",\"@id\":\"https:\/\/www.plaadimehed.ee\/product\/progress-messing-liist-10-mm-27-m-2\/\",\"url\":\"https:\/\/www.plaadimehed.ee\/product\/progress-messing-liist-10-mm-27-m-2\/\",\"name\":\"Progress\u00ae Messing liist 10 mm 2,7 m - Plaadimehed\",\"isPartOf\":{\"@id\":\"https:\/\/www.plaadimehed.ee\/#website\"},\"primaryImageOfPage\":{\"@id\":\"https:\/\/www.plaadimehed.ee\/product\/progress-messing-liist-10-mm-27-m-2\/#primaryimage\"},\"image\":{\"@id\":\"https:\/\/www.plaadimehed.ee\/product\/progress-messing-liist-10-mm-27-m-2\/#primaryimage\"},\"thumbnailUrl\":\"https:\/\/www.plaadimehed.ee\/wp-content\/uploads\/2025\/10\/Progress-Messing-liist-6mm-2.7m-plaadimehed-plaatimine-tooriistad-muuk-rent.jpg\",\"datePublished\":\"2023-03-17T08:34:53+00:00\",\"dateModified\":\"2025-12-29T08:11:29+00:00\",\"description\":\"Progress messing liist\",\"breadcrumb\":{\"@id\":\"https:\/\/www.plaadimehed.ee\/product\/progress-messing-liist-10-mm-27-m-2\/#breadcrumb\"},\"inLanguage\":\"fi\",\"potentialAction\":[{\"@type\":\"ReadAction\",\"target\":[\"https:\/\/www.plaadimehed.ee\/product\/progress-messing-liist-10-mm-27-m-2\/\"]}]},{\"@type\":\"ImageObject\",\"inLanguage\":\"fi\",\"@id\":\"https:\/\/www.plaadimehed.ee\/product\/progress-messing-liist-10-mm-27-m-2\/#primaryimage\",\"url\":\"https:\/\/www.plaadimehed.ee\/wp-content\/uploads\/2025\/10\/Progress-Messing-liist-6mm-2.7m-plaadimehed-plaatimine-tooriistad-muuk-rent.jpg\",\"contentUrl\":\"https:\/\/www.plaadimehed.ee\/wp-content\/uploads\/2025\/10\/Progress-Messing-liist-6mm-2.7m-plaadimehed-plaatimine-tooriistad-muuk-rent.jpg\",\"width\":300,\"height\":300,\"caption\":\"Progress Messing liist. Plaadimehed - plaatimine, t\u00f6\u00f6riistad m\u00fc\u00fck ja rent\"},{\"@type\":\"BreadcrumbList\",\"@id\":\"https:\/\/www.plaadimehed.ee\/product\/progress-messing-liist-10-mm-27-m-2\/#breadcrumb\",\"itemListElement\":[{\"@type\":\"ListItem\",\"position\":1,\"name\":\"Home\",\"item\":\"https:\/\/www.plaadimehed.ee\/fi\/\"},{\"@type\":\"ListItem\",\"position\":2,\"name\":\"Verkkokauppa\",\"item\":\"https:\/\/www.plaadimehed.ee\/fi\/shop\/\"},{\"@type\":\"ListItem\",\"position\":3,\"name\":\"Progress\u00ae Messing liist 10 mm 2,7 m\"}]},{\"@type\":\"WebSite\",\"@id\":\"https:\/\/www.plaadimehed.ee\/#website\",\"url\":\"https:\/\/www.plaadimehed.ee\/\",\"name\":\"Plaadimehed\",\"description\":\"Plaatimist\u00f6\u00f6deks vajalikud tarvikud ja t\u00f6\u00f6riistad\",\"publisher\":{\"@id\":\"https:\/\/www.plaadimehed.ee\/#organization\"},\"potentialAction\":[{\"@type\":\"SearchAction\",\"target\":{\"@type\":\"EntryPoint\",\"urlTemplate\":\"https:\/\/www.plaadimehed.ee\/?s={search_term_string}\"},\"query-input\":{\"@type\":\"PropertyValueSpecification\",\"valueRequired\":true,\"valueName\":\"search_term_string\"}}],\"inLanguage\":\"fi\"},{\"@type\":\"Organization\",\"@id\":\"https:\/\/www.plaadimehed.ee\/#organization\",\"name\":\"Plaadimehed\",\"url\":\"https:\/\/www.plaadimehed.ee\/\",\"logo\":{\"@type\":\"ImageObject\",\"inLanguage\":\"fi\",\"@id\":\"https:\/\/www.plaadimehed.ee\/#\/schema\/logo\/image\/\",\"url\":\"https:\/\/www.plaadimehed.ee\/wp-content\/uploads\/2024\/05\/plaadimehed-logo.svg\",\"contentUrl\":\"https:\/\/www.plaadimehed.ee\/wp-content\/uploads\/2024\/05\/plaadimehed-logo.svg\",\"width\":266,\"height\":72,\"caption\":\"Plaadimehed\"},\"image\":{\"@id\":\"https:\/\/www.plaadimehed.ee\/#\/schema\/logo\/image\/\"}}]}<\/script>\n<!-- \/ Yoast SEO plugin. -->","yoast_head_json":{"title":"Progress\u00ae Messing liist 10 mm 2,7 m - Plaadimehed","description":"Progress messing liist","robots":{"index":"index","follow":"follow","max-snippet":"max-snippet:-1","max-image-preview":"max-image-preview:large","max-video-preview":"max-video-preview:-1"},"canonical":"https:\/\/www.plaadimehed.ee\/product\/progress-messing-liist-10-mm-27-m-2\/","og_locale":"fi_FI","og_type":"article","og_title":"Progress\u00ae Messing liist 10 mm 2,7 m - Plaadimehed","og_description":"Progress messing liist","og_url":"https:\/\/www.plaadimehed.ee\/product\/progress-messing-liist-10-mm-27-m-2\/","og_site_name":"Plaadimehed","article_modified_time":"2025-12-29T08:11:29+00:00","og_image":[{"width":300,"height":300,"url":"https:\/\/www.plaadimehed.ee\/wp-content\/uploads\/2025\/10\/Progress-Messing-liist-6mm-2.7m-plaadimehed-plaatimine-tooriistad-muuk-rent.jpg","type":"image\/jpeg"}],"twitter_card":"summary_large_image","twitter_misc":{"Arvioitu lukuaika":"1 minuutti"},"schema":{"@context":"https:\/\/schema.org","@graph":[{"@type":"WebPage","@id":"https:\/\/www.plaadimehed.ee\/product\/progress-messing-liist-10-mm-27-m-2\/","url":"https:\/\/www.plaadimehed.ee\/product\/progress-messing-liist-10-mm-27-m-2\/","name":"Progress\u00ae Messing liist 10 mm 2,7 m - Plaadimehed","isPartOf":{"@id":"https:\/\/www.plaadimehed.ee\/#website"},"primaryImageOfPage":{"@id":"https:\/\/www.plaadimehed.ee\/product\/progress-messing-liist-10-mm-27-m-2\/#primaryimage"},"image":{"@id":"https:\/\/www.plaadimehed.ee\/product\/progress-messing-liist-10-mm-27-m-2\/#primaryimage"},"thumbnailUrl":"https:\/\/www.plaadimehed.ee\/wp-content\/uploads\/2025\/10\/Progress-Messing-liist-6mm-2.7m-plaadimehed-plaatimine-tooriistad-muuk-rent.jpg","datePublished":"2023-03-17T08:34:53+00:00","dateModified":"2025-12-29T08:11:29+00:00","description":"Progress messing liist","breadcrumb":{"@id":"https:\/\/www.plaadimehed.ee\/product\/progress-messing-liist-10-mm-27-m-2\/#breadcrumb"},"inLanguage":"fi","potentialAction":[{"@type":"ReadAction","target":["https:\/\/www.plaadimehed.ee\/product\/progress-messing-liist-10-mm-27-m-2\/"]}]},{"@type":"ImageObject","inLanguage":"fi","@id":"https:\/\/www.plaadimehed.ee\/product\/progress-messing-liist-10-mm-27-m-2\/#primaryimage","url":"https:\/\/www.plaadimehed.ee\/wp-content\/uploads\/2025\/10\/Progress-Messing-liist-6mm-2.7m-plaadimehed-plaatimine-tooriistad-muuk-rent.jpg","contentUrl":"https:\/\/www.plaadimehed.ee\/wp-content\/uploads\/2025\/10\/Progress-Messing-liist-6mm-2.7m-plaadimehed-plaatimine-tooriistad-muuk-rent.jpg","width":300,"height":300,"caption":"Progress Messing liist. Plaadimehed - plaatimine, t\u00f6\u00f6riistad m\u00fc\u00fck ja rent"},{"@type":"BreadcrumbList","@id":"https:\/\/www.plaadimehed.ee\/product\/progress-messing-liist-10-mm-27-m-2\/#breadcrumb","itemListElement":[{"@type":"ListItem","position":1,"name":"Home","item":"https:\/\/www.plaadimehed.ee\/fi\/"},{"@type":"ListItem","position":2,"name":"Verkkokauppa","item":"https:\/\/www.plaadimehed.ee\/fi\/shop\/"},{"@type":"ListItem","position":3,"name":"Progress\u00ae Messing liist 10 mm 2,7 m"}]},{"@type":"WebSite","@id":"https:\/\/www.plaadimehed.ee\/#website","url":"https:\/\/www.plaadimehed.ee\/","name":"Plaadimehed","description":"Plaatimist\u00f6\u00f6deks vajalikud tarvikud ja t\u00f6\u00f6riistad","publisher":{"@id":"https:\/\/www.plaadimehed.ee\/#organization"},"potentialAction":[{"@type":"SearchAction","target":{"@type":"EntryPoint","urlTemplate":"https:\/\/www.plaadimehed.ee\/?s={search_term_string}"},"query-input":{"@type":"PropertyValueSpecification","valueRequired":true,"valueName":"search_term_string"}}],"inLanguage":"fi"},{"@type":"Organization","@id":"https:\/\/www.plaadimehed.ee\/#organization","name":"Plaadimehed","url":"https:\/\/www.plaadimehed.ee\/","logo":{"@type":"ImageObject","inLanguage":"fi","@id":"https:\/\/www.plaadimehed.ee\/#\/schema\/logo\/image\/","url":"https:\/\/www.plaadimehed.ee\/wp-content\/uploads\/2024\/05\/plaadimehed-logo.svg","contentUrl":"https:\/\/www.plaadimehed.ee\/wp-content\/uploads\/2024\/05\/plaadimehed-logo.svg","width":266,"height":72,"caption":"Plaadimehed"},"image":{"@id":"https:\/\/www.plaadimehed.ee\/#\/schema\/logo\/image\/"}}]}},"_links":{"self":[{"href":"https:\/\/www.plaadimehed.ee\/fi\/wp-json\/wp\/v2\/product\/7987","targetHints":{"allow":["GET"]}}],"collection":[{"href":"https:\/\/www.plaadimehed.ee\/fi\/wp-json\/wp\/v2\/product"}],"about":[{"href":"https:\/\/www.plaadimehed.ee\/fi\/wp-json\/wp\/v2\/types\/product"}],"wp:featuredmedia":[{"embeddable":true,"href":"https:\/\/www.plaadimehed.ee\/fi\/wp-json\/wp\/v2\/media\/17086"}],"wp:attachment":[{"href":"https:\/\/www.plaadimehed.ee\/fi\/wp-json\/wp\/v2\/media?parent=7987"}],"wp:term":[{"taxonomy":"product_brand","embeddable":true,"href":"https:\/\/www.plaadimehed.ee\/fi\/wp-json\/wp\/v2\/product_brand?post=7987"},{"taxonomy":"product_cat","embeddable":true,"href":"https:\/\/www.plaadimehed.ee\/fi\/wp-json\/wp\/v2\/product_cat?post=7987"},{"taxonomy":"product_tag","embeddable":true,"href":"https:\/\/www.plaadimehed.ee\/fi\/wp-json\/wp\/v2\/product_tag?post=7987"}],"curies":[{"name":"wp","href":"https:\/\/api.w.org\/{rel}","templated":true}]}}