{"id":8531,"date":"2023-05-08T11:23:07","date_gmt":"2023-05-08T09:23:07","guid":{"rendered":"https:\/\/www.plaadimehed.ee\/?post_type=product&#038;p=8531"},"modified":"2023-05-08T11:32:36","modified_gmt":"2023-05-08T09:32:36","slug":"progress-slim-moodulsusteemi-kummist-kaitseketas","status":"publish","type":"product","link":"https:\/\/www.plaadimehed.ee\/fi\/product\/progress-slim-moodulsusteemi-kummist-kaitseketas\/","title":{"rendered":"Progress\u00ae Slim mooduls\u00fcsteemi kummist kaitseketas"},"content":{"rendered":"<p>\u25cf Mooduls\u00fcsteemi kummist kaitseketas, 10\u201340 mm k\u00f5rguste ujuvp\u00f5randate tegemiseks<br \/>\n\u25cf Kombineeritakse koos tugiketastega kui pagaldatakse neid olemasoleva bituumen aluspinna kaitseks<br \/>\n\u25cf Ketta l\u00e4bim\u00f5\u00f5t 150 mm, paksus 2 mm<span class=\"Y2IQFc\" lang=\"et\"><br \/>\n\u25cf Kasutamiseks v\u00e4listingimustes<br \/>\n\u25cf R\u00f5dud, terrassid<\/span><\/p>\n<p><img loading=\"lazy\" decoding=\"async\" class=\"\" src=\"https:\/\/www.plaadimehed.ee\/wp-content\/uploads\/2021\/05\/bdf-logo.png\" width=\"38\" height=\"38\" \/><a href=\"https:\/\/www.plaadimehed.ee\/wp-content\/uploads\/2023\/05\/progress-slim-system-tooteinfo-2.pdf\">Progress Slim system tooteinfo 1<\/a><\/p>\n<p><img loading=\"lazy\" decoding=\"async\" class=\"\" src=\"https:\/\/www.plaadimehed.ee\/wp-content\/uploads\/2021\/05\/bdf-logo.png\" width=\"38\" height=\"38\" \/><a href=\"https:\/\/www.plaadimehed.ee\/wp-content\/uploads\/2023\/05\/progress-slim-system-tooteinfo.pdf\">Progress Slim system tooteinfo 2<\/a><\/p>\n","protected":false},"excerpt":{"rendered":"<p id=\"tw-target-text\" class=\"tw-data-text tw-text-large tw-ta\" dir=\"ltr\" data-placeholder=\"T\u00f5lge\"><span class=\"Y2IQFc\" lang=\"et\">Slim mooduls\u00fcsteemi kaitseketas bituumen aluspinnale 2 mm<\/span><\/p>\n","protected":false},"featured_media":8532,"template":"","meta":{"_acf_changed":false},"product_brand":[121],"product_cat":[156],"product_tag":[],"class_list":{"0":"post-8531","1":"product","2":"type-product","3":"status-publish","4":"has-post-thumbnail","6":"product_brand-progress","7":"product_cat-moodulsuteemid-terrassid-ja-rodud","9":"first","10":"instock","11":"taxable","12":"shipping-taxable","13":"purchasable","14":"product-type-simple"},"acf":[],"yoast_head":"<!-- This site is optimized with the Yoast SEO plugin v27.0 - https:\/\/yoast.com\/product\/yoast-seo-wordpress\/ -->\n<title>Progress\u00ae Slim mooduls\u00fcsteemi kummist kaitseketas - Plaadimehed<\/title>\n<meta name=\"description\" content=\"Anti slip m\u00fcrasummutus ketas\" \/>\n<meta name=\"robots\" content=\"index, follow, max-snippet:-1, max-image-preview:large, max-video-preview:-1\" \/>\n<link rel=\"canonical\" href=\"https:\/\/www.plaadimehed.ee\/product\/progress-slim-moodulsusteemi-kummist-kaitseketas\/\" \/>\n<meta property=\"og:locale\" content=\"fi_FI\" \/>\n<meta property=\"og:type\" content=\"article\" \/>\n<meta property=\"og:title\" content=\"Progress\u00ae Slim mooduls\u00fcsteemi kummist kaitseketas - Plaadimehed\" \/>\n<meta property=\"og:description\" content=\"Anti slip m\u00fcrasummutus ketas\" \/>\n<meta property=\"og:url\" content=\"https:\/\/www.plaadimehed.ee\/product\/progress-slim-moodulsusteemi-kummist-kaitseketas\/\" \/>\n<meta property=\"og:site_name\" content=\"Plaadimehed\" \/>\n<meta property=\"article:modified_time\" content=\"2023-05-08T09:32:36+00:00\" \/>\n<meta property=\"og:image\" content=\"https:\/\/www.plaadimehed.ee\/wp-content\/uploads\/2023\/05\/lvgg02.jpg\" \/>\n\t<meta property=\"og:image:width\" content=\"325\" \/>\n\t<meta property=\"og:image:height\" content=\"315\" \/>\n\t<meta property=\"og:image:type\" content=\"image\/jpeg\" \/>\n<meta name=\"twitter:card\" content=\"summary_large_image\" \/>\n<script type=\"application\/ld+json\" class=\"yoast-schema-graph\">{\"@context\":\"https:\/\/schema.org\",\"@graph\":[{\"@type\":\"WebPage\",\"@id\":\"https:\/\/www.plaadimehed.ee\/product\/progress-slim-moodulsusteemi-kummist-kaitseketas\/\",\"url\":\"https:\/\/www.plaadimehed.ee\/product\/progress-slim-moodulsusteemi-kummist-kaitseketas\/\",\"name\":\"Progress\u00ae Slim mooduls\u00fcsteemi kummist kaitseketas - Plaadimehed\",\"isPartOf\":{\"@id\":\"https:\/\/www.plaadimehed.ee\/#website\"},\"primaryImageOfPage\":{\"@id\":\"https:\/\/www.plaadimehed.ee\/product\/progress-slim-moodulsusteemi-kummist-kaitseketas\/#primaryimage\"},\"image\":{\"@id\":\"https:\/\/www.plaadimehed.ee\/product\/progress-slim-moodulsusteemi-kummist-kaitseketas\/#primaryimage\"},\"thumbnailUrl\":\"https:\/\/www.plaadimehed.ee\/wp-content\/uploads\/2023\/05\/lvgg02.jpg\",\"datePublished\":\"2023-05-08T09:23:07+00:00\",\"dateModified\":\"2023-05-08T09:32:36+00:00\",\"description\":\"Anti slip m\u00fcrasummutus ketas\",\"breadcrumb\":{\"@id\":\"https:\/\/www.plaadimehed.ee\/product\/progress-slim-moodulsusteemi-kummist-kaitseketas\/#breadcrumb\"},\"inLanguage\":\"fi\",\"potentialAction\":[{\"@type\":\"ReadAction\",\"target\":[\"https:\/\/www.plaadimehed.ee\/product\/progress-slim-moodulsusteemi-kummist-kaitseketas\/\"]}]},{\"@type\":\"ImageObject\",\"inLanguage\":\"fi\",\"@id\":\"https:\/\/www.plaadimehed.ee\/product\/progress-slim-moodulsusteemi-kummist-kaitseketas\/#primaryimage\",\"url\":\"https:\/\/www.plaadimehed.ee\/wp-content\/uploads\/2023\/05\/lvgg02.jpg\",\"contentUrl\":\"https:\/\/www.plaadimehed.ee\/wp-content\/uploads\/2023\/05\/lvgg02.jpg\",\"width\":325,\"height\":315},{\"@type\":\"BreadcrumbList\",\"@id\":\"https:\/\/www.plaadimehed.ee\/product\/progress-slim-moodulsusteemi-kummist-kaitseketas\/#breadcrumb\",\"itemListElement\":[{\"@type\":\"ListItem\",\"position\":1,\"name\":\"Home\",\"item\":\"https:\/\/www.plaadimehed.ee\/fi\/\"},{\"@type\":\"ListItem\",\"position\":2,\"name\":\"Verkkokauppa\",\"item\":\"https:\/\/www.plaadimehed.ee\/fi\/shop\/\"},{\"@type\":\"ListItem\",\"position\":3,\"name\":\"Progress\u00ae Slim mooduls\u00fcsteemi kummist kaitseketas\"}]},{\"@type\":\"WebSite\",\"@id\":\"https:\/\/www.plaadimehed.ee\/#website\",\"url\":\"https:\/\/www.plaadimehed.ee\/\",\"name\":\"Plaadimehed\",\"description\":\"Plaatimist\u00f6\u00f6deks vajalikud tarvikud ja t\u00f6\u00f6riistad\",\"publisher\":{\"@id\":\"https:\/\/www.plaadimehed.ee\/#organization\"},\"potentialAction\":[{\"@type\":\"SearchAction\",\"target\":{\"@type\":\"EntryPoint\",\"urlTemplate\":\"https:\/\/www.plaadimehed.ee\/?s={search_term_string}\"},\"query-input\":{\"@type\":\"PropertyValueSpecification\",\"valueRequired\":true,\"valueName\":\"search_term_string\"}}],\"inLanguage\":\"fi\"},{\"@type\":\"Organization\",\"@id\":\"https:\/\/www.plaadimehed.ee\/#organization\",\"name\":\"Plaadimehed\",\"url\":\"https:\/\/www.plaadimehed.ee\/\",\"logo\":{\"@type\":\"ImageObject\",\"inLanguage\":\"fi\",\"@id\":\"https:\/\/www.plaadimehed.ee\/#\/schema\/logo\/image\/\",\"url\":\"https:\/\/www.plaadimehed.ee\/wp-content\/uploads\/2024\/05\/plaadimehed-logo.svg\",\"contentUrl\":\"https:\/\/www.plaadimehed.ee\/wp-content\/uploads\/2024\/05\/plaadimehed-logo.svg\",\"width\":266,\"height\":72,\"caption\":\"Plaadimehed\"},\"image\":{\"@id\":\"https:\/\/www.plaadimehed.ee\/#\/schema\/logo\/image\/\"}}]}<\/script>\n<!-- \/ Yoast SEO plugin. -->","yoast_head_json":{"title":"Progress\u00ae Slim mooduls\u00fcsteemi kummist kaitseketas - Plaadimehed","description":"Anti slip m\u00fcrasummutus ketas","robots":{"index":"index","follow":"follow","max-snippet":"max-snippet:-1","max-image-preview":"max-image-preview:large","max-video-preview":"max-video-preview:-1"},"canonical":"https:\/\/www.plaadimehed.ee\/product\/progress-slim-moodulsusteemi-kummist-kaitseketas\/","og_locale":"fi_FI","og_type":"article","og_title":"Progress\u00ae Slim mooduls\u00fcsteemi kummist kaitseketas - Plaadimehed","og_description":"Anti slip m\u00fcrasummutus ketas","og_url":"https:\/\/www.plaadimehed.ee\/product\/progress-slim-moodulsusteemi-kummist-kaitseketas\/","og_site_name":"Plaadimehed","article_modified_time":"2023-05-08T09:32:36+00:00","og_image":[{"width":325,"height":315,"url":"https:\/\/www.plaadimehed.ee\/wp-content\/uploads\/2023\/05\/lvgg02.jpg","type":"image\/jpeg"}],"twitter_card":"summary_large_image","schema":{"@context":"https:\/\/schema.org","@graph":[{"@type":"WebPage","@id":"https:\/\/www.plaadimehed.ee\/product\/progress-slim-moodulsusteemi-kummist-kaitseketas\/","url":"https:\/\/www.plaadimehed.ee\/product\/progress-slim-moodulsusteemi-kummist-kaitseketas\/","name":"Progress\u00ae Slim mooduls\u00fcsteemi kummist kaitseketas - Plaadimehed","isPartOf":{"@id":"https:\/\/www.plaadimehed.ee\/#website"},"primaryImageOfPage":{"@id":"https:\/\/www.plaadimehed.ee\/product\/progress-slim-moodulsusteemi-kummist-kaitseketas\/#primaryimage"},"image":{"@id":"https:\/\/www.plaadimehed.ee\/product\/progress-slim-moodulsusteemi-kummist-kaitseketas\/#primaryimage"},"thumbnailUrl":"https:\/\/www.plaadimehed.ee\/wp-content\/uploads\/2023\/05\/lvgg02.jpg","datePublished":"2023-05-08T09:23:07+00:00","dateModified":"2023-05-08T09:32:36+00:00","description":"Anti slip m\u00fcrasummutus ketas","breadcrumb":{"@id":"https:\/\/www.plaadimehed.ee\/product\/progress-slim-moodulsusteemi-kummist-kaitseketas\/#breadcrumb"},"inLanguage":"fi","potentialAction":[{"@type":"ReadAction","target":["https:\/\/www.plaadimehed.ee\/product\/progress-slim-moodulsusteemi-kummist-kaitseketas\/"]}]},{"@type":"ImageObject","inLanguage":"fi","@id":"https:\/\/www.plaadimehed.ee\/product\/progress-slim-moodulsusteemi-kummist-kaitseketas\/#primaryimage","url":"https:\/\/www.plaadimehed.ee\/wp-content\/uploads\/2023\/05\/lvgg02.jpg","contentUrl":"https:\/\/www.plaadimehed.ee\/wp-content\/uploads\/2023\/05\/lvgg02.jpg","width":325,"height":315},{"@type":"BreadcrumbList","@id":"https:\/\/www.plaadimehed.ee\/product\/progress-slim-moodulsusteemi-kummist-kaitseketas\/#breadcrumb","itemListElement":[{"@type":"ListItem","position":1,"name":"Home","item":"https:\/\/www.plaadimehed.ee\/fi\/"},{"@type":"ListItem","position":2,"name":"Verkkokauppa","item":"https:\/\/www.plaadimehed.ee\/fi\/shop\/"},{"@type":"ListItem","position":3,"name":"Progress\u00ae Slim mooduls\u00fcsteemi kummist kaitseketas"}]},{"@type":"WebSite","@id":"https:\/\/www.plaadimehed.ee\/#website","url":"https:\/\/www.plaadimehed.ee\/","name":"Plaadimehed","description":"Plaatimist\u00f6\u00f6deks vajalikud tarvikud ja t\u00f6\u00f6riistad","publisher":{"@id":"https:\/\/www.plaadimehed.ee\/#organization"},"potentialAction":[{"@type":"SearchAction","target":{"@type":"EntryPoint","urlTemplate":"https:\/\/www.plaadimehed.ee\/?s={search_term_string}"},"query-input":{"@type":"PropertyValueSpecification","valueRequired":true,"valueName":"search_term_string"}}],"inLanguage":"fi"},{"@type":"Organization","@id":"https:\/\/www.plaadimehed.ee\/#organization","name":"Plaadimehed","url":"https:\/\/www.plaadimehed.ee\/","logo":{"@type":"ImageObject","inLanguage":"fi","@id":"https:\/\/www.plaadimehed.ee\/#\/schema\/logo\/image\/","url":"https:\/\/www.plaadimehed.ee\/wp-content\/uploads\/2024\/05\/plaadimehed-logo.svg","contentUrl":"https:\/\/www.plaadimehed.ee\/wp-content\/uploads\/2024\/05\/plaadimehed-logo.svg","width":266,"height":72,"caption":"Plaadimehed"},"image":{"@id":"https:\/\/www.plaadimehed.ee\/#\/schema\/logo\/image\/"}}]}},"_links":{"self":[{"href":"https:\/\/www.plaadimehed.ee\/fi\/wp-json\/wp\/v2\/product\/8531","targetHints":{"allow":["GET"]}}],"collection":[{"href":"https:\/\/www.plaadimehed.ee\/fi\/wp-json\/wp\/v2\/product"}],"about":[{"href":"https:\/\/www.plaadimehed.ee\/fi\/wp-json\/wp\/v2\/types\/product"}],"wp:featuredmedia":[{"embeddable":true,"href":"https:\/\/www.plaadimehed.ee\/fi\/wp-json\/wp\/v2\/media\/8532"}],"wp:attachment":[{"href":"https:\/\/www.plaadimehed.ee\/fi\/wp-json\/wp\/v2\/media?parent=8531"}],"wp:term":[{"taxonomy":"product_brand","embeddable":true,"href":"https:\/\/www.plaadimehed.ee\/fi\/wp-json\/wp\/v2\/product_brand?post=8531"},{"taxonomy":"product_cat","embeddable":true,"href":"https:\/\/www.plaadimehed.ee\/fi\/wp-json\/wp\/v2\/product_cat?post=8531"},{"taxonomy":"product_tag","embeddable":true,"href":"https:\/\/www.plaadimehed.ee\/fi\/wp-json\/wp\/v2\/product_tag?post=8531"}],"curies":[{"name":"wp","href":"https:\/\/api.w.org\/{rel}","templated":true}]}}