{"id":8867,"date":"2023-05-29T13:09:36","date_gmt":"2023-05-29T11:09:36","guid":{"rendered":"https:\/\/www.plaadimehed.ee\/?post_type=product&#038;p=8867"},"modified":"2026-03-30T07:51:01","modified_gmt":"2026-03-30T05:51:01","slug":"sendi-naidikuga-8-iminapp-sc-20s","status":"publish","type":"product","link":"https:\/\/www.plaadimehed.ee\/fi\/product\/sendi-naidikuga-8-iminapp-sc-20s\/","title":{"rendered":"SENDI\u00ae N\u00e4idikuga 8&#8243; iminapp SC-20S"},"content":{"rendered":"<p>\u25cf Plaatide t\u00f5stmiseks\/paigaldamiseks<br \/>\n\u25cf T\u00f5stej\u00f5ud 75 kg<br \/>\n\u25cf Sobib kasutamiseks klaasi ja muude sildapinnaliste materjalide t\u00f5stmiseks<br \/>\n\u25cf Manomeeter n\u00e4idik<br \/>\n\u25cf Punane aluskumm<br \/>\n\u25cf Pumba otsik varustatud punase hoiatus \u00e4\u00e4rikuga<\/p>\n<p>&nbsp;<\/p>\n<p>&nbsp;<\/p>\n","protected":false},"excerpt":{"rendered":"<p>N\u00e4idikuga iminapp suureformaadiliste plaatide t\u00f5stmiseks ja paigalduse jaoks, punane aluskumm<\/p>\n","protected":false},"featured_media":8868,"template":"","meta":{"_acf_changed":false},"product_brand":[110],"product_cat":[30,35,107],"product_tag":[],"class_list":{"0":"post-8867","1":"product","2":"type-product","3":"status-publish","4":"has-post-thumbnail","6":"product_brand-sendi","7":"product_cat-plaatimistooriistad","8":"product_cat-vaakumhaaratsid","9":"product_cat-head-pakkumised","11":"first","12":"instock","13":"sale","14":"taxable","15":"shipping-taxable","16":"purchasable","17":"product-type-simple"},"acf":[],"yoast_head":"<!-- This site is optimized with the Yoast SEO plugin v27.0 - https:\/\/yoast.com\/product\/yoast-seo-wordpress\/ -->\n<title>SENDI\u00ae N\u00e4idikuga 8&quot; iminapp SC-20S - Plaadimehed<\/title>\n<meta name=\"description\" content=\"Sendi Iminapp 8&quot; suureformaadiliste plaatide t\u00f5stmiseks, paigaldamiseks. T\u00f5stej\u00f5ud 75kg, kasutamine klaasile, siledapinnaliste materjalide t\u00f5stmiseks. L\" \/>\n<meta name=\"robots\" content=\"index, follow, max-snippet:-1, max-image-preview:large, max-video-preview:-1\" \/>\n<link rel=\"canonical\" href=\"https:\/\/www.plaadimehed.ee\/product\/sendi-naidikuga-8-iminapp-sc-20s\/\" \/>\n<meta property=\"og:locale\" content=\"fi_FI\" \/>\n<meta property=\"og:type\" content=\"article\" \/>\n<meta property=\"og:title\" content=\"SENDI\u00ae N\u00e4idikuga 8&quot; iminapp SC-20S - Plaadimehed\" \/>\n<meta property=\"og:description\" content=\"Sendi Iminapp 8&quot; suureformaadiliste plaatide t\u00f5stmiseks, paigaldamiseks. T\u00f5stej\u00f5ud 75kg, kasutamine klaasile, siledapinnaliste materjalide t\u00f5stmiseks. L\" \/>\n<meta property=\"og:url\" content=\"https:\/\/www.plaadimehed.ee\/product\/sendi-naidikuga-8-iminapp-sc-20s\/\" \/>\n<meta property=\"og:site_name\" content=\"Plaadimehed\" \/>\n<meta property=\"article:modified_time\" content=\"2026-03-30T05:51:01+00:00\" \/>\n<meta property=\"og:image\" content=\"https:\/\/www.plaadimehed.ee\/wp-content\/uploads\/2023\/05\/sendi-vaakum.jpeg\" \/>\n\t<meta property=\"og:image:width\" content=\"577\" \/>\n\t<meta property=\"og:image:height\" content=\"582\" \/>\n\t<meta property=\"og:image:type\" content=\"image\/jpeg\" \/>\n<meta name=\"twitter:card\" content=\"summary_large_image\" \/>\n<meta name=\"twitter:label1\" content=\"Arvioitu lukuaika\" \/>\n\t<meta name=\"twitter:data1\" content=\"1 minuutti\" \/>\n<script type=\"application\/ld+json\" class=\"yoast-schema-graph\">{\"@context\":\"https:\/\/schema.org\",\"@graph\":[{\"@type\":\"WebPage\",\"@id\":\"https:\/\/www.plaadimehed.ee\/product\/sendi-naidikuga-8-iminapp-sc-20s\/\",\"url\":\"https:\/\/www.plaadimehed.ee\/product\/sendi-naidikuga-8-iminapp-sc-20s\/\",\"name\":\"SENDI\u00ae N\u00e4idikuga 8\\\" iminapp SC-20S - Plaadimehed\",\"isPartOf\":{\"@id\":\"https:\/\/www.plaadimehed.ee\/#website\"},\"primaryImageOfPage\":{\"@id\":\"https:\/\/www.plaadimehed.ee\/product\/sendi-naidikuga-8-iminapp-sc-20s\/#primaryimage\"},\"image\":{\"@id\":\"https:\/\/www.plaadimehed.ee\/product\/sendi-naidikuga-8-iminapp-sc-20s\/#primaryimage\"},\"thumbnailUrl\":\"https:\/\/www.plaadimehed.ee\/wp-content\/uploads\/2023\/05\/sendi-vaakum.jpeg\",\"datePublished\":\"2023-05-29T11:09:36+00:00\",\"dateModified\":\"2026-03-30T05:51:01+00:00\",\"description\":\"Sendi Iminapp 8\\\" suureformaadiliste plaatide t\u00f5stmiseks, paigaldamiseks. T\u00f5stej\u00f5ud 75kg, kasutamine klaasile, siledapinnaliste materjalide t\u00f5stmiseks. L\",\"breadcrumb\":{\"@id\":\"https:\/\/www.plaadimehed.ee\/product\/sendi-naidikuga-8-iminapp-sc-20s\/#breadcrumb\"},\"inLanguage\":\"fi\",\"potentialAction\":[{\"@type\":\"ReadAction\",\"target\":[\"https:\/\/www.plaadimehed.ee\/product\/sendi-naidikuga-8-iminapp-sc-20s\/\"]}]},{\"@type\":\"ImageObject\",\"inLanguage\":\"fi\",\"@id\":\"https:\/\/www.plaadimehed.ee\/product\/sendi-naidikuga-8-iminapp-sc-20s\/#primaryimage\",\"url\":\"https:\/\/www.plaadimehed.ee\/wp-content\/uploads\/2023\/05\/sendi-vaakum.jpeg\",\"contentUrl\":\"https:\/\/www.plaadimehed.ee\/wp-content\/uploads\/2023\/05\/sendi-vaakum.jpeg\",\"width\":577,\"height\":582},{\"@type\":\"BreadcrumbList\",\"@id\":\"https:\/\/www.plaadimehed.ee\/product\/sendi-naidikuga-8-iminapp-sc-20s\/#breadcrumb\",\"itemListElement\":[{\"@type\":\"ListItem\",\"position\":1,\"name\":\"Home\",\"item\":\"https:\/\/www.plaadimehed.ee\/fi\/\"},{\"@type\":\"ListItem\",\"position\":2,\"name\":\"Verkkokauppa\",\"item\":\"https:\/\/www.plaadimehed.ee\/fi\/shop\/\"},{\"@type\":\"ListItem\",\"position\":3,\"name\":\"SENDI\u00ae N\u00e4idikuga 8&#8243; iminapp SC-20S\"}]},{\"@type\":\"WebSite\",\"@id\":\"https:\/\/www.plaadimehed.ee\/#website\",\"url\":\"https:\/\/www.plaadimehed.ee\/\",\"name\":\"Plaadimehed\",\"description\":\"Plaatimist\u00f6\u00f6deks vajalikud tarvikud ja t\u00f6\u00f6riistad\",\"publisher\":{\"@id\":\"https:\/\/www.plaadimehed.ee\/#organization\"},\"potentialAction\":[{\"@type\":\"SearchAction\",\"target\":{\"@type\":\"EntryPoint\",\"urlTemplate\":\"https:\/\/www.plaadimehed.ee\/?s={search_term_string}\"},\"query-input\":{\"@type\":\"PropertyValueSpecification\",\"valueRequired\":true,\"valueName\":\"search_term_string\"}}],\"inLanguage\":\"fi\"},{\"@type\":\"Organization\",\"@id\":\"https:\/\/www.plaadimehed.ee\/#organization\",\"name\":\"Plaadimehed\",\"url\":\"https:\/\/www.plaadimehed.ee\/\",\"logo\":{\"@type\":\"ImageObject\",\"inLanguage\":\"fi\",\"@id\":\"https:\/\/www.plaadimehed.ee\/#\/schema\/logo\/image\/\",\"url\":\"https:\/\/www.plaadimehed.ee\/wp-content\/uploads\/2024\/05\/plaadimehed-logo.svg\",\"contentUrl\":\"https:\/\/www.plaadimehed.ee\/wp-content\/uploads\/2024\/05\/plaadimehed-logo.svg\",\"width\":266,\"height\":72,\"caption\":\"Plaadimehed\"},\"image\":{\"@id\":\"https:\/\/www.plaadimehed.ee\/#\/schema\/logo\/image\/\"}}]}<\/script>\n<!-- \/ Yoast SEO plugin. -->","yoast_head_json":{"title":"SENDI\u00ae N\u00e4idikuga 8\" iminapp SC-20S - Plaadimehed","description":"Sendi Iminapp 8\" suureformaadiliste plaatide t\u00f5stmiseks, paigaldamiseks. T\u00f5stej\u00f5ud 75kg, kasutamine klaasile, siledapinnaliste materjalide t\u00f5stmiseks. L","robots":{"index":"index","follow":"follow","max-snippet":"max-snippet:-1","max-image-preview":"max-image-preview:large","max-video-preview":"max-video-preview:-1"},"canonical":"https:\/\/www.plaadimehed.ee\/product\/sendi-naidikuga-8-iminapp-sc-20s\/","og_locale":"fi_FI","og_type":"article","og_title":"SENDI\u00ae N\u00e4idikuga 8\" iminapp SC-20S - Plaadimehed","og_description":"Sendi Iminapp 8\" suureformaadiliste plaatide t\u00f5stmiseks, paigaldamiseks. T\u00f5stej\u00f5ud 75kg, kasutamine klaasile, siledapinnaliste materjalide t\u00f5stmiseks. L","og_url":"https:\/\/www.plaadimehed.ee\/product\/sendi-naidikuga-8-iminapp-sc-20s\/","og_site_name":"Plaadimehed","article_modified_time":"2026-03-30T05:51:01+00:00","og_image":[{"width":577,"height":582,"url":"https:\/\/www.plaadimehed.ee\/wp-content\/uploads\/2023\/05\/sendi-vaakum.jpeg","type":"image\/jpeg"}],"twitter_card":"summary_large_image","twitter_misc":{"Arvioitu lukuaika":"1 minuutti"},"schema":{"@context":"https:\/\/schema.org","@graph":[{"@type":"WebPage","@id":"https:\/\/www.plaadimehed.ee\/product\/sendi-naidikuga-8-iminapp-sc-20s\/","url":"https:\/\/www.plaadimehed.ee\/product\/sendi-naidikuga-8-iminapp-sc-20s\/","name":"SENDI\u00ae N\u00e4idikuga 8\" iminapp SC-20S - Plaadimehed","isPartOf":{"@id":"https:\/\/www.plaadimehed.ee\/#website"},"primaryImageOfPage":{"@id":"https:\/\/www.plaadimehed.ee\/product\/sendi-naidikuga-8-iminapp-sc-20s\/#primaryimage"},"image":{"@id":"https:\/\/www.plaadimehed.ee\/product\/sendi-naidikuga-8-iminapp-sc-20s\/#primaryimage"},"thumbnailUrl":"https:\/\/www.plaadimehed.ee\/wp-content\/uploads\/2023\/05\/sendi-vaakum.jpeg","datePublished":"2023-05-29T11:09:36+00:00","dateModified":"2026-03-30T05:51:01+00:00","description":"Sendi Iminapp 8\" suureformaadiliste plaatide t\u00f5stmiseks, paigaldamiseks. T\u00f5stej\u00f5ud 75kg, kasutamine klaasile, siledapinnaliste materjalide t\u00f5stmiseks. L","breadcrumb":{"@id":"https:\/\/www.plaadimehed.ee\/product\/sendi-naidikuga-8-iminapp-sc-20s\/#breadcrumb"},"inLanguage":"fi","potentialAction":[{"@type":"ReadAction","target":["https:\/\/www.plaadimehed.ee\/product\/sendi-naidikuga-8-iminapp-sc-20s\/"]}]},{"@type":"ImageObject","inLanguage":"fi","@id":"https:\/\/www.plaadimehed.ee\/product\/sendi-naidikuga-8-iminapp-sc-20s\/#primaryimage","url":"https:\/\/www.plaadimehed.ee\/wp-content\/uploads\/2023\/05\/sendi-vaakum.jpeg","contentUrl":"https:\/\/www.plaadimehed.ee\/wp-content\/uploads\/2023\/05\/sendi-vaakum.jpeg","width":577,"height":582},{"@type":"BreadcrumbList","@id":"https:\/\/www.plaadimehed.ee\/product\/sendi-naidikuga-8-iminapp-sc-20s\/#breadcrumb","itemListElement":[{"@type":"ListItem","position":1,"name":"Home","item":"https:\/\/www.plaadimehed.ee\/fi\/"},{"@type":"ListItem","position":2,"name":"Verkkokauppa","item":"https:\/\/www.plaadimehed.ee\/fi\/shop\/"},{"@type":"ListItem","position":3,"name":"SENDI\u00ae N\u00e4idikuga 8&#8243; iminapp SC-20S"}]},{"@type":"WebSite","@id":"https:\/\/www.plaadimehed.ee\/#website","url":"https:\/\/www.plaadimehed.ee\/","name":"Plaadimehed","description":"Plaatimist\u00f6\u00f6deks vajalikud tarvikud ja t\u00f6\u00f6riistad","publisher":{"@id":"https:\/\/www.plaadimehed.ee\/#organization"},"potentialAction":[{"@type":"SearchAction","target":{"@type":"EntryPoint","urlTemplate":"https:\/\/www.plaadimehed.ee\/?s={search_term_string}"},"query-input":{"@type":"PropertyValueSpecification","valueRequired":true,"valueName":"search_term_string"}}],"inLanguage":"fi"},{"@type":"Organization","@id":"https:\/\/www.plaadimehed.ee\/#organization","name":"Plaadimehed","url":"https:\/\/www.plaadimehed.ee\/","logo":{"@type":"ImageObject","inLanguage":"fi","@id":"https:\/\/www.plaadimehed.ee\/#\/schema\/logo\/image\/","url":"https:\/\/www.plaadimehed.ee\/wp-content\/uploads\/2024\/05\/plaadimehed-logo.svg","contentUrl":"https:\/\/www.plaadimehed.ee\/wp-content\/uploads\/2024\/05\/plaadimehed-logo.svg","width":266,"height":72,"caption":"Plaadimehed"},"image":{"@id":"https:\/\/www.plaadimehed.ee\/#\/schema\/logo\/image\/"}}]}},"_links":{"self":[{"href":"https:\/\/www.plaadimehed.ee\/fi\/wp-json\/wp\/v2\/product\/8867","targetHints":{"allow":["GET"]}}],"collection":[{"href":"https:\/\/www.plaadimehed.ee\/fi\/wp-json\/wp\/v2\/product"}],"about":[{"href":"https:\/\/www.plaadimehed.ee\/fi\/wp-json\/wp\/v2\/types\/product"}],"wp:featuredmedia":[{"embeddable":true,"href":"https:\/\/www.plaadimehed.ee\/fi\/wp-json\/wp\/v2\/media\/8868"}],"wp:attachment":[{"href":"https:\/\/www.plaadimehed.ee\/fi\/wp-json\/wp\/v2\/media?parent=8867"}],"wp:term":[{"taxonomy":"product_brand","embeddable":true,"href":"https:\/\/www.plaadimehed.ee\/fi\/wp-json\/wp\/v2\/product_brand?post=8867"},{"taxonomy":"product_cat","embeddable":true,"href":"https:\/\/www.plaadimehed.ee\/fi\/wp-json\/wp\/v2\/product_cat?post=8867"},{"taxonomy":"product_tag","embeddable":true,"href":"https:\/\/www.plaadimehed.ee\/fi\/wp-json\/wp\/v2\/product_tag?post=8867"}],"curies":[{"name":"wp","href":"https:\/\/api.w.org\/{rel}","templated":true}]}}