{"id":8913,"date":"2023-06-07T08:47:27","date_gmt":"2023-06-07T06:47:27","guid":{"rendered":"https:\/\/www.plaadimehed.ee\/?post_type=product&#038;p=8913"},"modified":"2025-12-29T10:23:13","modified_gmt":"2025-12-29T08:23:13","slug":"progress-anodeeritud-alumiiniumist-nurgaliist-gold-125-mm-27-m","status":"publish","type":"product","link":"https:\/\/www.plaadimehed.ee\/fi\/product\/progress-anodeeritud-alumiiniumist-nurgaliist-gold-125-mm-27-m\/","title":{"rendered":"Progress\u00ae Anodeeritud alumiiniumist nurgaliist Gold 12,5 mm 2,7 m"},"content":{"rendered":"<p>\u25cf Anodeeritud alumiiniumist plaadiliist<br \/>\n\u25cf Kasutamiseks v\u00e4lisnurgas ja l\u00f5puliistuna<br \/>\n\u25cf Plaadi paksusele 11 &#8211; 12,5 mm<br \/>\n\u25cf Pikkus 2,7 m<br \/>\n\u25cf Saadaval erinevate toonide ja paksusega<\/p>\n<p><img loading=\"lazy\" decoding=\"async\" class=\"\" src=\"https:\/\/www.plaadimehed.ee\/wp-content\/uploads\/2021\/05\/bdf-logo.png\" width=\"38\" height=\"38\" \/><a href=\"https:\/\/www.plaadimehed.ee\/wp-content\/uploads\/2023\/06\/Progress-PTAO.pdf\">Progress PTAO tooteinfo<\/a><\/p>\n","protected":false},"excerpt":{"rendered":"<p>Anodeeritud alumiiniumist plaadiliist PTAO 125<\/p>\n","protected":false},"featured_media":8901,"template":"","meta":{"_acf_changed":false},"product_brand":[121],"product_cat":[122,147],"product_tag":[],"class_list":{"0":"post-8913","1":"product","2":"type-product","3":"status-publish","4":"has-post-thumbnail","6":"product_brand-progress","7":"product_cat-liistud-ja-profiilid","8":"product_cat-l-profiil","10":"first","11":"instock","12":"taxable","13":"shipping-taxable","14":"purchasable","15":"product-type-simple"},"acf":[],"yoast_head":"<!-- This site is optimized with the Yoast SEO plugin v27.0 - https:\/\/yoast.com\/product\/yoast-seo-wordpress\/ -->\n<title>Progress\u00ae Anodeeritud alumiiniumist nurgaliist Gold 12,5 mm 2,7 m - Plaadimehed<\/title>\n<meta name=\"description\" content=\"Progress anodeeritud nurgaliist\" \/>\n<meta name=\"robots\" content=\"index, follow, max-snippet:-1, max-image-preview:large, max-video-preview:-1\" \/>\n<link rel=\"canonical\" href=\"https:\/\/www.plaadimehed.ee\/product\/progress-anodeeritud-alumiiniumist-nurgaliist-gold-125-mm-27-m\/\" \/>\n<meta property=\"og:locale\" content=\"fi_FI\" \/>\n<meta property=\"og:type\" content=\"article\" \/>\n<meta property=\"og:title\" content=\"Progress\u00ae Anodeeritud alumiiniumist nurgaliist Gold 12,5 mm 2,7 m - Plaadimehed\" \/>\n<meta property=\"og:description\" content=\"Progress anodeeritud nurgaliist\" \/>\n<meta property=\"og:url\" content=\"https:\/\/www.plaadimehed.ee\/product\/progress-anodeeritud-alumiiniumist-nurgaliist-gold-125-mm-27-m\/\" \/>\n<meta property=\"og:site_name\" content=\"Plaadimehed\" \/>\n<meta property=\"article:modified_time\" content=\"2025-12-29T08:23:13+00:00\" \/>\n<meta property=\"og:image\" content=\"https:\/\/www.plaadimehed.ee\/wp-content\/uploads\/2023\/06\/progress16_-_progress_gold_aluminium_straight_edge_-_2.7m.png\" \/>\n\t<meta property=\"og:image:width\" content=\"700\" \/>\n\t<meta property=\"og:image:height\" content=\"700\" \/>\n\t<meta property=\"og:image:type\" content=\"image\/png\" \/>\n<meta name=\"twitter:card\" content=\"summary_large_image\" \/>\n<meta name=\"twitter:label1\" content=\"Arvioitu lukuaika\" \/>\n\t<meta name=\"twitter:data1\" content=\"1 minuutti\" \/>\n<script type=\"application\/ld+json\" class=\"yoast-schema-graph\">{\"@context\":\"https:\/\/schema.org\",\"@graph\":[{\"@type\":\"WebPage\",\"@id\":\"https:\/\/www.plaadimehed.ee\/product\/progress-anodeeritud-alumiiniumist-nurgaliist-gold-125-mm-27-m\/\",\"url\":\"https:\/\/www.plaadimehed.ee\/product\/progress-anodeeritud-alumiiniumist-nurgaliist-gold-125-mm-27-m\/\",\"name\":\"Progress\u00ae Anodeeritud alumiiniumist nurgaliist Gold 12,5 mm 2,7 m - Plaadimehed\",\"isPartOf\":{\"@id\":\"https:\/\/www.plaadimehed.ee\/#website\"},\"primaryImageOfPage\":{\"@id\":\"https:\/\/www.plaadimehed.ee\/product\/progress-anodeeritud-alumiiniumist-nurgaliist-gold-125-mm-27-m\/#primaryimage\"},\"image\":{\"@id\":\"https:\/\/www.plaadimehed.ee\/product\/progress-anodeeritud-alumiiniumist-nurgaliist-gold-125-mm-27-m\/#primaryimage\"},\"thumbnailUrl\":\"https:\/\/www.plaadimehed.ee\/wp-content\/uploads\/2023\/06\/progress16_-_progress_gold_aluminium_straight_edge_-_2.7m.png\",\"datePublished\":\"2023-06-07T06:47:27+00:00\",\"dateModified\":\"2025-12-29T08:23:13+00:00\",\"description\":\"Progress anodeeritud nurgaliist\",\"breadcrumb\":{\"@id\":\"https:\/\/www.plaadimehed.ee\/product\/progress-anodeeritud-alumiiniumist-nurgaliist-gold-125-mm-27-m\/#breadcrumb\"},\"inLanguage\":\"fi\",\"potentialAction\":[{\"@type\":\"ReadAction\",\"target\":[\"https:\/\/www.plaadimehed.ee\/product\/progress-anodeeritud-alumiiniumist-nurgaliist-gold-125-mm-27-m\/\"]}]},{\"@type\":\"ImageObject\",\"inLanguage\":\"fi\",\"@id\":\"https:\/\/www.plaadimehed.ee\/product\/progress-anodeeritud-alumiiniumist-nurgaliist-gold-125-mm-27-m\/#primaryimage\",\"url\":\"https:\/\/www.plaadimehed.ee\/wp-content\/uploads\/2023\/06\/progress16_-_progress_gold_aluminium_straight_edge_-_2.7m.png\",\"contentUrl\":\"https:\/\/www.plaadimehed.ee\/wp-content\/uploads\/2023\/06\/progress16_-_progress_gold_aluminium_straight_edge_-_2.7m.png\",\"width\":700,\"height\":700},{\"@type\":\"BreadcrumbList\",\"@id\":\"https:\/\/www.plaadimehed.ee\/product\/progress-anodeeritud-alumiiniumist-nurgaliist-gold-125-mm-27-m\/#breadcrumb\",\"itemListElement\":[{\"@type\":\"ListItem\",\"position\":1,\"name\":\"Home\",\"item\":\"https:\/\/www.plaadimehed.ee\/fi\/\"},{\"@type\":\"ListItem\",\"position\":2,\"name\":\"Verkkokauppa\",\"item\":\"https:\/\/www.plaadimehed.ee\/fi\/shop\/\"},{\"@type\":\"ListItem\",\"position\":3,\"name\":\"Progress\u00ae Anodeeritud alumiiniumist nurgaliist Gold 12,5 mm 2,7 m\"}]},{\"@type\":\"WebSite\",\"@id\":\"https:\/\/www.plaadimehed.ee\/#website\",\"url\":\"https:\/\/www.plaadimehed.ee\/\",\"name\":\"Plaadimehed\",\"description\":\"Plaatimist\u00f6\u00f6deks vajalikud tarvikud ja t\u00f6\u00f6riistad\",\"publisher\":{\"@id\":\"https:\/\/www.plaadimehed.ee\/#organization\"},\"potentialAction\":[{\"@type\":\"SearchAction\",\"target\":{\"@type\":\"EntryPoint\",\"urlTemplate\":\"https:\/\/www.plaadimehed.ee\/?s={search_term_string}\"},\"query-input\":{\"@type\":\"PropertyValueSpecification\",\"valueRequired\":true,\"valueName\":\"search_term_string\"}}],\"inLanguage\":\"fi\"},{\"@type\":\"Organization\",\"@id\":\"https:\/\/www.plaadimehed.ee\/#organization\",\"name\":\"Plaadimehed\",\"url\":\"https:\/\/www.plaadimehed.ee\/\",\"logo\":{\"@type\":\"ImageObject\",\"inLanguage\":\"fi\",\"@id\":\"https:\/\/www.plaadimehed.ee\/#\/schema\/logo\/image\/\",\"url\":\"https:\/\/www.plaadimehed.ee\/wp-content\/uploads\/2024\/05\/plaadimehed-logo.svg\",\"contentUrl\":\"https:\/\/www.plaadimehed.ee\/wp-content\/uploads\/2024\/05\/plaadimehed-logo.svg\",\"width\":266,\"height\":72,\"caption\":\"Plaadimehed\"},\"image\":{\"@id\":\"https:\/\/www.plaadimehed.ee\/#\/schema\/logo\/image\/\"}}]}<\/script>\n<!-- \/ Yoast SEO plugin. -->","yoast_head_json":{"title":"Progress\u00ae Anodeeritud alumiiniumist nurgaliist Gold 12,5 mm 2,7 m - Plaadimehed","description":"Progress anodeeritud nurgaliist","robots":{"index":"index","follow":"follow","max-snippet":"max-snippet:-1","max-image-preview":"max-image-preview:large","max-video-preview":"max-video-preview:-1"},"canonical":"https:\/\/www.plaadimehed.ee\/product\/progress-anodeeritud-alumiiniumist-nurgaliist-gold-125-mm-27-m\/","og_locale":"fi_FI","og_type":"article","og_title":"Progress\u00ae Anodeeritud alumiiniumist nurgaliist Gold 12,5 mm 2,7 m - Plaadimehed","og_description":"Progress anodeeritud nurgaliist","og_url":"https:\/\/www.plaadimehed.ee\/product\/progress-anodeeritud-alumiiniumist-nurgaliist-gold-125-mm-27-m\/","og_site_name":"Plaadimehed","article_modified_time":"2025-12-29T08:23:13+00:00","og_image":[{"width":700,"height":700,"url":"https:\/\/www.plaadimehed.ee\/wp-content\/uploads\/2023\/06\/progress16_-_progress_gold_aluminium_straight_edge_-_2.7m.png","type":"image\/png"}],"twitter_card":"summary_large_image","twitter_misc":{"Arvioitu lukuaika":"1 minuutti"},"schema":{"@context":"https:\/\/schema.org","@graph":[{"@type":"WebPage","@id":"https:\/\/www.plaadimehed.ee\/product\/progress-anodeeritud-alumiiniumist-nurgaliist-gold-125-mm-27-m\/","url":"https:\/\/www.plaadimehed.ee\/product\/progress-anodeeritud-alumiiniumist-nurgaliist-gold-125-mm-27-m\/","name":"Progress\u00ae Anodeeritud alumiiniumist nurgaliist Gold 12,5 mm 2,7 m - Plaadimehed","isPartOf":{"@id":"https:\/\/www.plaadimehed.ee\/#website"},"primaryImageOfPage":{"@id":"https:\/\/www.plaadimehed.ee\/product\/progress-anodeeritud-alumiiniumist-nurgaliist-gold-125-mm-27-m\/#primaryimage"},"image":{"@id":"https:\/\/www.plaadimehed.ee\/product\/progress-anodeeritud-alumiiniumist-nurgaliist-gold-125-mm-27-m\/#primaryimage"},"thumbnailUrl":"https:\/\/www.plaadimehed.ee\/wp-content\/uploads\/2023\/06\/progress16_-_progress_gold_aluminium_straight_edge_-_2.7m.png","datePublished":"2023-06-07T06:47:27+00:00","dateModified":"2025-12-29T08:23:13+00:00","description":"Progress anodeeritud nurgaliist","breadcrumb":{"@id":"https:\/\/www.plaadimehed.ee\/product\/progress-anodeeritud-alumiiniumist-nurgaliist-gold-125-mm-27-m\/#breadcrumb"},"inLanguage":"fi","potentialAction":[{"@type":"ReadAction","target":["https:\/\/www.plaadimehed.ee\/product\/progress-anodeeritud-alumiiniumist-nurgaliist-gold-125-mm-27-m\/"]}]},{"@type":"ImageObject","inLanguage":"fi","@id":"https:\/\/www.plaadimehed.ee\/product\/progress-anodeeritud-alumiiniumist-nurgaliist-gold-125-mm-27-m\/#primaryimage","url":"https:\/\/www.plaadimehed.ee\/wp-content\/uploads\/2023\/06\/progress16_-_progress_gold_aluminium_straight_edge_-_2.7m.png","contentUrl":"https:\/\/www.plaadimehed.ee\/wp-content\/uploads\/2023\/06\/progress16_-_progress_gold_aluminium_straight_edge_-_2.7m.png","width":700,"height":700},{"@type":"BreadcrumbList","@id":"https:\/\/www.plaadimehed.ee\/product\/progress-anodeeritud-alumiiniumist-nurgaliist-gold-125-mm-27-m\/#breadcrumb","itemListElement":[{"@type":"ListItem","position":1,"name":"Home","item":"https:\/\/www.plaadimehed.ee\/fi\/"},{"@type":"ListItem","position":2,"name":"Verkkokauppa","item":"https:\/\/www.plaadimehed.ee\/fi\/shop\/"},{"@type":"ListItem","position":3,"name":"Progress\u00ae Anodeeritud alumiiniumist nurgaliist Gold 12,5 mm 2,7 m"}]},{"@type":"WebSite","@id":"https:\/\/www.plaadimehed.ee\/#website","url":"https:\/\/www.plaadimehed.ee\/","name":"Plaadimehed","description":"Plaatimist\u00f6\u00f6deks vajalikud tarvikud ja t\u00f6\u00f6riistad","publisher":{"@id":"https:\/\/www.plaadimehed.ee\/#organization"},"potentialAction":[{"@type":"SearchAction","target":{"@type":"EntryPoint","urlTemplate":"https:\/\/www.plaadimehed.ee\/?s={search_term_string}"},"query-input":{"@type":"PropertyValueSpecification","valueRequired":true,"valueName":"search_term_string"}}],"inLanguage":"fi"},{"@type":"Organization","@id":"https:\/\/www.plaadimehed.ee\/#organization","name":"Plaadimehed","url":"https:\/\/www.plaadimehed.ee\/","logo":{"@type":"ImageObject","inLanguage":"fi","@id":"https:\/\/www.plaadimehed.ee\/#\/schema\/logo\/image\/","url":"https:\/\/www.plaadimehed.ee\/wp-content\/uploads\/2024\/05\/plaadimehed-logo.svg","contentUrl":"https:\/\/www.plaadimehed.ee\/wp-content\/uploads\/2024\/05\/plaadimehed-logo.svg","width":266,"height":72,"caption":"Plaadimehed"},"image":{"@id":"https:\/\/www.plaadimehed.ee\/#\/schema\/logo\/image\/"}}]}},"_links":{"self":[{"href":"https:\/\/www.plaadimehed.ee\/fi\/wp-json\/wp\/v2\/product\/8913","targetHints":{"allow":["GET"]}}],"collection":[{"href":"https:\/\/www.plaadimehed.ee\/fi\/wp-json\/wp\/v2\/product"}],"about":[{"href":"https:\/\/www.plaadimehed.ee\/fi\/wp-json\/wp\/v2\/types\/product"}],"wp:featuredmedia":[{"embeddable":true,"href":"https:\/\/www.plaadimehed.ee\/fi\/wp-json\/wp\/v2\/media\/8901"}],"wp:attachment":[{"href":"https:\/\/www.plaadimehed.ee\/fi\/wp-json\/wp\/v2\/media?parent=8913"}],"wp:term":[{"taxonomy":"product_brand","embeddable":true,"href":"https:\/\/www.plaadimehed.ee\/fi\/wp-json\/wp\/v2\/product_brand?post=8913"},{"taxonomy":"product_cat","embeddable":true,"href":"https:\/\/www.plaadimehed.ee\/fi\/wp-json\/wp\/v2\/product_cat?post=8913"},{"taxonomy":"product_tag","embeddable":true,"href":"https:\/\/www.plaadimehed.ee\/fi\/wp-json\/wp\/v2\/product_tag?post=8913"}],"curies":[{"name":"wp","href":"https:\/\/api.w.org\/{rel}","templated":true}]}}