{"id":9875,"date":"2023-09-05T15:23:00","date_gmt":"2023-09-05T13:23:00","guid":{"rendered":"https:\/\/www.plaadimehed.ee\/?post_type=product&#038;p=9875"},"modified":"2026-03-16T14:18:54","modified_gmt":"2026-03-16T12:18:54","slug":"bihui-siinidel-loikuri-loikepea","status":"publish","type":"product","link":"https:\/\/www.plaadimehed.ee\/fi\/product\/bihui-siinidel-loikuri-loikepea\/","title":{"rendered":"BIHUI Siinidel l\u00f5ikuri l\u00f5ikepea"},"content":{"rendered":"<p class=\"p1\">BIHUI on professionaalne t\u00f6\u00f6riistabr\u00e4nd, mis keskendub eelk\u00f5ige plaatimis- ja viimistlust\u00f6\u00f6dele. Nende tootevalikusse kuuluvad kvaliteetsed plaadil\u00f5ikurid, vaakumhaaratsid, k\u00e4sit\u00f6\u00f6riistad, plaatide tasanduss\u00fcsteemid, iminapad, teemantkettad ja freesid, mis on loodud spetsiaalselt professionaalidele.<\/p>\n<p class=\"p1\">Br\u00e4ndi eesm\u00e4rk on pakkuda t\u00e4pseid, vastupidavaid ja kasutajas\u00f5bralikke t\u00f6\u00f6riistu, mis aitavad saavutada k\u00f5rget kvaliteeti kiiremini ja mugavamalt. BIHUI tooteid hinnatakse eriti nende hea hinna ja kvaliteedi suhte t\u00f5ttu. Plaadimehed on BIHUI esindaja Eestis.<\/p>\n<p><a href=\"https:\/\/www.bihuitools.com\/\" target=\"_blank\" rel=\"noopener\">BIHUI ametlik kodulehek\u00fclg<\/a><\/p>\n<p>&nbsp;<\/p>\n<p>&nbsp;<\/p>\n","protected":false},"excerpt":{"rendered":"<p>L\u00f5ikepea Bihui seeria siinidele<\/p>\n<p>\u25cf Siinidel l\u00f5ikuri l\u00f5ikepea<br \/>\n\u25cf Sobivus BIHUI siinidele<\/p>\n","protected":false},"featured_media":9876,"template":"","meta":{"_acf_changed":false},"product_brand":[26],"product_cat":[79,60],"product_tag":[],"class_list":{"0":"post-9875","1":"product","2":"type-product","3":"status-publish","4":"has-post-thumbnail","6":"product_brand-bihui","7":"product_cat-plaadiloikurite-tarvikud","8":"product_cat-slabi-suuremootmeline-plaat-tooriistad","10":"first","11":"outofstock","12":"taxable","13":"shipping-taxable","14":"purchasable","15":"product-type-simple"},"acf":[],"yoast_head":"<!-- This site is optimized with the Yoast SEO plugin v27.0 - https:\/\/yoast.com\/product\/yoast-seo-wordpress\/ -->\n<title>BIHUI Siinidel l\u00f5ikuri l\u00f5ikepea - Plaadimehed Pood ja rent<\/title>\n<meta name=\"description\" content=\"Bihui l\u00f5ikepea. M\u00f5eldud kasutamiseks Bihui siinidel. V\u00f5imaldab l\u00f5igata suurem\u00f5\u00f5tmelisi plaate ja klaasi. L\u00f5ikur liigub kuullaagritel.\" \/>\n<meta name=\"robots\" content=\"index, follow, max-snippet:-1, max-image-preview:large, max-video-preview:-1\" \/>\n<link rel=\"canonical\" href=\"https:\/\/www.plaadimehed.ee\/product\/bihui-siinidel-loikuri-loikepea\/\" \/>\n<meta property=\"og:locale\" content=\"fi_FI\" \/>\n<meta property=\"og:type\" content=\"article\" \/>\n<meta property=\"og:title\" content=\"BIHUI Siinidel l\u00f5ikuri l\u00f5ikepea\" \/>\n<meta property=\"og:description\" content=\"Bihui l\u00f5ikepea. M\u00f5eldud kasutamiseks Bihui siinidel. V\u00f5imaldab l\u00f5igata suurem\u00f5\u00f5tmelisi plaate ja klaasi. L\u00f5ikur liigub kuullaagritel.\" \/>\n<meta property=\"og:url\" content=\"https:\/\/www.plaadimehed.ee\/product\/bihui-siinidel-loikuri-loikepea\/\" \/>\n<meta property=\"og:site_name\" content=\"Plaadimehed\" \/>\n<meta property=\"article:modified_time\" content=\"2026-03-16T12:18:54+00:00\" \/>\n<meta property=\"og:image\" content=\"https:\/\/www.plaadimehed.ee\/wp-content\/uploads\/2023\/09\/loike-pea.jpg\" \/>\n\t<meta property=\"og:image:width\" content=\"800\" \/>\n\t<meta property=\"og:image:height\" content=\"800\" \/>\n\t<meta property=\"og:image:type\" content=\"image\/jpeg\" \/>\n<meta name=\"twitter:card\" content=\"summary_large_image\" \/>\n<meta name=\"twitter:label1\" content=\"Arvioitu lukuaika\" \/>\n\t<meta name=\"twitter:data1\" content=\"1 minuutti\" \/>\n<script type=\"application\/ld+json\" class=\"yoast-schema-graph\">{\"@context\":\"https:\/\/schema.org\",\"@graph\":[{\"@type\":\"WebPage\",\"@id\":\"https:\/\/www.plaadimehed.ee\/product\/bihui-siinidel-loikuri-loikepea\/\",\"url\":\"https:\/\/www.plaadimehed.ee\/product\/bihui-siinidel-loikuri-loikepea\/\",\"name\":\"BIHUI Siinidel l\u00f5ikuri l\u00f5ikepea - Plaadimehed Pood ja rent\",\"isPartOf\":{\"@id\":\"https:\/\/www.plaadimehed.ee\/#website\"},\"primaryImageOfPage\":{\"@id\":\"https:\/\/www.plaadimehed.ee\/product\/bihui-siinidel-loikuri-loikepea\/#primaryimage\"},\"image\":{\"@id\":\"https:\/\/www.plaadimehed.ee\/product\/bihui-siinidel-loikuri-loikepea\/#primaryimage\"},\"thumbnailUrl\":\"https:\/\/www.plaadimehed.ee\/wp-content\/uploads\/2023\/09\/loike-pea.jpg\",\"datePublished\":\"2023-09-05T13:23:00+00:00\",\"dateModified\":\"2026-03-16T12:18:54+00:00\",\"description\":\"Bihui l\u00f5ikepea. M\u00f5eldud kasutamiseks Bihui siinidel. V\u00f5imaldab l\u00f5igata suurem\u00f5\u00f5tmelisi plaate ja klaasi. L\u00f5ikur liigub kuullaagritel.\",\"breadcrumb\":{\"@id\":\"https:\/\/www.plaadimehed.ee\/product\/bihui-siinidel-loikuri-loikepea\/#breadcrumb\"},\"inLanguage\":\"fi\",\"potentialAction\":[{\"@type\":\"ReadAction\",\"target\":[\"https:\/\/www.plaadimehed.ee\/product\/bihui-siinidel-loikuri-loikepea\/\"]}]},{\"@type\":\"ImageObject\",\"inLanguage\":\"fi\",\"@id\":\"https:\/\/www.plaadimehed.ee\/product\/bihui-siinidel-loikuri-loikepea\/#primaryimage\",\"url\":\"https:\/\/www.plaadimehed.ee\/wp-content\/uploads\/2023\/09\/loike-pea.jpg\",\"contentUrl\":\"https:\/\/www.plaadimehed.ee\/wp-content\/uploads\/2023\/09\/loike-pea.jpg\",\"width\":800,\"height\":800,\"caption\":\"BIHUI Siinidel l\u00f5ikuri l\u00f5ikepea\"},{\"@type\":\"BreadcrumbList\",\"@id\":\"https:\/\/www.plaadimehed.ee\/product\/bihui-siinidel-loikuri-loikepea\/#breadcrumb\",\"itemListElement\":[{\"@type\":\"ListItem\",\"position\":1,\"name\":\"Home\",\"item\":\"https:\/\/www.plaadimehed.ee\/fi\/\"},{\"@type\":\"ListItem\",\"position\":2,\"name\":\"Verkkokauppa\",\"item\":\"https:\/\/www.plaadimehed.ee\/fi\/shop\/\"},{\"@type\":\"ListItem\",\"position\":3,\"name\":\"BIHUI Siinidel l\u00f5ikuri l\u00f5ikepea\"}]},{\"@type\":\"WebSite\",\"@id\":\"https:\/\/www.plaadimehed.ee\/#website\",\"url\":\"https:\/\/www.plaadimehed.ee\/\",\"name\":\"Plaadimehed\",\"description\":\"Plaatimist\u00f6\u00f6deks vajalikud tarvikud ja t\u00f6\u00f6riistad\",\"publisher\":{\"@id\":\"https:\/\/www.plaadimehed.ee\/#organization\"},\"potentialAction\":[{\"@type\":\"SearchAction\",\"target\":{\"@type\":\"EntryPoint\",\"urlTemplate\":\"https:\/\/www.plaadimehed.ee\/?s={search_term_string}\"},\"query-input\":{\"@type\":\"PropertyValueSpecification\",\"valueRequired\":true,\"valueName\":\"search_term_string\"}}],\"inLanguage\":\"fi\"},{\"@type\":\"Organization\",\"@id\":\"https:\/\/www.plaadimehed.ee\/#organization\",\"name\":\"Plaadimehed\",\"url\":\"https:\/\/www.plaadimehed.ee\/\",\"logo\":{\"@type\":\"ImageObject\",\"inLanguage\":\"fi\",\"@id\":\"https:\/\/www.plaadimehed.ee\/#\/schema\/logo\/image\/\",\"url\":\"https:\/\/www.plaadimehed.ee\/wp-content\/uploads\/2024\/05\/plaadimehed-logo.svg\",\"contentUrl\":\"https:\/\/www.plaadimehed.ee\/wp-content\/uploads\/2024\/05\/plaadimehed-logo.svg\",\"width\":266,\"height\":72,\"caption\":\"Plaadimehed\"},\"image\":{\"@id\":\"https:\/\/www.plaadimehed.ee\/#\/schema\/logo\/image\/\"}}]}<\/script>\n<!-- \/ Yoast SEO plugin. -->","yoast_head_json":{"title":"BIHUI Siinidel l\u00f5ikuri l\u00f5ikepea - Plaadimehed Pood ja rent","description":"Bihui l\u00f5ikepea. M\u00f5eldud kasutamiseks Bihui siinidel. V\u00f5imaldab l\u00f5igata suurem\u00f5\u00f5tmelisi plaate ja klaasi. L\u00f5ikur liigub kuullaagritel.","robots":{"index":"index","follow":"follow","max-snippet":"max-snippet:-1","max-image-preview":"max-image-preview:large","max-video-preview":"max-video-preview:-1"},"canonical":"https:\/\/www.plaadimehed.ee\/product\/bihui-siinidel-loikuri-loikepea\/","og_locale":"fi_FI","og_type":"article","og_title":"BIHUI Siinidel l\u00f5ikuri l\u00f5ikepea","og_description":"Bihui l\u00f5ikepea. M\u00f5eldud kasutamiseks Bihui siinidel. V\u00f5imaldab l\u00f5igata suurem\u00f5\u00f5tmelisi plaate ja klaasi. L\u00f5ikur liigub kuullaagritel.","og_url":"https:\/\/www.plaadimehed.ee\/product\/bihui-siinidel-loikuri-loikepea\/","og_site_name":"Plaadimehed","article_modified_time":"2026-03-16T12:18:54+00:00","og_image":[{"width":800,"height":800,"url":"https:\/\/www.plaadimehed.ee\/wp-content\/uploads\/2023\/09\/loike-pea.jpg","type":"image\/jpeg"}],"twitter_card":"summary_large_image","twitter_misc":{"Arvioitu lukuaika":"1 minuutti"},"schema":{"@context":"https:\/\/schema.org","@graph":[{"@type":"WebPage","@id":"https:\/\/www.plaadimehed.ee\/product\/bihui-siinidel-loikuri-loikepea\/","url":"https:\/\/www.plaadimehed.ee\/product\/bihui-siinidel-loikuri-loikepea\/","name":"BIHUI Siinidel l\u00f5ikuri l\u00f5ikepea - Plaadimehed Pood ja rent","isPartOf":{"@id":"https:\/\/www.plaadimehed.ee\/#website"},"primaryImageOfPage":{"@id":"https:\/\/www.plaadimehed.ee\/product\/bihui-siinidel-loikuri-loikepea\/#primaryimage"},"image":{"@id":"https:\/\/www.plaadimehed.ee\/product\/bihui-siinidel-loikuri-loikepea\/#primaryimage"},"thumbnailUrl":"https:\/\/www.plaadimehed.ee\/wp-content\/uploads\/2023\/09\/loike-pea.jpg","datePublished":"2023-09-05T13:23:00+00:00","dateModified":"2026-03-16T12:18:54+00:00","description":"Bihui l\u00f5ikepea. M\u00f5eldud kasutamiseks Bihui siinidel. V\u00f5imaldab l\u00f5igata suurem\u00f5\u00f5tmelisi plaate ja klaasi. L\u00f5ikur liigub kuullaagritel.","breadcrumb":{"@id":"https:\/\/www.plaadimehed.ee\/product\/bihui-siinidel-loikuri-loikepea\/#breadcrumb"},"inLanguage":"fi","potentialAction":[{"@type":"ReadAction","target":["https:\/\/www.plaadimehed.ee\/product\/bihui-siinidel-loikuri-loikepea\/"]}]},{"@type":"ImageObject","inLanguage":"fi","@id":"https:\/\/www.plaadimehed.ee\/product\/bihui-siinidel-loikuri-loikepea\/#primaryimage","url":"https:\/\/www.plaadimehed.ee\/wp-content\/uploads\/2023\/09\/loike-pea.jpg","contentUrl":"https:\/\/www.plaadimehed.ee\/wp-content\/uploads\/2023\/09\/loike-pea.jpg","width":800,"height":800,"caption":"BIHUI Siinidel l\u00f5ikuri l\u00f5ikepea"},{"@type":"BreadcrumbList","@id":"https:\/\/www.plaadimehed.ee\/product\/bihui-siinidel-loikuri-loikepea\/#breadcrumb","itemListElement":[{"@type":"ListItem","position":1,"name":"Home","item":"https:\/\/www.plaadimehed.ee\/fi\/"},{"@type":"ListItem","position":2,"name":"Verkkokauppa","item":"https:\/\/www.plaadimehed.ee\/fi\/shop\/"},{"@type":"ListItem","position":3,"name":"BIHUI Siinidel l\u00f5ikuri l\u00f5ikepea"}]},{"@type":"WebSite","@id":"https:\/\/www.plaadimehed.ee\/#website","url":"https:\/\/www.plaadimehed.ee\/","name":"Plaadimehed","description":"Plaatimist\u00f6\u00f6deks vajalikud tarvikud ja t\u00f6\u00f6riistad","publisher":{"@id":"https:\/\/www.plaadimehed.ee\/#organization"},"potentialAction":[{"@type":"SearchAction","target":{"@type":"EntryPoint","urlTemplate":"https:\/\/www.plaadimehed.ee\/?s={search_term_string}"},"query-input":{"@type":"PropertyValueSpecification","valueRequired":true,"valueName":"search_term_string"}}],"inLanguage":"fi"},{"@type":"Organization","@id":"https:\/\/www.plaadimehed.ee\/#organization","name":"Plaadimehed","url":"https:\/\/www.plaadimehed.ee\/","logo":{"@type":"ImageObject","inLanguage":"fi","@id":"https:\/\/www.plaadimehed.ee\/#\/schema\/logo\/image\/","url":"https:\/\/www.plaadimehed.ee\/wp-content\/uploads\/2024\/05\/plaadimehed-logo.svg","contentUrl":"https:\/\/www.plaadimehed.ee\/wp-content\/uploads\/2024\/05\/plaadimehed-logo.svg","width":266,"height":72,"caption":"Plaadimehed"},"image":{"@id":"https:\/\/www.plaadimehed.ee\/#\/schema\/logo\/image\/"}}]}},"_links":{"self":[{"href":"https:\/\/www.plaadimehed.ee\/fi\/wp-json\/wp\/v2\/product\/9875","targetHints":{"allow":["GET"]}}],"collection":[{"href":"https:\/\/www.plaadimehed.ee\/fi\/wp-json\/wp\/v2\/product"}],"about":[{"href":"https:\/\/www.plaadimehed.ee\/fi\/wp-json\/wp\/v2\/types\/product"}],"wp:featuredmedia":[{"embeddable":true,"href":"https:\/\/www.plaadimehed.ee\/fi\/wp-json\/wp\/v2\/media\/9876"}],"wp:attachment":[{"href":"https:\/\/www.plaadimehed.ee\/fi\/wp-json\/wp\/v2\/media?parent=9875"}],"wp:term":[{"taxonomy":"product_brand","embeddable":true,"href":"https:\/\/www.plaadimehed.ee\/fi\/wp-json\/wp\/v2\/product_brand?post=9875"},{"taxonomy":"product_cat","embeddable":true,"href":"https:\/\/www.plaadimehed.ee\/fi\/wp-json\/wp\/v2\/product_cat?post=9875"},{"taxonomy":"product_tag","embeddable":true,"href":"https:\/\/www.plaadimehed.ee\/fi\/wp-json\/wp\/v2\/product_tag?post=9875"}],"curies":[{"name":"wp","href":"https:\/\/api.w.org\/{rel}","templated":true}]}}